{"id":5326,"date":"2026-04-21T16:27:33","date_gmt":"2026-04-21T16:27:33","guid":{"rendered":"https:\/\/mueller-wrh.de\/produkt\/hd-einheit-combiloob-cl1-f-30-20-a-bj-07-intnr231557\/"},"modified":"2026-04-21T16:27:33","modified_gmt":"2026-04-21T16:27:33","slug":"hd-einheit-combiloob-cl1-f-30-20-a-bj-07-intnr231557","status":"publish","type":"product","link":"https:\/\/mueller-wrh.de\/uk\/product\/hd-einheit-combiloob-cl1-f-30-20-a-bj-07-intnr231557\/","title":{"rendered":"HD-\u0431\u043b\u043e\u043a Combiloob CL1-F-30-20-A, \u0440.\u0432. `07, \u0412\u043d.\u2116231557"},"content":{"rendered":"<p><b>\u041c\u0456\u0441\u0446\u0435\u0437\u043d\u0430\u0445\u043e\u0434\u0436\u0435\u043d\u043d\u044f:<\/b> \u041d\u0456\u043c\u0435\u0447\u0447\u0438\u043d\u0430, \u0411\u0430\u0434\u0435\u043d-\u0412\u044e\u0440\u0442\u0435\u043c\u0431\u0435\u0440\u0433 \u041f\u0456\u0432\u0434\u0435\u043d\u043d\u0438\u0439 \u0417\u0430\u0445\u0456\u0434<\/p>\n<p><b>\u0423\u043c\u043e\u0432\u0430:<\/b> \u0411\/\u0432<\/p>\n<p><b>\u0412\u0438\u0440\u043e\u0431\u043d\u0438\u043a:<\/b> \u041c\u044e\u043b\u043b\u0435\u0440 \u0413\u0456\u0434\u0440\u0430\u0432\u043b\u0456\u043a<\/p>\n<p><b>\u041c\u043e\u0434\u0435\u043b\u044c:<\/b> \u041a\u041b1<\/p>\n<p><b>\u0420\u0456\u043a \u043f\u043e\u0431\u0443\u0434\u043e\u0432\u0438:<\/b> 2007<\/p>\n<p>\u0414\u043e \u043f\u0440\u043e\u0434\u0430\u0436\u0443 \u043f\u0440\u043e\u043f\u043e\u043d\u0443\u0454\u0442\u044c\u0441\u044f \u043f\u043e\u0442\u0443\u0436\u043d\u0438\u0439 HD-\u0431\u043b\u043e\u043a Combiloop CL1-F-30-20-A 2007 \u0440\u043e\u043a\u0443 \u0432\u0438\u043f\u0443\u0441\u043a\u0443. <\/p>\n<p>\u0422\u0435\u0445\u043d\u0456\u0447\u043d\u0456 \u0434\u0430\u043d\u0456:<br \/>\n\u0422\u0438\u043f \u0443\u0441\u0442\u0430\u043d\u043e\u0432\u043a\u0438: \u0412\u0438\u0441\u043e\u043a\u043e\u043d\u0430\u043f\u0456\u0440\u043d\u0430 \u0443\u0441\u0442\u0430\u043d\u043e\u0432\u043a\u0430 (\u0412\u041d)<br \/>\n\u041c\u0430\u0441\u0442\u0438\u043b\u043e<br \/>\n\u041c\u0430\u043a\u0441. \u0440\u043e\u0431\u043e\u0447\u0438\u0439 \u0442\u0438\u0441\u043a: \u043f\u0440\u0438\u0431\u043b\u0438\u0437\u043d\u043e 20\u201330 \u0431\u0430\u0440<br \/>\n\u041f\u0440\u043e\u0434\u0443\u043a\u0442\u0438\u0432\u043d\u0456\u0441\u0442\u044c: \u043f\u0440\u0438\u0431\u043b\u0438\u0437\u043d\u043e 20\u201330 \u043b\/\u0445\u0432<br \/>\n\u041f\u0440\u0438\u0432\u0456\u0434: \u0415\u043b\u0435\u043a\u0442\u0440\u043e\u0434\u0432\u0438\u0433\u0443\u043d<br \/>\n\u041d\u0430\u043f\u0440\u0443\u0433\u0430: 400 \u0412 \/ 50 \u0413\u0446 (\u0442\u0440\u0438\u0444\u0430\u0437\u043d\u0438\u0439 \u0441\u0442\u0440\u0443\u043c)<br \/>\n\u041a\u0435\u0440\u0443\u0432\u0430\u043d\u043d\u044f: \u0456\u043d\u0442\u0435\u0433\u0440\u043e\u0432\u0430\u043d\u0438\u0439 \u0431\u043b\u043e\u043a \u043a\u0435\u0440\u0443\u0432\u0430\u043d\u043d\u044f<br \/>\n\u041a\u043e\u043d\u0441\u0442\u0440\u0443\u043a\u0442\u0438\u0432\u043d\u0435 \u0432\u0438\u043a\u043e\u043d\u0430\u043d\u043d\u044f: \u043a\u043e\u043c\u043f\u0430\u043a\u0442\u043d\u0438\u0439, \u0437\u0430\u043a\u0440\u0438\u0442\u0438\u0439 \u0431\u043b\u043e\u043a<br \/>\n\u0410\u043d\u0448\u043b\u044e\u0441: \u0441\u0442\u0430\u043d\u0434\u0430\u0440\u0442\u0438\u0437\u043e\u0432\u0430\u043d\u0456 \u043f\u0440\u043e\u043c\u0438\u0441\u043b\u043e\u0432\u0456 \u0437'\u0454\u0434\u043d\u0430\u043d\u043d\u044f<\/p>\n<p>\u041e\u0431\u043b\u0430\u0434\u043d\u0430\u043d\u043d\u044f \u0442\u0430 \u043a\u043e\u043c\u043f\u043e\u043d\u0435\u043d\u0442\u0438:<br \/>\n\u041d\u0430\u0441\u043e\u0441 \u0432\u0438\u0441\u043e\u043a\u043e\u0433\u043e \u0442\u0438\u0441\u043a\u0443<br \/>\n\u0424\u0456\u043b\u044c\u0442\u0440\u0430\u0446\u0456\u0439\u043d\u0438\u0439 \u0431\u043b\u043e\u043a \u0434\u043b\u044f \u043e\u0431\u0440\u043e\u0431\u043a\u0438 \u0441\u0435\u0440\u0435\u0434\u043e\u0432\u0438\u0449\u0430<br \/>\n\u0417\u0430\u043f\u043e\u0431\u0456\u0436\u043d\u0456 \u043a\u043b\u0430\u043f\u0430\u043d\u0438 \u0442\u0430 \u043c\u043e\u043d\u0456\u0442\u043e\u0440\u0438\u043d\u0433 \u0442\u0438\u0441\u043a\u0443<br \/>\n\u0421\u0438\u0441\u0442\u0435\u043c\u0430 \u0437\u0432\u043e\u0440\u043e\u0442\u043d\u043e\u0433\u043e \u0445\u043e\u0434\u0443 \u0434\u043b\u044f \u0437\u0430\u043c\u043a\u043d\u0435\u043d\u0438\u0445 \u0446\u0438\u043a\u043b\u0456\u0432<br \/>\n\u041c\u0456\u0446\u043d\u0438\u0439 \u0441\u0442\u0430\u043b\u0435\u0432\u0438\u0439 \u043a\u043e\u0440\u043f\u0443\u0441 \/ \u043d\u0430 \u043a\u043e\u043b\u0456\u0449\u0430\u0442\u043a\u0430\u0445<\/p>\n<p>\u041a\u0432\u0430\u0440\u0442\u0438\u0440\u0443 \u043c\u043e\u0436\u043d\u0430 \u043e\u0433\u043b\u044f\u043d\u0443\u0442\u0438 \u0437\u0430 \u043f\u043e\u043f\u0435\u0440\u0435\u0434\u043d\u044c\u043e\u044e \u0434\u043e\u043c\u043e\u0432\u043b\u0435\u043d\u0456\u0441\u0442\u044e.<br \/>\n\u041c\u0438 \u0437\u0430\u043b\u0438\u0448\u0430\u0454\u043c\u043e \u0437\u0430 \u0441\u043e\u0431\u043e\u044e \u043f\u0440\u0430\u0432\u043e \u043d\u0430 \u0437\u043c\u0456\u043d\u0438 \u0442\u0430 \u043f\u043e\u043c\u0438\u043b\u043a\u0438 \u0432 \u0442\u0435\u0445\u043d\u0456\u0447\u043d\u0438\u0445 \u0434\u0430\u043d\u0438\u0445 \u0442\u0430 \u0456\u043d\u0444\u043e\u0440\u043c\u0430\u0446\u0456\u0457, \u0430 \u0442\u0430\u043a\u043e\u0436 \u043d\u0430 \u043f\u043e\u043f\u0435\u0440\u0435\u0434\u043d\u0456\u0439 \u043f\u0440\u043e\u0434\u0430\u0436!<\/p>\n<p>\u041f\u0440\u043e\u0434\u0430\u0454\u0442\u044c\u0441\u044f \u0432\u0438\u0441\u043e\u043a\u043e\u043f\u0440\u043e\u0434\u0443\u043a\u0442\u0438\u0432\u043d\u0430 \u0443\u0441\u0442\u0430\u043d\u043e\u0432\u043a\u0438 \u0432\u0438\u0441\u043e\u043a\u043e\u0433\u043e \u0442\u0438\u0441\u043a\u0443 Combiloop CL1-F-30-20-A, \u0432\u0438\u0433\u043e\u0442\u043e\u0432\u043b\u0435\u043d\u0430 \u0443 2007 \u0440\u043e\u0446\u0456. <\/p>\n<p>\u0422\u0435\u0445\u043d\u0456\u0447\u043d\u0456 \u0445\u0430\u0440\u0430\u043a\u0442\u0435\u0440\u0438\u0441\u0442\u0438\u043a\u0438:<br \/>\n\u0422\u0438\u043f \u0441\u0438\u0441\u0442\u0435\u043c\u0438: \u0412\u0438\u0441\u043e\u043a\u043e\u043d\u0430\u043f\u0456\u0440\u043d\u0430 \u0443\u0441\u0442\u0430\u043d\u043e\u0432\u043a\u0430 (HP)<br \/>\n\u0420\u0456\u0434\u0438\u043d\u0430: \u041e\u043b\u0456\u044f<br \/>\n\u041c\u0430\u043a\u0441. \u0440\u043e\u0431\u043e\u0447\u0438\u0439 \u0442\u0438\u0441\u043a: \u043f\u0440\u0438\u0431\u043b\u0438\u0437\u043d\u043e 20\u201330 \u0431\u0430\u0440<br \/>\n\u0412\u0438\u0442\u0440\u0430\u0442\u0430: \u043f\u0440\u0438\u0431\u043b\u0438\u0437\u043d\u043e 20\u201330 \u043b\/\u0445\u0432<br \/>\n\u041f\u0440\u0438\u0432\u0456\u0434: \u0415\u043b\u0435\u043a\u0442\u0440\u043e\u0434\u0432\u0438\u0433\u0443\u043d<br \/>\n\u041d\u0430\u043f\u0440\u0443\u0433\u0430: 400 \u0412 \/ 50 \u0413\u0446 (\u0442\u0440\u0438\u0444\u0430\u0437\u043d\u0430)<br \/>\n\u041a\u0435\u0440\u0443\u0432\u0430\u043d\u043d\u044f: \u0406\u043d\u0442\u0435\u0433\u0440\u043e\u0432\u0430\u043d\u0438\u0439 \u0431\u043b\u043e\u043a \u043a\u0435\u0440\u0443\u0432\u0430\u043d\u043d\u044f<br \/>\n\u0414\u0438\u0437\u0430\u0439\u043d: \u041a\u043e\u043c\u043f\u0430\u043a\u0442\u043d\u0438\u0439, \u0437\u0430\u043a\u0440\u0438\u0442\u0438\u0439 \u0431\u043b\u043e\u043a<br \/>\n\u0417'\u0454\u0434\u043d\u0430\u043d\u043d\u044f: \u0441\u0442\u0430\u043d\u0434\u0430\u0440\u0442\u0438\u0437\u043e\u0432\u0430\u043d\u0456 \u043f\u0440\u043e\u043c\u0438\u0441\u043b\u043e\u0432\u0456 \u0437'\u0454\u0434\u043d\u0430\u043d\u043d\u044f<\/p>\n<p>\u041e\u0441\u043e\u0431\u043b\u0438\u0432\u043e\u0441\u0442\u0456 \u0442\u0430 \u043a\u043e\u043c\u043f\u043e\u043d\u0435\u043d\u0442\u0438:<br \/>\n\u0412\u0438\u0441\u043e\u043a\u043e\u043d\u0430\u043f\u0456\u0440\u043d\u0438\u0439 \u043d\u0430\u0441\u043e\u0441<br \/>\n\u0424\u0456\u043b\u044c\u0442\u0440\u0443\u0432\u0430\u043b\u044c\u043d\u0438\u0439 \u0431\u043b\u043e\u043a \u0434\u043b\u044f \u043f\u0456\u0434\u0433\u043e\u0442\u043e\u0432\u043a\u0438 \u0441\u0435\u0440\u0435\u0434\u043e\u0432\u0438\u0449\u0430<br \/>\n\u0417\u0430\u043f\u043e\u0431\u0456\u0436\u043d\u0456 \u043a\u043b\u0430\u043f\u0430\u043d\u0438 \u0442\u0430 \u043c\u043e\u043d\u0456\u0442\u043e\u0440\u0438\u043d\u0433 \u0442\u0438\u0441\u043a\u0443<br \/>\n\u0421\u0438\u0441\u0442\u0435\u043c\u0430 \u0434\u043b\u044f \u0437\u0430\u043c\u043a\u043d\u0443\u0442\u0438\u0445 \u043a\u043e\u043d\u0442\u0443\u0440\u0456\u0432<br \/>\n\u041c\u0456\u0446\u043d\u0438\u0439 \u0441\u0442\u0430\u043b\u0435\u0432\u0438\u0439 \u043a\u043e\u0440\u043f\u0443\u0441 \/ \u043c\u043e\u0431\u0456\u043b\u044c\u043d\u0438\u0439<\/p>\n<p>\u041e\u0431'\u0454\u043a\u0442 \u043c\u043e\u0436\u043d\u0430 \u043e\u0433\u043b\u044f\u043d\u0443\u0442\u0438 \u0437\u0430 \u043f\u043e\u043f\u0435\u0440\u0435\u0434\u043d\u044c\u043e\u044e \u0434\u043e\u043c\u043e\u0432\u043b\u0435\u043d\u0456\u0441\u0442\u044e.<br \/>\n\u041c\u0438 \u0437\u0430\u043b\u0438\u0448\u0430\u0454\u043c\u043e \u0437\u0430 \u0441\u043e\u0431\u043e\u044e \u043f\u0440\u0430\u0432\u043e \u0432\u043d\u043e\u0441\u0438\u0442\u0438 \u0437\u043c\u0456\u043d\u0438 \u0442\u0430 \u0432\u0438\u043f\u0440\u0430\u0432\u043b\u0435\u043d\u043d\u044f \u0434\u043e \u0442\u0435\u0445\u043d\u0456\u0447\u043d\u0438\u0445 \u0434\u0430\u043d\u0438\u0445 \u0442\u0430 \u0441\u043f\u0435\u0446\u0438\u0444\u0456\u043a\u0430\u0446\u0456\u0439, \u0430 \u0442\u0430\u043a\u043e\u0436 \u043f\u0440\u043e\u0434\u0430\u0432\u0430\u0442\u0438 \u0442\u043e\u0432\u0430\u0440\u0438 \u0434\u043e \u043e\u0444\u043e\u0440\u043c\u043b\u0435\u043d\u043d\u044f \u0437\u0430\u043c\u043e\u0432\u043b\u0435\u043d\u043d\u044f!<\/p>","protected":false},"excerpt":{"rendered":"<p>Standort: Deutschland, Baden-W\u00fcrttemberg S\u00fcdwest Zustand: Gebraucht Hersteller: M\u00fcller Hydraulik Modell: CL1 Baujahr: 2007 Zum Verkauf steht eine leistungsstarke HD-Einheit Combiloop CL1-F-30-20-A aus dem Baujahr 2007. Technische Daten: Anlagenart: Hochdruck-Einheit (HD) F\u00f6rdermedium: \u00d6l Max. Betriebsdruck: ca. 20\u201330 bar F\u00f6rderleistung: ca. 20\u201330 l\/min Antrieb: Elektromotor Spannung: 400 V \/ 50 Hz (Drehstrom) Steuerung: integrierte Steuerungseinheit Bauform: kompakte, [&hellip;]<\/p>\n","protected":false},"featured_media":5323,"comment_status":"open","ping_status":"closed","template":"","meta":{"_uf_show_specific_survey":0,"_uf_disable_surveys":false},"product_brand":[],"product_cat":[104],"product_tag":[],"class_list":{"0":"post-5326","1":"product","2":"type-product","3":"status-publish","4":"has-post-thumbnail","6":"product_cat-hochdruckanlagen","8":"first","9":"instock","10":"taxable","11":"shipping-taxable","12":"product-type-simple"},"aioseo_notices":[],"_links":{"self":[{"href":"https:\/\/mueller-wrh.de\/uk\/wp-json\/wp\/v2\/product\/5326","targetHints":{"allow":["GET"]}}],"collection":[{"href":"https:\/\/mueller-wrh.de\/uk\/wp-json\/wp\/v2\/product"}],"about":[{"href":"https:\/\/mueller-wrh.de\/uk\/wp-json\/wp\/v2\/types\/product"}],"replies":[{"embeddable":true,"href":"https:\/\/mueller-wrh.de\/uk\/wp-json\/wp\/v2\/comments?post=5326"}],"wp:featuredmedia":[{"embeddable":true,"href":"https:\/\/mueller-wrh.de\/uk\/wp-json\/wp\/v2\/media\/5323"}],"wp:attachment":[{"href":"https:\/\/mueller-wrh.de\/uk\/wp-json\/wp\/v2\/media?parent=5326"}],"wp:term":[{"taxonomy":"product_brand","embeddable":true,"href":"https:\/\/mueller-wrh.de\/uk\/wp-json\/wp\/v2\/product_brand?post=5326"},{"taxonomy":"product_cat","embeddable":true,"href":"https:\/\/mueller-wrh.de\/uk\/wp-json\/wp\/v2\/product_cat?post=5326"},{"taxonomy":"product_tag","embeddable":true,"href":"https:\/\/mueller-wrh.de\/uk\/wp-json\/wp\/v2\/product_tag?post=5326"}],"curies":[{"name":"wp","href":"https:\/\/api.w.org\/{rel}","templated":true}]}}