{"id":5197,"date":"2026-04-01T10:09:36","date_gmt":"2026-04-01T10:09:36","guid":{"rendered":"https:\/\/mueller-wrh.de\/produkt\/dmg-dmu-40-evo-linear-bj-2012-intnr231419\/"},"modified":"2026-04-01T10:09:36","modified_gmt":"2026-04-01T10:09:36","slug":"dmg-dmu-40-evo-linear-bj-2012-intnr231419","status":"publish","type":"product","link":"https:\/\/mueller-wrh.de\/uk\/product\/dmg-dmu-40-evo-linear-bj-2012-intnr231419\/","title":{"rendered":"DMG DMU 40 eVo \u043b\u0456\u043d\u0456\u0439\u043d\u0438\u0439 2012 \u0440\u0456\u043a, \u0456\u043d\u0442. \u043d\u043e\u043c\u0435\u0440 231419"},"content":{"rendered":"<p><b>\u041c\u0456\u0441\u0446\u0435\u0437\u043d\u0430\u0445\u043e\u0434\u0436\u0435\u043d\u043d\u044f:<\/b> \u041d\u0456\u043c\u0435\u0447\u0447\u0438\u043d\u0430, \u0411\u0430\u0434\u0435\u043d-\u0412\u044e\u0440\u0442\u0435\u043c\u0431\u0435\u0440\u0433 \u041f\u0456\u0432\u0434\u0435\u043d\u043d\u0438\u0439 \u0417\u0430\u0445\u0456\u0434<\/p>\n<p><b>\u0423\u043c\u043e\u0432\u0430:<\/b> \u042f\u043a \u043d\u043e\u0432\u0435\u043d\u044c\u043a\u0438\u0439<\/p>\n<p><b>\u0412\u0438\u0440\u043e\u0431\u043d\u0438\u043a:<\/b> DMG<\/p>\n<p><b>\u041c\u043e\u0434\u0435\u043b\u044c:<\/b> 40 \u0435\u0412\u043e \u043b\u0456\u043d\u0456\u0439\u043d\u0438\u0439<\/p>\n<p><b>\u0420\u0456\u043a \u043f\u043e\u0431\u0443\u0434\u043e\u0432\u0438:<\/b> 2012<\/p>\n<p><b>\u0413\u043e\u0434\u0438\u043d\u0438 \u0440\u043e\u0431\u043e\u0442\u0438:<\/b> 0<\/p>\n<p>\u0432\u0456\u0434\u0440\u0435\u043c\u043e\u043d\u0442\u043e\u0432\u0430\u043d\u0438\u0439 5-\u043e\u0441\u044c\u043e\u0432\u0438\u0439 \u0432\u0435\u0440\u0442\u0438\u043a\u0430\u043b\u044c\u043d\u0438\u0439 \u043e\u0431\u0440\u043e\u0431\u043d\u0438\u0439 \u0446\u0435\u043d\u0442\u0440 \u0437 \u0427\u041f\u041a DMG DMU 40 eVo linear, \u0440\u0456\u043a \u0432\u0438\u043f\u0443\u0441\u043a\u0443 2012, \u0456\u043d\u0442. \u043d\u043e\u043c\u0435\u0440 231419<br \/>\n\u0421\u0438\u0441\u0442\u0435\u043c\u0430 \u0443\u043f\u0440\u0430\u0432\u043b\u0456\u043d\u043d\u044f<br \/>\n\u0411\u0440\u0435\u043d\u0434 HEIDENHAIN<br \/>\n\u041c\u043e\u0434\u0435\u043b\u044c 530<\/p>\n<p>\u0413\u043e\u043b\u043e\u0432\u043d\u0438\u0439 \u043f\u0440\u0438\u0432\u0456\u0434<br \/>\n\u0414\u0456\u0430\u043f\u0430\u0437\u043e\u043d \u0447\u0430\u0441\u0442\u043e\u0442\u0438 \u043e\u0431\u0435\u0440\u0442\u0430\u043d\u043d\u044f \u0448\u043f\u0438\u043d\u0434\u0435\u043b\u044f 14000<br \/>\n\u041a\u0456\u043b\u044c\u043a\u0456\u0441\u0442\u044c \u043e\u0441\u0435\u0439 5<\/p>\n<p>\u0412\u0456\u0434\u0441\u0442\u0430\u043d\u0456 \u0432 \u0434\u043e\u0440\u043e\u0437\u0456<br \/>\n\u0422\u0440\u0430\u0454\u043a\u0442\u043e\u0440\u0456\u044f \u043f\u0435\u0440\u0435\u043c\u0456\u0449\u0435\u043d\u043d\u044f \u043f\u043e \u043e\u0441\u0456 X 400 \u043c\u043c<br \/>\n\u0428\u043b\u044f\u0445 \u043f\u0435\u0440\u0435\u043c\u0456\u0449\u0435\u043d\u043d\u044f \u043f\u043e \u043e\u0441\u0456 Y 400 \u043c\u043c<br \/>\n\u0425\u0456\u0434 \u043e\u0441\u0456 Z 375 \u043c\u043c<\/p>\n<p>\u0423 \u0442\u043e\u043c\u0443 \u0447\u0438\u0441\u043b\u0456:<br \/>\n\u0417\u043c\u0456\u043d\u0430 \u0456\u043d\u0441\u0442\u0440\u0443\u043c\u0435\u043d\u0442\u0443, 120 \u043c\u0456\u0441\u0446\u044c, \u0442\u0438\u043f \u0442\u0440\u0438\u043c\u0430\u0447\u0430 SK 40<br \/>\n\u041f\u043e\u0432\u043e\u0440\u043e\u0442\u043d\u0438\u0439 \u0441\u0442\u0456\u043b \u0437 \u043f\u0440\u043e\u0445\u0456\u0434\u043d\u0438\u043c \u043e\u0442\u0432\u043e\u0440\u043e\u043c \u0434\u043b\u044f \u0437\u0430\u0442\u0438\u0441\u043a\u0430\u043d\u043d\u044f \u0437\u0430\u0433\u043e\u0442\u043e\u0432\u043a\u0438<br \/>\n\u0411\u0456\u0447\u043d\u0456 \u0434\u0432\u0435\u0440\u0446\u044f\u0442\u0430 \u0434\u043b\u044f \u0437\u0430\u0432\u0430\u043d\u0442\u0430\u0436\u0435\u043d\u043d\u044f \u0440\u043e\u0431\u043e\u0442\u0430<br \/>\n\u041a\u043e\u043d\u0442\u0440\u043e\u043b\u044c \u043f\u043e\u043b\u043e\u043c\u043e\u043a \u0456\u043d\u0441\u0442\u0440\u0443\u043c\u0435\u043d\u0442\u0443 Renishaw<br \/>\n\u0412\u0438\u043c\u0456\u0440\u044e\u0432\u0430\u043b\u044c\u043d\u0438\u0439 \u0437\u043e\u043d\u0434 Heidenhain<br \/>\n\u0421\u0438\u0441\u0442\u0435\u043c\u0430 IKZ, \u0437 \u0431\u0430\u043a\u043e\u043c \u043d\u0430 600 \u043b\u0456\u0442\u0440\u0456\u0432<br \/>\n\u0421\u043a\u0430\u0441\u0443\u0432\u0430\u043d\u043d\u044f \u0435\u043c\u0443\u043b\u044c\u0441\u0456\u0457<br \/>\n\u0410\u043a\u0442\u0438\u0432\u043d\u0438\u0439 \u043e\u0445\u043e\u043b\u043e\u0434\u0436\u0443\u0432\u0430\u0447 \u0434\u043b\u044f \u0448\u043f\u0438\u043d\u0434\u0435\u043b\u044f<br \/>\n\u041b\u0456\u043d\u0456\u0439\u043d\u0456 \u043f\u0440\u0438\u0432\u043e\u0434\u0438 \u043e\u0441\u0435\u0439 X + Y<br \/>\n\u0421\u043a\u043b\u044f\u043d\u0456 \u0432\u0430\u0433\u0438<\/p>\n<p>\u041c\u0430\u0448\u0438\u043d\u0443 \u043c\u043e\u0436\u043d\u0430 \u043e\u0433\u043b\u044f\u043d\u0443\u0442\u0438 \u0437\u0430 \u043f\u043e\u043f\u0435\u0440\u0435\u0434\u043d\u0456\u043c \u0437\u0430\u043f\u0438\u0441\u043e\u043c.<br \/>\n\u041c\u0438 \u0437\u0430\u043b\u0438\u0448\u0430\u0454\u043c\u043e \u0437\u0430 \u0441\u043e\u0431\u043e\u044e \u043f\u0440\u0430\u0432\u043e \u043d\u0430 \u0437\u043c\u0456\u043d\u0438 \u0442\u0430 \u043f\u043e\u043c\u0438\u043b\u043a\u0438 \u0432 \u0442\u0435\u0445\u043d\u0456\u0447\u043d\u0438\u0445 \u0434\u0430\u043d\u0438\u0445 \u0442\u0430 \u0456\u043d\u0444\u043e\u0440\u043c\u0430\u0446\u0456\u0457, \u0430 \u0442\u0430\u043a\u043e\u0436 \u043d\u0430 \u043f\u043e\u043f\u0435\u0440\u0435\u0434\u043d\u0456\u0439 \u043f\u0440\u043e\u0434\u0430\u0436!<\/p>\n<p>\u043f\u043e\u0432\u043d\u0456\u0441\u0442\u044e \u0432\u0456\u0434\u0440\u0435\u043c\u043e\u043d\u0442\u043e\u0432\u0430\u043d\u0438\u0439 5-\u043e\u0441\u044c\u043e\u0432\u0438\u0439 \u0432\u0435\u0440\u0442\u0438\u043a\u0430\u043b\u044c\u043d\u0438\u0439 \u043e\u0431\u0440\u043e\u0431\u043d\u0438\u0439 \u0446\u0435\u043d\u0442\u0440 \u0437 \u0427\u041f\u041a DMG DMU 40 eVo linear, 2012 \u0440\u043e\u043a\u0443 \u0432\u0438\u043f\u0443\u0441\u043a\u0443, IntNr231419<br \/>\n\u041a\u043e\u043d\u0442\u0440\u043e\u043b\u044c<br \/>\n\u0411\u0440\u0435\u043d\u0434 HEIDENHAIN<br \/>\n\u041c\u043e\u0434\u0435\u043b\u044c 530<\/p>\n<p>\u0413\u043e\u043b\u043e\u0432\u043d\u0438\u0439 \u043f\u0440\u0438\u0432\u0456\u0434<br \/>\n\u0414\u0456\u0430\u043f\u0430\u0437\u043e\u043d \u0447\u0430\u0441\u0442\u043e\u0442\u0438 \u043e\u0431\u0435\u0440\u0442\u0430\u043d\u043d\u044f \u0448\u043f\u0438\u043d\u0434\u0435\u043b\u044f 14000<br \/>\n\u041a\u0456\u043b\u044c\u043a\u0456\u0441\u0442\u044c \u043e\u0441\u0435\u0439 5<\/p>\n<p>\u0412\u0456\u0434\u0441\u0442\u0430\u043d\u044c \u043f\u043e\u0434\u043e\u0440\u043e\u0436\u0456<br \/>\n\u0412\u0456\u0434\u0441\u0442\u0430\u043d\u044c \u043f\u0435\u0440\u0435\u043c\u0456\u0449\u0435\u043d\u043d\u044f \u043f\u043e \u043e\u0441\u0456 X 400 \u043c\u043c<br \/>\n\u0412\u0456\u0434\u0441\u0442\u0430\u043d\u044c \u043f\u0435\u0440\u0435\u043c\u0456\u0449\u0435\u043d\u043d\u044f \u043f\u043e \u043e\u0441\u0456 Y 400 \u043c\u043c<br \/>\n\u0414\u0456\u0430\u043f\u0430\u0437\u043e\u043d \u043f\u0435\u0440\u0435\u043c\u0456\u0449\u0435\u043d\u043d\u044f \u043f\u043e \u043e\u0441\u0456 Z 375 \u043c\u043c<\/p>\n<p>\u0423 \u0442\u043e\u043c\u0443 \u0447\u0438\u0441\u043b\u0456:<br \/>\n\u0417\u043c\u0456\u043d\u0430 \u0456\u043d\u0441\u0442\u0440\u0443\u043c\u0435\u043d\u0442\u0443, 120-\u043f\u043e\u0437\u0438\u0446\u0456\u0439\u043d\u0438\u0439 \u0442\u0440\u0438\u043c\u0430\u0447 SK 40<br \/>\n\u041f\u043e\u0432\u043e\u0440\u043e\u0442\u043d\u0430 \u043f\u043e\u0434\u0430\u0447\u0430 \u0441\u0442\u043e\u043b\u0443 \u0434\u043b\u044f \u0437\u0430\u0442\u0438\u0441\u043a\u0430\u043d\u043d\u044f \u0437\u0430\u0433\u043e\u0442\u043e\u0432\u043a\u0438<br \/>\n\u0411\u0456\u0447\u043d\u0456 \u0434\u0432\u0435\u0440\u0446\u044f\u0442\u0430 \u0434\u043b\u044f \u0437\u0430\u0432\u0430\u043d\u0442\u0430\u0436\u0435\u043d\u043d\u044f \u0440\u043e\u0431\u043e\u0442\u0430<br \/>\n\u041a\u043e\u043d\u0442\u0440\u043e\u043b\u044c \u043f\u043e\u043b\u043e\u043c\u043e\u043a \u0456\u043d\u0441\u0442\u0440\u0443\u043c\u0435\u043d\u0442\u0443 Renishaw<br \/>\n\u0412\u0438\u043c\u0456\u0440\u044e\u0432\u0430\u043b\u044c\u043d\u0438\u0439 \u0437\u043e\u043d\u0434 Heidenhain<br \/>\n\u0421\u0438\u0441\u0442\u0435\u043c\u0430 IKZ, \u0437 \u0431\u0430\u043a\u043e\u043c \u043d\u0430 600 \u043b<br \/>\n\u0421\u0438\u0441\u0442\u0435\u043c\u0430 \u0435\u043a\u0441\u0442\u0440\u0430\u043a\u0446\u0456\u0457 \u0435\u043c\u0443\u043b\u044c\u0441\u0456\u0457<br \/>\n\u0410\u043a\u0442\u0438\u0432\u043d\u0438\u0439 \u043e\u0445\u043e\u043b\u043e\u0434\u0436\u0443\u0432\u0430\u0447 \u0434\u043b\u044f \u0448\u043f\u0438\u043d\u0434\u0435\u043b\u044f<br \/>\n\u041b\u0456\u043d\u0456\u0439\u043d\u0456 \u043f\u0440\u0438\u0432\u043e\u0434\u0438 \u043e\u0441\u0435\u0439 X + Y<br \/>\n\u0421\u043a\u043b\u044f\u043d\u0456 \u0432\u0430\u0433\u0438<\/p>\n<p>\u041c\u0430\u0448\u0438\u043d\u0443 \u043c\u043e\u0436\u043d\u0430 \u043e\u0433\u043b\u044f\u043d\u0443\u0442\u0438 \u0437\u0430 \u043f\u043e\u043f\u0435\u0440\u0435\u0434\u043d\u0456\u043c \u0437\u0430\u043f\u0438\u0441\u043e\u043c.<br \/>\n\u041c\u043e\u0436\u043b\u0438\u0432\u0456 \u0437\u043c\u0456\u043d\u0438 \u0442\u0430 \u043f\u043e\u043c\u0438\u043b\u043a\u0438 \u0432 \u0442\u0435\u0445\u043d\u0456\u0447\u043d\u0438\u0445 \u0434\u0430\u043d\u0438\u0445 \u0442\u0430 \u0441\u043f\u0435\u0446\u0438\u0444\u0456\u043a\u0430\u0446\u0456\u044f\u0445, \u0430 \u0442\u0430\u043a\u043e\u0436 \u043f\u043e\u043f\u0435\u0440\u0435\u0434\u043d\u0456\u0439 \u043f\u0440\u043e\u0434\u0430\u0436!<\/p>","protected":false},"excerpt":{"rendered":"<p>Standort: Deutschland, Baden-W\u00fcrttemberg S\u00fcdwest Zustand: Neuwertig Hersteller: DMG Modell: 40 eVo linear Baujahr: 2012 Betriebsstunden: 0 neuwertiges grund\u00fcberholtes CNC 5-Achs-Vertikales Bearbeitungszentrum DMG DMU 40 eVo linear, Bj. 2012, IntNr231419 Steuerung Marke HEIDENHAIN Modell 530 Hauptantrieb Spindeldrehzahlbereich 14000 Anzahl der Achsen 5 Verfahrwege Verfahrweg X-Achse 400 mm Verfahrweg Y-Achse 400 mm Verfahrweg Z-Achse 375 mm Beinhaltet [&hellip;]<\/p>\n","protected":false},"featured_media":5189,"comment_status":"open","ping_status":"closed","template":"","meta":{"_uf_show_specific_survey":0,"_uf_disable_surveys":false},"product_brand":[],"product_cat":[21],"product_tag":[],"class_list":{"0":"post-5197","1":"product","2":"type-product","3":"status-publish","4":"has-post-thumbnail","6":"product_cat-cnc-bearbeitungszentrum","8":"first","9":"instock","10":"taxable","11":"shipping-taxable","12":"product-type-simple"},"aioseo_notices":[],"_links":{"self":[{"href":"https:\/\/mueller-wrh.de\/uk\/wp-json\/wp\/v2\/product\/5197","targetHints":{"allow":["GET"]}}],"collection":[{"href":"https:\/\/mueller-wrh.de\/uk\/wp-json\/wp\/v2\/product"}],"about":[{"href":"https:\/\/mueller-wrh.de\/uk\/wp-json\/wp\/v2\/types\/product"}],"replies":[{"embeddable":true,"href":"https:\/\/mueller-wrh.de\/uk\/wp-json\/wp\/v2\/comments?post=5197"}],"wp:featuredmedia":[{"embeddable":true,"href":"https:\/\/mueller-wrh.de\/uk\/wp-json\/wp\/v2\/media\/5189"}],"wp:attachment":[{"href":"https:\/\/mueller-wrh.de\/uk\/wp-json\/wp\/v2\/media?parent=5197"}],"wp:term":[{"taxonomy":"product_brand","embeddable":true,"href":"https:\/\/mueller-wrh.de\/uk\/wp-json\/wp\/v2\/product_brand?post=5197"},{"taxonomy":"product_cat","embeddable":true,"href":"https:\/\/mueller-wrh.de\/uk\/wp-json\/wp\/v2\/product_cat?post=5197"},{"taxonomy":"product_tag","embeddable":true,"href":"https:\/\/mueller-wrh.de\/uk\/wp-json\/wp\/v2\/product_tag?post=5197"}],"curies":[{"name":"wp","href":"https:\/\/api.w.org\/{rel}","templated":true}]}}