{"id":5181,"date":"2026-03-30T10:48:23","date_gmt":"2026-03-30T10:48:23","guid":{"rendered":"https:\/\/mueller-wrh.de\/produkt\/mayfran-spaenefoerderer-typ-scharnierband-bj-15-intnr231541\/"},"modified":"2026-03-30T10:48:24","modified_gmt":"2026-03-30T10:48:24","slug":"mayfran-spaenefoerderer-typ-scharnierband-bj-15-intnr231541","status":"publish","type":"product","link":"https:\/\/mueller-wrh.de\/uk\/product\/mayfran-spaenefoerderer-typ-scharnierband-bj-15-intnr231541\/","title":{"rendered":"Mayfran \u043a\u043e\u043d\u0432\u0435\u0454\u0440 \u0434\u043b\u044f \u0441\u0442\u0440\u0443\u0436\u043a\u0438, \u0442\u0438\u043f \u0448\u043d\u0435\u043a\u043e\u0432\u0438\u0439, 2015 \u0440\u0456\u043a, \u0456\u043d\u0432\u0435\u043d\u0442\u0430\u0440\u043d\u0438\u0439 \u043d\u043e\u043c\u0435\u0440 231541"},"content":{"rendered":"<p><b>\u041c\u0456\u0441\u0446\u0435\u0437\u043d\u0430\u0445\u043e\u0434\u0436\u0435\u043d\u043d\u044f:<\/b> \u041d\u0456\u043c\u0435\u0447\u0447\u0438\u043d\u0430, \u0411\u0430\u0434\u0435\u043d-\u0412\u044e\u0440\u0442\u0435\u043c\u0431\u0435\u0440\u0433 \u041f\u0456\u0432\u0434\u0435\u043d\u043d\u0438\u0439 \u0417\u0430\u0445\u0456\u0434<\/p>\n<p><b>\u0423\u043c\u043e\u0432\u0430:<\/b> \u0411\/\u0432<\/p>\n<p><b>\u0412\u0438\u0440\u043e\u0431\u043d\u0438\u043a:<\/b> \u041c\u0415\u0419\u0424\u0420\u0410\u041d<\/p>\n<p><b>\u041c\u043e\u0434\u0435\u043b\u044c:<\/b> \u041f\u0435\u0442\u043b\u044f<\/p>\n<p><b>\u0420\u0456\u043a \u043f\u043e\u0431\u0443\u0434\u043e\u0432\u0438:<\/b> 2015<\/p>\n<p>MAYFRAN \u043a\u043e\u043d\u0432\u0435\u0454\u0440 \u0434\u043b\u044f \u0441\u0442\u0440\u0443\u0436\u043a\u0438, \u0442\u0438\u043f \u0448\u0430\u0440\u043d\u0456\u0440\u043d\u043e\u0457 \u0441\u0442\u0440\u0456\u0447\u043a\u0438, 2015 \u0440\u043e\u043a\u0443 \u0432\u0438\u043f\u0443\u0441\u043a\u0443<\/p>\n<p>\u0422\u0435\u0445\u043d\u0456\u0447\u043d\u0456 \u0445\u0430\u0440\u0430\u043a\u0442\u0435\u0440\u0438\u0441\u0442\u0438\u043a\u0438<br \/>\n\u043f\u043e\u0432\u043d\u0456\u0441\u0442\u044e \u0444\u0443\u043d\u043a\u0446\u0456\u043e\u043d\u0430\u043b\u044c\u043d\u0438\u0439<br \/>\n\u0414\u043e\u0432\u0436\u0438\u043d\u0430 \u0432\u0441\u0442\u0430\u0432\u043a\u0438: 940 \u043c\u043c<br \/>\n\u041e\u0441\u0442\u0430\u043d\u043d\u0456\u0439 \u043f\u0440\u0438\u043a\u0440\u0456\u043f\u043b\u0435\u043d\u0438\u0439 \u0434\u043e \u0442\u043e\u043a\u0430\u0440\u043d\u043e\u0433\u043e \u0432\u0435\u0440\u0441\u0442\u0430\u0442\u0430 \u0437 \u0427\u041f\u041a \u0437 \u0440\u0443\u0445\u043e\u043c\u043e\u044e \u0431\u0430\u0431\u043a\u043e\u044e<\/p>\n<p>\u0412\u0410\u0413\u0410 \u0422\u0410 \u0413\u0410\u0411\u0410\u0420\u0418\u0422\u0418<br \/>\n\u0420\u043e\u0437\u043c\u0456\u0440\u0438 \u0432\u0430\u043d\u0442\u0430\u0436\u043d\u043e\u0433\u043e \u0432\u0456\u0434\u0434\u0456\u043b\u0435\u043d\u043d\u044f: \u043f\u0440\u0438\u0431\u043b\u0438\u0437\u043d\u043e 2200 x 710 x 1100 \u043c\u043c<br \/>\n\u0412\u0430\u0433\u0430 \u043c\u0430\u0433\u0430\u0437\u0438\u043d\u0443 \u0437\u0430\u0440\u044f\u0434\u0436\u0430\u043d\u043d\u044f: \u043f\u0440\u0438\u0431\u043b\u0438\u0437\u043d\u043e 250 \u043a\u0433<\/p>\n<p>\u041c\u0430\u0448\u0438\u043d\u0443 \u043c\u043e\u0436\u043d\u0430 \u043e\u0433\u043b\u044f\u043d\u0443\u0442\u0438 \u0437\u0430 \u043f\u043e\u043f\u0435\u0440\u0435\u0434\u043d\u0456\u043c \u0437\u0430\u043f\u0438\u0441\u043e\u043c.<br \/>\n\u041c\u0438 \u0437\u0430\u043b\u0438\u0448\u0430\u0454\u043c\u043e \u0437\u0430 \u0441\u043e\u0431\u043e\u044e \u043f\u0440\u0430\u0432\u043e \u043d\u0430 \u0437\u043c\u0456\u043d\u0438 \u0442\u0430 \u043f\u043e\u043c\u0438\u043b\u043a\u0438 \u0432 \u0442\u0435\u0445\u043d\u0456\u0447\u043d\u0438\u0445 \u0434\u0430\u043d\u0438\u0445 \u0442\u0430 \u0456\u043d\u0444\u043e\u0440\u043c\u0430\u0446\u0456\u0457, \u0430 \u0442\u0430\u043a\u043e\u0436 \u043d\u0430 \u043f\u043e\u043f\u0435\u0440\u0435\u0434\u043d\u0456\u0439 \u043f\u0440\u043e\u0434\u0430\u0436!<\/p>\n<p>\u0428\u043d\u0435\u043a\u043e\u0432\u0438\u0439 \u043a\u043e\u043d\u0432\u0435\u0454\u0440 MAYFRAN, \u0448\u0430\u0440\u043d\u0456\u0440\u043d\u043e\u0433\u043e \u0442\u0438\u043f\u0443, 2015 \u0440\u043e\u043a\u0443 \u0432\u0438\u043f\u0443\u0441\u043a\u0443<\/p>\n<p>\u0422\u0435\u0445\u043d\u0456\u0447\u043d\u0456 \u0445\u0430\u0440\u0430\u043a\u0442\u0435\u0440\u0438\u0441\u0442\u0438\u043a\u0438<br \/>\n\u041f\u043e\u0432\u043d\u0456\u0441\u0442\u044e \u0444\u0443\u043d\u043a\u0446\u0456\u043e\u043d\u0430\u043b\u044c\u043d\u0438\u0439<br \/>\n\u0414\u043e\u0432\u0436\u0438\u043d\u0430 \u0437\u0430\u0432\u0430\u043d\u0442\u0430\u0436\u0435\u043d\u043d\u044f: 940 \u043c\u043c<br \/>\n\u0412\u043e\u0441\u0442\u0430\u043d\u043d\u0454 \u0432\u0438\u043a\u043e\u0440\u0438\u0441\u0442\u043e\u0432\u0443\u0432\u0430\u043b\u043e\u0441\u044f \u043d\u0430 \u0432\u0435\u0440\u0442\u0438\u043a\u0430\u043b\u044c\u043d\u043e\u043c\u0443 \u0442\u043e\u043a\u0430\u0440\u043d\u043e\u043c\u0443 \u0432\u0435\u0440\u0441\u0442\u0430\u0442\u0456 \u0437 \u0427\u041f\u041a<\/p>\n<p>\u0412\u0410\u0413\u0410 \u0422\u0410 \u0413\u0410\u0411\u0410\u0420\u0418\u0422\u0418<br \/>\n\u0420\u043e\u0437\u043c\u0456\u0440\u0438 \u0437\u0430\u0432\u0430\u043d\u0442\u0430\u0436\u0443\u0432\u0430\u043b\u044c\u043d\u043e\u0433\u043e \u043c\u0430\u0433\u0430\u0437\u0438\u043d\u0430: \u043f\u0440\u0438\u0431\u043b\u0438\u0437\u043d\u043e 2200 x 710 x 1100 \u043c\u043c<br \/>\n\u0412\u0430\u0433\u0430 \u0437\u0430\u0432\u0430\u043d\u0442\u0430\u0436\u0443\u0432\u0430\u043b\u044c\u043d\u043e\u0433\u043e \u043c\u0430\u0433\u0430\u0437\u0438\u043d\u0443: \u043f\u0440\u0438\u0431\u043b\u0438\u0437\u043d\u043e 250 \u043a\u0433<\/p>\n<p>\u041c\u0430\u0448\u0438\u043d\u0443 \u043c\u043e\u0436\u043d\u0430 \u043e\u0433\u043b\u044f\u043d\u0443\u0442\u0438 \u0437\u0430 \u043f\u043e\u043f\u0435\u0440\u0435\u0434\u043d\u0456\u043c \u0437\u0430\u043f\u0438\u0441\u043e\u043c.<br \/>\n\u041c\u0438 \u0437\u0430\u043b\u0438\u0448\u0430\u0454\u043c\u043e \u0437\u0430 \u0441\u043e\u0431\u043e\u044e \u043f\u0440\u0430\u0432\u043e \u0432\u043d\u043e\u0441\u0438\u0442\u0438 \u0437\u043c\u0456\u043d\u0438 \u0442\u0430 \u0432\u0438\u043f\u0440\u0430\u0432\u043b\u0435\u043d\u043d\u044f \u0432 \u0442\u0435\u0445\u043d\u0456\u0447\u043d\u0456 \u0434\u0430\u043d\u0456 \u0442\u0430 \u0441\u043f\u0435\u0446\u0438\u0444\u0456\u043a\u0430\u0446\u0456\u0457, \u0430 \u0442\u0430\u043a\u043e\u0436 \u043f\u0440\u043e\u0434\u0430\u0432\u0430\u0442\u0438 \u0442\u043e\u0432\u0430\u0440!<\/p>","protected":false},"excerpt":{"rendered":"<p>Standort: Deutschland, Baden-W\u00fcrttemberg S\u00fcdwest Zustand: Gebraucht Hersteller: MAYFRAN Modell: Scharnierband Baujahr: 2015 MAYFRAN Sp\u00e4nef\u00f6rderer Typ Scharnierband Bj. 2015 Technische Daten vol funktionsf\u00e4hig Einschubl\u00e4nge : 940 mm zuletzt angebaut an CNC-Langdrehmaschine GEWICHT UND ABMESSUNGEN Abmessungen Lademagazin: ca. 2200 x 710 x 1100 mm Gewicht Lademagazin: ca. 250 kg Die Maschine kann nach Terminvereinbarung Strom besichtigt werden. [&hellip;]<\/p>\n","protected":false},"featured_media":5178,"comment_status":"open","ping_status":"closed","template":"","meta":{"_uf_show_specific_survey":0,"_uf_disable_surveys":false},"product_brand":[],"product_cat":[105],"product_tag":[],"class_list":{"0":"post-5181","1":"product","2":"type-product","3":"status-publish","4":"has-post-thumbnail","6":"product_cat-zubehoer-sonstiges","8":"first","9":"instock","10":"taxable","11":"shipping-taxable","12":"product-type-simple"},"aioseo_notices":[],"_links":{"self":[{"href":"https:\/\/mueller-wrh.de\/uk\/wp-json\/wp\/v2\/product\/5181","targetHints":{"allow":["GET"]}}],"collection":[{"href":"https:\/\/mueller-wrh.de\/uk\/wp-json\/wp\/v2\/product"}],"about":[{"href":"https:\/\/mueller-wrh.de\/uk\/wp-json\/wp\/v2\/types\/product"}],"replies":[{"embeddable":true,"href":"https:\/\/mueller-wrh.de\/uk\/wp-json\/wp\/v2\/comments?post=5181"}],"wp:featuredmedia":[{"embeddable":true,"href":"https:\/\/mueller-wrh.de\/uk\/wp-json\/wp\/v2\/media\/5178"}],"wp:attachment":[{"href":"https:\/\/mueller-wrh.de\/uk\/wp-json\/wp\/v2\/media?parent=5181"}],"wp:term":[{"taxonomy":"product_brand","embeddable":true,"href":"https:\/\/mueller-wrh.de\/uk\/wp-json\/wp\/v2\/product_brand?post=5181"},{"taxonomy":"product_cat","embeddable":true,"href":"https:\/\/mueller-wrh.de\/uk\/wp-json\/wp\/v2\/product_cat?post=5181"},{"taxonomy":"product_tag","embeddable":true,"href":"https:\/\/mueller-wrh.de\/uk\/wp-json\/wp\/v2\/product_tag?post=5181"}],"curies":[{"name":"wp","href":"https:\/\/api.w.org\/{rel}","templated":true}]}}