{"id":5096,"date":"2026-03-19T12:49:16","date_gmt":"2026-03-19T12:49:16","guid":{"rendered":"https:\/\/mueller-wrh.de\/produkt\/star-sr20r-ii-typ-660-bj-2006_09_-intnr231525\/"},"modified":"2026-03-19T12:49:16","modified_gmt":"2026-03-19T12:49:16","slug":"star-sr20r-ii-typ-660-bj-2006_09_-intnr231525","status":"publish","type":"product","link":"https:\/\/mueller-wrh.de\/uk\/product\/star-sr20r-ii-typ-660-bj-2006_09_-intnr231525\/","title":{"rendered":"STAR SR20R II, \u0442\u0438\u043f 660, \u0440\u0456\u043a \u0432\u0438\u043f\u0443\u0441\u043a\u0443 2006_09_ IntNo231525"},"content":{"rendered":"<p><b>\u041c\u0456\u0441\u0446\u0435\u0437\u043d\u0430\u0445\u043e\u0434\u0436\u0435\u043d\u043d\u044f:<\/b> \u041d\u0456\u043c\u0435\u0447\u0447\u0438\u043d\u0430, \u0411\u0430\u0434\u0435\u043d-\u0412\u044e\u0440\u0442\u0435\u043c\u0431\u0435\u0440\u0433 \u041f\u0456\u0432\u0434\u0435\u043d\u043d\u0438\u0439 \u0417\u0430\u0445\u0456\u0434<\/p>\n<p><b>\u0423\u043c\u043e\u0432\u0430:<\/b> \u0411\/\u0432<\/p>\n<p><b>\u0412\u0438\u0440\u043e\u0431\u043d\u0438\u043a:<\/b> STAR Micronics<\/p>\n<p><b>\u041c\u043e\u0434\u0435\u043b\u044c:<\/b> SR-20R II \u0422\u0438\u043f 660<\/p>\n<p><b>\u0420\u0456\u043a \u043f\u043e\u0431\u0443\u0434\u043e\u0432\u0438:<\/b> 2006<\/p>\n<p><b>\u0413\u043e\u0434\u0438\u043d\u0438 \u0440\u043e\u0431\u043e\u0442\u0438:<\/b> 76032<\/p>\n<p>\u0422\u043e\u043a\u0430\u0440\u043d\u0438\u0439 \u0432\u0435\u0440\u0441\u0442\u0430\u0442 \u0437 \u0427\u041f\u041a \u0437 \u0440\u0443\u0445\u043e\u043c\u043e\u044e \u0448\u043f\u0438\u043d\u0434\u0435\u043b\u044c\u043d\u043e\u044e \u0431\u0430\u0431\u043a\u043e\u044e STAR SR-20RII \u0442\u0438\u043f 660 (\u0448\u0432\u0435\u0439\u0446\u0430\u0440\u0441\u044c\u043a\u0438\u0439 \u0442\u0438\u043f)<br \/>\n\u0420\u0456\u043a \u043f\u043e\u0431\u0443\u0434\u043e\u0432\u0438: 2006_09<br \/>\n\u0421\u0438\u0441\u0442\u0435\u043c\u0430 \u043a\u0435\u0440\u0443\u0432\u0430\u043d\u043d\u044f: Fanuc<br \/>\n\u0427\u0430\u0441 \u0440\u0456\u0437\u0430\u043d\u043d\u044f: 53000<br \/>\n\u0422\u0435\u0445\u043d\u0456\u0447\u043d\u0456 \u0445\u0430\u0440\u0430\u043a\u0442\u0435\u0440\u0438\u0441\u0442\u0438\u043a\u0438<br \/>\n\u041c\u0430\u043a\u0441. \u0414\u0456\u0430\u043c\u0435\u0442\u0440 \u043e\u0431\u0440\u043e\u0431\u043a\u0438: \u00d8 20 \u043c\u043c (\u043e\u043f\u0446\u0456\u043e\u043d\u0430\u043b\u044c\u043d\u043e \u0434\u043e \u00d8 22 \u043c\u043c)<br \/>\n\u0414\u043e\u0432\u0436\u0438\u043d\u0430 \u043f\u043e\u0432\u043e\u0440\u043e\u0442\u0443: 205 \u043c\u043c<br \/>\n\u0413\u043e\u043b\u043e\u0432\u043d\u0438\u0439 \u0448\u043f\u0438\u043d\u0434\u0435\u043b\u044c:<br \/>\n- \u0428\u0432\u0438\u0434\u043a\u0456\u0441\u0442\u044c: \u043f\u0440\u0438\u0431\u043b\u0438\u0437\u043d\u043e \u0434\u043e 10 000-12 000 \u0445\u0432\u00b9<br \/>\n- \u041f\u043e\u0442\u0443\u0436\u043d\u0456\u0441\u0442\u044c: \u043f\u0440\u0438\u0431\u043b\u0438\u0437\u043d\u043e 3,7-5,5 \u043a\u0412\u0442<br \/>\n- \u0412\u0456\u0441\u044c \u0421 \u0434\u043b\u044f \u043a\u043e\u043d\u0442\u0443\u0440\u043d\u043e\u0457 \u043e\u0431\u0440\u043e\u0431\u043a\u0438<br \/>\n\u041a\u043e\u043d\u0442\u0440\u0448\u043f\u0438\u043d\u0434\u0435\u043b\u044c:<br \/>\n- \u0428\u0432\u0438\u0434\u043a\u0456\u0441\u0442\u044c: \u043f\u0440\u0438\u0431\u043b\u0438\u0437\u043d\u043e \u0434\u043e 6,000-8,000 \u0445\u0432\u00b9<br \/>\n- \u0412\u0456\u0441\u044c \u0421<br \/>\n\u041e\u0441\u0456 (\u0432\u0456\u0434\u0441\u0442\u0430\u043d\u0456 \u043f\u0435\u0440\u0435\u043c\u0456\u0449\u0435\u043d\u043d\u044f):<br \/>\n- X1 \/ Z1 \/ Y1 (\u043e\u0441\u043d\u043e\u0432\u043d\u0430 \u043e\u0431\u0440\u043e\u0431\u043a\u0430): X1 \u043f\u0440\u0438\u0431\u043b. 265 \u043c\u043c \/ Z1 \u043f\u0440\u0438\u0431\u043b. 205 \u043c\u043c \/ Y1 \u00b1 20 \u043c\u043c<br \/>\n- X2 \/ Z2 (\u043a\u043e\u043d\u0442\u0440\u0448\u043f\u0438\u043d\u0434\u0435\u043b\u044c): \u0430\u043d\u0430\u043b\u043e\u0433\u0456\u0447\u043d\u043e \u0433\u043e\u043b\u043e\u0432\u043d\u0456\u0439 \u043e\u0441\u0456, \u0442\u043e\u0447\u043d\u0456 \u0437\u043d\u0430\u0447\u0435\u043d\u043d\u044f \u0437\u0430\u043b\u0435\u0436\u0430\u0442\u044c \u0432\u0456\u0434 \u0432\u0435\u0440\u0441\u0442\u0430\u0442\u0430<br \/>\n- \u0428\u0432\u0438\u0434\u043a\u0435 \u043f\u0435\u0440\u0435\u043c\u0456\u0449\u0435\u043d\u043d\u044f: \u043f\u0440\u0438\u0431\u043b\u0438\u0437\u043d\u043e 24-30 \u043c\/\u0445\u0432<br \/>\n\u0420\u043e\u0437\u043c\u0456\u0440\u0438 \u0432\u0435\u0440\u0441\u0442\u0430\u0442\u0430: 2 400 \u00d7 1 205 \u00d7 1 700 \u043c\u043c<br \/>\n\u0412\u0430\u0433\u0430 \u043c\u0430\u0448\u0438\u043d\u0438: \u043f\u0440\u0438\u0431\u043b\u0438\u0437\u043d\u043e 2 200 \u043a\u0433<\/p>\n<p>\u041c\u0435\u0445\u0430\u043d\u0456\u0437\u043c \u043f\u043e\u0434\u0430\u0447\u0456 \u043f\u0440\u0443\u0442\u043a\u0456\u0432: FMB TURBO 3-26\/3200<br \/>\n- \u0414\u0456\u0430\u043c\u0435\u0442\u0440 \u0441\u0442\u0440\u0438\u0436\u043d\u044f: \u00d8 3-26 \u043c\u043c<br \/>\n- \u0412\u0430\u0440\u0456\u0430\u043d\u0442 \u043a\u0440\u0456\u043f\u043b\u0435\u043d\u043d\u044f: \u201eA\u201c<br \/>\n- \u0420\u0456\u043a \u043f\u043e\u0431\u0443\u0434\u043e\u0432\u0438: 2006<br \/>\n- \u0420\u043e\u0437\u043c\u0456\u0440\u0438: \u043f\u0440\u0438\u0431\u043b\u0438\u0437\u043d\u043e 4 500 \u00d7 1 000 \u00d7 1 800 \u043c\u043c<br \/>\n- \u0412\u0430\u0433\u0430: \u0431\u043b\u0438\u0437\u044c\u043a\u043e 800 \u043a\u0433<br \/>\n- \u0421\u0438\u0441\u0442\u0435\u043c\u0430 \u0432\u0438\u0441\u043e\u043a\u043e\u0433\u043e \u0442\u0438\u0441\u043a\u0443 SFB B\u00fcchele (2 \u043a\u043b\u0430\u043f\u0430\u043d\u0430) \u0456 \u0444\u0456\u043b\u044c\u0442\u0440<br \/>\n\u041f\u043e\u0441\u0456\u0431\u043d\u0438\u043a\u0438 \u0437 \u0435\u043a\u0441\u043f\u043b\u0443\u0430\u0442\u0430\u0446\u0456\u0457 \/ \u0434\u043e\u043a\u0443\u043c\u0435\u043d\u0442\u0438<br \/>\n\u041f\u0435\u0440\u0435\u0433\u043b\u044f\u0434: \u041c\u0430\u0448\u0438\u043d\u0443 \u043c\u043e\u0436\u043d\u0430 \u043e\u0433\u043b\u044f\u043d\u0443\u0442\u0438 \u043d\u0430 \u043c\u0456\u0441\u0446\u0456 \u0437\u0430 \u043f\u043e\u043f\u0435\u0440\u0435\u0434\u043d\u0456\u043c \u0437\u0430\u043f\u0438\u0441\u043e\u043c.<br \/>\n\u041f\u0440\u0438\u043c\u0456\u0442\u043a\u0430: \u041c\u043e\u0436\u043b\u0438\u0432\u0456 \u0437\u043c\u0456\u043d\u0438 \u0442\u0430 \u043f\u043e\u043c\u0438\u043b\u043a\u0438 \u0432 \u0442\u0435\u0445\u043d\u0456\u0447\u043d\u0438\u0445 \u0434\u0430\u043d\u0438\u0445, \u0430 \u0442\u0430\u043a\u043e\u0436 \u043f\u043e\u043f\u0435\u0440\u0435\u0434\u043d\u0456\u0439 \u043f\u0440\u043e\u0434\u0430\u0436!<\/p>\n<p>\u0422\u043e\u043a\u0430\u0440\u043d\u0438\u0439 \u0432\u0435\u0440\u0441\u0442\u0430\u0442 \u0437 \u0427\u041f\u041a STAR SR-20RII \u0442\u0438\u043f 660 (\u0448\u0432\u0435\u0439\u0446\u0430\u0440\u0441\u044c\u043a\u0438\u0439 \u0442\u0438\u043f)<br \/>\n\u0420\u0456\u043a \u0432\u0438\u043f\u0443\u0441\u043a\u0443: 09\/2006<br \/>\n\u0421\u0438\u0441\u0442\u0435\u043c\u0430 \u043a\u0435\u0440\u0443\u0432\u0430\u043d\u043d\u044f: Fanuc<br \/>\n\u041d\u0430\u043f\u0440\u0430\u0446\u044e\u0432\u0430\u043d\u043d\u044f \u043d\u0430 \u0432\u0456\u0434\u043c\u043e\u0432\u0443: 53 000 \u0433\u043e\u0434\u0438\u043d<\/p>\n<p>\u0422\u0435\u0445\u043d\u0456\u0447\u043d\u0456 \u0445\u0430\u0440\u0430\u043a\u0442\u0435\u0440\u0438\u0441\u0442\u0438\u043a\u0438<\/p>\n<p>\u041c\u0430\u043a\u0441\u0438\u043c\u0430\u043b\u044c\u043d\u0438\u0439 \u0434\u0456\u0430\u043c\u0435\u0442\u0440 \u0442\u043e\u0447\u0456\u043d\u043d\u044f: \u00d8 20 \u043c\u043c (\u043e\u043f\u0446\u0456\u043e\u043d\u0430\u043b\u044c\u043d\u043e \u0434\u043e \u00d8 22 \u043c\u043c)<br \/>\n\u0414\u043e\u0432\u0436\u0438\u043d\u0430 \u043f\u043e\u0432\u043e\u0440\u043e\u0442\u0443: 205 \u043c\u043c<\/p>\n<p>\u0413\u043e\u043b\u043e\u0432\u043d\u0438\u0439 \u0448\u043f\u0438\u043d\u0434\u0435\u043b\u044c:<\/p>\n<p>\u0428\u0432\u0438\u0434\u043a\u0456\u0441\u0442\u044c: \u043f\u0440\u0438\u0431\u043b\u0438\u0437\u043d\u043e \u0434\u043e 10 000-12 000 \u043e\u0431\/\u0445\u0432<\/p>\n<p>\u041f\u043e\u0442\u0443\u0436\u043d\u0456\u0441\u0442\u044c: \u043f\u0440\u0438\u0431\u043b\u0438\u0437\u043d\u043e 3,7-5,5 \u043a\u0412\u0442<\/p>\n<p>\u0412\u0456\u0441\u044c \u0421 \u0434\u043b\u044f \u043a\u043e\u043d\u0442\u0443\u0440\u043d\u043e\u0457 \u043e\u0431\u0440\u043e\u0431\u043a\u0438<\/p>\n<p>\u041a\u043e\u043d\u0442\u0440\u0448\u043f\u0438\u043d\u0434\u0435\u043b\u044c:<\/p>\n<p>\u0428\u0432\u0438\u0434\u043a\u0456\u0441\u0442\u044c: \u043f\u0440\u0438\u0431\u043b\u0438\u0437\u043d\u043e \u0434\u043e 6 000-8 000 \u043e\u0431\/\u0445\u0432<\/p>\n<p>\u0412\u0456\u0441\u044c \u0421<\/p>\n<p>\u041e\u0441\u0456 (\u0434\u0456\u0430\u043f\u0430\u0437\u043e\u043d\u0438 \u043f\u0435\u0440\u0435\u043c\u0456\u0449\u0435\u043d\u043d\u044f):<\/p>\n<p>X1 \/ Z1 \/ Y1 (\u043e\u0441\u043d\u043e\u0432\u043d\u0430 \u043e\u0431\u0440\u043e\u0431\u043a\u0430): X1 \u043f\u0440\u0438\u0431\u043b. 265 \u043c\u043c \/ Z1 \u043f\u0440\u0438\u0431\u043b. 205 \u043c\u043c \/ Y1 \u00b1 20 \u043c\u043c<\/p>\n<p>X2 \/ Z2 (\u043a\u043e\u043d\u0442\u0440\u0448\u043f\u0438\u043d\u0434\u0435\u043b\u044c): \u0430\u043d\u0430\u043b\u043e\u0433\u0456\u0447\u043d\u043e \u0434\u043e \u0433\u043e\u043b\u043e\u0432\u043d\u043e\u0433\u043e \u0448\u043f\u0438\u043d\u0434\u0435\u043b\u044f, \u0442\u043e\u0447\u043d\u0456 \u0437\u043d\u0430\u0447\u0435\u043d\u043d\u044f \u0437\u0430\u043b\u0435\u0436\u0430\u0442\u044c \u0432\u0456\u0434 \u0432\u0435\u0440\u0441\u0442\u0430\u0442\u0430<\/p>\n<p>\u0428\u0432\u0438\u0434\u043a\u0435 \u043f\u0435\u0440\u0435\u043c\u0456\u0449\u0435\u043d\u043d\u044f: \u043f\u0440\u0438\u0431\u043b\u0438\u0437\u043d\u043e 24-30 \u043c\/\u0445\u0432<\/p>\n<p>\u0420\u043e\u0437\u043c\u0456\u0440\u0438 \u0432\u0435\u0440\u0441\u0442\u0430\u0442\u0430: 2 400 \u00d7 1 205 \u00d7 1 700 \u043c\u043c<br \/>\n\u0412\u0430\u0433\u0430 \u043c\u0430\u0448\u0438\u043d\u0438: \u043f\u0440\u0438\u0431\u043b\u0438\u0437\u043d\u043e 2 200 \u043a\u0433<\/p>\n<p>\u041c\u0435\u0445\u0430\u043d\u0456\u0437\u043c \u043f\u043e\u0434\u0430\u0447\u0456 \u043f\u0440\u0443\u0442\u043a\u0456\u0432: FMB TURBO 3-26\/3200<\/p>\n<p>\u0414\u0456\u0430\u043f\u0430\u0437\u043e\u043d \u0434\u0456\u0430\u043c\u0435\u0442\u0440\u0456\u0432 \u043f\u0440\u0443\u0442\u043a\u0430: \u00d8 3-26 \u043c\u043c<\/p>\n<p>\u0412\u0430\u0440\u0456\u0430\u043d\u0442 \u043a\u0440\u0456\u043f\u043b\u0435\u043d\u043d\u044f: \u201cA\u201d<\/p>\n<p>\u0420\u0456\u043a \u0432\u0438\u043f\u0443\u0441\u043a\u0443: 2006<\/p>\n<p>\u0420\u043e\u0437\u043c\u0456\u0440\u0438: \u043f\u0440\u0438\u0431\u043b\u0438\u0437\u043d\u043e 4 500 \u00d7 1 000 \u00d7 1 800 \u043c\u043c<\/p>\n<p>\u0412\u0430\u0433\u0430: \u0431\u043b\u0438\u0437\u044c\u043a\u043e 800 \u043a\u0433<\/p>\n<p>\u0421\u0438\u0441\u0442\u0435\u043c\u0430 \u0432\u0438\u0441\u043e\u043a\u043e\u0433\u043e \u0442\u0438\u0441\u043a\u0443 SFB B\u00fcchele (2 \u043a\u043b\u0430\u043f\u0430\u043d\u0438) \u0437 \u0444\u0456\u043b\u044c\u0442\u0440\u043e\u043c<\/p>\n<p>\u041f\u043e\u0441\u0456\u0431\u043d\u0438\u043a\u0438 \/ \u0434\u043e\u043a\u0443\u043c\u0435\u043d\u0442\u0430\u0446\u0456\u044f: \u0443 \u043a\u043e\u043c\u043f\u043b\u0435\u043a\u0442\u0456<\/p>\n<p>\u041f\u0435\u0440\u0435\u0433\u043b\u044f\u0434: \u041c\u0430\u0448\u0438\u043d\u0443 \u043c\u043e\u0436\u043d\u0430 \u043e\u0433\u043b\u044f\u043d\u0443\u0442\u0438 \u043d\u0430 \u043c\u0456\u0441\u0446\u0456 \u0437\u0430 \u043f\u043e\u043f\u0435\u0440\u0435\u0434\u043d\u044c\u043e\u044e \u0434\u043e\u043c\u043e\u0432\u043b\u0435\u043d\u0456\u0441\u0442\u044e.<\/p>\n<p>\u041f\u0440\u0438\u043c\u0456\u0442\u043a\u0430: \u0422\u0435\u0445\u043d\u0456\u0447\u043d\u0456 \u0434\u0430\u043d\u0456 \u0442\u0430 \u0441\u043f\u0435\u0446\u0438\u0444\u0456\u043a\u0430\u0446\u0456\u0457 \u043c\u043e\u0436\u0443\u0442\u044c \u0431\u0443\u0442\u0438 \u0437\u043c\u0456\u043d\u0435\u043d\u0456 \u0442\u0430 \u043f\u043e\u043c\u0438\u043b\u043a\u043e\u0432\u0456; \u043f\u043e\u043f\u0435\u0440\u0435\u0434\u043d\u0456\u0439 \u043f\u0440\u043e\u0434\u0430\u0436 \u0437\u0431\u0435\u0440\u0456\u0433\u0430\u0454\u0442\u044c\u0441\u044f.<\/p>","protected":false},"excerpt":{"rendered":"<p>Standort: Deutschland, Baden-W\u00fcrttemberg S\u00fcdwest Zustand: Gebraucht Hersteller: STAR Micronics Modell: SR-20R II Typ 660 Baujahr: 2006 Betriebsstunden: 76032 CNC-Langdrehmaschine STAR SR-20RII Typ 660 (Swiss-Type) Baujahr: 2006_09 Steuerung: Fanuc Cutting Time: 53000 Technische Daten Max. Drehdurchmesser: \u00d8 20 mm (optional bis \u00d8 22 mm) Drehl\u00e4nge: 205 mm Hauptspindel: \u2022 Drehzahl: bis ca. 10.000\u201312.000 min\u207b\u00b9 \u2022 Leistung: [&hellip;]<\/p>\n","protected":false},"featured_media":5089,"comment_status":"open","ping_status":"closed","template":"","meta":{"_uf_show_specific_survey":0,"_uf_disable_surveys":false},"product_brand":[],"product_cat":[23],"product_tag":[],"class_list":{"0":"post-5096","1":"product","2":"type-product","3":"status-publish","4":"has-post-thumbnail","6":"product_cat-cnc-langdrehmaschinen","8":"first","9":"instock","10":"taxable","11":"shipping-taxable","12":"product-type-simple"},"aioseo_notices":[],"_links":{"self":[{"href":"https:\/\/mueller-wrh.de\/uk\/wp-json\/wp\/v2\/product\/5096","targetHints":{"allow":["GET"]}}],"collection":[{"href":"https:\/\/mueller-wrh.de\/uk\/wp-json\/wp\/v2\/product"}],"about":[{"href":"https:\/\/mueller-wrh.de\/uk\/wp-json\/wp\/v2\/types\/product"}],"replies":[{"embeddable":true,"href":"https:\/\/mueller-wrh.de\/uk\/wp-json\/wp\/v2\/comments?post=5096"}],"wp:featuredmedia":[{"embeddable":true,"href":"https:\/\/mueller-wrh.de\/uk\/wp-json\/wp\/v2\/media\/5089"}],"wp:attachment":[{"href":"https:\/\/mueller-wrh.de\/uk\/wp-json\/wp\/v2\/media?parent=5096"}],"wp:term":[{"taxonomy":"product_brand","embeddable":true,"href":"https:\/\/mueller-wrh.de\/uk\/wp-json\/wp\/v2\/product_brand?post=5096"},{"taxonomy":"product_cat","embeddable":true,"href":"https:\/\/mueller-wrh.de\/uk\/wp-json\/wp\/v2\/product_cat?post=5096"},{"taxonomy":"product_tag","embeddable":true,"href":"https:\/\/mueller-wrh.de\/uk\/wp-json\/wp\/v2\/product_tag?post=5096"}],"curies":[{"name":"wp","href":"https:\/\/api.w.org\/{rel}","templated":true}]}}