{"id":4978,"date":"2026-03-13T11:04:59","date_gmt":"2026-03-13T11:04:59","guid":{"rendered":"https:\/\/mueller-wrh.de\/produkt\/cnc-lns-hydrobar-6-42-hs-4-4-bj-89-intnr231499\/"},"modified":"2026-03-13T11:04:59","modified_gmt":"2026-03-13T11:04:59","slug":"cnc-lns-hydrobar-6-42-hs-4-4-bj-89-intnr231499","status":"publish","type":"product","link":"https:\/\/mueller-wrh.de\/uk\/product\/cnc-lns-hydrobar-6-42-hs-4-4-bj-89-intnr231499\/","title":{"rendered":"\u0427\u041f\u0423 LNS Hydrobar 6.42 HS-4.4 \u0420\u0456\u043a \u0432\u0438\u043f\u0443\u0441\u043a\u0443 '89 IntNo231499"},"content":{"rendered":"<p><b>\u041c\u0456\u0441\u0446\u0435\u0437\u043d\u0430\u0445\u043e\u0434\u0436\u0435\u043d\u043d\u044f:<\/b> \u041d\u0456\u043c\u0435\u0447\u0447\u0438\u043d\u0430, \u0411\u0430\u0434\u0435\u043d-\u0412\u044e\u0440\u0442\u0435\u043c\u0431\u0435\u0440\u0433 \u041f\u0456\u0432\u0434\u0435\u043d\u043d\u0438\u0439 \u0417\u0430\u0445\u0456\u0434<\/p>\n<p><b>\u0423\u043c\u043e\u0432\u0430:<\/b> \u0411\/\u0432<\/p>\n<p><b>\u0412\u0438\u0440\u043e\u0431\u043d\u0438\u043a:<\/b> LNS<\/p>\n<p><b>\u041c\u043e\u0434\u0435\u043b\u044c:<\/b> 6.42 HS-4.4<\/p>\n<p><b>\u0420\u0456\u043a \u043f\u043e\u0431\u0443\u0434\u043e\u0432\u0438:<\/b> 1989<\/p>\n<p>\u041f\u0440\u043e\u0434\u0430\u0454\u0442\u044c\u0441\u044f \u043f\u0435\u0440\u0435\u0432\u0456\u0440\u0435\u043d\u0438\u0439 \u0432\u0438\u0441\u043e\u043a\u043e\u043f\u0440\u043e\u0434\u0443\u043a\u0442\u0438\u0432\u043d\u0438\u0439 \u043f\u0440\u0438\u0441\u0442\u0440\u0456\u0439 \u0434\u043b\u044f \u043f\u043e\u0434\u0430\u0447\u0456 \u043f\u0440\u0443\u0442\u043a\u0456\u0432<br \/>\n\u0421\u041f\u0413, \u0442\u0438\u043f Hydrobar 6.42 HS-4.4. <\/p>\n<p>\u0422\u0435\u0445\u043d\u0456\u0447\u043d\u0456 \u0445\u0430\u0440\u0430\u043a\u0442\u0435\u0440\u0438\u0441\u0442\u0438\u043a\u0438<\/p>\n<p>\u0412\u0438\u0440\u043e\u0431\u043d\u0438\u043a LNS (\u0428\u0432\u0435\u0439\u0446\u0430\u0440\u0456\u044f)<br \/>\n\u041c\u043e\u0434\u0435\u043b\u044c Hydrobar 6.42 HS-4.4<br \/>\n\u0420\u0456\u043a \u043f\u043e\u0431\u0443\u0434\u043e\u0432\u0438 1989<br \/>\n\u0420\u043e\u0431\u043e\u0447\u0438\u0439 \u0434\u0456\u0430\u043f\u0430\u0437\u043e\u043d (\u0434\u0456\u0430\u043c\u0435\u0442\u0440) \u0432\u0456\u0434 \u00d8 6 \u043c\u043c \u0434\u043e \u00d8 42 \u043c\u043c<br \/>\n\u041c\u0430\u043a\u0441\u0438\u043c\u0430\u043b\u044c\u043d\u043e. \u0414\u043e\u0432\u0436\u0438\u043d\u0430 \u0448\u0442\u043e\u043a\u0430 4 000 \u043c\u043c (\u0442\u0438\u043f 4.4)<br \/>\n\u0413\u0456\u0434\u0440\u043e\u0431\u0430\u0440\u0438\u0447\u043d\u0438\u0439 \u043f\u0440\u0438\u043d\u0446\u0438\u043f \u043d\u0430\u043f\u0440\u0430\u0432\u043b\u044f\u044e\u0447\u0438\u0445 (\u043f\u043e\u0432\u043d\u0430 \u043c\u0430\u0441\u043b\u044f\u043d\u0430 \u0432\u0430\u043d\u043d\u0430)<br \/>\n\u0413\u0456\u0434\u0440\u0430\u0432\u043b\u0456\u0447\u043d\u0438\u0439 \u043f\u0440\u0438\u0432\u0456\u0434 \u043f\u043e\u0434\u0430\u0447\u0456<br \/>\n\u0404\u043c\u043d\u0456\u0441\u0442\u044c \u043e\u043b\u0438\u0432\u0438 \u043f\u0440\u0438\u0431\u043b\u0438\u0437\u043d\u043e 150 - 170 \u043b\u0456\u0442\u0440\u0456\u0432 (HLP 46 \u0430\u0431\u043e \u0430\u043d\u0430\u043b\u043e\u0433\u0456\u0447\u043d\u0430)<br \/>\n\u0417\u0430\u0433\u0430\u043b\u044c\u043d\u0430 \u0434\u043e\u0432\u0436\u0438\u043d\u0430 \u043c\u0430\u0433\u0430\u0437\u0438\u043d\u0443 \u043f\u0440\u0438\u0431\u043b\u0438\u0437\u043d\u043e 4 850 \u043c\u043c<br \/>\n\u0412\u0430\u0433\u0430 (\u043f\u043e\u0440\u043e\u0436\u043d\u0456\u0439) \u043f\u0440\u0438\u0431\u043b\u0438\u0437\u043d\u043e 650 \u043a\u0433<\/p>\n<p>\u041c\u0430\u0448\u0438\u043d\u0443 \u043c\u043e\u0436\u043d\u0430 \u043e\u0433\u043b\u044f\u043d\u0443\u0442\u0438 \u043f\u0456\u0434 \u043d\u0430\u043f\u0440\u0443\u0433\u043e\u044e \u0437\u0430 \u043f\u043e\u043f\u0435\u0440\u0435\u0434\u043d\u0456\u043c \u0437\u0430\u043f\u0438\u0441\u043e\u043c.<br \/>\n\u041c\u0438 \u0437\u0430\u043b\u0438\u0448\u0430\u0454\u043c\u043e \u0437\u0430 \u0441\u043e\u0431\u043e\u044e \u043f\u0440\u0430\u0432\u043e \u043d\u0430 \u0437\u043c\u0456\u043d\u0438 \u0442\u0430 \u043f\u043e\u043c\u0438\u043b\u043a\u0438 \u0432 \u0442\u0435\u0445\u043d\u0456\u0447\u043d\u0438\u0445 \u0434\u0430\u043d\u0438\u0445 \u0442\u0430 \u0456\u043d\u0444\u043e\u0440\u043c\u0430\u0446\u0456\u0457, \u0430 \u0442\u0430\u043a\u043e\u0436 \u043d\u0430 \u043f\u043e\u043f\u0435\u0440\u0435\u0434\u043d\u0456\u0439 \u043f\u0440\u043e\u0434\u0430\u0436!<\/p>\n<p>\u0412\u0438\u043f\u0440\u043e\u0431\u0443\u0432\u0430\u043d\u0438\u0439 \u0432\u0438\u0441\u043e\u043a\u043e\u043f\u0440\u043e\u0434\u0443\u043a\u0442\u0438\u0432\u043d\u0438\u0439 \u043c\u0430\u0433\u0430\u0437\u0438\u043d \u0434\u043b\u044f \u0437\u0430\u0432\u0430\u043d\u0442\u0430\u0436\u0435\u043d\u043d\u044f \u043f\u0440\u0443\u0442\u043a\u0456\u0432<br \/>\n\u041f\u0440\u043e\u0434\u0430\u0454\u0442\u044c\u0441\u044f \u0421\u041f\u0413, \u043c\u043e\u0434\u0435\u043b\u044c Hydrobar 6.42 HS-4.4. <\/p>\n<p>\u0422\u0435\u0445\u043d\u0456\u0447\u043d\u0456 \u0445\u0430\u0440\u0430\u043a\u0442\u0435\u0440\u0438\u0441\u0442\u0438\u043a\u0438<\/p>\n<p>\u0412\u0438\u0440\u043e\u0431\u043d\u0438\u043a LNS (\u0428\u0432\u0435\u0439\u0446\u0430\u0440\u0456\u044f)<br \/>\n\u041c\u043e\u0434\u0435\u043b\u044c Hydrobar 6.42 HS-4.4<br \/>\n\u0420\u0456\u043a \u0432\u0438\u043f\u0443\u0441\u043a\u0443 1989<br \/>\n\u0420\u043e\u0431\u043e\u0447\u0438\u0439 \u0434\u0456\u0430\u043f\u0430\u0437\u043e\u043d (\u0434\u0456\u0430\u043c\u0435\u0442\u0440) \u0432\u0456\u0434 \u00d8 6 \u043c\u043c \u0434\u043e \u00d8 42 \u043c\u043c<br \/>\n\u041c\u0430\u043a\u0441. \u0434\u043e\u0432\u0436\u0438\u043d\u0430 \u043f\u0440\u0443\u0442\u043a\u0430 4 000 \u043c\u043c (\u0442\u0438\u043f 4.4)<br \/>\n\u041f\u0440\u0438\u043d\u0446\u0438\u043f \u043a\u0435\u0440\u0443\u0432\u0430\u043d\u043d\u044f \u0413\u0456\u0434\u0440\u043e\u0431\u0430\u0440\u0438\u0447\u043d\u0438\u0439 (\u043f\u043e\u0432\u043d\u0430 \u043c\u0430\u0441\u043b\u044f\u043d\u0430 \u0432\u0430\u043d\u043d\u0430)<br \/>\n\u041f\u0440\u0438\u0432\u0456\u0434 \u043f\u043e\u0434\u0430\u0447\u0456 \u0413\u0456\u0434\u0440\u0430\u0432\u043b\u0456\u0447\u043d\u0438\u0439<br \/>\n\u0404\u043c\u043d\u0456\u0441\u0442\u044c \u043e\u043b\u0438\u0432\u0438 \u043f\u0440\u0438\u0431\u043b\u0438\u0437\u043d\u043e 150-170 \u043b\u0456\u0442\u0440\u0456\u0432 (HLP 46 \u0430\u0431\u043e \u0435\u043a\u0432\u0456\u0432\u0430\u043b\u0435\u043d\u0442)<br \/>\n\u0417\u0430\u0433\u0430\u043b\u044c\u043d\u0430 \u0434\u043e\u0432\u0436\u0438\u043d\u0430 \u043c\u0430\u0433\u0430\u0437\u0438\u043d\u0443 \u043f\u0440\u0438\u0431\u043b\u0438\u0437\u043d\u043e 4 850 \u043c\u043c<br \/>\n\u0412\u0430\u0433\u0430 (\u043f\u043e\u0440\u043e\u0436\u043d\u0456\u0439) \u043f\u0440\u0438\u0431\u043b\u0438\u0437\u043d\u043e 650 \u043a\u0433<\/p>\n<p>\u041c\u0430\u0448\u0438\u043d\u0443 \u043c\u043e\u0436\u043d\u0430 \u043f\u043e\u0431\u0430\u0447\u0438\u0442\u0438 \u0432 \u0440\u043e\u0431\u043e\u0442\u0456 \u0437\u0430 \u043f\u043e\u043f\u0435\u0440\u0435\u0434\u043d\u0456\u043c \u0437\u0430\u043f\u0438\u0441\u043e\u043c.<br \/>\n\u041c\u043e\u0436\u043b\u0438\u0432\u0456 \u0437\u043c\u0456\u043d\u0438 \u0442\u0430 \u043f\u043e\u043c\u0438\u043b\u043a\u0438 \u0432 \u0442\u0435\u0445\u043d\u0456\u0447\u043d\u0438\u0445 \u0434\u0430\u043d\u0438\u0445 \u0442\u0430 \u0441\u043f\u0435\u0446\u0438\u0444\u0456\u043a\u0430\u0446\u0456\u044f\u0445, \u0430 \u0442\u0430\u043a\u043e\u0436 \u043f\u043e\u043f\u0435\u0440\u0435\u0434\u043d\u0456\u0439 \u043f\u0440\u043e\u0434\u0430\u0436!<\/p>","protected":false},"excerpt":{"rendered":"<p>Standort: Deutschland, Baden-W\u00fcrttemberg S\u00fcdwest Zustand: Gebraucht Hersteller: LNS Modell: 6.42 HS-4.4 Baujahr: 1989 Zum Verkauf steht ein bew\u00e4hrtes Hochleistungs-Stangenlademagazin LNS, Typ Hydrobar 6.42 HS-4.4. Technische Daten Hersteller LNS (Schweiz) Modell Hydrobar 6.42 HS-4.4 Baujahr 1989 Arbeitsbereich (Durchmesser) \u00d8 6 mm bis \u00d8 42 mm Max. Stangenl\u00e4nge 4.000 mm (Typ 4.4) F\u00fchrungsprinzip Hydrobarisch (vollst\u00e4ndiges \u00d6lbad) Vorschubantrieb [&hellip;]<\/p>\n","protected":false},"featured_media":4973,"comment_status":"open","ping_status":"closed","template":"","meta":{"_uf_show_specific_survey":0,"_uf_disable_surveys":false},"product_brand":[],"product_cat":[88],"product_tag":[],"class_list":{"0":"post-4978","1":"product","2":"type-product","3":"status-publish","4":"has-post-thumbnail","6":"product_cat-stangenzufuehrungen","8":"first","9":"instock","10":"taxable","11":"shipping-taxable","12":"product-type-simple"},"aioseo_notices":[],"_links":{"self":[{"href":"https:\/\/mueller-wrh.de\/uk\/wp-json\/wp\/v2\/product\/4978","targetHints":{"allow":["GET"]}}],"collection":[{"href":"https:\/\/mueller-wrh.de\/uk\/wp-json\/wp\/v2\/product"}],"about":[{"href":"https:\/\/mueller-wrh.de\/uk\/wp-json\/wp\/v2\/types\/product"}],"replies":[{"embeddable":true,"href":"https:\/\/mueller-wrh.de\/uk\/wp-json\/wp\/v2\/comments?post=4978"}],"wp:featuredmedia":[{"embeddable":true,"href":"https:\/\/mueller-wrh.de\/uk\/wp-json\/wp\/v2\/media\/4973"}],"wp:attachment":[{"href":"https:\/\/mueller-wrh.de\/uk\/wp-json\/wp\/v2\/media?parent=4978"}],"wp:term":[{"taxonomy":"product_brand","embeddable":true,"href":"https:\/\/mueller-wrh.de\/uk\/wp-json\/wp\/v2\/product_brand?post=4978"},{"taxonomy":"product_cat","embeddable":true,"href":"https:\/\/mueller-wrh.de\/uk\/wp-json\/wp\/v2\/product_cat?post=4978"},{"taxonomy":"product_tag","embeddable":true,"href":"https:\/\/mueller-wrh.de\/uk\/wp-json\/wp\/v2\/product_tag?post=4978"}],"curies":[{"name":"wp","href":"https:\/\/api.w.org\/{rel}","templated":true}]}}