{"id":4959,"date":"2026-03-13T10:25:16","date_gmt":"2026-03-13T10:25:16","guid":{"rendered":"https:\/\/mueller-wrh.de\/produkt\/ergomat-tda-26-36-cnc-bj-97-mit-einzelstangenvorschub-intnr231498\/"},"modified":"2026-03-13T10:25:16","modified_gmt":"2026-03-13T10:25:16","slug":"ergomat-tda-26-36-cnc-bj-97-mit-einzelstangenvorschub-intnr231498","status":"publish","type":"product","link":"https:\/\/mueller-wrh.de\/uk\/product\/ergomat-tda-26-36-cnc-bj-97-mit-einzelstangenvorschub-intnr231498\/","title":{"rendered":"ERGOMAT TDA-26-36 \u0437 \u0427\u041f\u0423, 1997 \u0440.\u0432. \u0437 \u043e\u0434\u043d\u043e\u0441\u0442\u043e\u0440\u043e\u043d\u043d\u044c\u043e\u044e \u043f\u043e\u0434\u0430\u0447\u0435\u044e \u043f\u0440\u0443\u0442\u043a\u0430 IntNr231498"},"content":{"rendered":"<p><b>\u041c\u0456\u0441\u0446\u0435\u0437\u043d\u0430\u0445\u043e\u0434\u0436\u0435\u043d\u043d\u044f:<\/b> \u041d\u0456\u043c\u0435\u0447\u0447\u0438\u043d\u0430, \u0411\u0430\u0434\u0435\u043d-\u0412\u044e\u0440\u0442\u0435\u043c\u0431\u0435\u0440\u0433 \u041f\u0456\u0432\u0434\u0435\u043d\u043d\u0438\u0439 \u0417\u0430\u0445\u0456\u0434<\/p>\n<p><b>\u0423\u043c\u043e\u0432\u0430:<\/b> \u0411\/\u0432<\/p>\n<p><b>\u041c\u043e\u0434\u0435\u043b\u044c:<\/b> TDA 26-36 CNC<\/p>\n<p><b>\u0420\u0456\u043a \u043f\u043e\u0431\u0443\u0434\u043e\u0432\u0438:<\/b> 1997<\/p>\n<p>\u0412\u0438\u0441\u043e\u043a\u043e\u0448\u0432\u0438\u0434\u043a\u0456\u0441\u043d\u0438\u0439 \u0430\u0432\u0442\u043e\u043c\u0430\u0442\u0438\u0447\u043d\u0438\u0439 \u0442\u043e\u043a\u0430\u0440\u043d\u0438\u0439 \u0432\u0435\u0440\u0441\u0442\u0430\u0442 \u0437 \u0427\u041f\u041a (\u043a\u043e\u0440\u043e\u0442\u043a\u0438\u0439 \u0442\u043e\u043a\u0430\u0440\u043d\u0438\u0439 \u0432\u0435\u0440\u0441\u0442\u0430\u0442)<br \/>\n\u0420\u0456\u043a \u043f\u043e\u0431\u0443\u0434\u043e\u0432\u0438: 1997<br \/>\n\u0421\u0438\u0441\u0442\u0435\u043c\u0430 \u043a\u0435\u0440\u0443\u0432\u0430\u043d\u043d\u044f: \u0430\u043d\u0430\u043b\u043e\u0433\u0456\u0447\u043d\u0430 Fanuc<\/p>\n<p>\u0422\u0435\u0445\u043d\u0456\u0447\u043d\u0456 \u0445\u0430\u0440\u0430\u043a\u0442\u0435\u0440\u0438\u0441\u0442\u0438\u043a\u0438<\/p>\n<p>\u041c\u0430\u043a\u0441\u0438\u043c\u0443\u043c. \u0414\u0456\u0430\u043c\u0435\u0442\u0440 \u0441\u0442\u0440\u0438\u0436\u043d\u044f: 36 \u043c\u043c<br \/>\n\u0421\u0442\u0430\u043d\u0434\u0430\u0440\u0442\u043d\u0438\u0439 \u043e\u0442\u0432\u0456\u0440 \u0434\u043b\u044f \u0448\u0442\u0430\u043d\u0433\u0438: 26 \u043c\u043c<br \/>\n\u041c\u0430\u043a\u0441\u0438\u043c\u0430\u043b\u044c\u043d\u043e. \u0414\u043e\u0432\u0436\u0438\u043d\u0430 \u043f\u043e\u0432\u043e\u0440\u043e\u0442\u0443: 100 \u043c\u043c<br \/>\n\u0414\u0456\u0430\u043c\u0435\u0442\u0440 \u043f\u043e\u0432\u043e\u0440\u043e\u0442\u0443 \u043d\u0430\u0434 \u043f\u043e\u043f\u0435\u0440\u0435\u0447\u043d\u043e\u044e \u0437\u0430\u0441\u043b\u0456\u043d\u043a\u043e\u044e: 120 \u043c\u043c<\/p>\n<p>\u0413\u043e\u043b\u043e\u0432\u043d\u0438\u0439 \u0448\u043f\u0438\u043d\u0434\u0435\u043b\u044c<br \/>\n\u0414\u0456\u0430\u043f\u0430\u0437\u043e\u043d \u0447\u0430\u0441\u0442\u043e\u0442\u0438 \u043e\u0431\u0435\u0440\u0442\u0430\u043d\u043d\u044f: 100 - 6 300 \u043e\u0431\/\u0445\u0432 (\u0431\u0435\u0437\u0441\u0442\u0443\u043f\u0456\u043d\u0447\u0430\u0441\u0442\u0435 \u0440\u0435\u0433\u0443\u043b\u044e\u0432\u0430\u043d\u043d\u044f)<br \/>\n\u041f\u043e\u0442\u0443\u0436\u043d\u0456\u0441\u0442\u044c \u0448\u043f\u0438\u043d\u0434\u0435\u043b\u044f: 7,5 \u043a\u0412\u0442 \/ 11 \u043a\u0412\u0442 (\u0431\u0435\u0437\u043f\u0435\u0440\u0435\u0440\u0432\u043d\u0430 \/ \u043f\u0456\u043a\u043e\u0432\u0430)<br \/>\n\u0428\u043f\u0438\u043d\u0434\u0435\u043b\u044c: A2-5<br \/>\n\u0412\u0456\u0441\u044c \u0421: \u0440\u043e\u0437\u0434\u0456\u043b\u044c\u043d\u0430 \u0437\u0434\u0430\u0442\u043d\u0456\u0441\u0442\u044c 0,001\u00b0.<br \/>\n\u041a\u0456\u043b\u044c\u043a\u0456\u0441\u0442\u044c \u0441\u0443\u043f\u043e\u0440\u0442\u0456\u0432: 4 \u043b\u0456\u043d\u0456\u0439\u043d\u0438\u0445 \u0441\u0443\u043f\u043e\u0440\u0442\u0430 (X\/Z) \u0434\u043b\u044f \u043e\u0434\u043d\u043e\u0447\u0430\u0441\u043d\u043e\u0457 \u043e\u0431\u0440\u043e\u0431\u043a\u0438<br \/>\n8-\u043f\u043e\u0437\u0438\u0446\u0456\u0439\u043d\u0430 \u0437\u043e\u0440\u044f\u043d\u0430 \u0431\u0430\u0448\u0442\u0430 (VDI 20)<br \/>\n\u0428\u0432\u0438\u0434\u043a\u0456\u0441\u0442\u044c \u0448\u0432\u0438\u0434\u043a\u043e\u0433\u043e \u043f\u0435\u0440\u0435\u043c\u0456\u0449\u0435\u043d\u043d\u044f: 15 \u043c\/\u0445\u0432 (\u0432\u0456\u0441\u044c X) \/ 20 \u043c\/\u0445\u0432 (\u0432\u0456\u0441\u044c Z)<br \/>\n\u0417\u0443\u0441\u0438\u043b\u043b\u044f \u043f\u043e\u0434\u0430\u0447\u0456: 2 500 \u041d<\/p>\n<p>\u041f\u043e\u0434\u0430\u0447\u0430 \u043e\u0434\u043d\u043e\u0433\u043e \u043f\u0440\u0443\u0442\u043a\u0430: ERGOMAT, \u0434\u043b\u044f \u0434\u043e\u0432\u0436\u0438\u043d\u0438 \u043f\u0440\u0443\u0442\u043a\u0430 \u0434\u043e 3 000 \u043c\u043c.<\/p>\n<p>\u041c\u0430\u0448\u0438\u043d\u0443 \u043c\u043e\u0436\u043d\u0430 \u043e\u0433\u043b\u044f\u043d\u0443\u0442\u0438 \u043f\u0456\u0434 \u043d\u0430\u043f\u0440\u0443\u0433\u043e\u044e \u0437\u0430 \u043f\u043e\u043f\u0435\u0440\u0435\u0434\u043d\u0456\u043c \u0437\u0430\u043f\u0438\u0441\u043e\u043c.<br \/>\n\u041c\u0438 \u0437\u0430\u043b\u0438\u0448\u0430\u0454\u043c\u043e \u0437\u0430 \u0441\u043e\u0431\u043e\u044e \u043f\u0440\u0430\u0432\u043e \u043d\u0430 \u0437\u043c\u0456\u043d\u0438 \u0442\u0430 \u043f\u043e\u043c\u0438\u043b\u043a\u0438 \u0432 \u0442\u0435\u0445\u043d\u0456\u0447\u043d\u0438\u0445 \u0434\u0430\u043d\u0438\u0445 \u0442\u0430 \u0456\u043d\u0444\u043e\u0440\u043c\u0430\u0446\u0456\u0457, \u0430 \u0442\u0430\u043a\u043e\u0436 \u043d\u0430 \u043f\u043e\u043f\u0435\u0440\u0435\u0434\u043d\u0456\u0439 \u043f\u0440\u043e\u0434\u0430\u0436!<\/p>\n<p>U\u0412\u0438\u0441\u043e\u043a\u043e\u0448\u0432\u0438\u0434\u043a\u0456\u0441\u043d\u0438\u0439 \u0430\u0432\u0442\u043e\u043c\u0430\u0442\u0438\u0447\u043d\u0438\u0439 \u0442\u043e\u043a\u0430\u0440\u043d\u0438\u0439 \u0432\u0435\u0440\u0441\u0442\u0430\u0442 \u0437 \u0427\u041f\u041a (\u0442\u043e\u043a\u0430\u0440\u043d\u0438\u0439 \u0432\u0435\u0440\u0441\u0442\u0430\u0442 \u0437 \u043a\u043e\u0440\u043e\u0442\u043a\u0438\u043c \u0446\u0438\u043a\u043b\u043e\u043c)<br \/>\n\u0420\u0456\u043a \u0432\u0438\u043f\u0443\u0441\u043a\u0443: 1997<br \/>\n\u0421\u0438\u0441\u0442\u0435\u043c\u0430 \u043a\u0435\u0440\u0443\u0432\u0430\u043d\u043d\u044f: \u0430\u043d\u0430\u043b\u043e\u0433\u0456\u0447\u043d\u0430 Fanuc<\/p>\n<p>\u0422\u0435\u0445\u043d\u0456\u0447\u043d\u0456 \u0445\u0430\u0440\u0430\u043a\u0442\u0435\u0440\u0438\u0441\u0442\u0438\u043a\u0438<\/p>\n<p>\u041c\u0430\u043a\u0441\u0438\u043c\u0430\u043b\u044c\u043d\u0438\u0439 \u0434\u0456\u0430\u043c\u0435\u0442\u0440 \u043f\u0440\u0443\u0442\u043a\u0430: 36 \u043c\u043c<br \/>\n\u0421\u0442\u0430\u043d\u0434\u0430\u0440\u0442\u043d\u0430 \u0442\u043e\u0432\u0449\u0438\u043d\u0430 \u043f\u0440\u0443\u0442\u043a\u0430: 26 \u043c\u043c<br \/>\n\u041c\u0430\u043a\u0441. \u0434\u043e\u0432\u0436\u0438\u043d\u0430 \u0442\u043e\u0447\u0456\u043d\u043d\u044f: 100 \u043c\u043c<br \/>\n\u0414\u0456\u0430\u043c\u0435\u0442\u0440 \u043f\u043e\u0432\u043e\u0440\u043e\u0442\u0443 \u043d\u0430\u0434 \u043f\u043e\u043f\u0435\u0440\u0435\u0447\u043d\u043e\u044e \u043d\u0430\u043f\u0440\u0430\u0432\u043b\u044f\u044e\u0447\u043e\u044e: 120 \u043c\u043c<\/p>\n<p>\u0413\u043e\u043b\u043e\u0432\u043d\u0438\u0439 \u0448\u043f\u0438\u043d\u0434\u0435\u043b\u044c<br \/>\n\u0414\u0456\u0430\u043f\u0430\u0437\u043e\u043d \u0447\u0430\u0441\u0442\u043e\u0442\u0438 \u043e\u0431\u0435\u0440\u0442\u0430\u043d\u043d\u044f: 100 - 6 300 \u043e\u0431\/\u0445\u0432 (\u0431\u0435\u0437\u0441\u0442\u0443\u043f\u0456\u043d\u0447\u0430\u0441\u0442\u0435 \u0440\u0435\u0433\u0443\u043b\u044e\u0432\u0430\u043d\u043d\u044f)<br \/>\n\u041f\u043e\u0442\u0443\u0436\u043d\u0456\u0441\u0442\u044c \u0448\u043f\u0438\u043d\u0434\u0435\u043b\u044f: 7,5 \u043a\u0412\u0442 \/ 11 \u043a\u0412\u0442 (\u0431\u0435\u0437\u043f\u0435\u0440\u0435\u0440\u0432\u043d\u0430 \/ \u043f\u0456\u043a\u043e\u0432\u0430)<br \/>\n\u0428\u043f\u0438\u043d\u0434\u0435\u043b\u044c: A2-5<br \/>\n\u0412\u0456\u0441\u044c \u0421: \u0440\u043e\u0437\u0434\u0456\u043b\u044c\u043d\u0430 \u0437\u0434\u0430\u0442\u043d\u0456\u0441\u0442\u044c 0,001\u00b0.<br \/>\n\u041a\u0456\u043b\u044c\u043a\u0456\u0441\u0442\u044c \u0441\u0443\u043f\u043e\u0440\u0442\u0456\u0432: 4 \u043b\u0456\u043d\u0456\u0439\u043d\u0438\u0445 \u0441\u0443\u043f\u043e\u0440\u0442\u0430 (X\/Z) \u0434\u043b\u044f \u043e\u0434\u043d\u043e\u0447\u0430\u0441\u043d\u043e\u0457 \u043e\u0431\u0440\u043e\u0431\u043a\u0438<br \/>\n8-\u043f\u043e\u0437\u0438\u0446\u0456\u0439\u043d\u0430 \u0437\u043e\u0440\u044f\u043d\u0430 \u0431\u0430\u0448\u0442\u0430 (VDI 20)<br \/>\n\u0428\u0432\u0438\u0434\u043a\u0456\u0441\u0442\u044c \u0448\u0432\u0438\u0434\u043a\u043e\u0433\u043e \u043f\u0435\u0440\u0435\u043c\u0456\u0449\u0435\u043d\u043d\u044f: 15 \u043c\/\u0445\u0432 (\u0432\u0456\u0441\u044c X) \/ 20 \u043c\/\u0445\u0432 (\u0432\u0456\u0441\u044c Z)<br \/>\n\u0417\u0443\u0441\u0438\u043b\u043b\u044f \u043f\u043e\u0434\u0430\u0447\u0456: 2 500 \u041d<\/p>\n<p>\u041f\u043e\u0434\u0430\u0447\u0430 \u043e\u0434\u043d\u043e\u0433\u043e \u043f\u0440\u0443\u0442\u043a\u0430: ERGOMAT, \u0434\u043b\u044f \u0434\u043e\u0432\u0436\u0438\u043d\u0438 \u043f\u0440\u0443\u0442\u043a\u0430 \u0434\u043e 3 000 \u043c\u043c.<\/p>\n<p>\u041c\u0430\u0448\u0438\u043d\u0443 \u043c\u043e\u0436\u043d\u0430 \u043f\u043e\u0431\u0430\u0447\u0438\u0442\u0438 \u0432 \u0440\u043e\u0431\u043e\u0442\u0456 \u0437\u0430 \u043f\u043e\u043f\u0435\u0440\u0435\u0434\u043d\u0456\u043c \u0437\u0430\u043f\u0438\u0441\u043e\u043c.<br \/>\n\u041c\u043e\u0436\u043b\u0438\u0432\u0456 \u0437\u043c\u0456\u043d\u0438 \u0442\u0430 \u043f\u043e\u043c\u0438\u043b\u043a\u0438 \u0432 \u0442\u0435\u0445\u043d\u0456\u0447\u043d\u0438\u0445 \u0434\u0430\u043d\u0438\u0445 \u0442\u0430 \u0441\u043f\u0435\u0446\u0438\u0444\u0456\u043a\u0430\u0446\u0456\u044f\u0445, \u0430 \u0442\u0430\u043a\u043e\u0436 \u043f\u043e\u043f\u0435\u0440\u0435\u0434\u043d\u0456\u0439 \u043f\u0440\u043e\u0434\u0430\u0436!<\/p>","protected":false},"excerpt":{"rendered":"<p>Standort: Deutschland, Baden-W\u00fcrttemberg S\u00fcdwest Zustand: Gebraucht Modell: TDA 26-36 CNC Baujahr: 1997 Hochgeschwindigkeits-CNC-Drehautomat (Kurzdreher) Baujahr: 1997 Steuerung: \u00e4hnlich Fanuc Technische Daten Max. Stangendurchmesser: 36 mm Standard-Stangendurchlass: 26 mm Max. Drehl\u00e4nge: 100 mm Schwingdurchmesser \u00fcber Planschlitten: 120 mm Hauptspindel Drehzahlbereich: 100 \u2013 6.300 U\/min (stufenlos regelbar) Spindelleistung: 7,5 kW \/ 11 kW (Dauer\/Peak) Spindelnase: A2-5&#8243; C-Achse: [&hellip;]<\/p>\n","protected":false},"featured_media":4953,"comment_status":"open","ping_status":"closed","template":"","meta":{"_uf_show_specific_survey":0,"_uf_disable_surveys":false},"product_brand":[],"product_cat":[110],"product_tag":[],"class_list":{"0":"post-4959","1":"product","2":"type-product","3":"status-publish","4":"has-post-thumbnail","6":"product_cat-revolverdrehautomaten","8":"first","9":"instock","10":"taxable","11":"shipping-taxable","12":"product-type-simple"},"aioseo_notices":[],"_links":{"self":[{"href":"https:\/\/mueller-wrh.de\/uk\/wp-json\/wp\/v2\/product\/4959","targetHints":{"allow":["GET"]}}],"collection":[{"href":"https:\/\/mueller-wrh.de\/uk\/wp-json\/wp\/v2\/product"}],"about":[{"href":"https:\/\/mueller-wrh.de\/uk\/wp-json\/wp\/v2\/types\/product"}],"replies":[{"embeddable":true,"href":"https:\/\/mueller-wrh.de\/uk\/wp-json\/wp\/v2\/comments?post=4959"}],"wp:featuredmedia":[{"embeddable":true,"href":"https:\/\/mueller-wrh.de\/uk\/wp-json\/wp\/v2\/media\/4953"}],"wp:attachment":[{"href":"https:\/\/mueller-wrh.de\/uk\/wp-json\/wp\/v2\/media?parent=4959"}],"wp:term":[{"taxonomy":"product_brand","embeddable":true,"href":"https:\/\/mueller-wrh.de\/uk\/wp-json\/wp\/v2\/product_brand?post=4959"},{"taxonomy":"product_cat","embeddable":true,"href":"https:\/\/mueller-wrh.de\/uk\/wp-json\/wp\/v2\/product_cat?post=4959"},{"taxonomy":"product_tag","embeddable":true,"href":"https:\/\/mueller-wrh.de\/uk\/wp-json\/wp\/v2\/product_tag?post=4959"}],"curies":[{"name":"wp","href":"https:\/\/api.w.org\/{rel}","templated":true}]}}