{"id":4921,"date":"2026-03-07T11:31:09","date_gmt":"2026-03-07T11:31:09","guid":{"rendered":"https:\/\/mueller-wrh.de\/produkt\/gebr-lns-express-220_bj-2027-intnr231503\/"},"modified":"2026-03-07T11:31:09","modified_gmt":"2026-03-07T11:31:09","slug":"gebr-lns-express-220_bj-2027-intnr231503","status":"publish","type":"product","link":"https:\/\/mueller-wrh.de\/uk\/product\/gebr-lns-express-220_bj-2027-intnr231503\/","title":{"rendered":"\u0444\u0456\u0440\u043c\u043e\u0432\u0438\u0439 LNS Express 220_\u0440\u0456\u043a 2027 IntNr231503"},"content":{"rendered":"<p><b>\u041c\u0456\u0441\u0446\u0435\u0437\u043d\u0430\u0445\u043e\u0434\u0436\u0435\u043d\u043d\u044f:<\/b> \u041d\u0456\u043c\u0435\u0447\u0447\u0438\u043d\u0430, \u0411\u0430\u0434\u0435\u043d-\u0412\u044e\u0440\u0442\u0435\u043c\u0431\u0435\u0440\u0433 \u041f\u0456\u0432\u0434\u0435\u043d\u043d\u0438\u0439 \u0417\u0430\u0445\u0456\u0434<\/p>\n<p><b>\u0423\u043c\u043e\u0432\u0430:<\/b> \u0411\/\u0432<\/p>\n<p><b>\u0412\u0438\u0440\u043e\u0431\u043d\u0438\u043a:<\/b> LNS<\/p>\n<p><b>\u041c\u043e\u0434\u0435\u043b\u044c:<\/b> \u0415\u043a\u0441\u043f\u0440\u0435\u0441 220<\/p>\n<p><b>\u0420\u0456\u043a \u043f\u043e\u0431\u0443\u0434\u043e\u0432\u0438:<\/b> 2007<\/p>\n<p>\u0417\u0430\u0432\u0430\u043d\u0442\u0430\u0436\u0443\u0432\u0430\u043b\u044c\u043d\u0438\u0439 \u043c\u0430\u0433\u0430\u0437\u0438\u043d \u0437 \u0427\u041f\u041a LNS Express 220<br \/>\n\u0420\u0456\u043a \u043f\u043e\u0431\u0443\u0434\u043e\u0432\u0438: 2007<br \/>\n\u0422\u0438\u043f: \u043f\u0440\u0438\u0441\u0442\u0440\u0456\u0439 \u0434\u043b\u044f \u043f\u043e\u0434\u0430\u0447\u0456 \u043f\u0440\u0443\u0442\u043a\u0456\u0432<\/p>\n<p>\u041b\u0435\u0433\u043a\u0435 \u043f\u0435\u0440\u0435\u043e\u0431\u043b\u0430\u0434\u043d\u0430\u043d\u043d\u044f \u043d\u0430\u043f\u0440\u0430\u0432\u043b\u044f\u044e\u0447\u043e\u0433\u043e \u043a\u0430\u043d\u0430\u043b\u0443 \u043c\u0435\u043d\u0448 \u043d\u0456\u0436 \u0437\u0430 2 \u0445\u0432\u0438\u043b\u0438\u043d\u0438.<br \/>\n\u041f\u043e\u0432\u043d\u0430 \u0437\u0430\u043c\u0456\u043d\u0430 \u043d\u0430\u043f\u0440\u044f\u043c\u043d\u0438\u0445 \u0435\u043b\u0435\u043c\u0435\u043d\u0442\u0456\u0432 \u043c\u043e\u0436\u043b\u0438\u0432\u0430 \u043c\u0435\u043d\u0448 \u043d\u0456\u0436 \u0437\u0430 8 \u0445\u0432\u0438\u043b\u0438\u043d.<\/p>\n<p>\u0422\u0435\u0445\u043d\u0456\u0447\u043d\u0456 \u0434\u0435\u0442\u0430\u043b\u0456:<br \/>\n\u0414\u0456\u0430\u043f\u0430\u0437\u043e\u043d \u0434\u0456\u0430\u043c\u0435\u0442\u0440\u0456\u0432: \u0432\u0456\u0434 2 \u043c\u043c \u0434\u043e 20 \u043c\u043c<br \/>\n\u041a\u0430\u043d\u0430\u043b \u00d8 22 \u043c\u043c<br \/>\n\u041c\u0430\u043a\u0441\u0438\u043c\u0430\u043b\u044c\u043d\u0430 \u0434\u043e\u0432\u0436\u0438\u043d\u0430 \u043f\u0440\u0443\u0442\u043a\u0430: 3 000 \u043c\u043c<br \/>\n\u041c\u043e\u043d\u0442\u0430\u0436\u043d\u0456 \u0440\u043e\u0437\u043c\u0456\u0440\u0438 \/ \u0433\u0430\u0431\u0430\u0440\u0438\u0442\u0438 (\u0414 \u0445 \u0428 \u0445 \u0412): 3 970 \u0445 480 \u0445 1 250 \u043c\u043c<br \/>\n\u0412\u0430\u0433\u0430: \u0431\u043b\u0438\u0437\u044c\u043a\u043e 850 \u043a\u0433<br \/>\n\u0421\u0442\u0430\u043d: \u043f\u043e\u0432\u043d\u0456\u0441\u0442\u044e \u0440\u043e\u0431\u043e\u0447\u0438\u0439<\/p>\n<p>\u041c\u0430\u0448\u0438\u043d\u0443 \u043c\u043e\u0436\u043d\u0430 \u043e\u0433\u043b\u044f\u043d\u0443\u0442\u0438 \u0437\u0430 \u043f\u043e\u043f\u0435\u0440\u0435\u0434\u043d\u0456\u043c \u0437\u0430\u043f\u0438\u0441\u043e\u043c.<br \/>\n\u041c\u0438 \u0437\u0430\u043b\u0438\u0448\u0430\u0454\u043c\u043e \u0437\u0430 \u0441\u043e\u0431\u043e\u044e \u043f\u0440\u0430\u0432\u043e \u043d\u0430 \u0437\u043c\u0456\u043d\u0438 \u0442\u0430 \u043f\u043e\u043c\u0438\u043b\u043a\u0438 \u0432 \u0442\u0435\u0445\u043d\u0456\u0447\u043d\u0438\u0445 \u0434\u0430\u043d\u0438\u0445 \u0442\u0430 \u0456\u043d\u0444\u043e\u0440\u043c\u0430\u0446\u0456\u0457, \u0430 \u0442\u0430\u043a\u043e\u0436 \u043d\u0430 \u043f\u043e\u043f\u0435\u0440\u0435\u0434\u043d\u0456\u0439 \u043f\u0440\u043e\u0434\u0430\u0436!<\/p>\n<p>I<br \/>\n\u0417\u0430\u0432\u0430\u043d\u0442\u0430\u0436\u0443\u0432\u0430\u043b\u044c\u043d\u0438\u0439 \u043c\u0430\u0433\u0430\u0437\u0438\u043d \u0437 \u0427\u041f\u041a LNS Express 220<br \/>\n\u0420\u0456\u043a \u0432\u0438\u043f\u0443\u0441\u043a\u0443: 2007<br \/>\n\u0422\u0438\u043f: \u043c\u0430\u0433\u0430\u0437\u0438\u043d \u0434\u043b\u044f \u0437\u0430\u0432\u0430\u043d\u0442\u0430\u0436\u0435\u043d\u043d\u044f \u043f\u0440\u0443\u0442\u043a\u0456\u0432<\/p>\n<p>\u041b\u0435\u0433\u043a\u0430 \u0437\u0430\u043c\u0456\u043d\u0430 \u043d\u0430\u043f\u0440\u0430\u0432\u043b\u044f\u044e\u0447\u043e\u0433\u043e \u043a\u0430\u043d\u0430\u043b\u0443 \u043c\u0435\u043d\u0448 \u043d\u0456\u0436 \u0437\u0430 2 \u0445\u0432\u0438\u043b\u0438\u043d\u0438.<br \/>\n\u041f\u043e\u0432\u043d\u0430 \u0437\u0430\u043c\u0456\u043d\u0430 \u043d\u0430\u043f\u0440\u044f\u043c\u043d\u0438\u0445 \u0435\u043b\u0435\u043c\u0435\u043d\u0442\u0456\u0432 \u043c\u043e\u0436\u043b\u0438\u0432\u0430 \u043c\u0435\u043d\u0448 \u043d\u0456\u0436 \u0437\u0430 8 \u0445\u0432\u0438\u043b\u0438\u043d.<\/p>\n<p>\u0422\u0435\u0445\u043d\u0456\u0447\u043d\u0456 \u0434\u0435\u0442\u0430\u043b\u0456:<br \/>\n\u0414\u0456\u0430\u043f\u0430\u0437\u043e\u043d \u0434\u0456\u0430\u043c\u0435\u0442\u0440\u0456\u0432: \u0432\u0456\u0434 2 \u043c\u043c \u0434\u043e 20 \u043c\u043c<br \/>\n\u041a\u0430\u043d\u0430\u043b \u00d8 22 \u043c\u043c<br \/>\n\u041c\u0430\u043a\u0441\u0438\u043c\u0430\u043b\u044c\u043d\u0430 \u0434\u043e\u0432\u0436\u0438\u043d\u0430 \u043f\u0440\u0443\u0442\u043a\u0430: 3 000 \u043c\u043c<br \/>\n\u041c\u043e\u043d\u0442\u0430\u0436\u043d\u0456 \u0440\u043e\u0437\u043c\u0456\u0440\u0438 \/ \u0433\u0430\u0431\u0430\u0440\u0438\u0442\u0438 (\u0414 \u0445 \u0428 \u0445 \u0412): 3 970 \u0445 480 \u0445 1 250 \u043c\u043c<br \/>\n\u0412\u0430\u0433\u0430: \u0431\u043b\u0438\u0437\u044c\u043a\u043e 850 \u043a\u0433<br \/>\n\u0421\u0442\u0430\u043d: \u043f\u043e\u0432\u043d\u0456\u0441\u0442\u044e \u0440\u043e\u0431\u043e\u0447\u0438\u0439<\/p>\n<p>\u041c\u0430\u0448\u0438\u043d\u0443 \u043c\u043e\u0436\u043d\u0430 \u043f\u043e\u0431\u0430\u0447\u0438\u0442\u0438 \u0432 \u0440\u043e\u0431\u043e\u0442\u0456 \u0437\u0430 \u043f\u043e\u043f\u0435\u0440\u0435\u0434\u043d\u0456\u043c \u0437\u0430\u043f\u0438\u0441\u043e\u043c.<br \/>\n\u041c\u043e\u0436\u043b\u0438\u0432\u0456 \u0437\u043c\u0456\u043d\u0438 \u0442\u0430 \u043f\u043e\u043c\u0438\u043b\u043a\u0438 \u0432 \u0442\u0435\u0445\u043d\u0456\u0447\u043d\u0438\u0445 \u0434\u0430\u043d\u0438\u0445 \u0442\u0430 \u0441\u043f\u0435\u0446\u0438\u0444\u0456\u043a\u0430\u0446\u0456\u044f\u0445, \u0430 \u0442\u0430\u043a\u043e\u0436 \u043f\u043e\u043f\u0435\u0440\u0435\u0434\u043d\u0456\u0439 \u043f\u0440\u043e\u0434\u0430\u0436!<\/p>\n<p>\u041f\u0435\u0440\u0435\u043a\u043b\u0430\u0434\u0435\u043d\u043e \u0437\u0430 \u0434\u043e\u043f\u043e\u043c\u043e\u0433\u043e\u044e DeepL.com (\u0431\u0435\u0437\u043a\u043e\u0448\u0442\u043e\u0432\u043d\u0430 \u0432\u0435\u0440\u0441\u0456\u044f)<\/p>","protected":false},"excerpt":{"rendered":"<p>Standort: Deutschland, Baden-W\u00fcrttemberg S\u00fcdwest Zustand: Gebraucht Hersteller: LNS Modell: Express 220 Baujahr: 2007 CNC-Lademagazin LNS Express 220 Baujahr: 2007 Typ: Stangenlademagazin Einfaches Umr\u00fcsten des F\u00fchrungskanals in weniger als ca. 2 Minuten. Komplettwechsel der F\u00fchrungselemente in unter ca. 8 Minuten m\u00f6glich. Technische Details: Durchmesserbereich: 2 mm bis 20 mm Kanal \u00d8 22mm Maximale Stangenl\u00e4nge: 3.000 mm [&hellip;]<\/p>\n","protected":false},"featured_media":4916,"comment_status":"open","ping_status":"closed","template":"","meta":{"_uf_show_specific_survey":0,"_uf_disable_surveys":false},"product_brand":[],"product_cat":[88],"product_tag":[],"class_list":{"0":"post-4921","1":"product","2":"type-product","3":"status-publish","4":"has-post-thumbnail","6":"product_cat-stangenzufuehrungen","8":"first","9":"instock","10":"taxable","11":"shipping-taxable","12":"product-type-simple"},"aioseo_notices":[],"_links":{"self":[{"href":"https:\/\/mueller-wrh.de\/uk\/wp-json\/wp\/v2\/product\/4921","targetHints":{"allow":["GET"]}}],"collection":[{"href":"https:\/\/mueller-wrh.de\/uk\/wp-json\/wp\/v2\/product"}],"about":[{"href":"https:\/\/mueller-wrh.de\/uk\/wp-json\/wp\/v2\/types\/product"}],"replies":[{"embeddable":true,"href":"https:\/\/mueller-wrh.de\/uk\/wp-json\/wp\/v2\/comments?post=4921"}],"wp:featuredmedia":[{"embeddable":true,"href":"https:\/\/mueller-wrh.de\/uk\/wp-json\/wp\/v2\/media\/4916"}],"wp:attachment":[{"href":"https:\/\/mueller-wrh.de\/uk\/wp-json\/wp\/v2\/media?parent=4921"}],"wp:term":[{"taxonomy":"product_brand","embeddable":true,"href":"https:\/\/mueller-wrh.de\/uk\/wp-json\/wp\/v2\/product_brand?post=4921"},{"taxonomy":"product_cat","embeddable":true,"href":"https:\/\/mueller-wrh.de\/uk\/wp-json\/wp\/v2\/product_cat?post=4921"},{"taxonomy":"product_tag","embeddable":true,"href":"https:\/\/mueller-wrh.de\/uk\/wp-json\/wp\/v2\/product_tag?post=4921"}],"curies":[{"name":"wp","href":"https:\/\/api.w.org\/{rel}","templated":true}]}}