{"id":4869,"date":"2026-02-24T11:35:04","date_gmt":"2026-02-24T11:35:04","guid":{"rendered":"https:\/\/mueller-wrh.de\/produkt\/cnc-langdrehfraeszentrum-star-st-38-bj-19-intnr231494\/"},"modified":"2026-02-24T11:35:04","modified_gmt":"2026-02-24T11:35:04","slug":"cnc-langdrehfraeszentrum-star-st-38-bj-19-intnr231494","status":"publish","type":"product","link":"https:\/\/mueller-wrh.de\/uk\/product\/cnc-langdrehfraeszentrum-star-st-38-bj-19-intnr231494\/","title":{"rendered":"\u0424\u0440\u0435\u0437\u0435\u0440\u043d\u0438\u0439 \u0446\u0435\u043d\u0442\u0440 \u0437 \u0427\u041f\u041a \u0437 \u0440\u0443\u0445\u043e\u043c\u043e\u044e \u0448\u043f\u0438\u043d\u0434\u0435\u043b\u044c\u043d\u043e\u044e \u0431\u0430\u0431\u043a\u043e\u044e STAR ST-38, 19-\u0433\u043e \u0440\u043e\u043a\u0443 \u0432\u0438\u043f\u0443\u0441\u043a\u0443 (IntNo231494)"},"content":{"rendered":"<p><b>\u041c\u0456\u0441\u0446\u0435\u0437\u043d\u0430\u0445\u043e\u0434\u0436\u0435\u043d\u043d\u044f:<\/b> \u041d\u0456\u043c\u0435\u0447\u0447\u0438\u043d\u0430, \u0411\u0430\u0434\u0435\u043d-\u0412\u044e\u0440\u0442\u0435\u043c\u0431\u0435\u0440\u0433 \u041f\u0456\u0432\u0434\u0435\u043d\u043d\u0438\u0439 \u0417\u0430\u0445\u0456\u0434<\/p>\n<p><b>\u0423\u043c\u043e\u0432\u0430:<\/b> \u0411\/\u0432<\/p>\n<p><b>\u0412\u0438\u0440\u043e\u0431\u043d\u0438\u043a:<\/b> STAR Micronics<\/p>\n<p><b>\u041c\u043e\u0434\u0435\u043b\u044c:<\/b> ST-38<\/p>\n<p><b>\u0420\u0456\u043a \u043f\u043e\u0431\u0443\u0434\u043e\u0432\u0438:<\/b> 2019<\/p>\n<p>FANUC, \u0432\u0438\u0441\u043e\u043a\u043e\u043f\u0440\u043e\u0434\u0443\u043a\u0442\u0438\u0432\u043d\u0438\u0439 \u043a\u043e\u043c\u043f'\u044e\u0442\u0435\u0440 \u0441\u0435\u0440\u0456\u0457 31i-B5,<\/p>\n<p>\u0414\u043e\u0433\u043b\u044f\u043d\u0443\u0442\u0438\u0439 \u0441\u0442\u0430\u043d, \u043f\u0440\u0438\u0431\u043b\u0438\u0437\u043d\u043e 9000 \u0440\u043e\u0431\u043e\u0447\u0438\u0445 \u0433\u043e\u0434\u0438\u043d<\/p>\n<p>\u041e\u0441\u043d\u043e\u0432\u043d\u0456 \u0442\u0435\u0445\u043d\u0456\u0447\u043d\u0456 \u0445\u0430\u0440\u0430\u043a\u0442\u0435\u0440\u0438\u0441\u0442\u0438\u043a\u0438<br \/>\n\u0420\u043e\u0431\u043e\u0447\u0430 \u0437\u043e\u043d\u0430<br \/>\n\u041c\u0430\u043a\u0441\u0438\u043c\u0443\u043c. \u0414\u0456\u0430\u043c\u0435\u0442\u0440 \u0441\u0442\u0440\u0438\u0436\u043d\u044f: 38 \u043c\u043c<br \/>\n\u041c\u0430\u043a\u0441. \u0414\u043e\u0432\u0436\u0438\u043d\u0430 \u043e\u0431\u0440\u043e\u0431\u043a\u0438 (\u0437 \u043d\u0430\u043f\u0440\u0430\u0432\u043b\u044f\u044e\u0447\u043e\u044e \u0432\u0442\u0443\u043b\u043a\u043e\u044e): \u043f\u0440\u0438\u0431\u043b. 320 \u043c\u043c<br \/>\n\u041c\u043e\u0436\u043b\u0438\u0432\u0430 \u043e\u0431\u0440\u043e\u0431\u043a\u0430 \u0431\u0435\u0437 \u043d\u0430\u043f\u0440\u0430\u0432\u043b\u044f\u044e\u0447\u043e\u0457 \u0432\u0442\u0443\u043b\u043a\u0438 (\u0434\u043b\u044f \u043a\u043e\u0440\u043e\u0442\u043a\u0438\u0445 \u0437\u0430\u0433\u043e\u0442\u043e\u0432\u043e\u043a)<br \/>\n\u041c\u0430\u043a\u0441. \u0414\u0456\u0430\u043c\u0435\u0442\u0440 \u0446\u0430\u043d\u0433\u0438 \u043a\u043e\u043d\u0442\u0440\u0448\u043f\u0438\u043d\u0434\u0435\u043b\u044f: 38 \u043c\u043c<\/p>\n<p>\u0413\u043e\u043b\u043e\u0432\u043d\u0438\u0439 \u0448\u043f\u0438\u043d\u0434\u0435\u043b\u044c<br \/>\n\u041f\u043e\u0442\u0443\u0436\u043d\u0456\u0441\u0442\u044c \u0448\u043f\u0438\u043d\u0434\u0435\u043b\u044f: \u043f\u0440\u0438\u0431\u043b\u0438\u0437\u043d\u043e 11-15 \u043a\u0412\u0442<br \/>\n\u041c\u0430\u043a\u0441. \u0428\u0432\u0438\u0434\u043a\u0456\u0441\u0442\u044c: \u0431\u043b\u0438\u0437\u044c\u043a\u043e 7 000 \u0445\u0432\u00b9<br \/>\n\u0406\u043d\u0442\u0435\u0433\u0440\u043e\u0432\u0430\u043d\u0430 \u0432\u0456\u0441\u044c \u0421 (\u0440\u043e\u0437\u0434\u0456\u043b\u044c\u043d\u0430 \u0437\u0434\u0430\u0442\u043d\u0456\u0441\u0442\u044c 0,001\u00b0)<br \/>\n\u0412\u0438\u0441\u043e\u043a\u043e\u0442\u043e\u0447\u043d\u0438\u0439 \u0448\u043f\u0438\u043d\u0434\u0435\u043b\u044c\u043d\u0438\u0439 \u043f\u0456\u0434\u0448\u0438\u043f\u043d\u0438\u043a \u0434\u043b\u044f \u0432\u0430\u0436\u043a\u043e\u0457 \u043e\u0431\u0440\u043e\u0431\u043a\u0438<\/p>\n<p>\u041a\u043e\u043d\u0442\u0440\u0448\u043f\u0438\u043d\u0434\u0435\u043b\u044c<br \/>\n\u041f\u043e\u0442\u0443\u0436\u043d\u0456\u0441\u0442\u044c: \u043f\u0440\u0438\u0431\u043b\u0438\u0437\u043d\u043e 5,5-7,5 \u043a\u0412\u0442<br \/>\n\u041c\u0430\u043a\u0441. \u0428\u0432\u0438\u0434\u043a\u0456\u0441\u0442\u044c: \u0431\u043b\u0438\u0437\u044c\u043a\u043e 7 000 \u0445\u0432\u00b9<br \/>\n\u041f\u043e\u0432\u043d\u043e\u0446\u0456\u043d\u043d\u0430 \u0432\u0456\u0441\u044c \u0421<br \/>\n\u041f\u0435\u0440\u0435\u043c\u0456\u0449\u0435\u043d\u043d\u044f \u0434\u0435\u0442\u0430\u043b\u0456 \u0442\u0430 \u043e\u0431\u0440\u043e\u0431\u043a\u0430 \u0437\u0430\u0434\u043d\u044c\u043e\u0433\u043e \u0442\u043e\u0440\u0446\u044f \u0437\u0430 \u043e\u0434\u043d\u0443 \u043e\u043f\u0435\u0440\u0430\u0446\u0456\u044e \u0437\u0430\u0442\u0438\u0441\u043a\u0430\u043d\u043d\u044f<\/p>\n<p>\u041a\u043e\u043d\u0444\u0456\u0433\u0443\u0440\u0430\u0446\u0456\u044f \u043e\u0441\u0435\u0439<br \/>\nX1 \/ Z1 (\u043e\u0441\u043d\u043e\u0432\u043d\u0430 \u0441\u0438\u0441\u0442\u0435\u043c\u0430)<br \/>\nX2 \/ Z2 (\u0441\u0438\u0441\u0442\u0435\u043c\u0430 \u043a\u043e\u043d\u0442\u0440\u0448\u043f\u0438\u043d\u0434\u0435\u043b\u044f)<br \/>\n\u0412\u0456\u0441\u044c Y \u0434\u043b\u044f \u043f\u043e\u0437\u0430\u0446\u0435\u043d\u0442\u0440\u043e\u0432\u043e\u0433\u043e \u0444\u0440\u0435\u0437\u0435\u0440\u0443\u0432\u0430\u043d\u043d\u044f<br \/>\n\u0413\u043e\u043b\u043e\u0432\u043d\u0438\u0439 \u0456 \u043a\u043e\u043d\u0442\u0440\u0448\u043f\u0438\u043d\u0434\u0435\u043b\u044c \u043f\u043e \u043e\u0441\u0456 \u0421<br \/>\n\u041e\u043f\u0446\u0456\u043e\u043d\u0430\u043b\u044c\u043d\u0456 \u0444\u0443\u043d\u043a\u0446\u0456\u0457 \u043f\u043e\u0432\u043e\u0440\u043e\u0442\u0443 \u043f\u043e \u043e\u0441\u0456 \u0412 (\u0437\u0430\u043b\u0435\u0436\u043d\u043e \u0432\u0456\u0434 \u043a\u043e\u043c\u043f\u043b\u0435\u043a\u0442\u0430\u0446\u0456\u0457)<br \/>\n\u0411\u0430\u0433\u0430\u0442\u043e\u043a\u0430\u043d\u0430\u043b\u044c\u043d\u0435 \u043a\u0435\u0440\u0443\u0432\u0430\u043d\u043d\u044f \u0437\u0430\u0431\u0435\u0437\u043f\u0435\u0447\u0443\u0454 \u043e\u0434\u043d\u043e\u0447\u0430\u0441\u043d\u0443 \u043e\u0431\u0440\u043e\u0431\u043a\u0443 \u043d\u0430 \u0433\u043e\u043b\u043e\u0432\u043d\u043e\u043c\u0443 \u0442\u0430 \u043a\u043e\u043d\u0442\u0440\u0448\u043f\u0438\u043d\u0434\u0435\u043b\u0456, \u0449\u043e \u0437\u043d\u0430\u0447\u043d\u043e \u0441\u043a\u043e\u0440\u043e\u0447\u0443\u0454 \u0447\u0430\u0441 \u0446\u0438\u043a\u043b\u0443.<\/p>\n<p>\u0406\u043d\u0441\u0442\u0440\u0443\u043c\u0435\u043d\u0442\u0430\u0440\u0456\u0439<br \/>\n\u041d\u0430\u0431\u0456\u0440 \u0442\u0440\u0438\u043c\u0430\u0447\u0456\u0432 \u0434\u043b\u044f \u0456\u043d\u0441\u0442\u0440\u0443\u043c\u0435\u043d\u0442\u0456\u0432 (\u0431\u0435\u0437 \u043f\u0440\u0438\u0432\u043e\u0434\u0443)<br \/>\n\u0411\u043b\u043e\u043a \u043d\u0430\u043f\u0440\u044f\u043c\u043d\u0438\u0445 \u0432\u0442\u0443\u043b\u043e\u043a (\u043d\u0430\u0442\u044f\u0436\u043d\u0430 \u0441\u0438\u0441\u0442\u0435\u043c\u0430, JBS)<br \/>\n\u0411\u043b\u043e\u043a \u043e\u0445\u043e\u043b\u043e\u0434\u0436\u0443\u0432\u0430\u0447\u0430 \u043c\u0430\u0441\u043b\u0430<br \/>\n\u041a\u043e\u043d\u0432\u0435\u0454\u0440 \u0432\u0438\u0441\u043e\u043a\u043e\u0433\u043e \u0442\u0438\u0441\u043a\u0443 (\u0437 \u0432\u0431\u0443\u0434\u043e\u0432\u0430\u043d\u0438\u043c \u0430\u0433\u0440\u0435\u0433\u0430\u0442\u043e\u043c \u0432\u0438\u0441\u043e\u043a\u043e\u0433\u043e \u0442\u0438\u0441\u043a\u0443) \u0442\u0438\u043f\u0443 M\u00fcller combistream CS 3<br \/>\n\u0417\u0430\u0441\u0442\u043e\u0441\u0443\u0432\u0430\u043d\u043d\u044f \u043e\u0445\u043e\u043b\u043e\u0434\u0436\u0443\u044e\u0447\u043e\u0457 \u0440\u0456\u0434\u0438\u043d\u0438: \u041e\u043b\u0438\u0432\u0430<br \/>\n\u0412\u0430\u0433\u0430: 6,25 \u0442\u043e\u043d\u043d<br \/>\n\u0420\u043e\u0437\u043c\u0456\u0440\u0438: (\u0414\u0445\u0428\u0445\u0412) 3477x1860x1865 \u043c\u043c<\/p>\n<p>\u041c\u0430\u0448\u0438\u043d\u0443 \u043c\u043e\u0436\u043d\u0430 \u043e\u0433\u043b\u044f\u043d\u0443\u0442\u0438 \u043f\u0456\u0434 \u043d\u0430\u043f\u0440\u0443\u0433\u043e\u044e \u0437\u0430 \u043f\u043e\u043f\u0435\u0440\u0435\u0434\u043d\u0456\u043c \u0437\u0430\u043f\u0438\u0441\u043e\u043c.<br \/>\n\u041c\u0438 \u0437\u0430\u043b\u0438\u0448\u0430\u0454\u043c\u043e \u0437\u0430 \u0441\u043e\u0431\u043e\u044e \u043f\u0440\u0430\u0432\u043e \u043d\u0430 \u0437\u043c\u0456\u043d\u0438 \u0442\u0430 \u043f\u043e\u043c\u0438\u043b\u043a\u0438 \u0432 \u0442\u0435\u0445\u043d\u0456\u0447\u043d\u0438\u0445 \u0434\u0430\u043d\u0438\u0445 \u0442\u0430 \u0456\u043d\u0444\u043e\u0440\u043c\u0430\u0446\u0456\u0457, \u0430 \u0442\u0430\u043a\u043e\u0436 \u043d\u0430 \u043f\u043e\u043f\u0435\u0440\u0435\u0434\u043d\u0456\u0439 \u043f\u0440\u043e\u0434\u0430\u0436!<\/p>\n<p>FANUC, \u0432\u0438\u0441\u043e\u043a\u043e\u043f\u0440\u043e\u0434\u0443\u043a\u0442\u0438\u0432\u043d\u0438\u0439 \u043a\u043e\u043c\u043f'\u044e\u0442\u0435\u0440 \u0441\u0435\u0440\u0456\u0457 31i-B5,<\/p>\n<p>\u0414\u043e\u0431\u0440\u0435 \u0434\u043e\u0433\u043b\u044f\u043d\u0443\u0442\u0438\u0439, \u0431\u043b\u0438\u0437\u044c\u043a\u043e 9000 \u0440\u043e\u0431\u043e\u0447\u0438\u0445 \u0433\u043e\u0434\u0438\u043d<\/p>\n<p>\u041e\u0441\u043d\u043e\u0432\u043d\u0456 \u0442\u0435\u0445\u043d\u0456\u0447\u043d\u0456 \u0445\u0430\u0440\u0430\u043a\u0442\u0435\u0440\u0438\u0441\u0442\u0438\u043a\u0438<br \/>\n\u0420\u043e\u0431\u043e\u0447\u0438\u0439 \u0434\u0456\u0430\u043f\u0430\u0437\u043e\u043d<br \/>\n\u041c\u0430\u043a\u0441\u0438\u043c\u0430\u043b\u044c\u043d\u0438\u0439 \u0434\u0456\u0430\u043c\u0435\u0442\u0440 \u043f\u0440\u0443\u0442\u043a\u0430: 38 \u043c\u043c<br \/>\n\u041c\u0430\u043a\u0441. \u0434\u043e\u0432\u0436\u0438\u043d\u0430 \u043e\u0431\u0440\u043e\u0431\u043a\u0438 (\u0437 \u043d\u0430\u043f\u0440\u044f\u043c\u043d\u043e\u044e \u0432\u0442\u0443\u043b\u043a\u043e\u044e): \u043f\u0440\u0438\u0431\u043b. 320 \u043c\u043c<br \/>\n\u041c\u043e\u0436\u043b\u0438\u0432\u0430 \u043e\u0431\u0440\u043e\u0431\u043a\u0430 \u0431\u0435\u0437 \u043d\u0430\u043f\u0440\u0430\u0432\u043b\u044f\u044e\u0447\u043e\u0457 \u0432\u0442\u0443\u043b\u043a\u0438 (\u0434\u043b\u044f \u043a\u043e\u0440\u043e\u0442\u043a\u0438\u0445 \u0437\u0430\u0433\u043e\u0442\u043e\u0432\u043e\u043a)<br \/>\n\u041c\u0430\u043a\u0441. \u0434\u0456\u0430\u043c\u0435\u0442\u0440 \u0446\u0430\u043d\u0433\u0438 \u043a\u043e\u043d\u0442\u0440\u0448\u043f\u0438\u043d\u0434\u0435\u043b\u044f: 38 \u043c\u043c<\/p>\n<p>\u0413\u043e\u043b\u043e\u0432\u043d\u0438\u0439 \u0448\u043f\u0438\u043d\u0434\u0435\u043b\u044c<br \/>\n\u041f\u043e\u0442\u0443\u0436\u043d\u0456\u0441\u0442\u044c \u0448\u043f\u0438\u043d\u0434\u0435\u043b\u044f: \u043f\u0440\u0438\u0431\u043b\u0438\u0437\u043d\u043e 11-15 \u043a\u0412\u0442<br \/>\n\u041c\u0430\u043a\u0441. \u0447\u0430\u0441\u0442\u043e\u0442\u0430 \u043e\u0431\u0435\u0440\u0442\u0430\u043d\u043d\u044f: \u043f\u0440\u0438\u0431\u043b. 7 000 \u0445\u0432\u00b9<br \/>\n\u0412\u0431\u0443\u0434\u043e\u0432\u0430\u043d\u0430 \u0432\u0456\u0441\u044c \u0421 (\u0440\u043e\u0437\u0434\u0456\u043b\u044c\u043d\u0430 \u0437\u0434\u0430\u0442\u043d\u0456\u0441\u0442\u044c 0,001\u00b0)<br \/>\n\u0412\u0438\u0441\u043e\u043a\u043e\u0442\u043e\u0447\u043d\u0438\u0439 \u0448\u043f\u0438\u043d\u0434\u0435\u043b\u044c\u043d\u0438\u0439 \u043f\u0456\u0434\u0448\u0438\u043f\u043d\u0438\u043a \u0434\u043b\u044f \u0432\u0430\u0436\u043a\u043e\u0457 \u043e\u0431\u0440\u043e\u0431\u043a\u0438<\/p>\n<p>\u041a\u043e\u043d\u0442\u0440\u0448\u043f\u0438\u043d\u0434\u0435\u043b\u044c<br \/>\n\u041f\u043e\u0442\u0443\u0436\u043d\u0456\u0441\u0442\u044c: \u043f\u0440\u0438\u0431\u043b\u0438\u0437\u043d\u043e 5,5-7,5 \u043a\u0412\u0442<br \/>\n\u041c\u0430\u043a\u0441. \u0447\u0430\u0441\u0442\u043e\u0442\u0430 \u043e\u0431\u0435\u0440\u0442\u0430\u043d\u043d\u044f: \u0431\u043b\u0438\u0437\u044c\u043a\u043e 7 000 \u043e\u0431\/\u0445\u0432<br \/>\n\u041f\u043e\u0432\u043d\u0430 \u0432\u0456\u0441\u044c \u0421<br \/>\n\u041f\u0435\u0440\u0435\u043c\u0456\u0449\u0435\u043d\u043d\u044f \u0434\u0435\u0442\u0430\u043b\u0456 \u0442\u0430 \u0437\u0430\u0434\u043d\u044f \u043e\u0431\u0440\u043e\u0431\u043a\u0430 \u0432 \u043e\u0434\u043d\u043e\u043c\u0443 \u0437\u0430\u0442\u0438\u0441\u043a\u0430\u0447\u0456<\/p>\n<p>\u041a\u043e\u043d\u0444\u0456\u0433\u0443\u0440\u0430\u0446\u0456\u044f \u043e\u0441\u0435\u0439<br \/>\nX1 \/ Z1 (\u043e\u0441\u043d\u043e\u0432\u043d\u0430 \u0441\u0438\u0441\u0442\u0435\u043c\u0430)<br \/>\nX2 \/ Z2 (\u0441\u0438\u0441\u0442\u0435\u043c\u0430 \u043a\u043e\u043d\u0442\u0440\u0448\u043f\u0438\u043d\u0434\u0435\u043b\u044f)<br \/>\n\u0412\u0456\u0441\u044c Y \u0434\u043b\u044f \u043f\u043e\u0437\u0430\u0446\u0435\u043d\u0442\u0440\u043e\u0432\u043e\u0433\u043e \u0444\u0440\u0435\u0437\u0435\u0440\u0443\u0432\u0430\u043d\u043d\u044f<br \/>\n\u0413\u043e\u043b\u043e\u0432\u043d\u0438\u0439 \u0456 \u043a\u043e\u043d\u0442\u0440\u0448\u043f\u0438\u043d\u0434\u0435\u043b\u044c \u043f\u043e \u043e\u0441\u0456 \u0421<br \/>\n\u041e\u043f\u0446\u0456\u043e\u043d\u0430\u043b\u044c\u043d\u0456 \u0444\u0443\u043d\u043a\u0446\u0456\u0457 \u043f\u043e\u0432\u043e\u0440\u043e\u0442\u0443 \u043f\u043e \u043e\u0441\u0456 \u0412 (\u0437\u0430\u043b\u0435\u0436\u043d\u043e \u0432\u0456\u0434 \u043a\u043e\u043c\u043f\u043b\u0435\u043a\u0442\u0430\u0446\u0456\u0457)<br \/>\n\u0411\u0430\u0433\u0430\u0442\u043e\u043a\u0430\u043d\u0430\u043b\u044c\u043d\u0435 \u043a\u0435\u0440\u0443\u0432\u0430\u043d\u043d\u044f \u0437\u0430\u0431\u0435\u0437\u043f\u0435\u0447\u0443\u0454 \u043e\u0434\u043d\u043e\u0447\u0430\u0441\u043d\u0443 \u043e\u0431\u0440\u043e\u0431\u043a\u0443 \u043d\u0430 \u0433\u043e\u043b\u043e\u0432\u043d\u043e\u043c\u0443 \u0442\u0430 \u043a\u043e\u043d\u0442\u0440\u0448\u043f\u0438\u043d\u0434\u0435\u043b\u0456 \u0434\u043b\u044f \u0437\u043d\u0430\u0447\u043d\u043e\u0433\u043e \u0441\u043a\u043e\u0440\u043e\u0447\u0435\u043d\u043d\u044f \u0447\u0430\u0441\u0443 \u0446\u0438\u043a\u043b\u0443.<\/p>\n<p>\u0406\u043d\u0441\u0442\u0440\u0443\u043c\u0435\u043d\u0442\u0430\u0440\u0456\u0439<br \/>\n\u041d\u0430\u0431\u0456\u0440 \u0442\u0440\u0438\u043c\u0430\u0447\u0456\u0432 \u0434\u043b\u044f \u0456\u043d\u0441\u0442\u0440\u0443\u043c\u0435\u043d\u0442\u0456\u0432 (\u0431\u0435\u0437 \u043f\u0440\u0438\u0432\u043e\u0434\u0443)<br \/>\n\u0411\u043b\u043e\u043a \u043d\u0430\u043f\u0440\u044f\u043c\u043d\u0438\u0445 \u0432\u0442\u0443\u043b\u043e\u043a (\u0442\u044f\u0433\u043e\u0432\u0430 \u0441\u0438\u0441\u0442\u0435\u043c\u0430, JBS)<br \/>\n\u0411\u043b\u043e\u043a \u043e\u0445\u043e\u043b\u043e\u0434\u0436\u0443\u0432\u0430\u0447\u0430 \u043c\u0430\u0441\u043b\u0430<br \/>\n\u041a\u043e\u043d\u0432\u0435\u0454\u0440 \u0432\u0438\u0441\u043e\u043a\u043e\u0433\u043e \u0442\u0438\u0441\u043a\u0443 (\u0437 \u0432\u0431\u0443\u0434\u043e\u0432\u0430\u043d\u0438\u043c \u0430\u0433\u0440\u0435\u0433\u0430\u0442\u043e\u043c \u0432\u0438\u0441\u043e\u043a\u043e\u0433\u043e \u0442\u0438\u0441\u043a\u0443), \u0442\u0438\u043f M\u00fcller combistream CS 3<br \/>\n\u0412\u0438\u043a\u043e\u0440\u0438\u0441\u0442\u043e\u0432\u0443\u0432\u0430\u043d\u0430 \u043e\u0445\u043e\u043b\u043e\u0434\u0436\u0443\u044e\u0447\u0430 \u0440\u0456\u0434\u0438\u043d\u0430: \u043e\u043b\u0456\u044f<br \/>\n\u0412\u0430\u0433\u0430: 6,25 \u0442\u043e\u043d\u043d<br \/>\n\u0420\u043e\u0437\u043c\u0456\u0440\u0438: (\u0414\u0445\u0428\u0445\u0412) 3477x1860x1865 \u043c\u043c<\/p>\n<p>\u041c\u0430\u0448\u0438\u043d\u0443 \u043c\u043e\u0436\u043d\u0430 \u043e\u0433\u043b\u044f\u043d\u0443\u0442\u0438 \u043f\u0456\u0434 \u043d\u0430\u043f\u0440\u0443\u0433\u043e\u044e \u0437\u0430 \u043f\u043e\u043f\u0435\u0440\u0435\u0434\u043d\u0456\u043c \u0437\u0430\u043f\u0438\u0441\u043e\u043c.<br \/>\n\u041c\u043e\u0436\u043b\u0438\u0432\u0456 \u0437\u043c\u0456\u043d\u0438 \u0442\u0430 \u043f\u043e\u043c\u0438\u043b\u043a\u0438 \u0432 \u0442\u0435\u0445\u043d\u0456\u0447\u043d\u0438\u0445 \u0434\u0430\u043d\u0438\u0445 \u0442\u0430 \u0441\u043f\u0435\u0446\u0438\u0444\u0456\u043a\u0430\u0446\u0456\u044f\u0445, \u0430 \u0442\u0430\u043a\u043e\u0436 \u043f\u043e\u043f\u0435\u0440\u0435\u0434\u043d\u0456\u0439 \u043f\u0440\u043e\u0434\u0430\u0436!<\/p>","protected":false},"excerpt":{"rendered":"<p>Standort: Deutschland, Baden-W\u00fcrttemberg S\u00fcdwest Zustand: Gebraucht Hersteller: STAR Micronics Modell: ST-38 Baujahr: 2019 FANUC, Hochleistungs-Rechner Serie 31i-B5, Gepflegter Zustand, ca. 9000 Betriebsstunden Technische Hauptdaten Arbeitsbereich Max. Stangendurchmesser: 38 mm Max. Bearbeitungsl\u00e4nge (mit F\u00fchrungsbuchse): ca. 320 mm Bearbeitung ohne F\u00fchrungsbuchse m\u00f6glich (f\u00fcr k\u00fcrzere Werkst\u00fccke) Max. Spannzangendurchmesser Gegenspindel: 38 mm Hauptspindel Spindelleistung: ca. 11\u201315 kW Max. Drehzahl: [&hellip;]<\/p>\n","protected":false},"featured_media":4863,"comment_status":"open","ping_status":"closed","template":"","meta":{"_uf_show_specific_survey":0,"_uf_disable_surveys":false},"product_brand":[],"product_cat":[23],"product_tag":[],"class_list":{"0":"post-4869","1":"product","2":"type-product","3":"status-publish","4":"has-post-thumbnail","6":"product_cat-cnc-langdrehmaschinen","8":"first","9":"instock","10":"taxable","11":"shipping-taxable","12":"product-type-simple"},"aioseo_notices":[],"_links":{"self":[{"href":"https:\/\/mueller-wrh.de\/uk\/wp-json\/wp\/v2\/product\/4869","targetHints":{"allow":["GET"]}}],"collection":[{"href":"https:\/\/mueller-wrh.de\/uk\/wp-json\/wp\/v2\/product"}],"about":[{"href":"https:\/\/mueller-wrh.de\/uk\/wp-json\/wp\/v2\/types\/product"}],"replies":[{"embeddable":true,"href":"https:\/\/mueller-wrh.de\/uk\/wp-json\/wp\/v2\/comments?post=4869"}],"wp:featuredmedia":[{"embeddable":true,"href":"https:\/\/mueller-wrh.de\/uk\/wp-json\/wp\/v2\/media\/4863"}],"wp:attachment":[{"href":"https:\/\/mueller-wrh.de\/uk\/wp-json\/wp\/v2\/media?parent=4869"}],"wp:term":[{"taxonomy":"product_brand","embeddable":true,"href":"https:\/\/mueller-wrh.de\/uk\/wp-json\/wp\/v2\/product_brand?post=4869"},{"taxonomy":"product_cat","embeddable":true,"href":"https:\/\/mueller-wrh.de\/uk\/wp-json\/wp\/v2\/product_cat?post=4869"},{"taxonomy":"product_tag","embeddable":true,"href":"https:\/\/mueller-wrh.de\/uk\/wp-json\/wp\/v2\/product_tag?post=4869"}],"curies":[{"name":"wp","href":"https:\/\/api.w.org\/{rel}","templated":true}]}}