{"id":4861,"date":"2026-02-18T15:57:49","date_gmt":"2026-02-18T15:57:49","guid":{"rendered":"https:\/\/mueller-wrh.de\/produkt\/neu-star-er16-or1-61-werkzeughalter-str766100_-passend-fuer-star-sb-12-20rsd-26c-e-g-s-sl-7-10-sp-23sr-20jii-b-sr-20riv-sr-32jii-a-sr-32jii-b-jiii-bsr-38-type-a-bsv-20rsw-12rii_intnr231492\/"},"modified":"2026-02-18T15:57:50","modified_gmt":"2026-02-18T15:57:50","slug":"neu-star-er16-or1-61-werkzeughalter-str766100_-passend-fuer-star-sb-12-20rsd-26c-e-g-s-sl-7-10-sp-23sr-20jii-b-sr-20riv-sr-32jii-a-sr-32jii-b-jiii-bsr-38-type-a-bsv-20rsw-12rii_intnr231492","status":"publish","type":"product","link":"https:\/\/mueller-wrh.de\/uk\/product\/neu-star-er16-or1-61-werkzeughalter-str766100_-passend-fuer-star-sb-12-20rsd-26c-e-g-s-sl-7-10-sp-23sr-20jii-b-sr-20riv-sr-32jii-a-sr-32jii-b-jiii-bsr-38-type-a-bsv-20rsw-12rii_intnr231492\/","title":{"rendered":"NEW STAR ER16 OR1-61 \u0422\u0440\u0438\u043c\u0430\u0447 \u0456\u043d\u0441\u0442\u0440\u0443\u043c\u0435\u043d\u0442\u0443 STR766100_ \u041f\u0456\u0434\u0445\u043e\u0434\u0438\u0442\u044c \u0434\u043b\u044f Star SB-12\/20R;SD-26C\/E\/G\/S;SL-7\/10;SP-23;SR-20JII-B;SR-20RIV;SR-32JII-A;SR-32JII-B\/JIII-B;SR-38 (\u0442\u0438\u043f A\/B);SV-20R;SW-12RII_IntNo231492"},"content":{"rendered":"<p><b>\u041c\u0456\u0441\u0446\u0435\u0437\u043d\u0430\u0445\u043e\u0434\u0436\u0435\u043d\u043d\u044f:<\/b> \u041d\u0456\u043c\u0435\u0447\u0447\u0438\u043d\u0430, \u0411\u0430\u0434\u0435\u043d-\u0412\u044e\u0440\u0442\u0435\u043c\u0431\u0435\u0440\u0433 \u041f\u0456\u0432\u0434\u0435\u043d\u043d\u0438\u0439 \u0417\u0430\u0445\u0456\u0434<\/p>\n<p><b>\u0423\u043c\u043e\u0432\u0430:<\/b> \u041d\u043e\u0432\u0438\u0439<\/p>\n<p>ER16 \u0444\u0440\u043e\u043d\u0442\u0430\u043b\u044c\u043d\u0435 \u0441\u0432\u0435\u0440\u0434\u043b\u0456\u043d\u043d\u044f\/\u0444\u0440\u0435\u0437\u0435\u0440\u0443\u0432\u0430\u043d\u043d\u044f \u0434\u043b\u044f \u0437\u0430\u0434\u043d\u044c\u043e\u0457 \u043e\u0431\u0440\u043e\u0431\u043a\u0438<br \/>\n\u041f\u0456\u0434\u0445\u043e\u0434\u0438\u0442\u044c \u0434\u043b\u044f Star Star<br \/>\nSB-12\/20R<br \/>\nStar SD-26C\/E\/G\/S<br \/>\nStar SL-7\/10<br \/>\nStar SP-23<br \/>\nStar SR-20JII-B<br \/>\nStar SR-20RIV<br \/>\nStar SR-32JII-A<br \/>\nStar SR-32JII-B\/JIII-B<br \/>\nStar SR-38 (\u0442\u0438\u043f A\/B)<br \/>\nStar SV-20R<br \/>\nStar SW-12RII<br \/>\nStar SW-20<br \/>\n\u041c\u043e\u0436\u043d\u0430 \u043f\u043e\u0440\u0456\u0432\u043d\u044f\u0442\u0438 \u0437 \u043d\u043e\u043c\u0435\u0440\u043e\u043c \u0437\u0430\u043c\u043e\u0432\u043b\u0435\u043d\u043d\u044f Star 0R1-61<br \/>\n\u0434\u043b\u044f 12 \u043c\u0430\u0448\u0438\u043d<br \/>\n\u041f\u0435\u0440\u0435\u043a\u043b\u0430\u0434 1:1<br \/>\n\u0428\u0432\u0438\u0434\u043a\u0456\u0441\u0442\u044c \u0432\u0432\u0435\u0434\u0435\u043d\u043d\u044f \u043c\u0430\u043a\u0441. 12000 1\/\u0445\u0432<br \/>\n\u0428\u0432\u0438\u0434\u043a\u0456\u0441\u0442\u044c \u043d\u0430 \u0432\u0438\u0445\u043e\u0434\u0456 \u043c\u0430\u043a\u0441. 12000 1\/\u0445\u0432<br \/>\n\u0412\u0438\u0445\u0456\u0434\u043d\u0438\u0439 \u043a\u0440\u0443\u0442\u043d\u0438\u0439 \u043c\u043e\u043c\u0435\u043d\u0442 \u043c\u0430\u043a\u0441. 13 \u041d\u043c<\/p>\n<p>\u041c\u0438 \u0437\u0430\u043b\u0438\u0448\u0430\u0454\u043c\u043e \u0437\u0430 \u0441\u043e\u0431\u043e\u044e \u043f\u0440\u0430\u0432\u043e \u043d\u0430 \u0437\u043c\u0456\u043d\u0438 \u0442\u0430 \u043f\u043e\u043c\u0438\u043b\u043a\u0438 \u0432 \u0442\u0435\u0445\u043d\u0456\u0447\u043d\u0438\u0445 \u0434\u0430\u043d\u0438\u0445 \u0442\u0430 \u0456\u043d\u0444\u043e\u0440\u043c\u0430\u0446\u0456\u0457, \u0430 \u0442\u0430\u043a\u043e\u0436 \u043d\u0430 \u043f\u043e\u043f\u0435\u0440\u0435\u0434\u043d\u0456\u0439 \u043f\u0440\u043e\u0434\u0430\u0436!<\/p>\n<p>\u0424\u0440\u043e\u043d\u0442\u0430\u043b\u044c\u043d\u0430 \u0441\u0432\u0435\u0440\u0434\u043b\u0438\u043b\u044c\u043d\u043e-\u0444\u0440\u0435\u0437\u0435\u0440\u043d\u0430 \u0433\u043e\u043b\u043e\u0432\u043a\u0430 ER16 \u0434\u043b\u044f \u043e\u0431\u0440\u043e\u0431\u043a\u0438 \u0437\u0437\u0430\u0434\u0443<br \/>\n\u0421\u0443\u043c\u0456\u0441\u043d\u0456\u0441\u0442\u044c \u0437 \u043c\u0430\u0448\u0438\u043d\u0430\u043c\u0438 Star:<\/p>\n<p>Star SB-12\/20R<\/p>\n<p>Star SD-26C\/E\/G\/S<\/p>\n<p>Star SL-7\/10<\/p>\n<p>Star SP-23<\/p>\n<p>Star SR-20JII-B<\/p>\n<p>Star SR-20RIV<\/p>\n<p>Star SR-32JII-A<\/p>\n<p>Star SR-32JII-B\/JIII-B<\/p>\n<p>Star SR-38 (\u0442\u0438\u043f A\/B)<\/p>\n<p>Star SV-20R<\/p>\n<p>Star SW-12RII<\/p>\n<p>Star SW-20<\/p>\n<p>\u041c\u043e\u0436\u043d\u0430 \u043f\u043e\u0440\u0456\u0432\u043d\u044f\u0442\u0438 \u0437 \u043d\u043e\u043c\u0435\u0440\u043e\u043c \u0434\u0435\u0442\u0430\u043b\u0456 Star: 0R1-61<br \/>\n\u0414\u043b\u044f 12 \u043c\u0430\u0448\u0438\u043d<\/p>\n<p>\u041a\u043e\u0435\u0444\u0456\u0446\u0456\u0454\u043d\u0442 \u043f\u0435\u0440\u0435\u043a\u043b\u0430\u0434\u0443: 1:1<br \/>\n\u0412\u0445\u0456\u0434\u043d\u0430 \u0448\u0432\u0438\u0434\u043a\u0456\u0441\u0442\u044c: \u043c\u0430\u043a\u0441. 12 000 \u043e\u0431\/\u0445\u0432<br \/>\n\u0412\u0438\u0445\u0456\u0434\u043d\u0430 \u0448\u0432\u0438\u0434\u043a\u0456\u0441\u0442\u044c: \u043c\u0430\u043a\u0441. 12 000 \u043e\u0431\/\u0445\u0432<br \/>\n\u0412\u0438\u0445\u0456\u0434\u043d\u0438\u0439 \u043a\u0440\u0443\u0442\u043d\u0438\u0439 \u043c\u043e\u043c\u0435\u043d\u0442: \u043c\u0430\u043a\u0441. 13 \u041d\u043c<\/p>\n<p>\u041c\u0438 \u0437\u0430\u043b\u0438\u0448\u0430\u0454\u043c\u043e \u0437\u0430 \u0441\u043e\u0431\u043e\u044e \u043f\u0440\u0430\u0432\u043e \u043d\u0430 \u0437\u043c\u0456\u043d\u0438 \u0442\u0430 \u043f\u043e\u043c\u0438\u043b\u043a\u0438 \u0432 \u0442\u0435\u0445\u043d\u0456\u0447\u043d\u0438\u0445 \u0434\u0430\u043d\u0438\u0445 \u0442\u0430 \u0441\u043f\u0435\u0446\u0438\u0444\u0456\u043a\u0430\u0446\u0456\u044f\u0445, \u0430 \u0442\u0430\u043a\u043e\u0436 \u043d\u0430 \u043f\u043e\u043f\u0435\u0440\u0435\u0434\u043d\u0456\u0439 \u043f\u0440\u043e\u0434\u0430\u0436!<\/p>","protected":false},"excerpt":{"rendered":"<p>Standort: Deutschland, Baden-W\u00fcrttemberg S\u00fcdwest Zustand: Neu Frontalbohr-\/Fr\u00e4sapparat ER16 f\u00fcr R\u00fcckseitenbearbeitung Passend f\u00fcr Star Star SB-12\/20R Star SD-26C\/E\/G\/S Star SL-7\/10 Star SP-23 Star SR-20JII-B Star SR-20RIV Star SR-32JII-A Star SR-32JII-B\/JIII-B Star SR-38 (Type A\/B) Star SV-20R Star SW-12RII Star SW-20 Vergleichbar mit Star Bestell-Nr. 0R1-61 f\u00fcr 12 Maschinen \u00dcbersetzung 1:1 Eingangsdrehzahl max. 12000 1\/min Ausgangsdrehzahl max. [&hellip;]<\/p>\n","protected":false},"featured_media":4860,"comment_status":"open","ping_status":"closed","template":"","meta":{"_uf_show_specific_survey":0,"_uf_disable_surveys":false},"product_brand":[],"product_cat":[20],"product_tag":[],"class_list":{"0":"post-4861","1":"product","2":"type-product","3":"status-publish","4":"has-post-thumbnail","6":"product_cat-werkzeughalter","8":"first","9":"instock","10":"taxable","11":"shipping-taxable","12":"product-type-simple"},"aioseo_notices":[],"_links":{"self":[{"href":"https:\/\/mueller-wrh.de\/uk\/wp-json\/wp\/v2\/product\/4861","targetHints":{"allow":["GET"]}}],"collection":[{"href":"https:\/\/mueller-wrh.de\/uk\/wp-json\/wp\/v2\/product"}],"about":[{"href":"https:\/\/mueller-wrh.de\/uk\/wp-json\/wp\/v2\/types\/product"}],"replies":[{"embeddable":true,"href":"https:\/\/mueller-wrh.de\/uk\/wp-json\/wp\/v2\/comments?post=4861"}],"wp:featuredmedia":[{"embeddable":true,"href":"https:\/\/mueller-wrh.de\/uk\/wp-json\/wp\/v2\/media\/4860"}],"wp:attachment":[{"href":"https:\/\/mueller-wrh.de\/uk\/wp-json\/wp\/v2\/media?parent=4861"}],"wp:term":[{"taxonomy":"product_brand","embeddable":true,"href":"https:\/\/mueller-wrh.de\/uk\/wp-json\/wp\/v2\/product_brand?post=4861"},{"taxonomy":"product_cat","embeddable":true,"href":"https:\/\/mueller-wrh.de\/uk\/wp-json\/wp\/v2\/product_cat?post=4861"},{"taxonomy":"product_tag","embeddable":true,"href":"https:\/\/mueller-wrh.de\/uk\/wp-json\/wp\/v2\/product_tag?post=4861"}],"curies":[{"name":"wp","href":"https:\/\/api.w.org\/{rel}","templated":true}]}}