{"id":4856,"date":"2026-02-18T12:49:09","date_gmt":"2026-02-18T12:49:09","guid":{"rendered":"https:\/\/mueller-wrh.de\/produkt\/messmaschine-keyence_im6025_bj-09-2016-_intnr231488\/"},"modified":"2026-02-18T13:44:47","modified_gmt":"2026-02-18T13:44:47","slug":"messmaschine-keyence_im6025_bj-09-2016-_intnr231488","status":"publish","type":"product","link":"https:\/\/mueller-wrh.de\/uk\/product\/messmaschine-keyence_im6025_bj-09-2016-_intnr231488\/","title":{"rendered":"\u0412\u0438\u043c\u0456\u0440\u044e\u0432\u0430\u043b\u044c\u043d\u0430 \u043c\u0430\u0448\u0438\u043d\u0430 Keyence_IM6025_\u0420\u0456\u043a 09\/2016 _IntNo231488"},"content":{"rendered":"<p><b>\u041c\u0456\u0441\u0446\u0435\u0437\u043d\u0430\u0445\u043e\u0434\u0436\u0435\u043d\u043d\u044f:<\/b> \u041d\u0456\u043c\u0435\u0447\u0447\u0438\u043d\u0430, \u0411\u0430\u0434\u0435\u043d-\u0412\u044e\u0440\u0442\u0435\u043c\u0431\u0435\u0440\u0433 \u041f\u0456\u0432\u0434\u0435\u043d\u043d\u0438\u0439 \u0417\u0430\u0445\u0456\u0434<\/p>\n<p><b>\u0423\u043c\u043e\u0432\u0430:<\/b> \u0411\/\u0432<\/p>\n<p><b>\u0412\u0438\u0440\u043e\u0431\u043d\u0438\u043a:<\/b> \u041a\u0415\u0419\u0421\u0415\u041d\u0421<\/p>\n<p><b>\u041c\u043e\u0434\u0435\u043b\u044c:<\/b> IM 6025<\/p>\n<p><b>\u0420\u0456\u043a \u043f\u043e\u0431\u0443\u0434\u043e\u0432\u0438:<\/b> 2016<\/p>\n<p>\u0412\u0438\u043c\u0456\u0440\u044e\u0432\u0430\u043b\u044c\u043d\u0430 \u043c\u0430\u0448\u0438\u043d\u0430 Keyence IM-6025 - \u0448\u0432\u0438\u0434\u043a\u0435 \u0456 \u0442\u043e\u0447\u043d\u0435 \u043e\u043f\u0442\u0438\u0447\u043d\u0435 \u0432\u0438\u043c\u0456\u0440\u044e\u0432\u0430\u043d\u043d\u044f<\/p>\n<p>\u041c\u0438 \u043f\u0440\u043e\u0434\u0430\u0454\u043c\u043e \u0432\u0438\u043c\u0456\u0440\u044e\u0432\u0430\u043b\u044c\u043d\u0443 \u043c\u0430\u0448\u0438\u043d\u0443 Keyence IM-6025, \u044f\u043a\u0430 \u0456\u0434\u0435\u0430\u043b\u044c\u043d\u043e \u043f\u0456\u0434\u0445\u043e\u0434\u0438\u0442\u044c \u0434\u043b\u044f \u0448\u0432\u0438\u0434\u043a\u043e\u0433\u043e \u0442\u0435\u0441\u0442\u0443\u0432\u0430\u043d\u043d\u044f \u0441\u0435\u0440\u0456\u0439\u043d\u043e\u0433\u043e \u0432\u0438\u0440\u043e\u0431\u043d\u0438\u0446\u0442\u0432\u0430, \u0432\u0445\u0456\u0434\u043d\u043e\u0433\u043e \u043a\u043e\u043d\u0442\u0440\u043e\u043b\u044e \u0442\u043e\u0432\u0430\u0440\u0456\u0432 \u0456 \u0442\u043e\u0447\u043d\u043e\u0433\u043e \u043a\u043e\u043d\u0442\u0440\u043e\u043b\u044e \u0440\u043e\u0437\u043c\u0456\u0440\u0456\u0432 \u043d\u0430 \u0432\u0438\u0440\u043e\u0431\u043d\u0438\u0446\u0442\u0432\u0456.<br \/>\n\u0420\u0456\u043a \u043f\u043e\u0431\u0443\u0434\u043e\u0432\u0438: 09\/2016<\/p>\n<p>\u041e\u0441\u043d\u043e\u0432\u043d\u0456 \u0445\u0430\u0440\u0430\u043a\u0442\u0435\u0440\u0438\u0441\u0442\u0438\u043a\u0438:<\/p>\n<p>\u0412\u0438\u0440\u043e\u0431\u043d\u0438\u043a: Keyence<br \/>\n\u041c\u043e\u0434\u0435\u043b\u044c: IM-6025<br \/>\n\u0420\u0456\u043a \u043f\u043e\u0431\u0443\u0434\u043e\u0432\u0438: 09\/2016<\/p>\n<p>\u0414\u0456\u0430\u043f\u0430\u0437\u043e\u043d \u0432\u0438\u043c\u0456\u0440\u044e\u0432\u0430\u043d\u043d\u044f:<\/p>\n<p>300 \u00d7 200 \u043c\u043c (\u0437\u0430\u043b\u0435\u0436\u043d\u043e \u0432\u0456\u0434 \u043c\u043e\u0434\u0435\u043b\u0456)<\/p>\n<p>\u041f\u0440\u0438\u043d\u0446\u0438\u043f \u0432\u0438\u043c\u0456\u0440\u044e\u0432\u0430\u043d\u043d\u044f:<\/p>\n<p>\u041e\u043f\u0442\u0438\u0447\u043d\u0430 \u043e\u0431\u0440\u043e\u0431\u043a\u0430 2D-\u0437\u043e\u0431\u0440\u0430\u0436\u0435\u043d\u044c \u0437 \u0430\u0432\u0442\u043e\u043c\u0430\u0442\u0438\u0447\u043d\u0438\u043c \u0432\u0438\u044f\u0432\u043b\u0435\u043d\u043d\u044f\u043c \u043a\u043e\u043d\u0442\u0443\u0440\u0456\u0432<\/p>\n<p>\u0422\u043e\u0447\u043d\u0456\u0441\u0442\u044c \u0432\u0438\u043c\u0456\u0440\u044e\u0432\u0430\u043d\u044c:<\/p>\n<p>\u0412\u0438\u0441\u043e\u043a\u0430 \u043f\u043e\u0432\u0442\u043e\u0440\u044e\u0432\u0430\u043d\u0456\u0441\u0442\u044c \u0432 \u043c\u0456\u043a\u0440\u043e\u043c\u0435\u0442\u0440\u043e\u0432\u043e\u043c\u0443 \u0434\u0456\u0430\u043f\u0430\u0437\u043e\u043d\u0456<\/p>\n<p>\u0424\u0443\u043d\u043a\u0446\u0456\u0457:<\/p>\n<p>\u0410\u0432\u0442\u043e\u043c\u0430\u0442\u0438\u0447\u043d\u0435 \u0432\u0438\u0437\u043d\u0430\u0447\u0435\u043d\u043d\u044f \u043f\u043e\u043b\u043e\u0436\u0435\u043d\u043d\u044f<\/p>\n<p>\u041e\u0434\u043d\u043e\u0447\u0430\u0441\u043d\u0435 \u0431\u0430\u0433\u0430\u0442\u043e\u0442\u043e\u0447\u043a\u043e\u0432\u0435 \u0432\u0438\u043c\u0456\u0440\u044e\u0432\u0430\u043d\u043d\u044f<\/p>\n<p>\u041c\u043e\u0436\u043b\u0438\u0432\u0435 \u043f\u043e\u0440\u0456\u0432\u043d\u044f\u043d\u043d\u044f \u0437 \u0434\u0430\u043d\u0438\u043c\u0438 \u0421\u0410\u041f\u0420<\/p>\n<p>\u041e\u0446\u0456\u043d\u043a\u0430 SPC<\/p>\n<p>\u0406\u043d\u0442\u0443\u0457\u0442\u0438\u0432\u043d\u043e \u0437\u0440\u043e\u0437\u0443\u043c\u0456\u043b\u0438\u0439 \u0456\u043d\u0442\u0435\u0440\u0444\u0435\u0439\u0441 \u043a\u043e\u0440\u0438\u0441\u0442\u0443\u0432\u0430\u0447\u0430<\/p>\n<p>USB \u0442\u0430 \u043c\u0435\u0440\u0435\u0436\u0435\u0432\u0456 \u0456\u043d\u0442\u0435\u0440\u0444\u0435\u0439\u0441\u0438<\/p>\n<p>\u0421\u0438\u0441\u0442\u0435\u043c\u0430 \u043e\u0441\u0432\u0456\u0442\u043b\u0435\u043d\u043d\u044f:<\/p>\n<p>\u041e\u0441\u0432\u0456\u0442\u043b\u0435\u043d\u043d\u044f \u043f\u0440\u043e\u0445\u0456\u0434\u043d\u0438\u043c \u0442\u0430 \u043f\u0430\u0434\u0430\u044e\u0447\u0438\u043c \u0441\u0432\u0456\u0442\u043b\u043e\u043c (LED)<\/p>\n<p>\u041c\u0430\u043a\u0441. \u0432\u0438\u0441\u043e\u0442\u0430 \u0437\u0430\u0433\u043e\u0442\u043e\u0432\u043a\u0438:<\/p>\n<p>\u041f\u0440\u0438\u0431\u043b\u0438\u0437\u043d\u043e \u0434\u043e 75 \u043c\u043c<\/p>\n<p>\u041e\u0441\u043e\u0431\u043b\u0438\u0432\u0456 \u0440\u0438\u0441\u0438:<\/p>\n<p>\u0412\u0438\u043c\u0456\u0440\u044e\u0432\u0430\u043d\u043d\u044f \u0437\u0430 \u043b\u0456\u0447\u0435\u043d\u0456 \u0441\u0435\u043a\u0443\u043d\u0434\u0438 \u0431\u0435\u0437 \u0442\u0440\u0443\u0434\u043e\u043c\u0456\u0441\u0442\u043a\u043e\u0433\u043e \u0432\u0438\u0440\u0456\u0432\u043d\u044e\u0432\u0430\u043d\u043d\u044f<\/p>\n<p>\u0406\u0434\u0435\u0430\u043b\u044c\u043d\u043e \u043f\u0456\u0434\u0445\u043e\u0434\u0438\u0442\u044c \u0434\u043b\u044f \u0441\u0435\u0440\u0456\u0439\u043d\u043e\u0433\u043e \u0442\u0430 \u0432\u0438\u0431\u0456\u0440\u043a\u043e\u0432\u043e\u0433\u043e \u0442\u0435\u0441\u0442\u0443\u0432\u0430\u043d\u043d\u044f<\/p>\n<p>\u041d\u0435\u0437\u0430\u043b\u0435\u0436\u043d\u0456 \u0432\u0456\u0434 \u043e\u043f\u0435\u0440\u0430\u0442\u043e\u0440\u0430 \u0440\u0435\u0437\u0443\u043b\u044c\u0442\u0430\u0442\u0438 \u0432\u0438\u043c\u0456\u0440\u044e\u0432\u0430\u043d\u044c<\/p>\n<p>\u041a\u043e\u043c\u043f\u0430\u043a\u0442\u043d\u0438\u0439 \u0434\u0438\u0437\u0430\u0439\u043d<\/p>\n<p>\u0423\u043c\u043e\u0432\u0430:<br \/>\n\u0412\u0438\u043a\u043e\u0440\u0438\u0441\u0442\u0430\u043d\u0456, \u043f\u0435\u0440\u0435\u0432\u0456\u0440\u0435\u043d\u0456 \u0442\u0430 \u0432 \u0440\u043e\u0431\u043e\u0447\u043e\u043c\u0443 \u0441\u0442\u0430\u043d\u0456.<\/p>\n<p>\u0421\u0444\u0435\u0440\u0430 \u0437\u0430\u0441\u0442\u043e\u0441\u0443\u0432\u0430\u043d\u043d\u044f:<br \/>\n\u0406\u0434\u0435\u0430\u043b\u044c\u043d\u043e \u043f\u0456\u0434\u0445\u043e\u0434\u0438\u0442\u044c \u0434\u043b\u044f \u043e\u0431\u0440\u043e\u0431\u043a\u0438 \u043c\u0435\u0442\u0430\u043b\u0443 \u0456 \u043f\u043b\u0430\u0441\u0442\u0438\u043a\u0443, \u0448\u0442\u0430\u043c\u043f\u043e\u0432\u0430\u043d\u0438\u0445 \u0434\u0435\u0442\u0430\u043b\u0435\u0439, \u0442\u043e\u0447\u0435\u043d\u0438\u0445 \u0434\u0435\u0442\u0430\u043b\u0435\u0439, \u0444\u0440\u0435\u0437\u0435\u0440\u043e\u0432\u0430\u043d\u0438\u0445 \u0434\u0435\u0442\u0430\u043b\u0435\u0439, \u0430 \u0442\u0430\u043a\u043e\u0436 \u0434\u043b\u044f \u0437\u0430\u0431\u0435\u0437\u043f\u0435\u0447\u0435\u043d\u043d\u044f \u044f\u043a\u043e\u0441\u0442\u0456 \u0442\u0430 \u043a\u043e\u043d\u0442\u0440\u043e\u043b\u044e \u0432\u0438\u0440\u043e\u0431\u043d\u0438\u0446\u0442\u0432\u0430.<\/p>\n<p>\u041c\u0430\u0448\u0438\u043d\u0443 \u043c\u043e\u0436\u043d\u0430 \u043e\u0433\u043b\u044f\u043d\u0443\u0442\u0438 \u043f\u0456\u0434 \u043d\u0430\u043f\u0440\u0443\u0433\u043e\u044e \u0437\u0430 \u043f\u043e\u043f\u0435\u0440\u0435\u0434\u043d\u0456\u043c \u0437\u0430\u043f\u0438\u0441\u043e\u043c.<\/p>\n<p>\u041c\u0438 \u0437\u0430\u043b\u0438\u0448\u0430\u0454\u043c\u043e \u0437\u0430 \u0441\u043e\u0431\u043e\u044e \u043f\u0440\u0430\u0432\u043e \u043d\u0430 \u0437\u043c\u0456\u043d\u0438 \u0442\u0430 \u043f\u043e\u043c\u0438\u043b\u043a\u0438 \u0432 \u0442\u0435\u0445\u043d\u0456\u0447\u043d\u0438\u0445 \u0434\u0430\u043d\u0438\u0445 \u0442\u0430 \u0456\u043d\u0444\u043e\u0440\u043c\u0430\u0446\u0456\u0457, \u0430 \u0442\u0430\u043a\u043e\u0436 \u043d\u0430 \u043f\u043e\u043f\u0435\u0440\u0435\u0434\u043d\u0456\u0439 \u043f\u0440\u043e\u0434\u0430\u0436.<\/p>\n<p>\u0412\u0438\u043c\u0456\u0440\u044e\u0432\u0430\u043b\u044c\u043d\u0430 \u043c\u0430\u0448\u0438\u043d\u0430 Keyence IM-6025 - \u0448\u0432\u0438\u0434\u043a\u0435 \u0456 \u0442\u043e\u0447\u043d\u0435 \u043e\u043f\u0442\u0438\u0447\u043d\u0435 \u0432\u0438\u043c\u0456\u0440\u044e\u0432\u0430\u043d\u043d\u044f<\/p>\n<p>\u041d\u0430 \u043f\u0440\u043e\u0434\u0430\u0436 \u0432\u0438\u0441\u0442\u0430\u0432\u043b\u0435\u043d\u043e \u0432\u0438\u043c\u0456\u0440\u044e\u0432\u0430\u043b\u044c\u043d\u0443 \u043c\u0430\u0448\u0438\u043d\u0443 Keyence IM-6025, \u044f\u043a\u0430 \u0456\u0434\u0435\u0430\u043b\u044c\u043d\u043e \u043f\u0456\u0434\u0445\u043e\u0434\u0438\u0442\u044c \u0434\u043b\u044f \u0448\u0432\u0438\u0434\u043a\u043e\u0433\u043e \u043a\u043e\u043d\u0442\u0440\u043e\u043b\u044e \u043f\u0430\u0440\u0442\u0456\u0439, \u0432\u0445\u0456\u0434\u043d\u043e\u0433\u043e \u043a\u043e\u043d\u0442\u0440\u043e\u043b\u044e \u0442\u043e\u0432\u0430\u0440\u0456\u0432 \u0456 \u0442\u043e\u0447\u043d\u043e\u0433\u043e \u0432\u0438\u043c\u0456\u0440\u044e\u0432\u0430\u043d\u043d\u044f \u0440\u043e\u0437\u043c\u0456\u0440\u0456\u0432 \u0443 \u0432\u0438\u0440\u043e\u0431\u043d\u0438\u0447\u0438\u0445 \u0443\u043c\u043e\u0432\u0430\u0445.<br \/>\n\u0420\u0456\u043a \u0432\u0438\u0433\u043e\u0442\u043e\u0432\u043b\u0435\u043d\u043d\u044f: 09\/2016<\/p>\n<p>\u041e\u0441\u043d\u043e\u0432\u043d\u0456 \u0445\u0430\u0440\u0430\u043a\u0442\u0435\u0440\u0438\u0441\u0442\u0438\u043a\u0438:<\/p>\n<p>\u0412\u0438\u0440\u043e\u0431\u043d\u0438\u043a: Keyence<br \/>\n\u041c\u043e\u0434\u0435\u043b\u044c: IM-6025<br \/>\n\u0420\u0456\u043a: 09\/2016<\/p>\n<p>\u0414\u0456\u0430\u043f\u0430\u0437\u043e\u043d \u0432\u0438\u043c\u0456\u0440\u044e\u0432\u0430\u043d\u043d\u044f:<\/p>\n<p>\u041f\u0440\u0438\u0431\u043b. 300 \u00d7 200 \u043c\u043c (\u0437\u0430\u043b\u0435\u0436\u043d\u043e \u0432\u0456\u0434 \u043a\u043e\u043d\u0444\u0456\u0433\u0443\u0440\u0430\u0446\u0456\u0457)<\/p>\n<p>\u041f\u0440\u0438\u043d\u0446\u0438\u043f \u0432\u0438\u043c\u0456\u0440\u044e\u0432\u0430\u043d\u043d\u044f:<\/p>\n<p>\u041e\u043f\u0442\u0438\u0447\u043d\u0430 \u043e\u0431\u0440\u043e\u0431\u043a\u0430 2D-\u0437\u043e\u0431\u0440\u0430\u0436\u0435\u043d\u044c \u0437 \u0430\u0432\u0442\u043e\u043c\u0430\u0442\u0438\u0447\u043d\u0438\u043c \u0432\u0438\u044f\u0432\u043b\u0435\u043d\u043d\u044f\u043c \u043a\u043e\u043d\u0442\u0443\u0440\u0456\u0432<\/p>\n<p>\u0422\u043e\u0447\u043d\u0456\u0441\u0442\u044c:<\/p>\n<p>\u0412\u0438\u0441\u043e\u043a\u0430 \u043f\u043e\u0432\u0442\u043e\u0440\u044e\u0432\u0430\u043d\u0456\u0441\u0442\u044c \u0432 \u043c\u0456\u043a\u0440\u043e\u043d\u043d\u043e\u043c\u0443 \u0434\u0456\u0430\u043f\u0430\u0437\u043e\u043d\u0456<\/p>\n<p>\u0424\u0443\u043d\u043a\u0446\u0456\u0457:<\/p>\n<p>\u0410\u0432\u0442\u043e\u043c\u0430\u0442\u0438\u0447\u043d\u0435 \u043f\u043e\u0437\u0438\u0446\u0456\u043e\u043d\u0443\u0432\u0430\u043d\u043d\u044f \u0434\u0435\u0442\u0430\u043b\u0435\u0439<\/p>\n<p>\u041e\u0434\u043d\u043e\u0447\u0430\u0441\u043d\u0435 \u0431\u0430\u0433\u0430\u0442\u043e\u0442\u043e\u0447\u043a\u043e\u0432\u0435 \u0432\u0438\u043c\u0456\u0440\u044e\u0432\u0430\u043d\u043d\u044f<\/p>\n<p>\u041c\u043e\u0436\u043b\u0438\u0432\u0435 \u043f\u043e\u0440\u0456\u0432\u043d\u044f\u043d\u043d\u044f \u0434\u0430\u043d\u0438\u0445 \u0421\u0410\u041f\u0420<\/p>\n<p>\u041e\u0446\u0456\u043d\u043a\u0430 SPC<\/p>\n<p>\u0417\u0440\u0443\u0447\u043d\u0438\u0439 \u0456\u043d\u0442\u0435\u0440\u0444\u0435\u0439\u0441<\/p>\n<p>USB \u0442\u0430 \u043c\u0435\u0440\u0435\u0436\u0435\u0432\u0456 \u0456\u043d\u0442\u0435\u0440\u0444\u0435\u0439\u0441\u0438<\/p>\n<p>\u0421\u0438\u0441\u0442\u0435\u043c\u0430 \u043e\u0441\u0432\u0456\u0442\u043b\u0435\u043d\u043d\u044f:<\/p>\n<p>\u0421\u0432\u0456\u0442\u043b\u043e\u0434\u0456\u043e\u0434\u043d\u0435 \u043e\u0441\u0432\u0456\u0442\u043b\u0435\u043d\u043d\u044f \u043f\u0440\u043e\u0445\u0456\u0434\u043d\u043e\u0433\u043e \u0442\u0430 \u0432\u0456\u0434\u0431\u0438\u0442\u043e\u0433\u043e \u0441\u0432\u0456\u0442\u043b\u0430<\/p>\n<p>\u041c\u0430\u043a\u0441. \u0432\u0438\u0441\u043e\u0442\u0430 \u0437\u0430\u0433\u043e\u0442\u043e\u0432\u043a\u0438:<\/p>\n<p>\u041f\u0440\u0438\u0431\u043b\u0438\u0437\u043d\u043e \u0434\u043e 75 \u043c\u043c<\/p>\n<p>\u041e\u0441\u043e\u0431\u043b\u0438\u0432\u0456 \u0440\u0438\u0441\u0438:<\/p>\n<p>\u0412\u0438\u043c\u0456\u0440\u044e\u0432\u0430\u043d\u043d\u044f \u0437\u0430 \u043b\u0456\u0447\u0435\u043d\u0456 \u0441\u0435\u043a\u0443\u043d\u0434\u0438 \u0431\u0435\u0437 \u0441\u043a\u043b\u0430\u0434\u043d\u043e\u0433\u043e \u0432\u0438\u0440\u0456\u0432\u043d\u044e\u0432\u0430\u043d\u043d\u044f<\/p>\n<p>\u0406\u0434\u0435\u0430\u043b\u044c\u043d\u043e \u043f\u0456\u0434\u0445\u043e\u0434\u0438\u0442\u044c \u0434\u043b\u044f \u043f\u0430\u0440\u0442\u0456\u0439\u043d\u043e\u0433\u043e \u0442\u0430 \u0432\u0438\u0431\u0456\u0440\u043a\u043e\u0432\u043e\u0433\u043e \u043a\u043e\u043d\u0442\u0440\u043e\u043b\u044e<\/p>\n<p>\u041d\u0435\u0437\u0430\u043b\u0435\u0436\u043d\u0456 \u0432\u0456\u0434 \u043e\u043f\u0435\u0440\u0430\u0442\u043e\u0440\u0430 \u0440\u0435\u0437\u0443\u043b\u044c\u0442\u0430\u0442\u0438 \u0432\u0438\u043c\u0456\u0440\u044e\u0432\u0430\u043d\u044c<\/p>\n<p>\u041a\u043e\u043c\u043f\u0430\u043a\u0442\u043d\u0438\u0439 \u0434\u0438\u0437\u0430\u0439\u043d<\/p>\n<p>\u0423\u043c\u043e\u0432\u0430:<br \/>\n\u0412\u0438\u043a\u043e\u0440\u0438\u0441\u0442\u0430\u043d\u0456, \u043f\u0440\u043e\u0442\u0435\u0441\u0442\u043e\u0432\u0430\u043d\u0456 \u0442\u0430 \u043f\u043e\u0432\u043d\u0456\u0441\u0442\u044e \u043f\u0440\u0430\u0446\u0435\u0437\u0434\u0430\u0442\u043d\u0456.<\/p>\n<p>\u041e\u0431\u043b\u0430\u0441\u0442\u044c \u0437\u0430\u0441\u0442\u043e\u0441\u0443\u0432\u0430\u043d\u043d\u044f:<br \/>\n\u041f\u0456\u0434\u0445\u043e\u0434\u0438\u0442\u044c \u0434\u043b\u044f \u043e\u0431\u0440\u043e\u0431\u043a\u0438 \u043c\u0435\u0442\u0430\u043b\u0443 \u0442\u0430 \u043f\u043b\u0430\u0441\u0442\u0438\u043a\u0443, \u0448\u0442\u0430\u043c\u043f\u043e\u0432\u0430\u043d\u0438\u0445 \u0434\u0435\u0442\u0430\u043b\u0435\u0439, \u0442\u043e\u0447\u0435\u043d\u0438\u0445 \u0434\u0435\u0442\u0430\u043b\u0435\u0439, \u0444\u0440\u0435\u0437\u0435\u0440\u043e\u0432\u0430\u043d\u0438\u0445 \u0434\u0435\u0442\u0430\u043b\u0435\u0439, \u0437\u0430\u0431\u0435\u0437\u043f\u0435\u0447\u0435\u043d\u043d\u044f \u044f\u043a\u043e\u0441\u0442\u0456 \u0442\u0430 \u043a\u043e\u043d\u0442\u0440\u043e\u043b\u044e \u0432\u0438\u0440\u043e\u0431\u043d\u0438\u0446\u0442\u0432\u0430.<\/p>\n<p>\u041c\u0430\u0448\u0438\u043d\u0443 \u043c\u043e\u0436\u043d\u0430 \u043e\u0433\u043b\u044f\u043d\u0443\u0442\u0438 \u043f\u0456\u0434 \u043d\u0430\u043f\u0440\u0443\u0433\u043e\u044e \u0437\u0430 \u043f\u043e\u043f\u0435\u0440\u0435\u0434\u043d\u0456\u043c \u0437\u0430\u043f\u0438\u0441\u043e\u043c.<\/p>\n<p>\u0417\u0430 \u0443\u043c\u043e\u0432\u0438 \u043f\u043e\u043f\u0435\u0440\u0435\u0434\u043d\u044c\u043e\u0433\u043e \u043f\u0440\u043e\u0434\u0430\u0436\u0443. \u041d\u0435 \u0432\u0438\u043a\u043b\u044e\u0447\u0435\u043d\u0456 \u043f\u043e\u043c\u0438\u043b\u043a\u0438 \u0442\u0430 \u0443\u043f\u0443\u0449\u0435\u043d\u043d\u044f \u0432 \u0442\u0435\u0445\u043d\u0456\u0447\u043d\u0438\u0445 \u0434\u0430\u043d\u0438\u0445 \u0442\u0430 \u0441\u043f\u0435\u0446\u0438\u0444\u0456\u043a\u0430\u0446\u0456\u044f\u0445.<\/p>","protected":false},"excerpt":{"rendered":"<p>Standort: Deutschland, Baden-W\u00fcrttemberg S\u00fcdwest Zustand: Gebraucht Hersteller: KEYENCE Modell: IM 6025 Baujahr: 2016 Keyence IM-6025 Messmaschine \u2013 Schnelle und pr\u00e4zise optische Messung Verkauft wird eine Keyence IM-6025 Messmaschine, ideal f\u00fcr die schnelle Serienpr\u00fcfung, Wareneingangskontrolle sowie pr\u00e4zise Ma\u00dfkontrollen in der Fertigung. Baujahr: 09\/2016 Hauptmerkmale: Hersteller: Keyence Modell: IM-6025 Baujahr: 09\/2016 Messbereich: 300 \u00d7 200 mm (modellabh\u00e4ngig) [&hellip;]<\/p>\n","protected":false},"featured_media":4857,"comment_status":"open","ping_status":"closed","template":"","meta":{"_uf_show_specific_survey":0,"_uf_disable_surveys":false},"product_brand":[],"product_cat":[98],"product_tag":[],"class_list":{"0":"post-4856","1":"product","2":"type-product","3":"status-publish","4":"has-post-thumbnail","6":"product_cat-messtechnik","8":"first","9":"instock","10":"taxable","11":"shipping-taxable","12":"product-type-simple"},"aioseo_notices":[],"_links":{"self":[{"href":"https:\/\/mueller-wrh.de\/uk\/wp-json\/wp\/v2\/product\/4856","targetHints":{"allow":["GET"]}}],"collection":[{"href":"https:\/\/mueller-wrh.de\/uk\/wp-json\/wp\/v2\/product"}],"about":[{"href":"https:\/\/mueller-wrh.de\/uk\/wp-json\/wp\/v2\/types\/product"}],"replies":[{"embeddable":true,"href":"https:\/\/mueller-wrh.de\/uk\/wp-json\/wp\/v2\/comments?post=4856"}],"wp:featuredmedia":[{"embeddable":true,"href":"https:\/\/mueller-wrh.de\/uk\/wp-json\/wp\/v2\/media\/4857"}],"wp:attachment":[{"href":"https:\/\/mueller-wrh.de\/uk\/wp-json\/wp\/v2\/media?parent=4856"}],"wp:term":[{"taxonomy":"product_brand","embeddable":true,"href":"https:\/\/mueller-wrh.de\/uk\/wp-json\/wp\/v2\/product_brand?post=4856"},{"taxonomy":"product_cat","embeddable":true,"href":"https:\/\/mueller-wrh.de\/uk\/wp-json\/wp\/v2\/product_cat?post=4856"},{"taxonomy":"product_tag","embeddable":true,"href":"https:\/\/mueller-wrh.de\/uk\/wp-json\/wp\/v2\/product_tag?post=4856"}],"curies":[{"name":"wp","href":"https:\/\/api.w.org\/{rel}","templated":true}]}}