{"id":4848,"date":"2026-02-18T12:37:51","date_gmt":"2026-02-18T12:37:51","guid":{"rendered":"https:\/\/mueller-wrh.de\/produkt\/mitutoyo-pj-a3000_profilprojektor_bj-2015_intnr231490\/"},"modified":"2026-02-18T12:37:51","modified_gmt":"2026-02-18T12:37:51","slug":"mitutoyo-pj-a3000_profilprojektor_bj-2015_intnr231490","status":"publish","type":"product","link":"https:\/\/mueller-wrh.de\/uk\/product\/mitutoyo-pj-a3000_profilprojektor_bj-2015_intnr231490\/","title":{"rendered":"Mitutoyo PJ A3000_\u043f\u0440\u043e\u0444\u0456\u043b\u044c\u043d\u0438\u0439_\u043f\u0440\u043e\u0435\u043a\u0442\u043e\u0440_\u0440\u0456\u043a_2015_IntNo231490"},"content":{"rendered":"<p><b>\u041c\u0456\u0441\u0446\u0435\u0437\u043d\u0430\u0445\u043e\u0434\u0436\u0435\u043d\u043d\u044f:<\/b> \u041d\u0456\u043c\u0435\u0447\u0447\u0438\u043d\u0430, \u0411\u0430\u0434\u0435\u043d-\u0412\u044e\u0440\u0442\u0435\u043c\u0431\u0435\u0440\u0433 \u041f\u0456\u0432\u0434\u0435\u043d\u043d\u0438\u0439 \u0417\u0430\u0445\u0456\u0434<\/p>\n<p><b>\u0423\u043c\u043e\u0432\u0430:<\/b> \u0411\/\u0432<\/p>\n<p><b>\u0412\u0438\u0440\u043e\u0431\u043d\u0438\u043a:<\/b> \u041c\u0456\u0442\u0443\u0442\u043e\u0439\u043e<\/p>\n<p><b>\u041c\u043e\u0434\u0435\u043b\u044c:<\/b> PJ-A3000<\/p>\n<p><b>\u0420\u0456\u043a \u043f\u043e\u0431\u0443\u0434\u043e\u0432\u0438:<\/b> 2015<\/p>\n<p><b>\u0413\u043e\u0434\u0438\u043d\u0438 \u0440\u043e\u0431\u043e\u0442\u0438:<\/b> \u043d\u0456<\/p>\n<p>\u041f\u0440\u043e\u0444\u0456\u043b\u044c\u043d\u0438\u0439 \u043f\u0440\u043e\u0435\u043a\u0442\u043e\u0440 Mitutoyo PJ-A3000 - \u0442\u043e\u0447\u043d\u0435 \u043e\u043f\u0442\u0438\u0447\u043d\u0435 \u0432\u0438\u043c\u0456\u0440\u044e\u0432\u0430\u043d\u043d\u044f<\/p>\n<p>\u041f\u0440\u043e\u0434\u0430\u0454\u0442\u044c\u0441\u044f \u043f\u0440\u043e\u0444\u0456\u043b\u044c\u043d\u0438\u0439 \u043f\u0440\u043e\u0435\u043a\u0442\u043e\u0440 Mitutoyo PJ-A3000, \u044f\u043a\u0438\u0439 \u0456\u0434\u0435\u0430\u043b\u044c\u043d\u043e \u043f\u0456\u0434\u0445\u043e\u0434\u0438\u0442\u044c \u0434\u043b\u044f \u0437\u0430\u0431\u0435\u0437\u043f\u0435\u0447\u0435\u043d\u043d\u044f \u044f\u043a\u043e\u0441\u0442\u0456, \u043a\u043e\u043d\u0442\u0440\u043e\u043b\u044e \u0432\u0438\u0440\u043e\u0431\u043d\u0438\u0446\u0442\u0432\u0430 \u0442\u0430 \u0442\u043e\u0447\u043d\u0438\u0445 \u0432\u0438\u043c\u0456\u0440\u044e\u0432\u0430\u043d\u044c \u0434\u0435\u0442\u0430\u043b\u0435\u0439.<br \/>\n2015 \u0440\u0456\u043a<\/p>\n<p>\u041e\u0441\u043d\u043e\u0432\u043d\u0456 \u0445\u0430\u0440\u0430\u043a\u0442\u0435\u0440\u0438\u0441\u0442\u0438\u043a\u0438:<\/p>\n<p>\u0412\u0438\u0440\u043e\u0431\u043d\u0438\u043a: Mitutoyo Corporation<\/p>\n<p>\u041c\u043e\u0434\u0435\u043b\u044c: PJ-A3000<\/p>\n<p>\u041f\u0440\u043e\u0435\u043a\u0446\u0456\u0439\u043d\u0438\u0439 \u0435\u043a\u0440\u0430\u043d: \u00d8 315 \u043c\u043c<\/p>\n<p>\u0417\u0431\u0456\u043b\u044c\u0448\u0435\u043d\u043d\u044f: \u0441\u0442\u0430\u043d\u0434\u0430\u0440\u0442\u043d\u0435 10-\u043a\u0440\u0430\u0442\u043d\u0435 (\u0437\u0430 \u0431\u0430\u0436\u0430\u043d\u043d\u044f\u043c 20-\u043a\u0440\u0430\u0442\u043d\u0435, 50-\u043a\u0440\u0430\u0442\u043d\u0435, 100-\u043a\u0440\u0430\u0442\u043d\u0435)<\/p>\n<p>\u0422\u043e\u0447\u043d\u0456\u0441\u0442\u044c \u0432\u0438\u043c\u0456\u0440\u044e\u0432\u0430\u043d\u043d\u044f: \u00b10,001 \u043c\u043c (\u0440\u043e\u0437\u0434\u0456\u043b\u044c\u043d\u0430 \u0437\u0434\u0430\u0442\u043d\u0456\u0441\u0442\u044c \u043f\u043e XY)<\/p>\n<p>\u0420\u0443\u0445 \u0441\u0442\u043e\u043b\u0443: \u0420\u0456\u0437\u043d\u0456 \u0434\u0456\u0430\u043f\u0430\u0437\u043e\u043d\u0438 \u0432\u0438\u043c\u0456\u0440\u044e\u0432\u0430\u043d\u043d\u044f \u0432 \u0437\u0430\u043b\u0435\u0436\u043d\u043e\u0441\u0442\u0456 \u0432\u0456\u0434 \u043c\u043e\u0434\u0435\u043b\u0456 (\u0434\u043e 200\u00d7100 \u043c\u043c)<\/p>\n<p>\u041e\u0441\u0432\u0456\u0442\u043b\u0435\u043d\u043d\u044f: \u0413\u0430\u043b\u043e\u0433\u0435\u043d\u043d\u0430 \u043b\u0430\u043c\u043f\u0430 24 \u0412 \/ 150 \u0412\u0442<\/p>\n<p>\u0424\u0443\u043d\u043a\u0446\u0456\u0457: \u0426\u0438\u0444\u0440\u043e\u0432\u0438\u0439 \u0434\u0438\u0441\u043f\u043b\u0435\u0439 XY, \u0432\u0438\u043c\u0456\u0440\u044e\u0432\u0430\u043d\u043d\u044f \u043a\u0443\u0442\u0430, \u0456\u043d\u0442\u0435\u0440\u0444\u0435\u0439\u0441 RS-232C<\/p>\n<p>\u041c\u0430\u043a\u0441. \u0412\u0438\u0441\u043e\u0442\u0430 \u0437\u0430\u0433\u043e\u0442\u043e\u0432\u043a\u0438: \u043f\u0440\u0438\u0431\u043b. 92,5-123,5 \u043c\u043c<\/p>\n<p>\u041e\u0441\u043e\u0431\u043b\u0438\u0432\u043e\u0441\u0442\u0456: \u0422\u0435\u043b\u0435\u0446\u0435\u043d\u0442\u0440\u0438\u0447\u043d\u0430 \u043e\u043f\u0442\u0438\u0447\u043d\u0430 \u0441\u0438\u0441\u0442\u0435\u043c\u0430 \u0434\u043b\u044f \u0432\u0456\u0434\u043e\u0431\u0440\u0430\u0436\u0435\u043d\u043d\u044f \u0431\u0435\u0437 \u0441\u043f\u043e\u0442\u0432\u043e\u0440\u0435\u043d\u044c, \u043f\u043e\u0432\u043e\u0440\u043e\u0442\u043d\u0438\u0439 \u0441\u0442\u0456\u043b, \u0440\u0443\u0447\u043d\u0435 \u0444\u043e\u043a\u0443\u0441\u0443\u0432\u0430\u043d\u043d\u044f<\/p>\n<p>\u0421\u0442\u0430\u043d: \u0432\u0436\u0438\u0432\u0430\u043d\u0438\u0439, \u043f\u0435\u0440\u0435\u0432\u0456\u0440\u0435\u043d\u0438\u0439 \u0456 \u0432 \u0440\u043e\u0431\u043e\u0447\u043e\u043c\u0443 \u0441\u0442\u0430\u043d\u0456.<\/p>\n<p>\u0417\u0430\u0441\u0442\u043e\u0441\u0443\u0432\u0430\u043d\u043d\u044f: \u0406\u0434\u0435\u0430\u043b\u044c\u043d\u043e \u043f\u0456\u0434\u0445\u043e\u0434\u0438\u0442\u044c \u0434\u043b\u044f \u043e\u0431\u0440\u043e\u0431\u043a\u0438 \u043c\u0435\u0442\u0430\u043b\u0443 \u0456 \u043f\u043b\u0430\u0441\u0442\u0438\u043a\u0443, \u043d\u0430\u0432\u0447\u0430\u043d\u043d\u044f, \u043b\u0430\u0431\u043e\u0440\u0430\u0442\u043e\u0440\u043d\u0438\u0445 \u0456 \u043f\u0440\u0435\u0446\u0438\u0437\u0456\u0439\u043d\u0438\u0445 \u0432\u0438\u043c\u0456\u0440\u044e\u0432\u0430\u043d\u044c.<\/p>\n<p>\u041c\u0430\u0448\u0438\u043d\u0443 \u043c\u043e\u0436\u043d\u0430 \u043e\u0433\u043b\u044f\u043d\u0443\u0442\u0438 \u0437\u0430 \u043f\u043e\u043f\u0435\u0440\u0435\u0434\u043d\u0456\u043c \u0437\u0430\u043f\u0438\u0441\u043e\u043c.<br \/>\n\u041c\u0438 \u0437\u0430\u043b\u0438\u0448\u0430\u0454\u043c\u043e \u0437\u0430 \u0441\u043e\u0431\u043e\u044e \u043f\u0440\u0430\u0432\u043e \u043d\u0430 \u0437\u043c\u0456\u043d\u0438 \u0442\u0430 \u043f\u043e\u043c\u0438\u043b\u043a\u0438 \u0432 \u0442\u0435\u0445\u043d\u0456\u0447\u043d\u0438\u0445 \u0434\u0430\u043d\u0438\u0445 \u0442\u0430 \u0456\u043d\u0444\u043e\u0440\u043c\u0430\u0446\u0456\u0457, \u0430 \u0442\u0430\u043a\u043e\u0436 \u043d\u0430 \u043f\u043e\u043f\u0435\u0440\u0435\u0434\u043d\u0456\u0439 \u043f\u0440\u043e\u0434\u0430\u0436!<\/p>\n<p>\u041f\u0440\u043e\u0444\u0456\u043b\u044c\u043d\u0438\u0439 \u043f\u0440\u043e\u0435\u043a\u0442\u043e\u0440 Mitutoyo PJ-A3000 - \u0442\u043e\u0447\u043d\u0435 \u043e\u043f\u0442\u0438\u0447\u043d\u0435 \u0432\u0438\u043c\u0456\u0440\u044e\u0432\u0430\u043d\u043d\u044f<\/p>\n<p>\u041f\u0440\u043e\u0434\u0430\u0454\u0442\u044c\u0441\u044f \u043f\u0440\u043e\u0444\u0456\u043b\u044c\u043d\u0438\u0439 \u043f\u0440\u043e\u0435\u043a\u0442\u043e\u0440 Mitutoyo PJ-A3000, \u044f\u043a\u0438\u0439 \u0456\u0434\u0435\u0430\u043b\u044c\u043d\u043e \u043f\u0456\u0434\u0445\u043e\u0434\u0438\u0442\u044c \u0434\u043b\u044f \u0437\u0430\u0431\u0435\u0437\u043f\u0435\u0447\u0435\u043d\u043d\u044f \u044f\u043a\u043e\u0441\u0442\u0456, \u043a\u043e\u043d\u0442\u0440\u043e\u043b\u044e \u0432\u0438\u0440\u043e\u0431\u043d\u0438\u0446\u0442\u0432\u0430 \u0442\u0430 \u0442\u043e\u0447\u043d\u0438\u0445 \u0432\u0438\u043c\u0456\u0440\u044e\u0432\u0430\u043d\u044c \u0434\u0435\u0442\u0430\u043b\u0435\u0439.<br \/>\n\u0420\u0456\u043a \u0432\u0438\u043f\u0443\u0441\u043a\u0443: 2015<\/p>\n<p>\u041e\u0441\u043d\u043e\u0432\u043d\u0456 \u0445\u0430\u0440\u0430\u043a\u0442\u0435\u0440\u0438\u0441\u0442\u0438\u043a\u0438:<\/p>\n<p>\u0412\u0438\u0440\u043e\u0431\u043d\u0438\u043a: Mitutoyo Corporation<\/p>\n<p>\u041c\u043e\u0434\u0435\u043b\u044c: PJ-A3000<\/p>\n<p>\u041f\u0440\u043e\u0435\u043a\u0446\u0456\u0439\u043d\u0438\u0439 \u0435\u043a\u0440\u0430\u043d: \u00d8 315 \u043c\u043c<\/p>\n<p>\u0417\u0431\u0456\u043b\u044c\u0448\u0435\u043d\u043d\u044f: \u0441\u0442\u0430\u043d\u0434\u0430\u0440\u0442\u043d\u0435 10-\u043a\u0440\u0430\u0442\u043d\u0435 (\u043e\u043f\u0446\u0456\u043e\u043d\u0430\u043b\u044c\u043d\u043e 20-\u043a\u0440\u0430\u0442\u043d\u0435, 50-\u043a\u0440\u0430\u0442\u043d\u0435, 100-\u043a\u0440\u0430\u0442\u043d\u0435)<\/p>\n<p>\u0422\u043e\u0447\u043d\u0456\u0441\u0442\u044c \u0432\u0438\u043c\u0456\u0440\u044e\u0432\u0430\u043d\u043d\u044f: \u00b10,001 \u043c\u043c (\u0440\u043e\u0437\u0434\u0456\u043b\u044c\u043d\u0430 \u0437\u0434\u0430\u0442\u043d\u0456\u0441\u0442\u044c XY)<\/p>\n<p>\u041f\u0435\u0440\u0435\u043c\u0456\u0449\u0435\u043d\u043d\u044f \u0441\u0442\u043e\u043b\u0443: \u0420\u0456\u0437\u043d\u0456 \u0434\u0456\u0430\u043f\u0430\u0437\u043e\u043d\u0438 \u0432\u0438\u043c\u0456\u0440\u044e\u0432\u0430\u043d\u043d\u044f \u0432 \u0437\u0430\u043b\u0435\u0436\u043d\u043e\u0441\u0442\u0456 \u0432\u0456\u0434 \u043c\u043e\u0434\u0435\u043b\u0456 (\u0434\u043e 200\u00d7100 \u043c\u043c)<\/p>\n<p>\u041e\u0441\u0432\u0456\u0442\u043b\u0435\u043d\u043d\u044f: \u0413\u0430\u043b\u043e\u0433\u0435\u043d\u043d\u0430 \u043b\u0430\u043c\u043f\u0430 24 \u0412 \/ 150 \u0412\u0442<\/p>\n<p>\u0424\u0443\u043d\u043a\u0446\u0456\u0457: \u0446\u0438\u0444\u0440\u043e\u0432\u0435 \u0437\u0447\u0438\u0442\u0443\u0432\u0430\u043d\u043d\u044f XY, \u0432\u0438\u043c\u0456\u0440\u044e\u0432\u0430\u043d\u043d\u044f \u043a\u0443\u0442\u0430, \u0456\u043d\u0442\u0435\u0440\u0444\u0435\u0439\u0441 RS-232C<\/p>\n<p>\u041c\u0430\u043a\u0441. \u0412\u0438\u0441\u043e\u0442\u0430 \u0437\u0430\u0433\u043e\u0442\u043e\u0432\u043a\u0438: \u043f\u0440\u0438\u0431\u043b\u0438\u0437\u043d\u043e 92,5-123,5 \u043c\u043c<\/p>\n<p>\u041e\u0441\u043e\u0431\u043b\u0438\u0432\u043e\u0441\u0442\u0456: \u0422\u0435\u043b\u0435\u0446\u0435\u043d\u0442\u0440\u0438\u0447\u043d\u0430 \u043e\u043f\u0442\u0438\u0447\u043d\u0430 \u0441\u0438\u0441\u0442\u0435\u043c\u0430 \u0434\u043b\u044f \u043f\u0440\u043e\u0435\u043a\u0446\u0456\u0457 \u0431\u0435\u0437 \u0441\u043f\u043e\u0442\u0432\u043e\u0440\u0435\u043d\u044c, \u043f\u043e\u0432\u043e\u0440\u043e\u0442\u043d\u0438\u0439 \u0441\u0442\u0456\u043b, \u0440\u0443\u0447\u043d\u0435 \u0444\u043e\u043a\u0443\u0441\u0443\u0432\u0430\u043d\u043d\u044f<\/p>\n<p>\u0421\u0442\u0430\u043d: \u0432\u0436\u0438\u0432\u0430\u043d\u0438\u0439, \u043f\u0440\u043e\u0442\u0435\u0441\u0442\u043e\u0432\u0430\u043d\u0438\u0439 \u0456 \u043f\u043e\u0432\u043d\u0456\u0441\u0442\u044e \u0444\u0443\u043d\u043a\u0446\u0456\u043e\u043d\u0430\u043b\u044c\u043d\u0438\u0439.<\/p>\n<p>\u0417\u0430\u0441\u0442\u043e\u0441\u0443\u0432\u0430\u043d\u043d\u044f: \u0406\u0434\u0435\u0430\u043b\u044c\u043d\u043e \u043f\u0456\u0434\u0445\u043e\u0434\u0438\u0442\u044c \u0434\u043b\u044f \u043e\u0431\u0440\u043e\u0431\u043a\u0438 \u043c\u0435\u0442\u0430\u043b\u0443 \u0456 \u043f\u043b\u0430\u0441\u0442\u0438\u043a\u0443, \u043d\u0430\u0432\u0447\u0430\u043d\u043d\u044f, \u043b\u0430\u0431\u043e\u0440\u0430\u0442\u043e\u0440\u0456\u0439 \u0456 \u0442\u043e\u0447\u043d\u0438\u0445 \u0432\u0438\u043c\u0456\u0440\u044e\u0432\u0430\u043d\u044c.<\/p>\n<p>\u041c\u0430\u0448\u0438\u043d\u0443 \u043c\u043e\u0436\u043d\u0430 \u043e\u0433\u043b\u044f\u043d\u0443\u0442\u0438 \u043f\u0456\u0434 \u043d\u0430\u043f\u0440\u0443\u0433\u043e\u044e \u0437\u0430 \u043f\u043e\u043f\u0435\u0440\u0435\u0434\u043d\u0456\u043c \u0437\u0430\u043f\u0438\u0441\u043e\u043c.<br \/>\n\u0422\u0435\u0445\u043d\u0456\u0447\u043d\u0456 \u0445\u0430\u0440\u0430\u043a\u0442\u0435\u0440\u0438\u0441\u0442\u0438\u043a\u0438 \u043c\u043e\u0436\u0443\u0442\u044c \u0431\u0443\u0442\u0438 \u0437\u043c\u0456\u043d\u0435\u043d\u0456, \u043c\u0438 \u0437\u0430\u043b\u0438\u0448\u0430\u0454\u043c\u043e \u0437\u0430 \u0441\u043e\u0431\u043e\u044e \u043f\u0440\u0430\u0432\u043e \u043d\u0430 \u043f\u043e\u043c\u0438\u043b\u043a\u0443 \u0442\u0430 \u043f\u043e\u043f\u0435\u0440\u0435\u0434\u043d\u0456\u0439 \u043f\u0440\u043e\u0434\u0430\u0436.<\/p>","protected":false},"excerpt":{"rendered":"<p>Standort: Deutschland, Baden-W\u00fcrttemberg S\u00fcdwest Zustand: Gebraucht Hersteller: Mitutoyo Modell: PJ-A3000 Baujahr: 2015 Betriebsstunden: keine Mitutoyo PJ-A3000 Profilprojektor \u2013 Pr\u00e4zise optische Messung Verkauft wird ein Mitutoyo PJ-A3000 Profilprojektor, ideal f\u00fcr die Qualit\u00e4tssicherung, Fertigungskontrolle und pr\u00e4zise Werkst\u00fcckmessungen. Bj.2015 Hauptmerkmale: Hersteller: Mitutoyo Corporation Modell: PJ-A3000 Projektionsbildschirm: \u00d8 315\u202fmm Vergr\u00f6\u00dferung: 10\u00d7 Standard, (optional 20\u00d7, 50\u00d7, 100\u00d7) Messgenauigkeit: \u00b10,001\u202fmm (XY-Aufl\u00f6sung) [&hellip;]<\/p>\n","protected":false},"featured_media":4843,"comment_status":"open","ping_status":"closed","template":"","meta":{"_uf_show_specific_survey":0,"_uf_disable_surveys":false},"product_brand":[],"product_cat":[98],"product_tag":[],"class_list":{"0":"post-4848","1":"product","2":"type-product","3":"status-publish","4":"has-post-thumbnail","6":"product_cat-messtechnik","8":"first","9":"instock","10":"taxable","11":"shipping-taxable","12":"product-type-simple"},"aioseo_notices":[],"_links":{"self":[{"href":"https:\/\/mueller-wrh.de\/uk\/wp-json\/wp\/v2\/product\/4848","targetHints":{"allow":["GET"]}}],"collection":[{"href":"https:\/\/mueller-wrh.de\/uk\/wp-json\/wp\/v2\/product"}],"about":[{"href":"https:\/\/mueller-wrh.de\/uk\/wp-json\/wp\/v2\/types\/product"}],"replies":[{"embeddable":true,"href":"https:\/\/mueller-wrh.de\/uk\/wp-json\/wp\/v2\/comments?post=4848"}],"wp:featuredmedia":[{"embeddable":true,"href":"https:\/\/mueller-wrh.de\/uk\/wp-json\/wp\/v2\/media\/4843"}],"wp:attachment":[{"href":"https:\/\/mueller-wrh.de\/uk\/wp-json\/wp\/v2\/media?parent=4848"}],"wp:term":[{"taxonomy":"product_brand","embeddable":true,"href":"https:\/\/mueller-wrh.de\/uk\/wp-json\/wp\/v2\/product_brand?post=4848"},{"taxonomy":"product_cat","embeddable":true,"href":"https:\/\/mueller-wrh.de\/uk\/wp-json\/wp\/v2\/product_cat?post=4848"},{"taxonomy":"product_tag","embeddable":true,"href":"https:\/\/mueller-wrh.de\/uk\/wp-json\/wp\/v2\/product_tag?post=4848"}],"curies":[{"name":"wp","href":"https:\/\/api.w.org\/{rel}","templated":true}]}}