{"id":4600,"date":"2026-01-12T10:30:27","date_gmt":"2026-01-12T10:30:27","guid":{"rendered":"https:\/\/mueller-wrh.de\/produkt\/hardinge-gt27sp-gg-121_fanuc_fmb-unirobot-cnc-drehmaschine-bj-2013-_intnr231461\/"},"modified":"2026-01-12T10:30:27","modified_gmt":"2026-01-12T10:30:27","slug":"hardinge-gt27sp-gg-121_fanuc_fmb-unirobot-cnc-drehmaschine-bj-2013-_intnr231461","status":"publish","type":"product","link":"https:\/\/mueller-wrh.de\/uk\/product\/hardinge-gt27sp-gg-121_fanuc_fmb-unirobot-cnc-drehmaschine-bj-2013-_intnr231461\/","title":{"rendered":"\u0422\u043e\u043a\u0430\u0440\u043d\u0438\u0439 \u0432\u0435\u0440\u0441\u0442\u0430\u0442 \u0437 \u0427\u041f\u0423 HARDINGE GT27SP GG-121_Fanuc_FMB Unirobot \u0440\u0456\u043a \u0432\u0438\u043f\u0443\u0441\u043a\u0443 2013 _IntNo231461"},"content":{"rendered":"<p><b>\u041c\u0456\u0441\u0446\u0435\u0437\u043d\u0430\u0445\u043e\u0434\u0436\u0435\u043d\u043d\u044f:<\/b> \u041d\u0456\u043c\u0435\u0447\u0447\u0438\u043d\u0430, \u0411\u0430\u0434\u0435\u043d-\u0412\u044e\u0440\u0442\u0435\u043c\u0431\u0435\u0440\u0433 \u041f\u0456\u0432\u0434\u0435\u043d\u043d\u0438\u0439 \u0417\u0430\u0445\u0456\u0434<\/p>\n<p><b>\u0423\u043c\u043e\u0432\u0430:<\/b> \u0411\/\u0432<\/p>\n<p><b>\u0412\u0438\u0440\u043e\u0431\u043d\u0438\u043a:<\/b> \u0425\u0430\u0440\u0434\u0456\u043d\u0433.<\/p>\n<p><b>\u041c\u043e\u0434\u0435\u043b\u044c:<\/b> GT27SP GG-121<\/p>\n<p><b>\u0420\u0456\u043a \u043f\u043e\u0431\u0443\u0434\u043e\u0432\u0438:<\/b> 2013<\/p>\n<p><b>\u0413\u043e\u0434\u0438\u043d\u0438 \u0440\u043e\u0431\u043e\u0442\u0438:<\/b> 59861<\/p>\n<p>\u041f\u043e\u0437\u043d\u0430\u0447\u0435\u043d\u043d\u044f \u0432\u0435\u0440\u0441\u0442\u0430\u0442\u0430: \u041a\u043e\u0440\u043e\u0442\u043a\u0438\u0439 \u0442\u043e\u043a\u0430\u0440\u043d\u0438\u0439 \u0432\u0435\u0440\u0441\u0442\u0430\u0442 \u0437 \u0427\u041f\u041a<br \/>\n\u0412\u0438\u0440\u043e\u0431\u043d\u0438\u043a: Hardinge<br \/>\n\u041c\u043e\u0434\u0435\u043b\u044c: GT27SP GG-121<br \/>\n\u0420\u0456\u043a \u043f\u043e\u0431\u0443\u0434\u043e\u0432\u0438: 2013<br \/>\n\u0421\u0438\u0441\u0442\u0435\u043c\u0430 \u043a\u0435\u0440\u0443\u0432\u0430\u043d\u043d\u044f: Fanuc 32i A<br \/>\n\u0424\u0443\u043d\u043a\u0446\u0456\u043e\u043d\u0430\u043b\u044c\u043d\u0456\u0441\u0442\u044c: \u043f\u043e\u0432\u043d\u0456\u0441\u0442\u044e \u0444\u0443\u043d\u043a\u0446\u0456\u043e\u043d\u0430\u043b\u044c\u043d\u0438\u0439<br \/>\n\u0413\u043e\u0434\u0438\u043d\u0438 \u0440\u043e\u0431\u043e\u0442\u0438: \u0431\u043b\u0438\u0437\u044c\u043a\u043e 60 000 \u0433\u043e\u0434\u0438\u043d<\/p>\n<p>\u0422\u0435\u0445\u043d\u0456\u0447\u043d\u0456 \u0445\u0430\u0440\u0430\u043a\u0442\u0435\u0440\u0438\u0441\u0442\u0438\u043a\u0438<br \/>\n\u041e\u0442\u0432\u0456\u0440 \u0448\u043f\u0438\u043d\u0434\u0435\u043b\u044f: \u00d8 27 \u043c\u043c<br \/>\n\u0422\u0440\u0438\u043c\u0430\u0447 \u0448\u043f\u0438\u043d\u0434\u0435\u043b\u044f: A2-5<br \/>\n\u041f\u0430\u0442\u0440\u043e\u043d \u043c\u0430\u043a\u0441. 80 \u043c\u043c<br \/>\n\u041c\u0430\u043a\u0441\u0438\u043c\u0430\u043b\u044c\u043d\u043e. \u0427\u0430\u0441\u0442\u043e\u0442\u0430 \u043e\u0431\u0435\u0440\u0442\u0430\u043d\u043d\u044f \u0448\u043f\u0438\u043d\u0434\u0435\u043b\u044f: 6 000 \u0445\u0432\u00b9<br \/>\n\u0412\u0456\u0441\u044c X: 607 \u043c\u043c<br \/>\n\u0412\u0456\u0441\u044c Z: 286 \u043c\u043c<\/p>\n<p>\u0421\u0438\u0441\u0442\u0435\u043c\u0430 \u043e\u0445\u043e\u043b\u043e\u0434\u0436\u0435\u043d\u043d\u044f<\/p>\n<p>\u0421\u0438\u0441\u0442\u0435\u043c\u0430 \u0437\u0430\u0432\u0430\u043d\u0442\u0430\u0436\u0435\u043d\u043d\u044f \u0442\u0430 \u0440\u043e\u0437\u0432\u0430\u043d\u0442\u0430\u0436\u0435\u043d\u043d\u044f FMB MH5LS-SP \/ 5 \u043f\u0430\u043b\u0435\u0442 \u0434\u043b\u044f \u0437\u0430\u0433\u043e\u0442\u043e\u0432\u043e\u043a, \u043f\u043e\u0434\u0432\u0456\u0439\u043d\u0438\u0439 \u0437\u0430\u0445\u0432\u0430\u0442<br \/>\n\u0410\u043a\u0441\u0435\u0441\u0443\u0430\u0440\u0438 \/ \u0406\u043d\u0441\u0442\u0440\u0443\u043c\u0435\u043d\u0442\u0438 \/ \u041f\u043e\u0441\u0456\u0431\u043d\u0438\u043a\u0438<\/p>\n<p>\u0412\u0430\u0433\u0430 \u0442\u0430 \u0433\u0430\u0431\u0430\u0440\u0438\u0442\u0438 \u043c\u0430\u0448\u0438\u043d\u0438<br \/>\n\u0420\u043e\u0437\u043c\u0456\u0440\u0438 \u043c\u0430\u0448\u0438\u043d\u0438: \u043f\u0440\u0438\u0431\u043b\u0438\u0437\u043d\u043e 1850 \u00d7 1750 \u00d7 1750 \u043c\u043c<br \/>\n\u0412\u0430\u0433\u0430 \u043c\u0430\u0448\u0438\u043d\u0438: \u043f\u0440\u0438\u0431\u043b\u0438\u0437\u043d\u043e 2100 \u043a\u0433<\/p>\n<p>\u0412\u0430\u0433\u0430 \u0442\u0430 \u0433\u0430\u0431\u0430\u0440\u0438\u0442\u0438 \u0421\u0438\u0441\u0442\u0435\u043c\u0430 \u0437\u0430\u0432\u0430\u043d\u0442\u0430\u0436\u0435\u043d\u043d\u044f \u0442\u0430 \u0440\u043e\u0437\u0432\u0430\u043d\u0442\u0430\u0436\u0435\u043d\u043d\u044f<br \/>\n\u0420\u043e\u0437\u043c\u0456\u0440\u0438 \u043c\u0430\u0448\u0438\u043d\u0438: \u043f\u0440\u0438\u0431\u043b\u0438\u0437\u043d\u043e 1900 \u00d7 950 \u00d7 2000 \u043c\u043c<br \/>\n\u0412\u0430\u0433\u0430 \u043c\u0430\u0448\u0438\u043d\u0438: \u0431\u043b\u0438\u0437\u044c\u043a\u043e 1000 \u043a\u0433<\/p>\n<p>\u0412\u0430\u0433\u0430 \u0442\u0430 \u0440\u043e\u0437\u043c\u0456\u0440\u0438 \u0441\u0438\u0441\u0442\u0435\u043c\u0438 \u043e\u0445\u043e\u043b\u043e\u0434\u0436\u0435\u043d\u043d\u044f<br \/>\n\u0420\u043e\u0437\u043c\u0456\u0440\u0438 \u043c\u0430\u0448\u0438\u043d\u0438: \u043f\u0440\u0438\u0431\u043b\u0438\u0437\u043d\u043e 1500 \u00d7 800 \u00d7 1100 \u043c\u043c<br \/>\n\u0412\u0430\u0433\u0430 \u043c\u0430\u0448\u0438\u043d\u0438: \u043f\u0440\u0438\u0431\u043b\u0438\u0437\u043d\u043e 250 \u043a\u0433<\/p>\n<p>\u041c\u0430\u0448\u0438\u043d\u0430 \u043f\u043e\u0432\u043d\u0456\u0441\u0442\u044e \u0444\u0443\u043d\u043a\u0446\u0456\u043e\u043d\u0430\u043b\u044c\u043d\u0430 \u0456 \u0437\u043d\u0430\u0445\u043e\u0434\u0438\u0442\u044c\u0441\u044f \u0432 \u0445\u043e\u0440\u043e\u0448\u043e\u043c\u0443 \u0432\u0436\u0438\u0432\u0430\u043d\u043e\u043c\u0443 \u0441\u0442\u0430\u043d\u0456.<br \/>\n\u0414\u043b\u044f \u043e\u0442\u0440\u0438\u043c\u0430\u043d\u043d\u044f \u0434\u043e\u0434\u0430\u0442\u043a\u043e\u0432\u043e\u0457 \u0456\u043d\u0444\u043e\u0440\u043c\u0430\u0446\u0456\u0457 \u0430\u0431\u043e \u043f\u0435\u0440\u0435\u0433\u043b\u044f\u0434\u0443 \u043f\u0456\u0434 \u043d\u0430\u043f\u0440\u0443\u0433\u043e\u044e, \u0431\u0443\u0434\u044c \u043b\u0430\u0441\u043a\u0430, \u0437\u0432'\u044f\u0436\u0456\u0442\u044c\u0441\u044f \u0437 \u043d\u0430\u043c\u0438.<br \/>\n\u041c\u0438 \u0437\u0430\u043b\u0438\u0448\u0430\u0454\u043c\u043e \u0437\u0430 \u0441\u043e\u0431\u043e\u044e \u043f\u0440\u0430\u0432\u043e \u043d\u0430 \u0437\u043c\u0456\u043d\u0438 \u0442\u0430 \u043f\u043e\u043c\u0438\u043b\u043a\u0438 \u0432 \u0442\u0435\u0445\u043d\u0456\u0447\u043d\u0438\u0445 \u0434\u0430\u043d\u0438\u0445 \u0442\u0430 \u0441\u043f\u0435\u0446\u0438\u0444\u0456\u043a\u0430\u0446\u0456\u044f\u0445, \u0430 \u0442\u0430\u043a\u043e\u0436 \u043d\u0430 \u043f\u043e\u043f\u0435\u0440\u0435\u0434\u043d\u0456\u0439 \u043f\u0440\u043e\u0434\u0430\u0436!<\/p>\n<p>\u0422\u0438\u043f \u0432\u0435\u0440\u0441\u0442\u0430\u0442\u0430: \u041a\u043e\u0440\u043e\u0442\u043a\u0438\u0439 \u0442\u043e\u043a\u0430\u0440\u043d\u0438\u0439 \u0432\u0435\u0440\u0441\u0442\u0430\u0442 \u0437 \u0427\u041f\u0423<br \/>\n\u0412\u0438\u0440\u043e\u0431\u043d\u0438\u043a: Hardinge<br \/>\n\u041c\u043e\u0434\u0435\u043b\u044c: GT27SP GG-121<br \/>\n\u0420\u0456\u043a \u0432\u0438\u0433\u043e\u0442\u043e\u0432\u043b\u0435\u043d\u043d\u044f: 2013<br \/>\n\u041a\u0435\u0440\u0443\u0432\u0430\u043d\u043d\u044f: Fanuc 32i A<br \/>\n\u041e\u043f\u0435\u0440\u0430\u0446\u0456\u0439\u043d\u0438\u0439 \u0441\u0442\u0430\u0442\u0443\u0441: \u041f\u043e\u0432\u043d\u0456\u0441\u0442\u044e \u0433\u043e\u0442\u043e\u0432\u0438\u0439 \u0434\u043e \u0440\u043e\u0431\u043e\u0442\u0438<br \/>\n\u041d\u0430\u043f\u0440\u0430\u0446\u044e\u0432\u0430\u043d\u043d\u044f: \u0431\u043b\u0438\u0437\u044c\u043a\u043e 60 000 \u0433\u043e\u0434\u0438\u043d<\/p>\n<p>\u0422\u0435\u0445\u043d\u0456\u0447\u043d\u0456 \u0434\u0430\u043d\u0456<\/p>\n<p>\u041e\u0442\u0432\u0456\u0440 \u0448\u043f\u0438\u043d\u0434\u0435\u043b\u044f: \u00d8 27 \u043c\u043c<\/p>\n<p>\u0428\u043f\u0438\u043d\u0434\u0435\u043b\u044c: A2-5<\/p>\n<p>\u041e\u0431'\u0454\u043c \u043f\u0430\u0442\u0440\u043e\u043d\u0430: \u043c\u0430\u043a\u0441. 80 \u043c\u043c<\/p>\n<p>\u041c\u0430\u043a\u0441\u0438\u043c\u0430\u043b\u044c\u043d\u0430 \u0448\u0432\u0438\u0434\u043a\u0456\u0441\u0442\u044c \u043e\u0431\u0435\u0440\u0442\u0430\u043d\u043d\u044f \u0448\u043f\u0438\u043d\u0434\u0435\u043b\u044f: 6 000 \u043e\u0431\/\u0445\u0432<\/p>\n<p>\u0425\u0456\u0434 \u043e\u0441\u0456 X: 607 \u043c\u043c<\/p>\n<p>\u0425\u0456\u0434 \u043f\u043e \u043e\u0441\u0456 Z: 286 \u043c\u043c<\/p>\n<p>\u0421\u0438\u0441\u0442\u0435\u043c\u0430 \u043e\u0445\u043e\u043b\u043e\u0434\u0436\u0435\u043d\u043d\u044f<\/p>\n<p>\u0421\u0438\u0441\u0442\u0435\u043c\u0430 \u0437\u0430\u0432\u0430\u043d\u0442\u0430\u0436\u0435\u043d\u043d\u044f \u0442\u0430 \u0440\u043e\u0437\u0432\u0430\u043d\u0442\u0430\u0436\u0435\u043d\u043d\u044f: FMB MH5LS-SP \/ 5 \u043f\u0430\u043b\u0435\u0442 \u0434\u043b\u044f \u0437\u0430\u0433\u043e\u0442\u043e\u0432\u043e\u043a, \u043f\u043e\u0434\u0432\u0456\u0439\u043d\u0438\u0439 \u0437\u0430\u0445\u0432\u0430\u0442<\/p>\n<p>\u0410\u043a\u0441\u0435\u0441\u0443\u0430\u0440\u0438 \/ \u0406\u043d\u0441\u0442\u0440\u0443\u043c\u0435\u043d\u0442\u0438 \/ \u041f\u043e\u0441\u0456\u0431\u043d\u0438\u043a\u0438<\/p>\n<p>\u0420\u043e\u0437\u043c\u0456\u0440\u0438 \u0442\u0430 \u0432\u0430\u0433\u0430 \u043c\u0430\u0448\u0438\u043d\u0438<\/p>\n<p>\u0420\u043e\u0437\u043c\u0456\u0440\u0438 \u043c\u0430\u0448\u0438\u043d\u0438: \u043f\u0440\u0438\u0431\u043b\u0438\u0437\u043d\u043e 1850 \u00d7 1750 \u00d7 1750 \u043c\u043c<\/p>\n<p>\u0412\u0430\u0433\u0430 \u043c\u0430\u0448\u0438\u043d\u0438: \u043f\u0440\u0438\u0431\u043b\u0438\u0437\u043d\u043e 2100 \u043a\u0433<\/p>\n<p>\u0420\u043e\u0437\u043c\u0456\u0440\u0438 \u0442\u0430 \u0432\u0430\u0433\u0430 \u0441\u0438\u0441\u0442\u0435\u043c\u0438 \u0437\u0430\u0432\u0430\u043d\u0442\u0430\u0436\u0435\u043d\u043d\u044f\/\u0440\u043e\u0437\u0432\u0430\u043d\u0442\u0430\u0436\u0435\u043d\u043d\u044f<\/p>\n<p>\u0420\u043e\u0437\u043c\u0456\u0440\u0438: \u043f\u0440\u0438\u0431\u043b\u0438\u0437\u043d\u043e 1900 \u00d7 950 \u00d7 2000 \u043c\u043c<\/p>\n<p>\u0412\u0430\u0433\u0430: \u0431\u043b\u0438\u0437\u044c\u043a\u043e 1000 \u043a\u0433<\/p>\n<p>\u0420\u043e\u0437\u043c\u0456\u0440\u0438 \u0442\u0430 \u0432\u0430\u0433\u0430 \u0441\u0438\u0441\u0442\u0435\u043c\u0438 \u043e\u0445\u043e\u043b\u043e\u0434\u0436\u0435\u043d\u043d\u044f<\/p>\n<p>\u0420\u043e\u0437\u043c\u0456\u0440\u0438: \u043f\u0440\u0438\u0431\u043b\u0438\u0437\u043d\u043e 1500 \u00d7 800 \u00d7 1100 \u043c\u043c<\/p>\n<p>\u0412\u0430\u0433\u0430: \u0431\u043b\u0438\u0437\u044c\u043a\u043e 250 \u043a\u0433<\/p>\n<p>\u041c\u0430\u0448\u0438\u043d\u0430 \u043f\u043e\u0432\u043d\u0456\u0441\u0442\u044e \u0440\u043e\u0431\u043e\u0447\u0430 \u0456 \u0432 \u0445\u043e\u0440\u043e\u0448\u043e\u043c\u0443 \u0441\u0442\u0430\u043d\u0456.<br \/>\n\u0414\u043b\u044f \u043e\u0442\u0440\u0438\u043c\u0430\u043d\u043d\u044f \u0434\u043e\u0434\u0430\u0442\u043a\u043e\u0432\u043e\u0457 \u0456\u043d\u0444\u043e\u0440\u043c\u0430\u0446\u0456\u0457 \u0430\u0431\u043e \u043e\u0440\u0433\u0430\u043d\u0456\u0437\u0430\u0446\u0456\u0457 \u0434\u0435\u043c\u043e\u043d\u0441\u0442\u0440\u0430\u0446\u0456\u0457 \u043f\u0456\u0434 \u0432\u043b\u0430\u0434\u043e\u044e, \u0431\u0443\u0434\u044c \u043b\u0430\u0441\u043a\u0430, \u0437\u0432'\u044f\u0436\u0456\u0442\u044c\u0441\u044f \u0437 \u043d\u0430\u043c\u0438.<br \/>\n\u0423\u0441\u0456 \u0442\u0435\u0445\u043d\u0456\u0447\u043d\u0456 \u0434\u0430\u043d\u0456 \u0442\u0430 \u0456\u043d\u0444\u043e\u0440\u043c\u0430\u0446\u0456\u044f \u0454 \u043f\u0440\u0438\u0431\u043b\u0438\u0437\u043d\u0438\u043c\u0438. \u0417\u0430 \u0443\u043c\u043e\u0432\u0438 \u043f\u043e\u043f\u0435\u0440\u0435\u0434\u043d\u044c\u043e\u0433\u043e \u043f\u0440\u043e\u0434\u0430\u0436\u0443 \u0442\u0430 \u0432\u0438\u043a\u043b\u044e\u0447\u0435\u043d\u043d\u044f \u043f\u043e\u043c\u0438\u043b\u043e\u043a.<\/p>","protected":false},"excerpt":{"rendered":"<p>Standort: Deutschland, Baden-W\u00fcrttemberg S\u00fcdwest Zustand: Gebraucht Hersteller: Hardinge Modell: GT27SP GG-121 Baujahr: 2013 Betriebsstunden: 59861 Maschinenbezeichnung: CNC-Kurzdrehmaschine Hersteller: Hardinge Modell: GT27SP GG-121 Baujahr: 2013 Steuerung: Fanuc 32i A Funktionsf\u00e4higkeit: voll funktionsf\u00e4hig Bearbeitungsstunden: ca. 60.000 Stunden Technische Daten Spindelbohrung: \u00d8 27 mm Spindelaufnahme: A2-5 Spannfutter max. 80mm Max. Spindeldrehzahl: 6.000 min\u207b\u00b9 X-Achse: 607 mm Z-Achse: 286 [&hellip;]<\/p>\n","protected":false},"featured_media":4597,"comment_status":"open","ping_status":"closed","template":"","meta":{"_uf_show_specific_survey":0,"_uf_disable_surveys":false},"product_brand":[],"product_cat":[90],"product_tag":[],"class_list":{"0":"post-4600","1":"product","2":"type-product","3":"status-publish","4":"has-post-thumbnail","6":"product_cat-cnc-drehmaschinen-0-199mm-drehd","8":"first","9":"instock","10":"taxable","11":"shipping-taxable","12":"product-type-simple"},"aioseo_notices":[],"_links":{"self":[{"href":"https:\/\/mueller-wrh.de\/uk\/wp-json\/wp\/v2\/product\/4600","targetHints":{"allow":["GET"]}}],"collection":[{"href":"https:\/\/mueller-wrh.de\/uk\/wp-json\/wp\/v2\/product"}],"about":[{"href":"https:\/\/mueller-wrh.de\/uk\/wp-json\/wp\/v2\/types\/product"}],"replies":[{"embeddable":true,"href":"https:\/\/mueller-wrh.de\/uk\/wp-json\/wp\/v2\/comments?post=4600"}],"wp:featuredmedia":[{"embeddable":true,"href":"https:\/\/mueller-wrh.de\/uk\/wp-json\/wp\/v2\/media\/4597"}],"wp:attachment":[{"href":"https:\/\/mueller-wrh.de\/uk\/wp-json\/wp\/v2\/media?parent=4600"}],"wp:term":[{"taxonomy":"product_brand","embeddable":true,"href":"https:\/\/mueller-wrh.de\/uk\/wp-json\/wp\/v2\/product_brand?post=4600"},{"taxonomy":"product_cat","embeddable":true,"href":"https:\/\/mueller-wrh.de\/uk\/wp-json\/wp\/v2\/product_cat?post=4600"},{"taxonomy":"product_tag","embeddable":true,"href":"https:\/\/mueller-wrh.de\/uk\/wp-json\/wp\/v2\/product_tag?post=4600"}],"curies":[{"name":"wp","href":"https:\/\/api.w.org\/{rel}","templated":true}]}}