{"id":4596,"date":"2026-01-12T10:29:03","date_gmt":"2026-01-12T10:29:03","guid":{"rendered":"https:\/\/mueller-wrh.de\/produkt\/index-abc_fanuc_-cnc-drehmaschine-bj-2017-_intnr231463\/"},"modified":"2026-01-12T10:29:03","modified_gmt":"2026-01-12T10:29:03","slug":"index-abc_fanuc_-cnc-drehmaschine-bj-2017-_intnr231463","status":"publish","type":"product","link":"https:\/\/mueller-wrh.de\/uk\/product\/index-abc_fanuc_-cnc-drehmaschine-bj-2017-_intnr231463\/","title":{"rendered":"\u0406\u043d\u0434\u0435\u043a\u0441 ABC_Fanuc_\u0442\u043e\u043a\u0430\u0440\u043d\u0438\u0439 \u0432\u0435\u0440\u0441\u0442\u0430\u0442 \u0437 \u0427\u041f\u0423 2017 \u0440\u043e\u043a\u0443 _IntNo231463"},"content":{"rendered":"<p><b>\u041c\u0456\u0441\u0446\u0435\u0437\u043d\u0430\u0445\u043e\u0434\u0436\u0435\u043d\u043d\u044f:<\/b> \u041d\u0456\u043c\u0435\u0447\u0447\u0438\u043d\u0430, \u0411\u0430\u0434\u0435\u043d-\u0412\u044e\u0440\u0442\u0435\u043c\u0431\u0435\u0440\u0433 \u041f\u0456\u0432\u0434\u0435\u043d\u043d\u0438\u0439 \u0417\u0430\u0445\u0456\u0434<\/p>\n<p><b>\u0423\u043c\u043e\u0432\u0430:<\/b> \u0411\/\u0432<\/p>\n<p><b>\u0412\u0438\u0440\u043e\u0431\u043d\u0438\u043a:<\/b> \u0406\u043d\u0434\u0435\u043a\u0441<\/p>\n<p><b>\u041c\u043e\u0434\u0435\u043b\u044c:<\/b> \u0410\u0417\u0411\u0423\u041a\u0410<\/p>\n<p><b>\u0420\u0456\u043a \u043f\u043e\u0431\u0443\u0434\u043e\u0432\u0438:<\/b> 2017<\/p>\n<p>\u041f\u043e\u0437\u043d\u0430\u0447\u0435\u043d\u043d\u044f \u0432\u0435\u0440\u0441\u0442\u0430\u0442\u0430: \u041a\u043e\u0440\u043e\u0442\u043a\u0438\u0439 \u0442\u043e\u043a\u0430\u0440\u043d\u0438\u0439 \u0432\u0435\u0440\u0441\u0442\u0430\u0442 \u0437 \u0427\u041f\u041a<br \/>\n\u0412\u0438\u0440\u043e\u0431\u043d\u0438\u043a: Index<br \/>\n\u041c\u043e\u0434\u0435\u043b\u044c: ABC<br \/>\n\u0420\u0456\u043a \u043f\u043e\u0431\u0443\u0434\u043e\u0432\u0438: 2017<br \/>\n\u0421\u0438\u0441\u0442\u0435\u043c\u0430 \u043a\u0435\u0440\u0443\u0432\u0430\u043d\u043d\u044f: Fanuc 32 i- B<br \/>\n\u0424\u0443\u043d\u043a\u0446\u0456\u043e\u043d\u0430\u043b\u044c\u043d\u0456\u0441\u0442\u044c: \u043f\u043e\u0432\u043d\u0456\u0441\u0442\u044e \u0444\u0443\u043d\u043a\u0446\u0456\u043e\u043d\u0430\u043b\u044c\u043d\u0438\u0439<br \/>\n\u0427\u0430\u0441 \u043e\u0431\u0440\u043e\u0431\u043a\u0438: \u043f\u0440\u0438\u0431\u043b. \u0433\u043e\u0434\u0438\u043d<\/p>\n<p>\u0422\u0435\u0445\u043d\u0456\u0447\u043d\u0456 \u0445\u0430\u0440\u0430\u043a\u0442\u0435\u0440\u0438\u0441\u0442\u0438\u043a\u0438<br \/>\n\u041e\u0442\u0432\u0456\u0440 \u0448\u043f\u0438\u043d\u0434\u0435\u043b\u044f: \u00d8 42 \u043c\u043c<br \/>\n\u0414\u0430\u043d\u0456 \u043f\u0440\u043e \u043f\u0440\u043e\u0445\u0456\u0434 \u0456 \u043f\u043e\u0434\u0430\u0447\u0443<br \/>\n\u0425\u0456\u0434 \u043f\u043e \u043e\u0441\u0456 X: \u043f\u0440\u0438\u0431\u043b\u0438\u0437\u043d\u043e 90 \u043c\u043c<br \/>\n\u0425\u0456\u0434 \u043f\u043e \u043e\u0441\u0456 Z: \u043f\u0440\u0438\u0431\u043b\u0438\u0437\u043d\u043e 280 \u043c\u043c<br \/>\n\u0428\u0432\u0438\u0434\u043a\u0456\u0441\u043d\u0435 \u043f\u0435\u0440\u0435\u043c\u0456\u0449\u0435\u043d\u043d\u044f X: \u043f\u0440\u0438\u0431\u043b. 27 \u043c\/\u0445\u0432<br \/>\n\u0428\u0432\u0438\u0434\u043a\u0435 \u043f\u0435\u0440\u0435\u043c\u0456\u0449\u0435\u043d\u043d\u044f Z: \u043f\u0440\u0438\u0431\u043b. 36 \u043c\/\u0445\u0432<\/p>\n<p>\u0412\u0435\u0440\u0445\u043d\u044f \u0431\u0430\u0448\u0442\u0430 (\u043e\u0441\u043d\u043e\u0432\u043d\u0438\u0439 \u043d\u043e\u0441\u0456\u0439 \u0456\u043d\u0441\u0442\u0440\u0443\u043c\u0435\u043d\u0442\u0443):<br \/>\n\u041a\u0456\u043b\u044c\u043a\u0456\u0441\u0442\u044c \u0441\u0442\u0430\u043d\u0446\u0456\u0439: 8 (\u0432\u043a\u043b\u044e\u0447\u0430\u044e\u0447\u0438 1 \u0441\u0438\u043d\u0445\u0440\u043e\u043d\u0456\u0437\u043e\u0432\u0430\u043d\u0443 \u043f\u043e\u0437\u0438\u0446\u0456\u044e)<br \/>\n\u0422\u0440\u0438\u043c\u0430\u0447 \u0456\u043d\u0441\u0442\u0440\u0443\u043c\u0435\u043d\u0442\u0443: VDI 25<br \/>\n\u041f\u0456\u0434\u0442\u0440\u0438\u043c\u0443\u0454 \u043a\u0435\u0440\u043e\u0432\u0430\u043d\u0456 \u0456\u043d\u0441\u0442\u0440\u0443\u043c\u0435\u043d\u0442\u0438.<\/p>\n<p>\u041d\u0438\u0436\u043d\u044f \u0431\u0430\u0448\u0442\u0430:<br \/>\n\u041a\u0456\u043b\u044c\u043a\u0456\u0441\u0442\u044c \u0441\u0442\u0430\u043d\u0446\u0456\u0439: 6<br \/>\n\u0411\u0435\u0437 \u043f\u0440\u0438\u0432\u043e\u0434\u0443<\/p>\n<p>\u0417\u0432\u043e\u0440\u043e\u0442\u043d\u0438\u0439 \u0431\u0456\u043a:<br \/>\n5 \u0441\u0442\u0430\u043d\u0446\u0456\u0439 \u0434\u043b\u044f \u0437\u0430\u0434\u043d\u044c\u043e\u0457 \u043e\u0431\u0440\u043e\u0431\u043a\u0438<\/p>\n<p>\u041e\u0434\u043d\u043e\u0447\u0430\u0441\u043d\u0430 \u043e\u0431\u0440\u043e\u0431\u043a\u0430 \u0434\u043e 3 \u0456\u043d\u0441\u0442\u0440\u0443\u043c\u0435\u043d\u0442\u0456\u0432 \u043e\u0434\u043d\u043e\u0447\u0430\u0441\u043d\u043e<\/p>\n<p>\u0421\u0438\u0441\u0442\u0435\u043c\u0430 \u043e\u0445\u043e\u043b\u043e\u0434\u0436\u0435\u043d\u043d\u044f - \u0442\u0440\u0430\u043d\u0441\u043f\u043e\u0440\u0442\u0435\u0440 \u0441\u0442\u0440\u0443\u0436\u043a\u0438 <\/p>\n<p>\u0416\u0438\u0432\u0438\u043b\u044c\u043d\u0438\u043a \u043f\u0440\u0443\u0442\u043a\u0456\u0432 IRCO ILS MUK 7012-II \u0420\u0456\u043a \u0432\u0438\u043f\u0443\u0441\u043a\u0443 2015<br \/>\n\u0410\u043a\u0441\u0435\u0441\u0443\u0430\u0440\u0438 \/ \u0406\u043d\u0441\u0442\u0440\u0443\u043c\u0435\u043d\u0442\u0438 \/ \u041f\u043e\u0441\u0456\u0431\u043d\u0438\u043a\u0438<\/p>\n<p>\u0412\u0430\u0433\u0430 \u0442\u0430 \u0433\u0430\u0431\u0430\u0440\u0438\u0442\u0438 \u043c\u0430\u0448\u0438\u043d\u0438<br \/>\n\u0420\u043e\u0437\u043c\u0456\u0440\u0438 \u043c\u0430\u0448\u0438\u043d\u0438: \u043f\u0440\u0438\u0431\u043b\u0438\u0437\u043d\u043e 2830 \u00d7 1500 \u00d7 2200 \u043c\u043c<br \/>\n\u0412\u0430\u0433\u0430 \u043c\u0430\u0448\u0438\u043d\u0438: \u0431\u043b\u0438\u0437\u044c\u043a\u043e 3500 \u043a\u0433<\/p>\n<p>\u0412\u0430\u0433\u0430 \u0442\u0430 \u0433\u0430\u0431\u0430\u0440\u0438\u0442\u0438 \u043a\u043e\u043d\u0432\u0435\u0454\u0440\u0430 \u0441\u0438\u0441\u0442\u0435\u043c\u0438 \u043e\u0445\u043e\u043b\u043e\u0434\u0436\u0435\u043d\u043d\u044f \u0441\u0442\u0440\u0443\u0436\u043a\u0438<br \/>\n\u0420\u043e\u0437\u043c\u0456\u0440\u0438 \u043c\u0430\u0448\u0438\u043d\u0438: \u043f\u0440\u0438\u0431\u043b\u0438\u0437\u043d\u043e 1600 \u00d7 1250 \u00d7 1780 \u043c\u043c<br \/>\n\u0412\u0430\u0433\u0430 \u043c\u0430\u0448\u0438\u043d\u0438: \u0431\u043b\u0438\u0437\u044c\u043a\u043e 680 \u043a\u0433<\/p>\n<p>\u0412\u0430\u0433\u0430 \u0442\u0430 \u0433\u0430\u0431\u0430\u0440\u0438\u0442\u0438 \u043f\u0440\u0438\u0441\u0442\u0440\u043e\u044e \u043f\u043e\u0434\u0430\u0447\u0456 \u043f\u0440\u0443\u0442\u043a\u0456\u0432 IRCO ILS MUK<br \/>\n\u0420\u043e\u0437\u043c\u0456\u0440\u0438 \u043c\u0430\u0448\u0438\u043d\u0438: \u043f\u0440\u0438\u0431\u043b\u0438\u0437\u043d\u043e 1800 \u00d7 1000 \u00d7 1280 \u043c\u043c<br \/>\n\u0412\u0430\u0433\u0430 \u043c\u0430\u0448\u0438\u043d\u0438: \u0431\u043b\u0438\u0437\u044c\u043a\u043e 650 \u043a\u0433<\/p>\n<p>\u041c\u0430\u0448\u0438\u043d\u0430 \u043f\u043e\u0432\u043d\u0456\u0441\u0442\u044e \u0444\u0443\u043d\u043a\u0446\u0456\u043e\u043d\u0430\u043b\u044c\u043d\u0430 \u0456 \u0437\u043d\u0430\u0445\u043e\u0434\u0438\u0442\u044c\u0441\u044f \u0432 \u0445\u043e\u0440\u043e\u0448\u043e\u043c\u0443 \u0432\u0436\u0438\u0432\u0430\u043d\u043e\u043c\u0443 \u0441\u0442\u0430\u043d\u0456.<br \/>\n\u0414\u043b\u044f \u043e\u0442\u0440\u0438\u043c\u0430\u043d\u043d\u044f \u0434\u043e\u0434\u0430\u0442\u043a\u043e\u0432\u043e\u0457 \u0456\u043d\u0444\u043e\u0440\u043c\u0430\u0446\u0456\u0457 \u0430\u0431\u043e \u043f\u0435\u0440\u0435\u0433\u043b\u044f\u0434\u0443 \u043f\u0456\u0434 \u043d\u0430\u043f\u0440\u0443\u0433\u043e\u044e, \u0431\u0443\u0434\u044c \u043b\u0430\u0441\u043a\u0430, \u0437\u0432'\u044f\u0436\u0456\u0442\u044c\u0441\u044f \u0437 \u043d\u0430\u043c\u0438.<br \/>\n\u041c\u0438 \u0437\u0430\u043b\u0438\u0448\u0430\u0454\u043c\u043e \u0437\u0430 \u0441\u043e\u0431\u043e\u044e \u043f\u0440\u0430\u0432\u043e \u043d\u0430 \u0437\u043c\u0456\u043d\u0438 \u0442\u0430 \u043f\u043e\u043c\u0438\u043b\u043a\u0438 \u0432 \u0442\u0435\u0445\u043d\u0456\u0447\u043d\u0438\u0445 \u0434\u0430\u043d\u0438\u0445 \u0442\u0430 \u0441\u043f\u0435\u0446\u0438\u0444\u0456\u043a\u0430\u0446\u0456\u044f\u0445, \u0430 \u0442\u0430\u043a\u043e\u0436 \u043d\u0430 \u043f\u043e\u043f\u0435\u0440\u0435\u0434\u043d\u0456\u0439 \u043f\u0440\u043e\u0434\u0430\u0436!<\/p>\n<p>\u041f\u0440\u0438\u0437\u043d\u0430\u0447\u0435\u043d\u043d\u044f \u0432\u0435\u0440\u0441\u0442\u0430\u0442\u0430: \u041a\u043e\u0440\u043e\u0442\u043a\u043e\u0440\u0456\u0437\u043d\u0438\u0439 \u0442\u043e\u043a\u0430\u0440\u043d\u0438\u0439 \u0432\u0435\u0440\u0441\u0442\u0430\u0442 \u0437 \u0427\u041f\u041a<br \/>\n\u0412\u0438\u0440\u043e\u0431\u043d\u0438\u043a: Index<br \/>\n\u041c\u043e\u0434\u0435\u043b\u044c: ABC<br \/>\n\u0420\u0456\u043a \u0432\u0438\u0433\u043e\u0442\u043e\u0432\u043b\u0435\u043d\u043d\u044f: 2017<br \/>\n\u0421\u0438\u0441\u0442\u0435\u043c\u0430 \u043a\u0435\u0440\u0443\u0432\u0430\u043d\u043d\u044f: Fanuc 32i-B<br \/>\n\u041e\u043f\u0435\u0440\u0430\u0446\u0456\u0439\u043d\u0438\u0439 \u0441\u0442\u0430\u0442\u0443\u0441: \u041f\u043e\u0432\u043d\u0456\u0441\u0442\u044e \u0433\u043e\u0442\u043e\u0432\u0438\u0439 \u0434\u043e \u0440\u043e\u0431\u043e\u0442\u0438<br \/>\n\u0413\u043e\u0434\u0438\u043d\u0438 \u0440\u043e\u0431\u043e\u0442\u0438: \u0431\u043b\u0438\u0437\u044c\u043a\u043e ___ \u0433\u043e\u0434\u0438\u043d<\/p>\n<p>\u0422\u0435\u0445\u043d\u0456\u0447\u043d\u0456 \u0434\u0430\u043d\u0456<\/p>\n<p>\u041e\u0442\u0432\u0456\u0440 \u0448\u043f\u0438\u043d\u0434\u0435\u043b\u044f: \u00d8 42 \u043c\u043c<\/p>\n<p>\u0414\u0430\u043d\u0456 \u043f\u0440\u043e \u043f\u0435\u0440\u0435\u0441\u0443\u0432\u0430\u043d\u043d\u044f \u0442\u0430 \u043f\u043e\u0434\u0430\u0447\u0443:<\/p>\n<p>\u0425\u0456\u0434 \u043e\u0441\u0456 X: \u043f\u0440\u0438\u0431\u043b\u0438\u0437\u043d\u043e 90 \u043c\u043c<\/p>\n<p>\u0425\u0456\u0434 \u043e\u0441\u0456 Z: \u043f\u0440\u0438\u0431\u043b\u0438\u0437\u043d\u043e 280 \u043c\u043c<\/p>\n<p>\u0428\u0432\u0438\u0434\u043a\u0430 \u043f\u043e\u0434\u0430\u0447\u0430 X: \u043f\u0440\u0438\u0431\u043b. 27 \u043c\/\u0445\u0432<\/p>\n<p>\u0428\u0432\u0438\u0434\u043a\u0430 \u043f\u043e\u0434\u0430\u0447\u0430 Z: \u043f\u0440\u0438\u0431\u043b. 36 \u043c\/\u0445\u0432<\/p>\n<p>\u0412\u0435\u0440\u0445\u043d\u044f \u0431\u0430\u0448\u0442\u0430 (\u043e\u0441\u043d\u043e\u0432\u043d\u0438\u0439 \u043d\u043e\u0441\u0456\u0439 \u0456\u043d\u0441\u0442\u0440\u0443\u043c\u0435\u043d\u0442\u0443):<\/p>\n<p>\u041a\u0456\u043b\u044c\u043a\u0456\u0441\u0442\u044c \u0441\u0442\u0430\u043d\u0446\u0456\u0439: 8 (1 \u0441\u0438\u043d\u0445\u0440\u043e\u043d\u0456\u0437\u0443\u0454\u0442\u044c\u0441\u044f)<\/p>\n<p>\u0422\u0440\u0438\u043c\u0430\u0447 \u0456\u043d\u0441\u0442\u0440\u0443\u043c\u0435\u043d\u0442\u0443: VDI 25<\/p>\n<p>\u041f\u0456\u0434\u0442\u0440\u0438\u043c\u0443\u0454 \u043a\u0435\u0440\u043e\u0432\u0430\u043d\u0456 \u0456\u043d\u0441\u0442\u0440\u0443\u043c\u0435\u043d\u0442\u0438<\/p>\n<p>\u041d\u0438\u0436\u043d\u044f \u0431\u0430\u0448\u0442\u0430:<\/p>\n<p>\u041a\u0456\u043b\u044c\u043a\u0456\u0441\u0442\u044c \u0441\u0442\u0430\u043d\u0446\u0456\u0439: 6<\/p>\n<p>\u041d\u0435\u043f\u0440\u0438\u0432\u043e\u0434\u043d\u0438\u0439<\/p>\n<p>\u0417\u0437\u0430\u0434\u0443:<\/p>\n<p>5 \u0441\u0442\u0430\u043d\u0446\u0456\u0439 \u0434\u043b\u044f \u043e\u043f\u0435\u0440\u0430\u0446\u0456\u0439 \u043d\u0430 \u0437\u0430\u0434\u043d\u0456\u0439 \u043f\u0430\u043d\u0435\u043b\u0456<\/p>\n<p>\u041e\u0434\u043d\u043e\u0447\u0430\u0441\u043d\u0430 \u043e\u0431\u0440\u043e\u0431\u043a\u0430: \u0434\u043e 3 \u0456\u043d\u0441\u0442\u0440\u0443\u043c\u0435\u043d\u0442\u0456\u0432 \u043e\u0434\u043d\u043e\u0447\u0430\u0441\u043d\u043e<\/p>\n<p>\u0421\u0438\u0441\u0442\u0435\u043c\u0430 \u043e\u0445\u043e\u043b\u043e\u0434\u0436\u0435\u043d\u043d\u044f \u0442\u0430 \u0442\u0440\u0430\u043d\u0441\u043f\u043e\u0440\u0442\u0435\u0440 \u0441\u0442\u0440\u0443\u0436\u043a\u0438<\/p>\n<p>\u041c\u0435\u0445\u0430\u043d\u0456\u0437\u043c \u043f\u043e\u0434\u0430\u0447\u0456 \u043f\u0440\u0443\u0442\u043a\u0456\u0432: IRCO ILS MUK 7012-II, \u0440\u0456\u043a \u0432\u0438\u043f\u0443\u0441\u043a\u0443 2015<\/p>\n<p>\u0410\u043a\u0441\u0435\u0441\u0443\u0430\u0440\u0438 \/ \u0406\u043d\u0441\u0442\u0440\u0443\u043c\u0435\u043d\u0442\u0438 \/ \u041f\u043e\u0441\u0456\u0431\u043d\u0438\u043a\u0438<\/p>\n<p>\u0420\u043e\u0437\u043c\u0456\u0440\u0438 \u0442\u0430 \u0432\u0430\u0433\u0430 \u043c\u0430\u0448\u0438\u043d\u0438<\/p>\n<p>\u041c\u0430\u0448\u0438\u043d\u0430: \u043f\u0440\u0438\u0431\u043b. 2830 \u00d7 1500 \u00d7 2200 \u043c\u043c, \u0432\u0430\u0433\u0430: \u043f\u0440\u0438\u0431\u043b. 3500 \u043a\u0433<\/p>\n<p>\u0421\u0438\u0441\u0442\u0435\u043c\u0430 \u043e\u0445\u043e\u043b\u043e\u0434\u0436\u0435\u043d\u043d\u044f \u0442\u0430 \u0442\u0440\u0430\u043d\u0441\u043f\u043e\u0440\u0442\u0435\u0440 \u0441\u0442\u0440\u0443\u0436\u043a\u0438: \u043f\u0440\u0438\u0431\u043b\u0438\u0437\u043d\u043e 1600 \u00d7 1250 \u00d7 1780 \u043c\u043c, \u0432\u0430\u0433\u0430: \u043f\u0440\u0438\u0431\u043b\u0438\u0437\u043d\u043e 680 \u043a\u0433<\/p>\n<p>\u0416\u0438\u0432\u0438\u043b\u044c\u043d\u0438\u043a \u043f\u0440\u0443\u0442\u043a\u0456\u0432 IRCO ILS MUK: \u043f\u0440\u0438\u0431\u043b. 1800 \u00d7 1000 \u00d7 1280 \u043c\u043c, \u0432\u0430\u0433\u0430: \u043f\u0440\u0438\u0431\u043b. 650 \u043a\u0433<\/p>\n<p>\u041c\u0430\u0448\u0438\u043d\u0430 \u043f\u043e\u0432\u043d\u0456\u0441\u0442\u044e \u0440\u043e\u0431\u043e\u0447\u0430 \u0456 \u0432 \u0445\u043e\u0440\u043e\u0448\u043e\u043c\u0443 \u0441\u0442\u0430\u043d\u0456.<br \/>\n\u0414\u043b\u044f \u043e\u0442\u0440\u0438\u043c\u0430\u043d\u043d\u044f \u0434\u043e\u0434\u0430\u0442\u043a\u043e\u0432\u043e\u0457 \u0456\u043d\u0444\u043e\u0440\u043c\u0430\u0446\u0456\u0457 \u0430\u0431\u043e \u0443\u0447\u0430\u0441\u0442\u0456 \u0443 \u0434\u0435\u043c\u043e\u043d\u0441\u0442\u0440\u0430\u0446\u0456\u0457 \u043f\u0456\u0434 \u0432\u043b\u0430\u0434\u043e\u044e, \u0431\u0443\u0434\u044c \u043b\u0430\u0441\u043a\u0430, \u0437\u0432'\u044f\u0436\u0456\u0442\u044c\u0441\u044f \u0437 \u043d\u0430\u043c\u0438.<br \/>\n\u0422\u0435\u0445\u043d\u0456\u0447\u043d\u0456 \u0434\u0430\u043d\u0456 \u0442\u0430 \u0456\u043d\u0444\u043e\u0440\u043c\u0430\u0446\u0456\u044f \u043c\u043e\u0436\u0443\u0442\u044c \u0431\u0443\u0442\u0438 \u0437\u043c\u0456\u043d\u0435\u043d\u0456 \u0442\u0430 \u043f\u043e\u043c\u0438\u043b\u043a\u043e\u0432\u0456. \u041f\u043e\u043f\u0435\u0440\u0435\u0434\u043d\u0456\u0439 \u043f\u0440\u043e\u0434\u0430\u0436 \u0437\u0430\u0440\u0435\u0437\u0435\u0440\u0432\u043e\u0432\u0430\u043d\u043e.<\/p>","protected":false},"excerpt":{"rendered":"<p>Standort: Deutschland, Baden-W\u00fcrttemberg S\u00fcdwest Zustand: Gebraucht Hersteller: Index Modell: ABC Baujahr: 2017 Maschinenbezeichnung: CNC-Kurzdrehmaschine Hersteller: Index Modell: ABC Baujahr: 2017 Steuerung: Fanuc 32 i- B Funktionsf\u00e4higkeit: voll funktionsf\u00e4hig Bearbeitungsstunden: ca. Stunden Technische Daten Spindelbohrung: \u00d8 42 mm Verfahr- und Vorschubdaten X-Achse Verfahrweg: ca. 90 mm Z-Achse Verfahrweg: ca. 280 mm Eilgang X: ca. 27 m\/min [&hellip;]<\/p>\n","protected":false},"featured_media":4590,"comment_status":"open","ping_status":"closed","template":"","meta":{"_uf_show_specific_survey":0,"_uf_disable_surveys":false},"product_brand":[],"product_cat":[90],"product_tag":[],"class_list":{"0":"post-4596","1":"product","2":"type-product","3":"status-publish","4":"has-post-thumbnail","6":"product_cat-cnc-drehmaschinen-0-199mm-drehd","8":"first","9":"instock","10":"taxable","11":"shipping-taxable","12":"product-type-simple"},"aioseo_notices":[],"_links":{"self":[{"href":"https:\/\/mueller-wrh.de\/uk\/wp-json\/wp\/v2\/product\/4596","targetHints":{"allow":["GET"]}}],"collection":[{"href":"https:\/\/mueller-wrh.de\/uk\/wp-json\/wp\/v2\/product"}],"about":[{"href":"https:\/\/mueller-wrh.de\/uk\/wp-json\/wp\/v2\/types\/product"}],"replies":[{"embeddable":true,"href":"https:\/\/mueller-wrh.de\/uk\/wp-json\/wp\/v2\/comments?post=4596"}],"wp:featuredmedia":[{"embeddable":true,"href":"https:\/\/mueller-wrh.de\/uk\/wp-json\/wp\/v2\/media\/4590"}],"wp:attachment":[{"href":"https:\/\/mueller-wrh.de\/uk\/wp-json\/wp\/v2\/media?parent=4596"}],"wp:term":[{"taxonomy":"product_brand","embeddable":true,"href":"https:\/\/mueller-wrh.de\/uk\/wp-json\/wp\/v2\/product_brand?post=4596"},{"taxonomy":"product_cat","embeddable":true,"href":"https:\/\/mueller-wrh.de\/uk\/wp-json\/wp\/v2\/product_cat?post=4596"},{"taxonomy":"product_tag","embeddable":true,"href":"https:\/\/mueller-wrh.de\/uk\/wp-json\/wp\/v2\/product_tag?post=4596"}],"curies":[{"name":"wp","href":"https:\/\/api.w.org\/{rel}","templated":true}]}}