{"id":4286,"date":"2025-10-18T09:40:01","date_gmt":"2025-10-18T09:40:01","guid":{"rendered":"https:\/\/mueller-wrh.de\/produkt\/star-sv-32jii_bj-2002_-typ-440_intnr231159\/"},"modified":"2025-10-18T09:40:01","modified_gmt":"2025-10-18T09:40:01","slug":"star-sv-32jii_bj-2002_-typ-440_intnr231159","status":"publish","type":"product","link":"https:\/\/mueller-wrh.de\/uk\/product\/star-sv-32jii_bj-2002_-typ-440_intnr231159\/","title":{"rendered":"Star SV-32JII_\u0420\u0456\u043a 2002_\u0422\u0438\u043f 440_\u0406\u043d\u0442\u041d\u043e\u043c\u0435\u0440 231159"},"content":{"rendered":"<p><b>\u041c\u0456\u0441\u0446\u0435\u0437\u043d\u0430\u0445\u043e\u0434\u0436\u0435\u043d\u043d\u044f:<\/b> \u041d\u0456\u043c\u0435\u0447\u0447\u0438\u043d\u0430, \u0411\u0430\u0434\u0435\u043d-\u0412\u044e\u0440\u0442\u0435\u043c\u0431\u0435\u0440\u0433 \u041f\u0456\u0432\u0434\u0435\u043d\u043d\u0438\u0439 \u0417\u0430\u0445\u0456\u0434<\/p>\n<p><b>\u0423\u043c\u043e\u0432\u0430:<\/b> \u0411\/\u0432<\/p>\n<p><b>\u0412\u0438\u0440\u043e\u0431\u043d\u0438\u043a:<\/b> STAR Micronics<\/p>\n<p><b>\u041c\u043e\u0434\u0435\u043b\u044c:<\/b> SV-32<\/p>\n<p><b>\u0420\u0456\u043a \u043f\u043e\u0431\u0443\u0434\u043e\u0432\u0438:<\/b> 2002<\/p>\n<p><b>\u0413\u043e\u0434\u0438\u043d\u0438 \u0440\u043e\u0431\u043e\u0442\u0438:<\/b> 18000<\/p>\n<p>IntNo231159<br \/>\n\u0422\u0438\u043f \u0432\u0435\u0440\u0441\u0442\u0430\u0442\u0430 \u0422\u043e\u043a\u0430\u0440\u043d\u0438\u0439 \u0432\u0435\u0440\u0441\u0442\u0430\u0442 \u0437 \u0427\u041f\u041a \u0437 \u0440\u0443\u0445\u043e\u043c\u043e\u044e \u0448\u043f\u0438\u043d\u0434\u0435\u043b\u044c\u043d\u043e\u044e \u0431\u0430\u0431\u043a\u043e\u044e<br \/>\n\u0412\u0438\u0440\u043e\u0431\u043d\u0438\u043a STAR Micronics<br \/>\n\u041c\u043e\u0434\u0435\u043b\u044c SV32 JII<br \/>\n\u0420\u0456\u043a \u043f\u043e\u0431\u0443\u0434\u043e\u0432\u0438 2002<br \/>\n\u0421\u0442\u0430\u043d \u0434\u0443\u0436\u0435 \u0445\u043e\u0440\u043e\u0448\u0438\u0439 (\u0432\u0436\u0438\u0432\u0430\u043d\u0438\u0439)<br \/>\n\u0414\u0443\u0436\u0435 \u0434\u043e\u0431\u0440\u0435 \u0434\u043e\u0433\u043b\u044f\u043d\u0443\u0442\u0430 \u043c\u0430\u0448\u0438\u043d\u0430 \u0431\u0435\u0437\u043f\u043e\u0441\u0435\u0440\u0435\u0434\u043d\u044c\u043e \u0432\u0456\u0434 \u043a\u043e\u0440\u0438\u0441\u0442\u0443\u0432\u0430\u0447\u0430<br \/>\n\u041c\u0430\u0448\u0438\u043d\u0430 \u043f\u0440\u0430\u0446\u044e\u0432\u0430\u043b\u0430 \u0442\u0456\u043b\u044c\u043a\u0438 \u0437 \u043c\u0430\u0441\u043b\u043e\u043c<br \/>\n\u041d\u0430\u043f\u0440\u0430\u0446\u044e\u0432\u0430\u043d\u043d\u044f \u0431\u043b\u0438\u0437\u044c\u043a\u043e 18 000 \u0433\u043e\u0434\u0438\u043d.<br \/>\n\u0421\u0442\u0430\u043d\u0434\u0430\u0440\u0442\u043d\u0435 \u043f\u0440\u0438\u043b\u0430\u0434\u0434\u044f \u0434\u043b\u044f \u0432\u0435\u0440\u0441\u0442\u0430\u0442\u0456\u0432<br \/>\n. \u041d\u0430\u043f\u0440\u0430\u0432\u043b\u044f\u044e\u0447\u0430 \u0432\u0442\u0443\u043b\u043a\u0430 \u0437 \u0441\u0438\u043d\u0445\u0440\u043e\u043d\u043d\u0438\u043c \u043f\u0440\u0438\u0432\u043e\u0434\u043e\u043c<br \/>\n. \u0412\u0456\u0441\u044c \u0421 \u043d\u0430 \u0433\u043e\u043b\u043e\u0432\u043d\u043e\u043c\u0443 \u0448\u043f\u0438\u043d\u0434\u0435\u043b\u0456 \u0442\u0430 \u0448\u043f\u0438\u043d\u0434\u0435\u043b\u0456 \u043f\u043e\u0434\u0430\u0447\u0456<br \/>\n. \u0421\u0442\u0440\u0456\u0447\u043a\u043e\u0432\u0438\u0439 \u043a\u043e\u043d\u0432\u0435\u0454\u0440 \u0434\u043b\u044f \u0437\u0430\u0433\u043e\u0442\u043e\u0432\u043e\u043a<br \/>\n. \u0426\u0430\u043d\u0433\u043e\u0432\u0430 \u0432\u0442\u0443\u043b\u043a\u0430 \u0433\u043e\u043b\u043e\u0432\u043d\u043e\u0433\u043e \u0448\u043f\u0438\u043d\u0434\u0435\u043b\u044f F37 (673-53)<br \/>\n. \u0426\u0430\u043d\u0433\u043e\u0432\u0438\u0439 \u0437\u0430\u0442\u0438\u0441\u043a\u043d\u0438\u0439 \u0448\u043f\u0438\u043d\u0434\u0435\u043b\u044c F37 (673-73)<br \/>\n. 3-\u0448\u043f\u0438\u043d\u0434\u0435\u043b\u044c\u043d\u0438\u0439 \u0441\u0432\u0435\u0440\u0434\u043b\u0438\u043b\u044c\u043d\u0438\u0439 \u0432\u0435\u0440\u0441\u0442\u0430\u0442 \u0434\u043b\u044f \u043f\u043e\u043f\u0435\u0440\u0435\u0447\u043d\u043e\u0433\u043e \u0441\u0432\u0435\u0440\u0434\u043b\u0456\u043d\u043d\u044f<br \/>\n. 4-\u043f\u043e\u0437\u0438\u0446\u0456\u0439\u043d\u0438\u0439 \u0442\u0440\u0438\u043c\u0430\u0447 \u0434\u043b\u044f \u0456\u043d\u0441\u0442\u0440\u0443\u043c\u0435\u043d\u0442\u0456\u0432 16x16 \u043c\u043c<br \/>\n. \u0428\u043f\u0438\u043d\u0434\u0435\u043b\u044c \u0437 \u043c\u043e\u0436\u043b\u0438\u0432\u0456\u0441\u0442\u044e \u0437\u0430\u0445\u043e\u043f\u043b\u0435\u043d\u043d\u044f 32 \u043c\u043c<br \/>\n. \u041f\u0440\u0438\u0441\u0442\u0440\u0456\u0439 \u0434\u043b\u044f \u0432\u0438\u0434\u0443\u0432\u0430\u043d\u043d\u044f \u0434\u0435\u0442\u0430\u043b\u0435\u0439 \u0441\u043f\u0435\u0440\u0435\u0434\u0443<br \/>\n. \u0412\u0438\u0448\u0442\u043e\u0432\u0445\u0443\u0432\u0430\u0447 \u0434\u0435\u0442\u0430\u043b\u0435\u0439, \u0437\u0430\u0445\u0438\u0441\u043d\u0438\u0439 \u043a\u043e\u0436\u0443\u0445 \u0434\u043b\u044f \u0432\u0438\u0448\u0442\u043e\u0432\u0445\u0443\u0432\u0430\u043d\u043d\u044f \u0434\u0435\u0442\u0430\u043b\u0435\u0439,<br \/>\n. \u0417\u0430\u0445\u0438\u0441\u0442 \u0432\u0456\u0434\u0440\u0456\u0437\u043d\u043e\u0457 \u0441\u0442\u0430\u043b\u0456 \u0432\u0456\u0434 \u0440\u0443\u0439\u043d\u0443\u0432\u0430\u043d\u043d\u044f<br \/>\n. \u041e\u043a\u0440\u0435\u043c\u0438\u0439 \u0431\u0430\u043a \u0434\u043b\u044f \u043e\u0445\u043e\u043b\u043e\u0434\u0436\u0443\u0432\u0430\u043b\u044c\u043d\u043e\u0457 \u0440\u0456\u0434\u0438\u043d\u0438 \u0437 \u043a\u043e\u043d\u0442\u0440\u043e\u043b\u0435\u043c \u0440\u0456\u0432\u043d\u044f \u0442\u0430 \u0432\u0438\u0442\u0440\u0430\u0442\u0438<br \/>\n. \u0410\u0432\u0442\u043e\u043c\u0430\u0442\u0438\u0447\u043d\u0430 \u0446\u0435\u043d\u0442\u0440\u0430\u043b\u0456\u0437\u043e\u0432\u0430\u043d\u0430 \u043c\u0430\u0441\u0442\u0438\u043b\u044c\u043d\u0430 \u0443\u0441\u0442\u0430\u043d\u043e\u0432\u043a\u0430 \u0437 \u043a\u043e\u043d\u0442\u0440\u043e\u043b\u0435\u043c \u0440\u0456\u0432\u043d\u044f \u043c\u0430\u0441\u043b\u0430<br \/>\n. \u0412\u0438\u0440\u0456\u0432\u043d\u044e\u0432\u0430\u043b\u044c\u043d\u0456 \u0431\u043e\u043b\u0442\u0438 \u0456 \u043f\u043b\u0430\u0441\u0442\u0438\u043d\u0438, \u044f\u0449\u0438\u043a \u0434\u043b\u044f \u0456\u043d\u0441\u0442\u0440\u0443\u043c\u0435\u043d\u0442\u0456\u0432<br \/>\n. \u0406\u043d\u0442\u0435\u0440\u0444\u0435\u0439\u0441 \u0434\u043b\u044f \u043f\u0440\u0438\u0441\u0442\u0440\u043e\u044e \u043f\u043e\u0434\u0430\u0447\u0456 \u043f\u0440\u0443\u0442\u043a\u0456\u0432<br \/>\n. \u0406\u043d\u0442\u0435\u0440\u0444\u0435\u0439\u0441 RS232C<\/p>\n<p>\u041c\u0430\u0433\u0430\u0437\u0438\u043d \u0437\u0430\u0440\u044f\u0434\u0436\u0430\u043d\u043d\u044f FMB Turbo 3-26 2004 \u0440\u043e\u043a\u0443 \u0432\u0438\u043f\u0443\u0441\u043a\u0443<br \/>\n\u0421\u0438\u0441\u0442\u0435\u043c\u0430 \u043f\u043e\u0436\u0435\u0436\u043e\u0433\u0430\u0441\u0456\u043d\u043d\u044f Kraft &amp; Bauer \/ GUT Feuerschutz<br \/>\n\u041a\u043e\u043d\u0432\u0435\u0454\u0440 \u0434\u043b\u044f \u0442\u0440\u0430\u043d\u0441\u043f\u043e\u0440\u0442\u0443\u0432\u0430\u043d\u043d\u044f \u0441\u0442\u0440\u0443\u0436\u043a\u0438 Mayfran<\/p>\n<p>\u041c\u0430\u0448\u0438\u043d\u0443 \u043c\u043e\u0436\u043d\u0430 \u043e\u0433\u043b\u044f\u043d\u0443\u0442\u0438 \u0437\u0430 \u043f\u043e\u043f\u0435\u0440\u0435\u0434\u043d\u0456\u043c \u0437\u0430\u043f\u0438\u0441\u043e\u043c.<br \/>\n\u041c\u0438 \u0437\u0430\u043b\u0438\u0448\u0430\u0454\u043c\u043e \u0437\u0430 \u0441\u043e\u0431\u043e\u044e \u043f\u0440\u0430\u0432\u043e \u043d\u0430 \u0437\u043c\u0456\u043d\u0438 \u0442\u0430 \u043f\u043e\u043c\u0438\u043b\u043a\u0438 \u0432 \u0442\u0435\u0445\u043d\u0456\u0447\u043d\u0438\u0445 \u0434\u0430\u043d\u0438\u0445 \u0442\u0430 \u0456\u043d\u0444\u043e\u0440\u043c\u0430\u0446\u0456\u0457, \u0430 \u0442\u0430\u043a\u043e\u0436 \u043d\u0430 \u043f\u043e\u043f\u0435\u0440\u0435\u0434\u043d\u0456\u0439 \u043f\u0440\u043e\u0434\u0430\u0436!<\/p>\n<p>IntNo231159<br \/>\n\u0422\u0438\u043f \u0432\u0435\u0440\u0441\u0442\u0430\u0442\u0430 \u0422\u043e\u043a\u0430\u0440\u043d\u0438\u0439 \u0432\u0435\u0440\u0441\u0442\u0430\u0442 \u0437 \u0427\u041f\u041a \u0437 \u0440\u0443\u0445\u043e\u043c\u043e\u044e \u0448\u043f\u0438\u043d\u0434\u0435\u043b\u044c\u043d\u043e\u044e \u0431\u0430\u0431\u043a\u043e\u044e<br \/>\n\u0412\u0438\u0440\u043e\u0431\u043d\u0438\u043a STAR Micronics<br \/>\n\u041c\u043e\u0434\u0435\u043b\u044c SV32 JII<br \/>\n\u0440\u0456\u043a \u043f\u043e\u0431\u0443\u0434\u043e\u0432\u0438 2002<br \/>\n\u0421\u0442\u0430\u043d \u0434\u0443\u0436\u0435 \u0445\u043e\u0440\u043e\u0448\u0438\u0439 (\u0432\u0436\u0438\u0432\u0430\u043d\u0438\u0439)<br \/>\n\u0414\u0443\u0436\u0435 \u0434\u043e\u0431\u0440\u0435 \u0434\u043e\u0433\u043b\u044f\u043d\u0443\u0442\u0430 \u043c\u0430\u0448\u0438\u043d\u0430 \u0431\u0435\u0437\u043f\u043e\u0441\u0435\u0440\u0435\u0434\u043d\u044c\u043e \u0432\u0456\u0434 \u043a\u043e\u0440\u0438\u0441\u0442\u0443\u0432\u0430\u0447\u0430<br \/>\n\u041c\u0430\u0448\u0438\u043d\u0430 \u043f\u0440\u0430\u0446\u044e\u0432\u0430\u043b\u0430 \u0442\u0456\u043b\u044c\u043a\u0438 \u0437 \u043c\u0430\u0441\u043b\u043e\u043c<br \/>\n\u041d\u0430\u043f\u0440\u0430\u0446\u044e\u0432\u0430\u043d\u043d\u044f \u0431\u043b\u0438\u0437\u044c\u043a\u043e 18 000 \u0433\u043e\u0434\u0438\u043d<br \/>\n\u0421\u0442\u0430\u043d\u0434\u0430\u0440\u0442\u043d\u0456 \u0430\u043a\u0441\u0435\u0441\u0443\u0430\u0440\u0438 \u043c\u0430\u0448\u0438\u043d\u0438<br \/>\n. \u041d\u0430\u043f\u0440\u0430\u0432\u043b\u044f\u044e\u0447\u0430 \u0432\u0442\u0443\u043b\u043a\u0430 \u0437 \u0441\u0438\u043d\u0445\u0440\u043e\u043d\u043d\u0438\u043c \u043f\u0440\u0438\u0432\u043e\u0434\u043e\u043c<br \/>\n. \u0412\u0456\u0441\u044c \u0421 \u043d\u0430 \u0433\u043e\u043b\u043e\u0432\u043d\u043e\u043c\u0443 \u0448\u043f\u0438\u043d\u0434\u0435\u043b\u0456 \u0442\u0430 \u0448\u043f\u0438\u043d\u0434\u0435\u043b\u0456 \u043f\u043e\u0434\u0430\u0447\u0456<br \/>\n. \u0421\u0442\u0440\u0456\u0447\u043a\u043e\u0432\u0438\u0439 \u043a\u043e\u043d\u0432\u0435\u0454\u0440 \u0434\u043b\u044f \u0437\u0430\u0433\u043e\u0442\u043e\u0432\u043e\u043a<br \/>\n. \u0426\u0430\u043d\u0433\u043e\u0432\u0430 \u0432\u0442\u0443\u043b\u043a\u0430 \u0433\u043e\u043b\u043e\u0432\u043d\u043e\u0433\u043e \u0448\u043f\u0438\u043d\u0434\u0435\u043b\u044f F37 (673-53)<br \/>\n. \u0426\u0430\u043d\u0433\u043e\u0432\u0438\u0439 \u0437\u0430\u0442\u0438\u0441\u043a\u043d\u0438\u0439 \u0448\u043f\u0438\u043d\u0434\u0435\u043b\u044c F37 (673-73)<br \/>\n. 3-\u0448\u043f\u0438\u043d\u0434\u0435\u043b\u044c\u043d\u0438\u0439 \u0441\u0432\u0435\u0440\u0434\u043b\u0438\u043b\u044c\u043d\u0438\u0439 \u0432\u0435\u0440\u0441\u0442\u0430\u0442 \u0434\u043b\u044f \u043f\u043e\u043f\u0435\u0440\u0435\u0447\u043d\u043e\u0433\u043e \u0441\u0432\u0435\u0440\u0434\u043b\u0456\u043d\u043d\u044f<br \/>\n. 4-\u043f\u043e\u0437\u0438\u0446\u0456\u0439\u043d\u0438\u0439 \u0442\u0440\u0438\u043c\u0430\u0447 \u0434\u043b\u044f \u0456\u043d\u0441\u0442\u0440\u0443\u043c\u0435\u043d\u0442\u0456\u0432 16x16 \u043c\u043c<br \/>\n. \u0428\u043f\u0438\u043d\u0434\u0435\u043b\u044c \u0437 \u043c\u043e\u0436\u043b\u0438\u0432\u0456\u0441\u0442\u044e \u0437\u0430\u0445\u043e\u043f\u043b\u0435\u043d\u043d\u044f 32 \u043c\u043c<br \/>\n. \u041f\u0440\u0438\u0441\u0442\u0440\u0456\u0439 \u0434\u043b\u044f \u0432\u0438\u0434\u0443\u0432\u0430\u043d\u043d\u044f \u0434\u0435\u0442\u0430\u043b\u0435\u0439 \u0441\u043f\u0435\u0440\u0435\u0434\u0443<br \/>\n. \u0412\u0438\u0448\u0442\u043e\u0432\u0445\u0443\u0432\u0430\u0447 \u0434\u0435\u0442\u0430\u043b\u0435\u0439, \u0437\u0430\u0445\u0438\u0441\u043d\u0438\u0439 \u043a\u043e\u0436\u0443\u0445 \u0434\u043b\u044f \u0432\u0438\u0448\u0442\u043e\u0432\u0445\u0443\u0432\u0430\u043d\u043d\u044f \u0434\u0435\u0442\u0430\u043b\u0435\u0439 ,<br \/>\n. \u0417\u0430\u0445\u0438\u0441\u0442 \u0432\u0456\u0434 \u043f\u043e\u043b\u043e\u043c\u043a\u0438 \u0432\u0456\u0434\u0440\u0456\u0437\u043d\u043e\u0457 \u0441\u0442\u0430\u043b\u0456<br \/>\n. \u041e\u043a\u0440\u0435\u043c\u0438\u0439 \u0431\u0430\u043a \u0434\u043b\u044f \u043e\u0445\u043e\u043b\u043e\u0434\u0436\u0443\u0432\u0430\u043b\u044c\u043d\u043e\u0457 \u0440\u0456\u0434\u0438\u043d\u0438 \u0437 \u043a\u043e\u043d\u0442\u0440\u043e\u043b\u0435\u043c \u0440\u0456\u0432\u043d\u044f \u0442\u0430 \u0432\u0438\u0442\u0440\u0430\u0442\u0438<br \/>\n. \u0410\u0432\u0442\u043e\u043c\u0430\u0442\u0438\u0447\u043d\u0430 \u0446\u0435\u043d\u0442\u0440\u0430\u043b\u044c\u043d\u0430 \u043c\u0430\u0441\u0442\u0438\u043b\u044c\u043d\u0430 \u0443\u0441\u0442\u0430\u043d\u043e\u0432\u043a\u0430 \u0437 \u043a\u043e\u043d\u0442\u0440\u043e\u043b\u0435\u043c \u0440\u0456\u0432\u043d\u044f \u043c\u0430\u0441\u043b\u0430<br \/>\n. \u0412\u0438\u0440\u0456\u0432\u043d\u044e\u0432\u0430\u043b\u044c\u043d\u0456 \u0431\u043e\u043b\u0442\u0438 \u0456 \u043f\u043b\u0430\u0441\u0442\u0438\u043d\u0438, \u044f\u0449\u0438\u043a \u0434\u043b\u044f \u0456\u043d\u0441\u0442\u0440\u0443\u043c\u0435\u043d\u0442\u0456\u0432<br \/>\n. \u0406\u043d\u0442\u0435\u0440\u0444\u0435\u0439\u0441 \u0434\u043b\u044f \u043f\u0440\u0438\u0441\u0442\u0440\u043e\u044e \u043f\u043e\u0434\u0430\u0447\u0456 \u043f\u0440\u0443\u0442\u043a\u0456\u0432<br \/>\n. \u0406\u043d\u0442\u0435\u0440\u0444\u0435\u0439\u0441 RS232C<\/p>\n<p>\u0416\u0443\u0440\u043d\u0430\u043b \u0437\u0430\u0432\u0430\u043d\u0442\u0430\u0436\u0435\u043d\u043d\u044f FMB Turbo 3-26 \u0440\u0456\u043a 2004<br \/>\n\u0421\u0438\u0441\u0442\u0435\u043c\u0430 \u043f\u043e\u0436\u0435\u0436\u043e\u0433\u0430\u0441\u0456\u043d\u043d\u044f Kraft &amp; Bauer \/ GUT Feuerschutz<br \/>\n\u041a\u043e\u043d\u0432\u0435\u0454\u0440 \u0434\u043b\u044f \u0442\u0440\u0430\u043d\u0441\u043f\u043e\u0440\u0442\u0443\u0432\u0430\u043d\u043d\u044f \u0441\u0442\u0440\u0443\u0436\u043a\u0438 Mayfran<\/p>\n<p>\u041c\u0430\u0448\u0438\u043d\u0443 \u043c\u043e\u0436\u043d\u0430 \u043e\u0433\u043b\u044f\u043d\u0443\u0442\u0438 \u0437\u0430 \u043f\u043e\u043f\u0435\u0440\u0435\u0434\u043d\u0456\u043c \u0437\u0430\u043f\u0438\u0441\u043e\u043c.<br \/>\n\u041c\u0438 \u0437\u0430\u043b\u0438\u0448\u0430\u0454\u043c\u043e \u0437\u0430 \u0441\u043e\u0431\u043e\u044e \u043f\u0440\u0430\u0432\u043e \u043d\u0430 \u0437\u043c\u0456\u043d\u0438 \u0442\u0430 \u043f\u043e\u043c\u0438\u043b\u043a\u0438 \u0432 \u0442\u0435\u0445\u043d\u0456\u0447\u043d\u0438\u0445 \u0434\u0430\u043d\u0438\u0445 \u0442\u0430 \u0456\u043d\u0444\u043e\u0440\u043c\u0430\u0446\u0456\u0457, \u0430 \u0442\u0430\u043a\u043e\u0436 \u043d\u0430 \u043f\u043e\u043f\u0435\u0440\u0435\u0434\u043d\u0456\u0439 \u043f\u0440\u043e\u0434\u0430\u0436!<\/p>","protected":false},"excerpt":{"rendered":"<p>Standort: Deutschland, Baden-W\u00fcrttemberg S\u00fcdwest Zustand: Gebraucht Hersteller: STAR Micronics Modell: SV-32 Baujahr: 2002 Betriebsstunden: 18000 IntNr231159 Maschinentyp CNC-Langdrehautomat Hersteller STAR Micronics Modell SV32 JII Baujahr 2002 Zustand sehr gut (gebraucht) Sehr gepflegte Maschine direkt vom Anwender Maschine ist nur mit \u00d6l gelaufen Betriebsstunden um die 18.000std. Standardzubeh\u00f6r Maschine . Synchron angetriebene F\u00fchrungsb\u00fcchse . C-Achse auf [&hellip;]<\/p>\n","protected":false},"featured_media":4280,"comment_status":"open","ping_status":"closed","template":"","meta":{"_uf_show_specific_survey":0,"_uf_disable_surveys":false},"product_brand":[],"product_cat":[23],"product_tag":[],"class_list":{"0":"post-4286","1":"product","2":"type-product","3":"status-publish","4":"has-post-thumbnail","6":"product_cat-cnc-langdrehmaschinen","8":"first","9":"instock","10":"taxable","11":"shipping-taxable","12":"product-type-simple"},"aioseo_notices":[],"_links":{"self":[{"href":"https:\/\/mueller-wrh.de\/uk\/wp-json\/wp\/v2\/product\/4286","targetHints":{"allow":["GET"]}}],"collection":[{"href":"https:\/\/mueller-wrh.de\/uk\/wp-json\/wp\/v2\/product"}],"about":[{"href":"https:\/\/mueller-wrh.de\/uk\/wp-json\/wp\/v2\/types\/product"}],"replies":[{"embeddable":true,"href":"https:\/\/mueller-wrh.de\/uk\/wp-json\/wp\/v2\/comments?post=4286"}],"wp:featuredmedia":[{"embeddable":true,"href":"https:\/\/mueller-wrh.de\/uk\/wp-json\/wp\/v2\/media\/4280"}],"wp:attachment":[{"href":"https:\/\/mueller-wrh.de\/uk\/wp-json\/wp\/v2\/media?parent=4286"}],"wp:term":[{"taxonomy":"product_brand","embeddable":true,"href":"https:\/\/mueller-wrh.de\/uk\/wp-json\/wp\/v2\/product_brand?post=4286"},{"taxonomy":"product_cat","embeddable":true,"href":"https:\/\/mueller-wrh.de\/uk\/wp-json\/wp\/v2\/product_cat?post=4286"},{"taxonomy":"product_tag","embeddable":true,"href":"https:\/\/mueller-wrh.de\/uk\/wp-json\/wp\/v2\/product_tag?post=4286"}],"curies":[{"name":"wp","href":"https:\/\/api.w.org\/{rel}","templated":true}]}}