{"id":4081,"date":"2025-09-22T12:09:45","date_gmt":"2025-09-22T12:09:45","guid":{"rendered":"https:\/\/mueller-wrh.de\/produkt\/gebr-weiler-ergodor_bj-1998-intnr231387\/"},"modified":"2025-09-22T12:09:45","modified_gmt":"2025-09-22T12:09:45","slug":"gebr-weiler-ergodor_bj-1998-intnr231387","status":"publish","type":"product","link":"https:\/\/mueller-wrh.de\/uk\/product\/gebr-weiler-ergodor_bj-1998-intnr231387\/","title":{"rendered":"\u0444\u0456\u0440\u043c\u043e\u0432\u0435 \u0441\u0435\u043b\u0438\u0449\u0435 ERGODOR_\u043f\u043e\u0431\u0443\u0434\u043e\u0432\u0430\u043d\u043e 1998, \u0456\u043d\u0442. \u043d\u043e\u043c\u0435\u0440 231387"},"content":{"rendered":"<p><b>\u041c\u0456\u0441\u0446\u0435\u0437\u043d\u0430\u0445\u043e\u0434\u0436\u0435\u043d\u043d\u044f:<\/b> \u041d\u0456\u043c\u0435\u0447\u0447\u0438\u043d\u0430, \u0411\u0430\u0434\u0435\u043d-\u0412\u044e\u0440\u0442\u0435\u043c\u0431\u0435\u0440\u0433 \u041f\u0456\u0432\u0434\u0435\u043d\u043d\u0438\u0439 \u0417\u0430\u0445\u0456\u0434<\/p>\n<p><b>\u0423\u043c\u043e\u0432\u0430:<\/b> \u0411\/\u0432<\/p>\n<p><b>\u041c\u043e\u0434\u0435\u043b\u044c:<\/b> Ergodor<\/p>\n<p><b>\u0420\u0456\u043a \u043f\u043e\u0431\u0443\u0434\u043e\u0432\u0438:<\/b> 1998<\/p>\n<p>\u0422\u043e\u043a\u0430\u0440\u043d\u0438\u0439 \u0432\u0435\u0440\u0441\u0442\u0430\u0442 WEILER, ERGODOR, 1998 \u0440\u043e\u043a\u0443 \u0432\u0438\u043f\u0443\u0441\u043a\u0443<br \/>\n\u0422\u043e\u0447\u043d\u0438\u0439 \u0446\u0435\u043d\u0442\u0440\u0430\u043b\u044c\u043d\u0438\u0439 \u0442\u043e\u043a\u0430\u0440\u043d\u0438\u0439 \u0432\u0435\u0440\u0441\u0442\u0430\u0442 \u0432 \u0435\u0440\u0433\u043e\u043d\u043e\u043c\u0456\u0447\u043d\u043e\u043c\u0443 \u0434\u0438\u0437\u0430\u0439\u043d\u0456<\/p>\n<p>\u0422\u0435\u0445\u043d\u0456\u0447\u043d\u0456 \u0445\u0430\u0440\u0430\u043a\u0442\u0435\u0440\u0438\u0441\u0442\u0438\u043a\u0438<br \/>\n\u041c\u0430\u043a\u0441. \u0414\u0456\u0430\u043c\u0435\u0442\u0440 \u043f\u043e\u0432\u043e\u0440\u043e\u0442\u0443 \u043d\u0430\u0434 \u0441\u0442\u0430\u043d\u0438\u043d\u043e\u044e: \u043f\u0440\u0438\u0431\u043b. 320 \u043c\u043c<br \/>\n\u041c\u0430\u043a\u0441. \u0414\u0456\u0430\u043c\u0435\u0442\u0440 \u043e\u0431\u0435\u0440\u0442\u0430\u043d\u043d\u044f \u043d\u0430\u0434 \u043e\u043f\u043e\u0440\u043e\u044e: \u043f\u0440\u0438\u0431\u043b. 160 \u043c\u043c<br \/>\n\u041c\u0430\u043a\u0441\u0438\u043c\u0430\u043b\u044c\u043d\u043e. \u0414\u043e\u0432\u0436\u0438\u043d\u0430 \u043f\u043e\u0432\u043e\u0440\u043e\u0442\u0443: \u043f\u0440\u0438\u0431\u043b. 470 \u043c\u043c<br \/>\n\u041e\u0442\u0432\u0456\u0440 \u0434\u043b\u044f \u0448\u0442\u043e\u043a\u0430: \u043f\u0440\u0438\u0431\u043b\u0438\u0437\u043d\u043e 36 \u043c\u043c<br \/>\n\u0428\u043f\u0438\u043d\u0434\u0435\u043b\u044c: \u0414\u0456\u0430\u043f\u0430\u0437\u043e\u043d \u0447\u0430\u0441\u0442\u043e\u0442\u0438 \u043e\u0431\u0435\u0440\u0442\u0430\u043d\u043d\u044f: \u043f\u0440\u0438\u0431\u043b. 30 - 3550 \u043e\u0431\/\u0445\u0432<br \/>\n\u0428\u043f\u0438\u043d\u0434\u0435\u043b\u044c: A 2 - 5<br \/>\n\u041f\u043e\u0442\u0443\u0436\u043d\u0456\u0441\u0442\u044c \u043f\u0440\u0438\u0432\u043e\u0434\u0443: \u043f\u0440\u0438\u0431\u043b\u0438\u0437\u043d\u043e 3,0 \u043a\u0412\u0442<br \/>\n\u0410\u0432\u0442\u043e\u043c\u0430\u0442\u0438\u0447\u043d\u0430 \u043f\u043e\u0437\u0434\u043e\u0432\u0436\u043d\u044f \u0442\u0430 \u0442\u043e\u0440\u0446\u0435\u0432\u0430 \u043f\u043e\u0434\u0430\u0447\u0430:<br \/>\n\u0414\u0456\u0430\u043f\u0430\u0437\u043e\u043d \u043f\u043e\u0434\u0430\u0447\u0456: \u043f\u0440\u0438\u0431\u043b\u0438\u0437\u043d\u043e 0,020 - 2,0 \u043c\u043c\/\u043e\u0431<\/p>\n<p>\u041c\u0430\u0448\u0438\u043d\u0443 \u043c\u043e\u0436\u043d\u0430 \u043e\u0433\u043b\u044f\u043d\u0443\u0442\u0438 \u0437\u0430 \u043f\u043e\u043f\u0435\u0440\u0435\u0434\u043d\u0456\u043c \u0437\u0430\u043f\u0438\u0441\u043e\u043c.<br \/>\n\u041c\u0438 \u0437\u0430\u043b\u0438\u0448\u0430\u0454\u043c\u043e \u0437\u0430 \u0441\u043e\u0431\u043e\u044e \u043f\u0440\u0430\u0432\u043e \u043d\u0430 \u0437\u043c\u0456\u043d\u0438 \u0442\u0430 \u043f\u043e\u043c\u0438\u043b\u043a\u0438 \u0432 \u0442\u0435\u0445\u043d\u0456\u0447\u043d\u0438\u0445 \u0434\u0430\u043d\u0438\u0445 \u0442\u0430 \u0456\u043d\u0444\u043e\u0440\u043c\u0430\u0446\u0456\u0457, \u0430 \u0442\u0430\u043a\u043e\u0436 \u043d\u0430 \u043f\u043e\u043f\u0435\u0440\u0435\u0434\u043d\u0456\u0439 \u043f\u0440\u043e\u0434\u0430\u0436!<\/p>\n<p>\u041c\u0435\u0445\u0430\u043d\u0456\u0447\u043d\u0438\u0439 \u0442\u043e\u043a\u0430\u0440\u043d\u0438\u0439 \u0432\u0435\u0440\u0441\u0442\u0430\u0442 WEILER ERGODOR, 1998 \u0440\u043e\u043a\u0443 \u0432\u0438\u043f\u0443\u0441\u043a\u0443<br \/>\n\u0412\u0438\u0441\u043e\u043a\u043e\u0442\u043e\u0447\u043d\u0438\u0439 \u0446\u0435\u043d\u0442\u0440\u0430\u043b\u044c\u043d\u0438\u0439 \u0442\u043e\u043a\u0430\u0440\u043d\u0438\u0439 \u0432\u0435\u0440\u0441\u0442\u0430\u0442 \u0437 \u0435\u0440\u0433\u043e\u043d\u043e\u043c\u0456\u0447\u043d\u0438\u043c \u0434\u0438\u0437\u0430\u0439\u043d\u043e\u043c<\/p>\n<p>\u0422\u0435\u0445\u043d\u0456\u0447\u043d\u0456 \u0445\u0430\u0440\u0430\u043a\u0442\u0435\u0440\u0438\u0441\u0442\u0438\u043a\u0438<br \/>\n\u041c\u0430\u043a\u0441\u0438\u043c\u0430\u043b\u044c\u043d\u0438\u0439 \u0434\u0456\u0430\u043c\u0435\u0442\u0440 \u043f\u043e\u0432\u043e\u0440\u043e\u0442\u0443 \u043d\u0430\u0434 \u0441\u0442\u0430\u043d\u0438\u043d\u043e\u044e: \u043f\u0440\u0438\u0431\u043b. 320 \u043c\u043c<br \/>\n\u041c\u0430\u043a\u0441\u0438\u043c\u0430\u043b\u044c\u043d\u0438\u0439 \u0434\u0456\u0430\u043c\u0435\u0442\u0440 \u0442\u043e\u0447\u0456\u043d\u043d\u044f \u043d\u0430\u0434 \u043e\u043f\u043e\u0440\u043e\u044e: \u043f\u0440\u0438\u0431\u043b. 160 \u043c\u043c<br \/>\n\u041c\u0430\u043a\u0441. \u0434\u043e\u0432\u0436\u0438\u043d\u0430 \u0442\u043e\u0447\u0456\u043d\u043d\u044f: \u043f\u0440\u0438\u0431\u043b\u0438\u0437\u043d\u043e 470 \u043c\u043c<br \/>\n\u041f\u0440\u043e\u0445\u0456\u0434 \u043f\u043b\u0430\u043d\u043a\u0438: \u043f\u0440\u0438\u0431\u043b. 36 \u043c\u043c<br \/>\n\u0428\u043f\u0438\u043d\u0434\u0435\u043b\u044c: \u0414\u0456\u0430\u043f\u0430\u0437\u043e\u043d \u0447\u0430\u0441\u0442\u043e\u0442\u0438 \u043e\u0431\u0435\u0440\u0442\u0430\u043d\u043d\u044f: \u043f\u0440\u0438\u0431\u043b. 30 - 3550 \u043e\u0431\/\u0445\u0432<br \/>\n\u0428\u043f\u0438\u043d\u0434\u0435\u043b\u044c: A 2 - 5<br \/>\n\u041f\u043e\u0442\u0443\u0436\u043d\u0456\u0441\u0442\u044c \u043f\u0440\u0438\u0432\u043e\u0434\u0443: \u043f\u0440\u0438\u0431\u043b\u0438\u0437\u043d\u043e 3,0 \u043a\u0412\u0442<br \/>\n\u0410\u0432\u0442\u043e\u043c\u0430\u0442\u0438\u0447\u043d\u0430 \u043f\u043e\u0437\u0434\u043e\u0432\u0436\u043d\u044f \u0442\u0430 \u043f\u043e\u043f\u0435\u0440\u0435\u0447\u043d\u0430 \u043f\u043e\u0434\u0430\u0447\u0430:<br \/>\n\u0414\u0456\u0430\u043f\u0430\u0437\u043e\u043d \u043f\u043e\u0434\u0430\u0447\u0456: \u043f\u0440\u0438\u0431\u043b\u0438\u0437\u043d\u043e 0,020 - 2,0 \u043c\u043c\/\u043e\u0431<\/p>\n<p>\u041c\u0430\u0448\u0438\u043d\u0443 \u043c\u043e\u0436\u043d\u0430 \u043e\u0433\u043b\u044f\u043d\u0443\u0442\u0438 \u0437\u0430 \u043f\u043e\u043f\u0435\u0440\u0435\u0434\u043d\u0456\u043c \u0437\u0430\u043f\u0438\u0441\u043e\u043c.<br \/>\n\u041c\u043e\u0436\u043b\u0438\u0432\u0456 \u0437\u043c\u0456\u043d\u0438 \u0442\u0430 \u043f\u043e\u043c\u0438\u043b\u043a\u0438 \u0432 \u0442\u0435\u0445\u043d\u0456\u0447\u043d\u0438\u0445 \u0434\u0430\u043d\u0438\u0445 \u0442\u0430 \u0441\u043f\u0435\u0446\u0438\u0444\u0456\u043a\u0430\u0446\u0456\u044f\u0445, \u0430 \u0442\u0430\u043a\u043e\u0436 \u043f\u043e\u043f\u0435\u0440\u0435\u0434\u043d\u0456\u0439 \u043f\u0440\u043e\u0434\u0430\u0436!<\/p>","protected":false},"excerpt":{"rendered":"<p>Standort: Deutschland, Baden-W\u00fcrttemberg S\u00fcdwest Zustand: Gebraucht Modell: Ergodor Baujahr: 1998 Mechanikerdrehmaschine WEILER, ERGODOR, Bj. 1998 Genauigkeits-Spitzendrehmaschine in ergonomischer Bauart Technische Daten Max. Drehdurchmesser \u00fcber Bett: ca. 320 mm Max. Drehdurchmesser \u00fcber Support: ca. 160 mm Max. Drehl\u00e4nge: ca. 470 mm Stangendurchlass: ca. 36 mm Spindel: Drehzahlbereich: ca. 30 &#8211; 3550 U\/min Spindelnase: A 2 &#8211; [&hellip;]<\/p>\n","protected":false},"featured_media":4076,"comment_status":"open","ping_status":"closed","template":"","meta":{"_uf_show_specific_survey":0,"_uf_disable_surveys":false},"product_brand":[],"product_cat":[107],"product_tag":[],"class_list":{"0":"post-4081","1":"product","2":"type-product","3":"status-publish","4":"has-post-thumbnail","6":"product_cat-drehmaschine","8":"first","9":"instock","10":"taxable","11":"shipping-taxable","12":"product-type-simple"},"aioseo_notices":[],"_links":{"self":[{"href":"https:\/\/mueller-wrh.de\/uk\/wp-json\/wp\/v2\/product\/4081","targetHints":{"allow":["GET"]}}],"collection":[{"href":"https:\/\/mueller-wrh.de\/uk\/wp-json\/wp\/v2\/product"}],"about":[{"href":"https:\/\/mueller-wrh.de\/uk\/wp-json\/wp\/v2\/types\/product"}],"replies":[{"embeddable":true,"href":"https:\/\/mueller-wrh.de\/uk\/wp-json\/wp\/v2\/comments?post=4081"}],"wp:featuredmedia":[{"embeddable":true,"href":"https:\/\/mueller-wrh.de\/uk\/wp-json\/wp\/v2\/media\/4076"}],"wp:attachment":[{"href":"https:\/\/mueller-wrh.de\/uk\/wp-json\/wp\/v2\/media?parent=4081"}],"wp:term":[{"taxonomy":"product_brand","embeddable":true,"href":"https:\/\/mueller-wrh.de\/uk\/wp-json\/wp\/v2\/product_brand?post=4081"},{"taxonomy":"product_cat","embeddable":true,"href":"https:\/\/mueller-wrh.de\/uk\/wp-json\/wp\/v2\/product_cat?post=4081"},{"taxonomy":"product_tag","embeddable":true,"href":"https:\/\/mueller-wrh.de\/uk\/wp-json\/wp\/v2\/product_tag?post=4081"}],"curies":[{"name":"wp","href":"https:\/\/api.w.org\/{rel}","templated":true}]}}