{"id":3883,"date":"2025-09-03T15:48:17","date_gmt":"2025-09-03T15:48:17","guid":{"rendered":"https:\/\/mueller-wrh.de\/produkt\/lta-lufttechnik-e120-bsc-2-h-intnr230843-1\/"},"modified":"2025-09-03T15:48:17","modified_gmt":"2025-09-03T15:48:17","slug":"lta-lufttechnik-e120-bsc-2-h-intnr230843-1","status":"publish","type":"product","link":"https:\/\/mueller-wrh.de\/uk\/product\/lta-lufttechnik-e120-bsc-2-h-intnr230843-1\/","title":{"rendered":"LTA Lufttechnik E120 BSC-2-H, IntNr230843-1"},"content":{"rendered":"<p><b>\u0423\u043c\u043e\u0432\u0430:<\/b> \u0411\/\u0432<\/p>\n<p><b>\u0412\u0438\u0440\u043e\u0431\u043d\u0438\u043a:<\/b> LTA<\/p>\n<p><b>\u041c\u043e\u0434\u0435\u043b\u044c:<\/b> E120 BSC-2H<\/p>\n<p><b>\u0420\u0456\u043a \u043f\u043e\u0431\u0443\u0434\u043e\u0432\u0438:<\/b> 2025<\/p>\n<p>\u0421\u0438\u0441\u0442\u0435\u043c\u0430 \u0444\u0456\u043b\u044c\u0442\u0440\u0430\u0446\u0456\u0457 E 120-BSC-2-H<br \/>\n\u0421\u0438\u0441\u0442\u0435\u043c\u0438 \u0432\u0438\u043b\u0443\u0447\u0435\u043d\u043d\u044f \u043c\u0430\u0441\u043b\u044f\u043d\u043e\u0433\u043e\/\u0435\u043c\u0443\u043b\u044c\u0441\u0456\u0439\u043d\u043e\u0433\u043e \u0442\u0443\u043c\u0430\u043d\u0443<\/p>\n<p>\u0412\u041b\u0410\u0421\u0422\u0418\u0412\u041e\u0421\u0422\u0406 \/ \u041e\u0421\u041e\u0411\u041b\u0418\u0412\u041e\u0421\u0422\u0406:<br \/>\n\u041d\u0430\u043f\u0440\u044f\u043c\u043e\u043a \u0432\u0456\u0434\u043a\u0440\u0438\u0432\u0430\u043d\u043d\u044f \u0441\u0435\u0440\u0432\u0456\u0441\u043d\u0438\u0445 \u0434\u0432\u0435\u0440\u0446\u044f\u0442: \u0437\u0430 \u043d\u0430\u043f\u0440\u044f\u043c\u043a\u043e\u043c \u043f\u043e\u0442\u043e\u043a\u0443 \u0412\u0413\u041e\u0420\u0423<br \/>\n\u0412\u0438\u0445\u0456\u0434 \u043f\u043e\u0432\u0456\u0442\u0440\u044f: \u0420\u0410\u0414\u0406\u0410\u041b\u042c\u041d\u0418\u0419<br \/>\n\u0437 \u043c\u0435\u0445\u0430\u043d\u0456\u0447\u043d\u0438\u043c \u0444\u0456\u043b\u044c\u0442\u0440\u043e\u043c \u043f\u043e\u043f\u0435\u0440\u0435\u0434\u043d\u044c\u043e\u0433\u043e \u043e\u0447\u0438\u0449\u0435\u043d\u043d\u044f \u0442\u0430 \u0444\u0456\u043b\u044c\u0442\u0440\u043e\u043c \u043d\u0435\u0439\u0442\u0440\u0430\u043b\u0456\u0437\u0430\u0446\u0456\u0457:<br \/>\n\u0441\u043a\u043b\u0430\u0434\u0430\u0454\u0442\u044c\u0441\u044f \u0437 \u0434\u0432\u043e\u0445 \u0441\u0442\u0443\u043f\u0435\u043d\u0456\u0432 \u0435\u043b\u0435\u043a\u0442\u0440\u043e\u0441\u0442\u0430\u0442\u0438\u0447\u043d\u043e\u0457 \u0444\u0456\u043b\u044c\u0442\u0440\u0430\u0446\u0456\u0457 \u0430\u0435\u0440\u043e\u0437\u043e\u043b\u0456\u0432<br \/>\n\u0432\u0456\u0434<br \/>\n\u0406\u043e\u043d\u0456\u0437\u0430\u0442\u043e\u0440\u0438 \u0442\u0430 \u043a\u043e\u043b\u0435\u043a\u0442\u043e\u0440\u0438<br \/>\n- \u0420\u0435\u0433\u0443\u043b\u044c\u043e\u0432\u0430\u043d\u0430 \u043f\u043e\u0432\u0456\u0442\u0440\u043e\u0434\u0443\u0432\u043a\u0430 (ErP-Ready)<br \/>\n- \u0414\u0438\u0441\u043f\u043b\u0435\u0439 \u0433\u043e\u0442\u043e\u0432\u0438\u0439 \u0434\u043e \u0440\u043e\u0431\u043e\u0442\u0438<br \/>\n- \u0415\u043b\u0435\u043a\u0442\u0440\u0438\u043a\u0430 \u0432\u0456\u0434\u043f\u043e\u0432\u0456\u0434\u043d\u043e \u0434\u043e EN 60204<br \/>\n- \u0412\u0438\u043a\u043e\u043d\u0430\u043d\u043d\u044f \u0432\u0441\u0456\u0454\u0457 \u0441\u0438\u0441\u0442\u0435\u043c\u0438 \u0432\u0456\u0434\u043f\u043e\u0432\u0456\u0434\u043d\u043e \u0434\u043e<br \/>\n  \u0414\u0438\u0440\u0435\u043a\u0442\u0438\u0432\u0430 \u043f\u0440\u043e \u043c\u0430\u0448\u0438\u043d\u043e\u0431\u0443\u0434\u0443\u0432\u0430\u043d\u043d\u044f <\/p>\n<p>\u0422\u0415\u0425\u041d\u0406\u0427\u041d\u0406 \u0414\u0410\u041d\u0406:<br \/>\n\u041f\u0440\u043e\u0434\u0443\u043a\u0442\u0438\u0432\u043d\u0456\u0441\u0442\u044c \u0432\u0435\u043d\u0442\u0438\u043b\u044f\u0442\u043e\u0440\u0430: 2400 \u043c\u00b3\/\u0433\u043e\u0434 (\u0432\u0456\u043b\u044c\u043d\u0438\u0439 \u043e\u0431\u0434\u0443\u0432)<br \/>\n\u041f\u0440\u043e\u0434\u0443\u043a\u0442\u0438\u0432\u043d\u0456\u0441\u0442\u044c: \u0434\u043e 1200 \u043c\u00b3\/\u0433\u043e\u0434<br \/>\n\u0420\u043e\u0431\u043e\u0447\u0430 \u043d\u0430\u043f\u0440\u0443\u0433\u0430: 230 \u0412 +\/-10 % (207-253 \u0412)<br \/>\n\u0427\u0430\u0441\u0442\u043e\u0442\u0430: 50-60 \u0413\u0446<br \/>\n\u041f\u0456\u0434\u043a\u043b\u044e\u0447\u0435\u043d\u0435 \u043d\u0430\u0432\u0430\u043d\u0442\u0430\u0436\u0435\u043d\u043d\u044f: 0,93 \u043a\u0412\u0410<br \/>\n\u041f\u0435\u0440\u0435\u043f\u0430\u0434 \u0442\u0438\u0441\u043a\u0443: 840 \u041f\u0430<br \/>\n\u0420\u0456\u0432\u0435\u043d\u044c \u0437\u0432\u0443\u043a\u043e\u0432\u043e\u0433\u043e \u0442\u0438\u0441\u043a\u0443: \u043f\u0440\u0438\u0431\u043b\u0438\u0437\u043d\u043e 70 \u0434\u0411<br \/>\n\u0422\u0435\u043c\u043f\u0435\u0440\u0430\u0442\u0443\u0440\u0430: \u043c\u0430\u043a\u0441. 40 \u00b0C<br \/>\n\u041a\u043b\u0430\u0441 \u0437\u0430\u0445\u0438\u0441\u0442\u0443: IP 54<br \/>\n\u0420\u043e\u0437\u043c\u0456\u0440\u0438 (\u0414 \u0445 \u0428 \u0445 \u0412): 1130 \u0445 660 \u0445 610 \u043c\u043c <\/p>\n<p>\u0412\u0430\u0433\u0430: \u0431\u043b\u0438\u0437\u044c\u043a\u043e 110 \u043a\u0433 <\/p>\n<p>\u0413\u0430\u0440\u0430\u043d\u0442\u0456\u044f: \u0437\u0430 \u0434\u043e\u043c\u043e\u0432\u043b\u0435\u043d\u0456\u0441\u0442\u044e<br \/>\n\u041f\u043e\u043a\u0440\u0438\u0442\u0442\u044f: RAL 7035 (\u0441\u0432\u0456\u0442\u043b\u043e-\u0441\u0456\u0440\u0438\u0439) \u0430\u0431\u043e (\u0437\u0430 \u0434\u043e\u043c\u043e\u0432\u043b\u0435\u043d\u0456\u0441\u0442\u044e)<br \/>\n\u0422\u0435\u0440\u043c\u0456\u043d \u043f\u043e\u0441\u0442\u0430\u0432\u043a\u0438: \u0437\u0430 \u0434\u043e\u043c\u043e\u0432\u043b\u0435\u043d\u0456\u0441\u0442\u044e<\/p>\n<p>\u041c\u0438 \u0437\u0430\u043b\u0438\u0448\u0430\u0454\u043c\u043e \u0437\u0430 \u0441\u043e\u0431\u043e\u044e \u043f\u0440\u0430\u0432\u043e \u043d\u0430 \u0437\u043c\u0456\u043d\u0438 \u0442\u0430 \u043f\u043e\u043c\u0438\u043b\u043a\u0438 \u0432 \u0442\u0435\u0445\u043d\u0456\u0447\u043d\u0438\u0445 \u0434\u0430\u043d\u0438\u0445 \u0442\u0430 \u0456\u043d\u0444\u043e\u0440\u043c\u0430\u0446\u0456\u0457, \u0430 \u0442\u0430\u043a\u043e\u0436 \u043d\u0430 \u043f\u043e\u043f\u0435\u0440\u0435\u0434\u043d\u0456\u0439 \u043f\u0440\u043e\u0434\u0430\u0436!<\/p>\n<p>\u0421\u0438\u0441\u0442\u0435\u043c\u0430 \u0444\u0456\u043b\u044c\u0442\u0440\u0430\u0446\u0456\u0457 E 120-BSC-2-H<br \/>\n\u0423\u0441\u0442\u0430\u043d\u043e\u0432\u043a\u0438 \u0434\u043b\u044f \u0432\u0438\u043b\u0443\u0447\u0435\u043d\u043d\u044f \u043c\u0430\u0441\u043b\u044f\u043d\u043e\u0433\u043e \/ \u0435\u043c\u0443\u043b\u044c\u0441\u0456\u0439\u043d\u043e\u0433\u043e \u0442\u0443\u043c\u0430\u043d\u0443<\/p>\n<p>\u041e\u0421\u041e\u0411\u041b\u0418\u0412\u041e\u0421\u0422\u0406 \/ \u0425\u0410\u0420\u0410\u041a\u0422\u0415\u0420\u0418\u0421\u0422\u0418\u041a\u0418:<\/p>\n<p>\u041d\u0430\u043f\u0440\u044f\u043c\u043e\u043a \u0432\u0456\u0434\u043a\u0440\u0438\u0432\u0430\u043d\u043d\u044f \u0441\u0435\u0440\u0432\u0456\u0441\u043d\u0438\u0445 \u0434\u0432\u0435\u0440\u0446\u044f\u0442: \u0437\u0430 \u043d\u0430\u043f\u0440\u044f\u043c\u043a\u043e\u043c \u043f\u043e\u0442\u043e\u043a\u0443 \u0412\u0413\u041e\u0420\u0423<\/p>\n<p>\u0412\u0438\u0445\u0456\u0434 \u043f\u043e\u0432\u0456\u0442\u0440\u044f: \u0420\u0410\u0414\u0406\u0410\u041b\u042c\u041d\u0418\u0419<\/p>\n<p>\u041e\u0441\u043d\u0430\u0449\u0435\u043d\u0438\u0439 \u0444\u0456\u043b\u044c\u0442\u0440\u043e\u043c \u043f\u043e\u043f\u0435\u0440\u0435\u0434\u043d\u044c\u043e\u0433\u043e \u043e\u0447\u0438\u0449\u0435\u043d\u043d\u044f \u0442\u0430 \u0444\u0456\u043b\u044c\u0442\u0440\u043e\u043c \u043c\u0435\u0445\u0430\u043d\u0456\u0447\u043d\u043e\u0457 \u043d\u0435\u0439\u0442\u0440\u0430\u043b\u0456\u0437\u0430\u0446\u0456\u0457:<br \/>\n\u0434\u0432\u0430 \u0441\u0442\u0443\u043f\u0435\u043d\u0456 \u0435\u043b\u0435\u043a\u0442\u0440\u043e\u0441\u0442\u0430\u0442\u0438\u0447\u043d\u043e\u0457 \u0444\u0456\u043b\u044c\u0442\u0440\u0430\u0446\u0456\u0457 \u0430\u0435\u0440\u043e\u0437\u043e\u043b\u0456\u0432, \u0449\u043e \u0441\u043a\u043b\u0430\u0434\u0430\u044e\u0442\u044c\u0441\u044f \u0437<br \/>\n\u0456\u043e\u043d\u0456\u0437\u0430\u0442\u043e\u0440\u0438 \u0442\u0430 \u043a\u043e\u043b\u0435\u043a\u0442\u043e\u0440\u0438<\/p>\n<p>\u0420\u0435\u0433\u0443\u043b\u044c\u043e\u0432\u0430\u043d\u0438\u0439 \u0432\u0435\u043d\u0442\u0438\u043b\u044f\u0442\u043e\u0440 (ErP-ready)<\/p>\n<p>\u0406\u043d\u0434\u0438\u043a\u0430\u0442\u043e\u0440 \u0440\u043e\u0431\u043e\u0447\u043e\u0433\u043e \u0441\u0442\u0430\u043d\u0443<\/p>\n<p>\u0415\u043b\u0435\u043a\u0442\u0440\u0438\u0447\u043d\u0430 \u0441\u0438\u0441\u0442\u0435\u043c\u0430 \u0432\u0456\u0434\u043f\u043e\u0432\u0456\u0434\u043d\u043e \u0434\u043e EN 60204<\/p>\n<p>\u0412\u0441\u044f \u0441\u0438\u0441\u0442\u0435\u043c\u0430 \u0432\u0438\u0433\u043e\u0442\u043e\u0432\u043b\u0435\u043d\u0430 \u0443 \u0432\u0456\u0434\u043f\u043e\u0432\u0456\u0434\u043d\u043e\u0441\u0442\u0456 \u0437 \u0447\u0438\u043d\u043d\u0438\u043c \u0437\u0430\u043a\u043e\u043d\u043e\u0434\u0430\u0432\u0441\u0442\u0432\u043e\u043c<br \/>\n\u0414\u0438\u0440\u0435\u043a\u0442\u0438\u0432\u0430 \u043f\u0440\u043e \u043c\u0430\u0448\u0438\u043d\u043e\u0431\u0443\u0434\u0443\u0432\u0430\u043d\u043d\u044f<\/p>\n<p>\u0422\u0415\u0425\u041d\u0406\u0427\u041d\u0406 \u0414\u0410\u041d\u0406:<\/p>\n<p>\u041f\u0440\u043e\u0434\u0443\u043a\u0442\u0438\u0432\u043d\u0456\u0441\u0442\u044c \u0432\u0435\u043d\u0442\u0438\u043b\u044f\u0442\u043e\u0440\u0430: 2400 \u043c\u00b3\/\u0433\u043e\u0434 (\u0432\u0456\u043b\u044c\u043d\u0438\u0439 \u043e\u0431\u0434\u0443\u0432)<\/p>\n<p>\u041f\u0440\u043e\u0434\u0443\u043a\u0442\u0438\u0432\u043d\u0456\u0441\u0442\u044c: \u0434\u043e 1200 \u043c\u00b3\/\u0433\u043e\u0434<\/p>\n<p>\u0420\u043e\u0431\u043e\u0447\u0430 \u043d\u0430\u043f\u0440\u0443\u0433\u0430: 230 \u0412 +\/-10 % (207-253 \u0412)<\/p>\n<p>\u0427\u0430\u0441\u0442\u043e\u0442\u0430: 50-60 \u0413\u0446<\/p>\n<p>\u0421\u043f\u043e\u0436\u0438\u0432\u0430\u043d\u0430 \u043f\u043e\u0442\u0443\u0436\u043d\u0456\u0441\u0442\u044c: 0,93 \u043a\u0412\u0410<\/p>\n<p>\u041f\u0435\u0440\u0435\u043f\u0430\u0434 \u0442\u0438\u0441\u043a\u0443: 840 \u041f\u0430<\/p>\n<p>\u0420\u0456\u0432\u0435\u043d\u044c \u0437\u0432\u0443\u043a\u043e\u0432\u043e\u0433\u043e \u0442\u0438\u0441\u043a\u0443: \u043f\u0440\u0438\u0431\u043b\u0438\u0437\u043d\u043e 70 \u0434\u0411<\/p>\n<p>\u0422\u0435\u043c\u043f\u0435\u0440\u0430\u0442\u0443\u0440\u0430: \u043c\u0430\u043a\u0441. 40 \u00b0C<\/p>\n<p>\u041a\u043b\u0430\u0441 \u0437\u0430\u0445\u0438\u0441\u0442\u0443: IP 54<\/p>\n<p>\u0420\u043e\u0437\u043c\u0456\u0440\u0438 (\u0414 \u0445 \u0428 \u0445 \u0412): 1130 \u0445 660 \u0445 610 \u043c\u043c<\/p>\n<p>\u0412\u0430\u0433\u0430: \u0431\u043b\u0438\u0437\u044c\u043a\u043e 110 \u043a\u0433<\/p>\n<p>\u0413\u0430\u0440\u0430\u043d\u0442\u0456\u044f: \u0437\u0430 \u0434\u043e\u043c\u043e\u0432\u043b\u0435\u043d\u0456\u0441\u0442\u044e<\/p>\n<p>\u041f\u043e\u043a\u0440\u0438\u0442\u0442\u044f: RAL 7035 (\u0441\u0432\u0456\u0442\u043b\u043e-\u0441\u0456\u0440\u0438\u0439) \u0430\u0431\u043e (\u0437\u0430 \u0434\u043e\u043c\u043e\u0432\u043b\u0435\u043d\u0456\u0441\u0442\u044e)<\/p>\n<p>\u0422\u0435\u0440\u043c\u0456\u043d \u043f\u043e\u0441\u0442\u0430\u0432\u043a\u0438: \u0437\u0430 \u0434\u043e\u043c\u043e\u0432\u043b\u0435\u043d\u0456\u0441\u0442\u044e<\/p>\n<p>\u0422\u0435\u0445\u043d\u0456\u0447\u043d\u0456 \u0434\u0430\u043d\u0456 \u0442\u0430 \u0441\u043f\u0435\u0446\u0438\u0444\u0456\u043a\u0430\u0446\u0456\u0457 \u043c\u043e\u0436\u0443\u0442\u044c \u0431\u0443\u0442\u0438 \u0437\u043c\u0456\u043d\u0435\u043d\u0456, \u0432\u0438\u043d\u044f\u0442\u043e\u043a \u0441\u0442\u0430\u043d\u043e\u0432\u043b\u044f\u0442\u044c \u043f\u043e\u043c\u0438\u043b\u043a\u0438, \u0430 \u043f\u0440\u0430\u0432\u043e \u043d\u0430 \u043f\u043e\u043f\u0435\u0440\u0435\u0434\u043d\u0456\u0439 \u043f\u0440\u043e\u0434\u0430\u0436 \u0437\u0431\u0435\u0440\u0456\u0433\u0430\u0454\u0442\u044c\u0441\u044f.<\/p>","protected":false},"excerpt":{"rendered":"<p>Zustand: Gebraucht Hersteller: LTA Modell: E120 BSC-2H Baujahr: 2025 Filtrationssystem E 120-BSC-2-H \u00d6l-\/Emulsionsnebel-Abzugsanlagen EIGENSCHAFTEN \/ MERKMALE: \u00d6ffnungsrichtung Servicet\u00fcr: in Str\u00f6mungsrichtung OBEN Luftauslass : RADIAL mit Vorfilter und Neutralisationsfilter mechanisch sowie: zwei elektrostatischen Filtrationsstufen f\u00fcr Aerosole bestehend aus Ionisatoren und Kollektoren &#8211; Regelbares Gebl\u00e4se (ErP-Ready) &#8211; Anzeige Betriebsbereit &#8211; Elektrik nach EN 60204 &#8211; Ausf\u00fchrung der [&hellip;]<\/p>\n","protected":false},"featured_media":3882,"comment_status":"open","ping_status":"closed","template":"","meta":{"_uf_show_specific_survey":0,"_uf_disable_surveys":false},"product_brand":[],"product_cat":[19],"product_tag":[],"class_list":{"0":"post-3883","1":"product","2":"type-product","3":"status-publish","4":"has-post-thumbnail","6":"product_cat-oel-emulsionsnebel-abzugsanlagen","8":"first","9":"instock","10":"taxable","11":"shipping-taxable","12":"purchasable","13":"product-type-simple"},"aioseo_notices":[],"_links":{"self":[{"href":"https:\/\/mueller-wrh.de\/uk\/wp-json\/wp\/v2\/product\/3883","targetHints":{"allow":["GET"]}}],"collection":[{"href":"https:\/\/mueller-wrh.de\/uk\/wp-json\/wp\/v2\/product"}],"about":[{"href":"https:\/\/mueller-wrh.de\/uk\/wp-json\/wp\/v2\/types\/product"}],"replies":[{"embeddable":true,"href":"https:\/\/mueller-wrh.de\/uk\/wp-json\/wp\/v2\/comments?post=3883"}],"wp:featuredmedia":[{"embeddable":true,"href":"https:\/\/mueller-wrh.de\/uk\/wp-json\/wp\/v2\/media\/3882"}],"wp:attachment":[{"href":"https:\/\/mueller-wrh.de\/uk\/wp-json\/wp\/v2\/media?parent=3883"}],"wp:term":[{"taxonomy":"product_brand","embeddable":true,"href":"https:\/\/mueller-wrh.de\/uk\/wp-json\/wp\/v2\/product_brand?post=3883"},{"taxonomy":"product_cat","embeddable":true,"href":"https:\/\/mueller-wrh.de\/uk\/wp-json\/wp\/v2\/product_cat?post=3883"},{"taxonomy":"product_tag","embeddable":true,"href":"https:\/\/mueller-wrh.de\/uk\/wp-json\/wp\/v2\/product_tag?post=3883"}],"curies":[{"name":"wp","href":"https:\/\/api.w.org\/{rel}","templated":true}]}}