{"id":3626,"date":"2025-08-01T12:00:58","date_gmt":"2025-08-01T12:00:58","guid":{"rendered":"https:\/\/mueller-wrh.de\/produkt\/gebr-star-sb-20r_g_bj-2021_3_intnr231024\/"},"modified":"2025-09-13T11:11:29","modified_gmt":"2025-09-13T11:11:29","slug":"gebr-star-sb-20r_g_bj-2021_3_intnr231024","status":"publish","type":"product","link":"https:\/\/mueller-wrh.de\/uk\/product\/gebr-star-sb-20r_g_bj-2021_3_intnr231024\/","title":{"rendered":"\u0431\u0440\u0435\u043d\u0434\u043e\u0432\u0438\u0439 Star SB-20R_G_Bj.2021_3_IntNr231024"},"content":{"rendered":"<p><b>Standort:<\/b> Deutschland, Baden-W\u00fcrttemberg S\u00fcdwest<\/p>\n<p><b>Zustand:<\/b> Gebraucht<\/p>\n<p><b>Hersteller:<\/b> STAR Micronics<\/p>\n<p><b>Modell:<\/b> SB-20R_G<\/p>\n<p><b>Baujahr:<\/b> 2021<\/p>\n<p><b>Betriebsstunden:<\/b> 18498<\/p>\n<p>Gebr. Star SB20R _G<br \/>\nBj. 2021\/3<br \/>\nBetriebsstunden ca. 18498<br \/>\nSeriennr: 9449_496<br \/>\nIntNr231024<br \/>\nCNC-Steuerung FANUC 0i-TD mit 7 Achsen<br \/>\nC-Achse auf Hauptspindel und Gegenspindel<br \/>\nVom Lang- zum Kurzdreher umr\u00fcstbar<br \/>\nHaupt- und Gegenspindelspannzangentyp E145<br \/>\nSynchron angetriebene F\u00fchrungsbuchseneinheit<br \/>\nF\u00fchrungsbuchsentyp T223<br \/>\nHFT (High-Frequency-Turning) geh\u00f6ren Sp\u00e4neprobleme der Vergangenheit an<br \/>\nCE Konformit\u00e4tserkl\u00e4rung<\/p>\n<p>Lademagazin FMB micromag 20 \/ 3200 &#8222;A&#8220;<br \/>\nSeriennr.: 31-320684 R1845925<\/p>\n<p>Scharnierbandf\u00f6rderer MAYFRAN Typ MT 10 <\/p>\n<p>Kleinl\u00f6schanlage Kraft und Bauer und L\u00f6schmittelbeh\u00e4lter CO2<br \/>\n(6 kg)<\/p>\n<p>Hochdruckanlage SFB-200eco<br \/>\nSeriennr.: 12630<\/p>\n<p>Abmessungen Maschine: ca. 2070 x 1177 x 1760 [mm]<br \/>\nGewicht Maschine: ca. 1800 [kg]<\/p>\n<p>Abmessungen Lademagazin: ca. 5015 x 720 x 1700 [mm]<br \/>\nGewicht Lademagazin: ca. 600 [kg]<\/p>\n<p>Abmessungen Peripherie HD-System: ca. 1500 x 500 x1000 [mm]<br \/>\nGewicht Peripherie HD-System: ca. 250 [kg]<\/p>\n<p>Abmessungen Trafo &amp; Zubeh\u00f6r: ca. 1200 x 700 x 800 [mm]<br \/>\nGewicht Peripherie &amp; Zubeh\u00f6r: ca. 80 [kg]<\/p>\n<p>Abmessungen Sp\u00e4nef\u00f6rderer &amp; Zubeh\u00f6r: ca. 1400 x 600 x 600 [mm]<br \/>\nGewicht Peripherie &amp; Zubeh\u00f6r: ca. 120 [kg]<\/p>\n<p>Abmessungen Peripherie &amp; Zubeh\u00f6r: ca. 1100 x 700 x 800 [mm]<br \/>\nGewicht Peripherie &amp; Zubeh\u00f6r: ca. 80 [kg]<\/p>\n<p>Aenderungen und Irrtuemer in den technischen Daten und Angaben  vorbehalten!<\/p>\n<p>Gebr. Star SB20R _G<br \/>\nYear of manufacture: 03\/2021<br \/>\nOperating hours: approx. 18,498<br \/>\nSerial no.: 9449_496<br \/>\nInternal no.: 231024<\/p>\n<p>CNC control: FANUC 0i-TD with 7 axes<br \/>\nC-axis on main and sub spindle<br \/>\nConvertible from sliding headstock to fixed headstock turning<br \/>\nMain and sub spindle collet type: E145<br \/>\nSynchronized driven guide bush unit<br \/>\nGuide bush type: T223<\/p>\n<p>HFT (High-Frequency Turning) eliminates chip problems<br \/>\nCE declaration of conformity<\/p>\n<p>Bar feeder FMB micromag 20 \/ 3200 &#8222;A&#8220;<br \/>\nSerial no.: 31-320684 R1845925<\/p>\n<p>Hinged belt conveyor MAYFRAN type MT 10<\/p>\n<p>Fire extinguishing system Kraft &amp; Bauer with CO\u2082 container (6 kg)<\/p>\n<p>High pressure unit SFB-200eco<br \/>\nSerial no.: 12630<\/p>\n<p>Machine dimensions: approx. 2070 x 1177 x 1760 mm<br \/>\nMachine weight: approx. 1,800 kg<\/p>\n<p>Bar feeder dimensions: approx. 5015 x 720 x 1700 mm<br \/>\nBar feeder weight: approx. 600 kg<\/p>\n<p>High-pressure unit dimensions: approx. 1500 x 500 x 1000 mm<br \/>\nHigh-pressure unit weight: approx. 250 kg<\/p>\n<p>Transformer &amp; accessories dimensions: approx. 1200 x 700 x 800 mm<br \/>\nWeight: approx. 80 kg<\/p>\n<p>Chip conveyor &amp; accessories dimensions: approx. 1400 x 600 x 600 mm<br \/>\nWeight: approx. 120 kg<\/p>\n<p>Other peripherals &amp; accessories dimensions: approx. 1100 x 700 x 800 mm<br \/>\nWeight: approx. 80 kg<\/p>\n<p>Technical data subject to change without notice. Errors excepted.<\/p>\n","protected":false},"excerpt":{"rendered":"<p>Standort: Deutschland, Baden-W\u00fcrttemberg S\u00fcdwest Zustand: Gebraucht Hersteller: STAR Micronics Modell: SB-20R_G Baujahr: 2021 Betriebsstunden: 18498 Gebr. Star SB20R _G Bj. 2021\/3 Betriebsstunden ca. 18498 Seriennr: 9449_496 IntNr231024 CNC-Steuerung FANUC 0i-TD mit 7 Achsen C-Achse auf Hauptspindel und Gegenspindel Vom Lang- zum Kurzdreher umr\u00fcstbar Haupt- und Gegenspindelspannzangentyp E145 Synchron angetriebene F\u00fchrungsbuchseneinheit F\u00fchrungsbuchsentyp T223 HFT (High-Frequency-Turning) geh\u00f6ren [&hellip;]<\/p>\n","protected":false},"featured_media":3747,"comment_status":"open","ping_status":"closed","template":"","meta":{"_uf_show_specific_survey":0,"_uf_disable_surveys":false},"product_brand":[],"product_cat":[23],"product_tag":[],"class_list":{"0":"post-3626","1":"product","2":"type-product","3":"status-publish","4":"has-post-thumbnail","6":"product_cat-cnc-langdrehmaschinen","8":"first","9":"instock","10":"taxable","11":"shipping-taxable","12":"product-type-simple"},"aioseo_notices":[],"_links":{"self":[{"href":"https:\/\/mueller-wrh.de\/uk\/wp-json\/wp\/v2\/product\/3626","targetHints":{"allow":["GET"]}}],"collection":[{"href":"https:\/\/mueller-wrh.de\/uk\/wp-json\/wp\/v2\/product"}],"about":[{"href":"https:\/\/mueller-wrh.de\/uk\/wp-json\/wp\/v2\/types\/product"}],"replies":[{"embeddable":true,"href":"https:\/\/mueller-wrh.de\/uk\/wp-json\/wp\/v2\/comments?post=3626"}],"wp:featuredmedia":[{"embeddable":true,"href":"https:\/\/mueller-wrh.de\/uk\/wp-json\/wp\/v2\/media\/3747"}],"wp:attachment":[{"href":"https:\/\/mueller-wrh.de\/uk\/wp-json\/wp\/v2\/media?parent=3626"}],"wp:term":[{"taxonomy":"product_brand","embeddable":true,"href":"https:\/\/mueller-wrh.de\/uk\/wp-json\/wp\/v2\/product_brand?post=3626"},{"taxonomy":"product_cat","embeddable":true,"href":"https:\/\/mueller-wrh.de\/uk\/wp-json\/wp\/v2\/product_cat?post=3626"},{"taxonomy":"product_tag","embeddable":true,"href":"https:\/\/mueller-wrh.de\/uk\/wp-json\/wp\/v2\/product_tag?post=3626"}],"curies":[{"name":"wp","href":"https:\/\/api.w.org\/{rel}","templated":true}]}}