{"id":3473,"date":"2025-05-13T12:51:46","date_gmt":"2025-05-13T12:51:46","guid":{"rendered":"https:\/\/mueller-wrh.de\/produkt\/schunk-rota-2b-160-zwei-backen-keilspannfutter-schunk-rota-2b-160-two-jaw-wedge-style-power-chuck-intnr231294\/"},"modified":"2025-05-13T12:51:46","modified_gmt":"2025-05-13T12:51:46","slug":"schunk-rota-2b-160-zwei-backen-keilspannfutter-schunk-rota-2b-160-two-jaw-wedge-style-power-chuck-intnr231294","status":"publish","type":"product","link":"https:\/\/mueller-wrh.de\/uk\/product\/schunk-rota-2b-160-zwei-backen-keilspannfutter-schunk-rota-2b-160-two-jaw-wedge-style-power-chuck-intnr231294\/","title":{"rendered":"Schunk ROTA 2B 160 Zwei-Backen-Keilspannfutter \/ \u0414\u0432\u043e\u043a\u0443\u043b\u0430\u0447\u043a\u043e\u0432\u0438\u0439 \u043a\u043b\u0438\u043d\u043e\u0432\u0438\u0439 \u043f\u0430\u0442\u0440\u043e\u043d Schunk ROTA 2B 160 IntNr231294"},"content":{"rendered":"<p><b>\u041c\u0456\u0441\u0446\u0435\u0437\u043d\u0430\u0445\u043e\u0434\u0436\u0435\u043d\u043d\u044f:<\/b> \u041d\u0456\u043c\u0435\u0447\u0447\u0438\u043d\u0430, \u0411\u0430\u0434\u0435\u043d-\u0412\u044e\u0440\u0442\u0435\u043c\u0431\u0435\u0440\u0433 \u041f\u0456\u0432\u0434\u0435\u043d\u043d\u0438\u0439 \u0417\u0430\u0445\u0456\u0434<\/p>\n<p><b>\u0423\u043c\u043e\u0432\u0430:<\/b> \u042f\u043a \u043d\u043e\u0432\u0435\u043d\u044c\u043a\u0438\u0439<\/p>\n<p><b>\u041c\u043e\u0434\u0435\u043b\u044c:<\/b> \u0428\u0443\u043d\u043a\u0443.<\/p>\n<p>\u0422\u0435\u0445\u043d\u0456\u0447\u043d\u0438\u0439 \u043e\u043f\u0438\u0441 - Schunk ROTA 2B 160<br \/>\n\u041f\u0440\u0438\u0437\u043d\u0430\u0447\u0435\u043d\u043d\u044f: \u0420\u0443\u0447\u043d\u0438\u0439 \u0434\u0432\u043e\u043a\u0443\u043b\u0430\u0447\u043a\u043e\u0432\u0438\u0439 \u043a\u043b\u0438\u043d\u043e\u0432\u0438\u0439 \u043f\u0430\u0442\u0440\u043e\u043d<br \/>\n\u0412\u0438\u0440\u043e\u0431\u043d\u0438\u043a: SCHUNK GmbH &amp; Co. KG<br \/>\n\u041c\u043e\u0434\u0435\u043b\u044c: ROTA 2B 160<br \/>\n\u041a\u043e\u043d\u0441\u0442\u0440\u0443\u043a\u0446\u0456\u044f: \u043a\u043b\u0438\u043d\u043e\u0432\u0438\u0439 \u043f\u0430\u0442\u0440\u043e\u043d \u0437 \u0440\u0443\u0447\u043d\u0438\u043c \u043f\u0440\u0438\u0432\u043e\u0434\u043e\u043c \u0456 2 \u0446\u0435\u043d\u0442\u0440\u0430\u043b\u044c\u043d\u0438\u043c\u0438 \u0437\u0430\u0442\u0438\u0441\u043a\u043d\u0438\u043c\u0438 \u0433\u0443\u0431\u043a\u0430\u043c\u0438<\/p>\n<p>\u0422\u0438\u043f\u043e\u0432\u0456 \u0442\u0435\u0445\u043d\u0456\u0447\u043d\u0456 \u0434\u0430\u043d\u0456:<br \/>\n\u0414\u0456\u0430\u043c\u0435\u0442\u0440 \u043f\u0430\u0442\u0440\u043e\u043d\u0430: 160 \u043c\u043c<\/p>\n<p>\u041a\u0456\u043b\u044c\u043a\u0456\u0441\u0442\u044c \u0449\u0435\u043b\u0435\u043f: 2<\/p>\n<p>\u041f\u0440\u0438\u0432\u0435\u0434\u0435\u043d\u043d\u044f \u0432 \u0434\u0456\u044e: \u0412\u0440\u0443\u0447\u043d\u0443 \u0437\u0430 \u0434\u043e\u043f\u043e\u043c\u043e\u0433\u043e\u044e \u0437\u0430\u0442\u0438\u0441\u043a\u043d\u043e\u0433\u043e \u043a\u043b\u044e\u0447\u0430<\/p>\n<p>\u0417\u0430\u0442\u0438\u0441\u043a\u043d\u0438\u0439 \u043c\u0435\u0445\u0430\u043d\u0456\u0437\u043c: \u043f\u0440\u0438\u043d\u0446\u0438\u043f \u043a\u043b\u0438\u043d\u043e\u0432\u043e\u0433\u043e \u0433\u0430\u043a\u0430 (\u0434\u043b\u044f \u0432\u0438\u0441\u043e\u043a\u043e\u0457 \u0441\u0438\u043b\u0438 \u0437\u0430\u0442\u0438\u0441\u043a\u0443 \u0442\u0430 \u043d\u0430\u0434\u0456\u0439\u043d\u043e\u0441\u0442\u0456)<\/p>\n<p>\u0426\u0435\u043d\u0442\u0440\u0430\u043b\u044c\u043d\u0438\u0439 \u043d\u0430\u0441\u043a\u0440\u0456\u0437\u043d\u0438\u0439 \u043e\u0442\u0432\u0456\u0440: \u043f\u0440\u0438\u0431\u043b\u0438\u0437\u043d\u043e 40-45 \u043c\u043c (\u0437\u0430\u043b\u0435\u0436\u043d\u043e \u0432\u0456\u0434 \u043c\u043e\u0434\u0435\u043b\u0456)<\/p>\n<p>\u041c\u043e\u043d\u0442\u0430\u0436: \u0444\u043b\u0430\u043d\u0446\u0435\u0432\u0435 \u0430\u0431\u043e \u043f\u0440\u044f\u043c\u0435 \u043a\u0440\u0456\u043f\u043b\u0435\u043d\u043d\u044f, \u043d\u0430\u043f\u0440\u0438\u043a\u043b\u0430\u0434, DIN 55026 A5 (\u0437\u0430\u043b\u0435\u0436\u043d\u043e \u0432\u0456\u0434 \u0432\u0435\u0440\u0441\u0456\u0457)<\/p>\n<p>\u041c\u0430\u043a\u0441. \u0421\u0438\u043b\u0430 \u0437\u0430\u0442\u0438\u0441\u043a\u0443: \u043f\u0440\u0438\u0431\u043b\u0438\u0437\u043d\u043e 30-35 \u043a\u041d (\u0432 \u0437\u0430\u043b\u0435\u0436\u043d\u043e\u0441\u0442\u0456 \u0432\u0456\u0434 \u043c\u043e\u043c\u0435\u043d\u0442\u0443 \u0437\u0430\u0442\u044f\u0433\u0443\u0432\u0430\u043d\u043d\u044f \u0437\u0430\u0442\u0438\u0441\u043a\u043d\u043e\u0433\u043e \u043a\u043b\u044e\u0447\u0430)<\/p>\n<p>\u0422\u043e\u0447\u043d\u0456\u0441\u0442\u044c \u043f\u043e\u0432\u0442\u043e\u0440\u0435\u043d\u043d\u044f: \u0442\u0438\u043f. \u2264 0,02 \u043c\u043c<\/p>\n<p>\u041e\u0431\u043b\u0430\u0441\u0442\u044c \u0437\u0430\u0441\u0442\u043e\u0441\u0443\u0432\u0430\u043d\u043d\u044f: \u0414\u043b\u044f \u043d\u0435\u043a\u0440\u0443\u0433\u043b\u0438\u0445 \u0430\u0431\u043e \u0447\u0443\u0442\u043b\u0438\u0432\u0438\u0445 \u0437\u0430\u0433\u043e\u0442\u043e\u0432\u043e\u043a, \u043f\u0456\u0434\u0445\u043e\u0434\u0438\u0442\u044c \u0434\u043b\u044f \u0442\u043e\u043a\u0430\u0440\u043d\u0438\u0445 \u0432\u0435\u0440\u0441\u0442\u0430\u0442\u0456\u0432, \u0434\u0456\u043b\u0438\u043b\u044c\u043d\u0438\u0445 \u0433\u043e\u043b\u043e\u0432\u043e\u043a \u0456 \u0441\u043f\u0435\u0446\u0456\u0430\u043b\u044c\u043d\u0438\u0445 \u043f\u0440\u0438\u0441\u0442\u043e\u0441\u0443\u0432\u0430\u043d\u044c<\/p>\n<p>\u041c\u0430\u0442\u0435\u0440\u0456\u0430\u043b: \u041a\u043e\u0440\u043f\u0443\u0441 \u0456 \u0437\u0430\u0442\u0438\u0441\u043a\u043d\u0456 \u0435\u043b\u0435\u043c\u0435\u043d\u0442\u0438 \u0437\u0430\u0433\u0430\u0440\u0442\u043e\u0432\u0430\u043d\u0456 \u0442\u0430 \u0432\u0456\u0434\u0448\u043b\u0456\u0444\u043e\u0432\u0430\u043d\u0456 \u0434\u043b\u044f \u0442\u0440\u0438\u0432\u0430\u043b\u043e\u0433\u043e \u0442\u0435\u0440\u043c\u0456\u043d\u0443 \u0441\u043b\u0443\u0436\u0431\u0438<\/p>\n<p>\u2699\ufe0f \u041e\u0441\u043e\u0431\u043b\u0438\u0432\u043e\u0441\u0442\u0456:<br \/>\n\u0414\u0432\u043e\u043a\u0443\u043b\u0430\u0447\u043a\u043e\u0432\u0430 \u043a\u043e\u043d\u0441\u0442\u0440\u0443\u043a\u0446\u0456\u044f \u0434\u043b\u044f \u0441\u043f\u0435\u0446\u0456\u0430\u043b\u044c\u043d\u0438\u0445 \u0437\u0430\u0432\u0434\u0430\u043d\u044c \u0437\u0430\u0442\u0438\u0441\u043a\u0443 (\u043d\u0430\u043f\u0440\u0438\u043a\u043b\u0430\u0434, \u043d\u0435\u043a\u0440\u0443\u0433\u043b\u0456 \u0430\u0431\u043e \u043e\u0432\u0430\u043b\u044c\u043d\u0456 \u0437\u0430\u0433\u043e\u0442\u043e\u0432\u043a\u0438)<\/p>\n<p>\u0412\u0438\u0441\u043e\u043a\u0430 \u0441\u0438\u043b\u0430 \u0437\u0430\u0442\u0438\u0441\u043a\u0430\u043d\u043d\u044f \u0437\u0430\u0432\u0434\u044f\u043a\u0438 \u043c\u0435\u0445\u0430\u043d\u0456\u0437\u043c\u0443 \u043a\u043b\u0438\u043d\u043e\u0432\u043e\u0433\u043e \u0433\u0430\u043a\u0430<\/p>\n<p>\u041a\u043e\u043c\u043f\u0430\u043a\u0442\u043d\u0438\u0439 \u0434\u0438\u0437\u0430\u0439\u043d<\/p>\n<p>\u0414\u043e\u0432\u0433\u043e\u0432\u0456\u0447\u043d\u0438\u0439 \u0456 \u043d\u0435\u0432\u0438\u0431\u0430\u0433\u043b\u0438\u0432\u0438\u0439 \u0432 \u043e\u0431\u0441\u043b\u0443\u0433\u043e\u0432\u0443\u0432\u0430\u043d\u043d\u0456<\/p>\n<p>\u0417\u0430 \u0432\u0438\u043d\u044f\u0442\u043a\u043e\u043c \u0442\u0435\u0445\u043d\u0456\u0447\u043d\u0438\u0445 \u0437\u043c\u0456\u043d \u0442\u0430 \u043f\u043e\u043c\u0438\u043b\u043e\u043a. \u0414\u043b\u044f \u043e\u0442\u0440\u0438\u043c\u0430\u043d\u043d\u044f \u0442\u043e\u0447\u043d\u0438\u0445 \u0434\u0430\u043d\u0438\u0445, \u0431\u0443\u0434\u044c \u043b\u0430\u0441\u043a\u0430, \u043e\u0442\u0440\u0438\u043c\u0430\u0439\u0442\u0435 \u043e\u0444\u0456\u0446\u0456\u0439\u043d\u0438\u0439 \u0442\u0435\u0445\u043d\u0456\u0447\u043d\u0438\u0439 \u043f\u0430\u0441\u043f\u043e\u0440\u0442 \u0432\u0456\u0434 \u043a\u043e\u043c\u043f\u0430\u043d\u0456\u0457 SCHUNK \u0430\u0431\u043e \u0437\u0432\u0435\u0440\u043d\u0456\u0442\u044c\u0441\u044f \u0431\u0435\u0437\u043f\u043e\u0441\u0435\u0440\u0435\u0434\u043d\u044c\u043e \u0434\u043e \u0432\u0438\u0440\u043e\u0431\u043d\u0438\u043a\u0430.<\/p>\n<p>? \u0422\u0435\u0445\u043d\u0456\u0447\u043d\u0438\u0439 \u043e\u043f\u0438\u0441 - Schunk ROTA 2B 160<br \/>\n\u041f\u0440\u0438\u0437\u043d\u0430\u0447\u0435\u043d\u043d\u044f: \u0420\u0443\u0447\u043d\u0438\u0439 \u0434\u0432\u043e\u043a\u0443\u043b\u0430\u0447\u043a\u043e\u0432\u0438\u0439 \u043a\u043b\u0438\u043d\u043e\u0432\u0438\u0439 \u043f\u0430\u0442\u0440\u043e\u043d<br \/>\n\u0412\u0438\u0440\u043e\u0431\u043d\u0438\u043a: SCHUNK GmbH &amp; Co. KG<br \/>\n\u041c\u043e\u0434\u0435\u043b\u044c: ROTA 2B 160<br \/>\n\u041a\u043e\u043d\u0441\u0442\u0440\u0443\u043a\u0446\u0456\u044f: \u041a\u043b\u0438\u043d\u043e\u0432\u0438\u0439 \u043f\u0430\u0442\u0440\u043e\u043d \u0437 \u0440\u0443\u0447\u043d\u0438\u043c \u043f\u0440\u0438\u0432\u043e\u0434\u043e\u043c \u0456 2 \u0441\u0430\u043c\u043e\u0446\u0435\u043d\u0442\u0440\u0443\u0432\u0430\u043b\u044c\u043d\u0438\u043c\u0438 \u043a\u0443\u043b\u0430\u0447\u043a\u0430\u043c\u0438<\/p>\n<p>\u0422\u0438\u043f\u043e\u0432\u0456 \u0442\u0435\u0445\u043d\u0456\u0447\u043d\u0456 \u0434\u0430\u043d\u0456:<br \/>\n\u0414\u0456\u0430\u043c\u0435\u0442\u0440 \u043f\u0430\u0442\u0440\u043e\u043d\u0430: 160 \u043c\u043c<\/p>\n<p>\u041a\u0456\u043b\u044c\u043a\u0456\u0441\u0442\u044c \u0449\u0435\u043b\u0435\u043f: 2<\/p>\n<p>\u041f\u0440\u0438\u0432\u0435\u0434\u0435\u043d\u043d\u044f \u0432 \u0434\u0456\u044e: \u0432\u0440\u0443\u0447\u043d\u0443 \u0437\u0430 \u0434\u043e\u043f\u043e\u043c\u043e\u0433\u043e\u044e \u043a\u043b\u0430\u0432\u0456\u0448\u0456 \u0437\u0430\u0442\u0438\u0441\u043a\u043d\u043e\u0433\u043e \u043f\u0430\u0442\u0440\u043e\u043d\u0430<\/p>\n<p>\u0417\u0430\u0442\u0438\u0441\u043a\u043d\u0438\u0439 \u043c\u0435\u0445\u0430\u043d\u0456\u0437\u043c: \u0441\u0438\u0441\u0442\u0435\u043c\u0430 \u043a\u043b\u0438\u043d\u043e\u0432\u0438\u0445 \u0433\u0430\u043a\u0456\u0432 (\u0434\u043b\u044f \u0432\u0438\u0441\u043e\u043a\u043e\u0457 \u0441\u0438\u043b\u0438 \u0437\u0430\u0442\u0438\u0441\u043a\u0443 \u0442\u0430 \u043d\u0430\u0434\u0456\u0439\u043d\u043e\u0441\u0442\u0456)<\/p>\n<p>\u0426\u0435\u043d\u0442\u0440\u0430\u043b\u044c\u043d\u0438\u0439 \u043d\u0430\u0441\u043a\u0440\u0456\u0437\u043d\u0438\u0439 \u043e\u0442\u0432\u0456\u0440: \u043f\u0440\u0438\u0431\u043b\u0438\u0437\u043d\u043e 40-45 \u043c\u043c (\u0437\u0430\u043b\u0435\u0436\u043d\u043e \u0432\u0456\u0434 \u0432\u0435\u0440\u0441\u0456\u0457)<\/p>\n<p>\u041c\u043e\u043d\u0442\u0430\u0436\u043d\u0438\u0439 \u0456\u043d\u0442\u0435\u0440\u0444\u0435\u0439\u0441: \u0424\u043b\u0430\u043d\u0446\u0435\u0432\u0435 \u0430\u0431\u043e \u043f\u0440\u044f\u043c\u0435 \u043a\u0440\u0456\u043f\u043b\u0435\u043d\u043d\u044f, \u043d\u0430\u043f\u0440\u0438\u043a\u043b\u0430\u0434, DIN 55026 A5 (\u0437\u0430\u043b\u0435\u0436\u043d\u043e \u0432\u0456\u0434 \u043a\u043e\u043d\u0444\u0456\u0433\u0443\u0440\u0430\u0446\u0456\u0457)<\/p>\n<p>\u041c\u0430\u043a\u0441\u0438\u043c\u0430\u043b\u044c\u043d\u0435 \u0437\u0443\u0441\u0438\u043b\u043b\u044f \u0437\u0430\u0442\u0438\u0441\u043a\u0443: \u043f\u0440\u0438\u0431\u043b\u0438\u0437\u043d\u043e 30-35 \u043a\u041d (\u0432 \u0437\u0430\u043b\u0435\u0436\u043d\u043e\u0441\u0442\u0456 \u0432\u0456\u0434 \u043f\u0440\u0438\u043a\u043b\u0430\u0434\u0435\u043d\u043e\u0433\u043e \u043a\u0440\u0443\u0442\u043d\u043e\u0433\u043e \u043c\u043e\u043c\u0435\u043d\u0442\u0443)<\/p>\n<p>\u041f\u043e\u0432\u0442\u043e\u0440\u044e\u0432\u0430\u043d\u0456\u0441\u0442\u044c: \u0437\u0430\u0437\u0432\u0438\u0447\u0430\u0439 \u2264 0,02 \u043c\u043c<\/p>\n<p>\u0417\u0430\u0441\u0442\u043e\u0441\u0443\u0432\u0430\u043d\u043d\u044f: \u041f\u0456\u0434\u0445\u043e\u0434\u0438\u0442\u044c \u0434\u043b\u044f \u043e\u0431\u0440\u043e\u0431\u043a\u0438 \u043d\u0435\u0441\u0442\u0430\u043d\u0434\u0430\u0440\u0442\u043d\u0438\u0445 \u0430\u0431\u043e \u0447\u0443\u0442\u043b\u0438\u0432\u0438\u0445 \u0437\u0430\u0433\u043e\u0442\u043e\u0432\u043e\u043a; \u0456\u0434\u0435\u0430\u043b\u044c\u043d\u043e \u043f\u0456\u0434\u0445\u043e\u0434\u0438\u0442\u044c \u0434\u043b\u044f \u0432\u0438\u043a\u043e\u0440\u0438\u0441\u0442\u0430\u043d\u043d\u044f \u043d\u0430 \u0442\u043e\u043a\u0430\u0440\u043d\u0438\u0445 \u0432\u0435\u0440\u0441\u0442\u0430\u0442\u0430\u0445, \u0456\u043d\u0434\u0435\u043a\u0441\u043d\u0438\u0445 \u043f\u0440\u0438\u0441\u0442\u043e\u0441\u0443\u0432\u0430\u043d\u043d\u044f\u0445 \u0456 \u0441\u043f\u0435\u0446\u0456\u0430\u043b\u044c\u043d\u0438\u0445 \u0443\u0441\u0442\u0430\u043d\u043e\u0432\u043a\u0430\u0445<\/p>\n<p>\u041c\u0430\u0442\u0435\u0440\u0456\u0430\u043b: \u043a\u043e\u0440\u043f\u0443\u0441 \u0456 \u0437\u0430\u0442\u0438\u0441\u043a\u043d\u0456 \u0435\u043b\u0435\u043c\u0435\u043d\u0442\u0438 \u0437\u0430\u0433\u0430\u0440\u0442\u043e\u0432\u0430\u043d\u0456 \u0442\u0430 \u0432\u0456\u0434\u0448\u043b\u0456\u0444\u043e\u0432\u0430\u043d\u0456 \u0434\u043b\u044f \u0437\u0431\u0456\u043b\u044c\u0448\u0435\u043d\u043d\u044f \u0434\u043e\u0432\u0433\u043e\u0432\u0456\u0447\u043d\u043e\u0441\u0442\u0456<\/p>\n<p>\u2699\ufe0f \u041a\u043b\u044e\u0447\u043e\u0432\u0456 \u043e\u0441\u043e\u0431\u043b\u0438\u0432\u043e\u0441\u0442\u0456:<br \/>\n\u0412\u0435\u0440\u0441\u0456\u044f \u0437 \u0434\u0432\u043e\u043c\u0430 \u0433\u0443\u0431\u043a\u0430\u043c\u0438 \u0434\u043b\u044f \u0441\u043f\u0435\u0446\u0456\u0430\u043b\u044c\u043d\u0438\u0445 \u0437\u0430\u0432\u0434\u0430\u043d\u044c \u0437\u0430\u0442\u0438\u0441\u043a\u0443 (\u043d\u0430\u043f\u0440\u0438\u043a\u043b\u0430\u0434, \u043d\u0435\u0441\u0442\u0430\u043d\u0434\u0430\u0440\u0442\u043d\u0456 \u0430\u0431\u043e \u043e\u0432\u0430\u043b\u044c\u043d\u0456 \u0437\u0430\u0433\u043e\u0442\u043e\u0432\u043a\u0438)<\/p>\n<p>\u0412\u0438\u0441\u043e\u043a\u0430 \u0441\u0438\u043b\u0430 \u0437\u0430\u0442\u0438\u0441\u043a\u0430\u043d\u043d\u044f \u0437\u0430\u0432\u0434\u044f\u043a\u0438 \u043c\u0435\u0445\u0430\u043d\u0456\u0437\u043c\u0443 \u043a\u043b\u0438\u043d\u043e\u0432\u043e\u0433\u043e \u0433\u0430\u043a\u0430<\/p>\n<p>\u041a\u043e\u043c\u043f\u0430\u043a\u0442\u043d\u0430 \u0442\u0430 \u043c\u0456\u0446\u043d\u0430 \u043a\u043e\u043d\u0441\u0442\u0440\u0443\u043a\u0446\u0456\u044f<\/p>\n<p>\u0414\u043e\u0432\u0433\u043e\u0432\u0456\u0447\u043d\u0456\u0441\u0442\u044c \u0456 \u043d\u0438\u0437\u044c\u043a\u0456 \u0432\u0438\u0442\u0440\u0430\u0442\u0438 \u043d\u0430 \u043e\u0431\u0441\u043b\u0443\u0433\u043e\u0432\u0443\u0432\u0430\u043d\u043d\u044f<\/p>\n<p>\u0422\u0435\u0445\u043d\u0456\u0447\u043d\u0456 \u0445\u0430\u0440\u0430\u043a\u0442\u0435\u0440\u0438\u0441\u0442\u0438\u043a\u0438 \u043c\u043e\u0436\u0443\u0442\u044c \u0437\u043c\u0456\u043d\u044e\u0432\u0430\u0442\u0438\u0441\u044f \u0442\u0430 \u043c\u0456\u0441\u0442\u0438\u0442\u0438 \u043f\u043e\u043c\u0438\u043b\u043a\u0438. \u0414\u043b\u044f \u043e\u0442\u0440\u0438\u043c\u0430\u043d\u043d\u044f \u0442\u043e\u0447\u043d\u0438\u0445 \u0434\u0430\u043d\u0438\u0445, \u0431\u0443\u0434\u044c \u043b\u0430\u0441\u043a\u0430, \u0437\u0432\u0435\u0440\u043d\u0456\u0442\u044c\u0441\u044f \u0434\u043e \u043e\u0444\u0456\u0446\u0456\u0439\u043d\u043e\u0433\u043e \u0442\u0435\u0445\u043d\u0456\u0447\u043d\u043e\u0433\u043e \u043f\u0430\u0441\u043f\u043e\u0440\u0442\u0443 SCHUNK \u0430\u0431\u043e \u0431\u0435\u0437\u043f\u043e\u0441\u0435\u0440\u0435\u0434\u043d\u044c\u043e \u0434\u043e \u0432\u0438\u0440\u043e\u0431\u043d\u0438\u043a\u0430.<\/p>","protected":false},"excerpt":{"rendered":"<p>Standort: Deutschland, Baden-W\u00fcrttemberg S\u00fcdwest Zustand: Neuwertig Modell: Schunk Technische Beschreibung \u2013 Schunk ROTA 2B 160 Bezeichnung: Manuelles Zwei-Backen-Keilspannfutter Hersteller: SCHUNK GmbH &amp; Co. KG Modell: ROTA 2B 160 Ausf\u00fchrung: Manuell bet\u00e4tigtes Keilspannfutter mit 2 zentrisch spannenden Backen ?\ufe0f Typische Technische Daten: Spannfutterdurchmesser: 160 mm Backenzahl: 2 Bet\u00e4tigung: Manuell \u00fcber Spannschl\u00fcssel Spannmechanismus: Keilhaken-Prinzip (f\u00fcr hohe Spannkraft [&hellip;]<\/p>\n","protected":false},"featured_media":3471,"comment_status":"open","ping_status":"closed","template":"","meta":{"_uf_show_specific_survey":0,"_uf_disable_surveys":false},"product_brand":[],"product_cat":[102],"product_tag":[],"class_list":{"0":"post-3473","1":"product","2":"type-product","3":"status-publish","4":"has-post-thumbnail","6":"product_cat-spannzangen","8":"first","9":"instock","10":"taxable","11":"shipping-taxable","12":"product-type-simple"},"aioseo_notices":[],"_links":{"self":[{"href":"https:\/\/mueller-wrh.de\/uk\/wp-json\/wp\/v2\/product\/3473","targetHints":{"allow":["GET"]}}],"collection":[{"href":"https:\/\/mueller-wrh.de\/uk\/wp-json\/wp\/v2\/product"}],"about":[{"href":"https:\/\/mueller-wrh.de\/uk\/wp-json\/wp\/v2\/types\/product"}],"replies":[{"embeddable":true,"href":"https:\/\/mueller-wrh.de\/uk\/wp-json\/wp\/v2\/comments?post=3473"}],"wp:featuredmedia":[{"embeddable":true,"href":"https:\/\/mueller-wrh.de\/uk\/wp-json\/wp\/v2\/media\/3471"}],"wp:attachment":[{"href":"https:\/\/mueller-wrh.de\/uk\/wp-json\/wp\/v2\/media?parent=3473"}],"wp:term":[{"taxonomy":"product_brand","embeddable":true,"href":"https:\/\/mueller-wrh.de\/uk\/wp-json\/wp\/v2\/product_brand?post=3473"},{"taxonomy":"product_cat","embeddable":true,"href":"https:\/\/mueller-wrh.de\/uk\/wp-json\/wp\/v2\/product_cat?post=3473"},{"taxonomy":"product_tag","embeddable":true,"href":"https:\/\/mueller-wrh.de\/uk\/wp-json\/wp\/v2\/product_tag?post=3473"}],"curies":[{"name":"wp","href":"https:\/\/api.w.org\/{rel}","templated":true}]}}