{"id":3406,"date":"2025-04-29T16:39:31","date_gmt":"2025-04-29T16:39:31","guid":{"rendered":"https:\/\/mueller-wrh.de\/produkt\/gebr-profilprojektor-mitutoyo-pv-500-_intnr231045\/"},"modified":"2025-04-29T16:39:31","modified_gmt":"2025-04-29T16:39:31","slug":"gebr-profilprojektor-mitutoyo-pv-500-_intnr231045","status":"publish","type":"product","link":"https:\/\/mueller-wrh.de\/uk\/product\/gebr-profilprojektor-mitutoyo-pv-500-_intnr231045\/","title":{"rendered":"\u0432\u0438\u043a\u043e\u0440\u0438\u0441\u0442\u0430\u043d\u0438\u0439 \u043f\u0440\u043e\u0444\u0456\u043b\u044c\u043d\u0438\u0439 \u043f\u0440\u043e\u0435\u043a\u0442\u043e\u0440 Mitutoyo PV 500 _IntNr231045"},"content":{"rendered":"<p><b>\u041c\u0456\u0441\u0446\u0435\u0437\u043d\u0430\u0445\u043e\u0434\u0436\u0435\u043d\u043d\u044f:<\/b> \u041d\u0456\u043c\u0435\u0447\u0447\u0438\u043d\u0430, \u0411\u0430\u0434\u0435\u043d-\u0412\u044e\u0440\u0442\u0435\u043c\u0431\u0435\u0440\u0433 \u041f\u0456\u0432\u0434\u0435\u043d\u043d\u0438\u0439 \u0417\u0430\u0445\u0456\u0434<\/p>\n<p><b>\u0423\u043c\u043e\u0432\u0430:<\/b> \u0411\/\u0432<\/p>\n<p><b>\u0413\u043e\u0434\u0438\u043d\u0438 \u0440\u043e\u0431\u043e\u0442\u0438:<\/b> \u043d\u0456<\/p>\n<p>IntNo231045<br \/>\n\u0413\u0435\u0431\u0440.<br \/>\n\u041f\u0440\u043e\u0444\u0456\u043b\u044c\u043d\u0438\u0439 \u043f\u0440\u043e\u0435\u043a\u0442\u043e\u0440 Mitutoyo PV 500<br \/>\n\u0437 \u0435\u043a\u0440\u0430\u043d\u043e\u043c 500 \u043c\u043c \u0456 \u0446\u0438\u0444\u0440\u043e\u0432\u0438\u043c \u0434\u0438\u0441\u043f\u043b\u0435\u0454\u043c<br \/>\n\u0422\u0435\u0445\u043d\u0456\u0447\u043d\u0456 \u0434\u0430\u043d\u0456:<br \/>\n\u041f\u0440\u043e\u0444\u0456\u043b\u044c\u043d\u0438\u0439 \u043f\u0440\u043e\u0435\u043a\u0442\u043e\u0440 \u0432\u0438\u0440\u043e\u0431\u043d\u0438\u0446\u0442\u0432\u0430 MITUTOYO \u0442\u0438\u043f\u0443 PV-500<br \/>\n\u0414\u0456\u0430\u043c\u0435\u0442\u0440 \u0441\u0438\u0442\u0430 508 \u043c\u043c<br \/>\n\u0415\u043a\u0440\u0430\u043d \u043e\u0431\u0435\u0440\u0442\u0430\u0454\u0442\u044c\u0441\u044f \u043d\u0430 360\u00b0 (\u0432\u0435\u0440\u043d\u044c\u0454\u0440 1')<br \/>\n\u041c\u043e\u0436\u043b\u0438\u0432\u0435 \u0437\u0431\u0456\u043b\u044c\u0448\u0435\u043d\u043d\u044f 5 x , 10 x , 20 x , 50 x , 100 x<br \/>\n\u041c\u043e\u043d\u0442\u0430\u0436 \u0447\u0435\u0440\u0435\u0437 \u0441\u0438\u0441\u0442\u0435\u043c\u0443 \u0432\u0441\u0442\u0430\u0432\u043a\u0438 \u0437 \u0430\u0434\u0430\u043f\u0442\u0435\u0440\u043e\u043c<br \/>\n\u0422\u043e\u0447\u043d\u0456\u0441\u0442\u044c \u0437\u0431\u0456\u043b\u044c\u0448\u0435\u043d\u043d\u044f \u043f\u0440\u0438 \u043f\u0440\u043e\u0445\u0456\u0434\u043d\u043e\u043c\u0443\/\u0432\u0456\u0434\u0431\u0438\u0442\u043e\u043c\u0443 \u0441\u0432\u0456\u0442\u043b\u0456 +- 0,1% \/ +- 0,15%<br \/>\n\u041c\u0435\u0440\u0435\u0436\u0430 220 \u0412, 50 \u0413\u0446<br \/>\n\u0421\u043f\u043e\u0436\u0438\u0432\u0430\u043d\u0430 \u043f\u043e\u0442\u0443\u0436\u043d\u0456\u0441\u0442\u044c 340 \u0412\u0410<br \/>\n\u0411\u0430\u0437\u043e\u0432\u0456 \u0440\u043e\u0437\u043c\u0456\u0440\u0438 900 x 700 x 1700 \u043c\u043c<br \/>\n\u0412\u0430\u0433\u0430 180 \u043a\u0433<br \/>\n\u0437<br \/>\n- 2-\u043e\u0441\u044c\u043e\u0432\u0438\u0439 \u0446\u0438\u0444\u0440\u043e\u0432\u0438\u0439 \u0434\u0438\u0441\u043f\u043b\u0435\u0439 Mitutoyo<br \/>\n\u0410\u043a\u0441\u0435\u0441\u0443\u0430\u0440\u0438 <\/p>\n<p>\u041c\u0430\u0448\u0438\u043d\u0443 \u043c\u043e\u0436\u043d\u0430 \u043e\u0433\u043b\u044f\u043d\u0443\u0442\u0438 \u0437\u0430 \u043f\u043e\u043f\u0435\u0440\u0435\u0434\u043d\u0456\u043c \u0437\u0430\u043f\u0438\u0441\u043e\u043c.<br \/>\n\u041c\u0438 \u0437\u0430\u043b\u0438\u0448\u0430\u0454\u043c\u043e \u0437\u0430 \u0441\u043e\u0431\u043e\u044e \u043f\u0440\u0430\u0432\u043e \u043d\u0430 \u0437\u043c\u0456\u043d\u0438 \u0442\u0430 \u043f\u043e\u043c\u0438\u043b\u043a\u0438 \u0432 \u0442\u0435\u0445\u043d\u0456\u0447\u043d\u0438\u0445 \u0434\u0430\u043d\u0438\u0445 \u0442\u0430 \u0456\u043d\u0444\u043e\u0440\u043c\u0430\u0446\u0456\u0457, \u0430 \u0442\u0430\u043a\u043e\u0436 \u043d\u0430 \u043f\u043e\u043f\u0435\u0440\u0435\u0434\u043d\u0456\u0439 \u043f\u0440\u043e\u0434\u0430\u0436!<\/p>\n<p>\u0411\/\u0432<br \/>\n\u041f\u0440\u043e\u0444\u0456\u043b\u044c\u043d\u0438\u0439 \u043f\u0440\u043e\u0435\u043a\u0442\u043e\u0440 Mitutoyo PV 500<br \/>\n\u0437 \u0435\u043a\u0440\u0430\u043d\u043e\u043c 500 \u043c\u043c \u0456 \u0446\u0438\u0444\u0440\u043e\u0432\u0438\u043c \u0434\u0438\u0441\u043f\u043b\u0435\u0454\u043c<br \/>\n\u0422\u0435\u0445\u043d\u0456\u0447\u043d\u0456 \u0434\u0430\u043d\u0456:<br \/>\n\u041f\u0440\u043e\u0444\u0456\u043b\u044c\u043d\u0438\u0439 \u043f\u0440\u043e\u0435\u043a\u0442\u043e\u0440 \u0432\u0438\u0440\u043e\u0431\u043d\u0438\u0446\u0442\u0432\u0430 MITUTOYO \u0442\u0438\u043f\u0443 PV-500<br \/>\n\u0414\u0456\u0430\u043c\u0435\u0442\u0440 \u0441\u0438\u0442\u0430 508 \u043c\u043c<br \/>\n\u0415\u043a\u0440\u0430\u043d \u043e\u0431\u0435\u0440\u0442\u0430\u0454\u0442\u044c\u0441\u044f \u043d\u0430 360\u00b0 (\u0432\u0435\u0440\u043d\u044c\u0454\u0440 1\u2032)<br \/>\n\u041c\u043e\u0436\u043b\u0438\u0432\u0435 \u0437\u0431\u0456\u043b\u044c\u0448\u0435\u043d\u043d\u044f 5 x , 10 x , 20 x , 50 x , 100 x<br \/>\n\u0412\u0441\u0442\u0430\u043d\u043e\u0432\u043b\u0435\u043d\u043d\u044f \u0437\u0430 \u0434\u043e\u043f\u043e\u043c\u043e\u0433\u043e\u044e \u0432\u0441\u0442\u0430\u0432\u043d\u043e\u0457 \u0441\u0438\u0441\u0442\u0435\u043c\u0438 \u0437 \u0430\u0434\u0430\u043f\u0442\u0435\u0440\u043e\u043c<br \/>\n\u0422\u043e\u0447\u043d\u0456\u0441\u0442\u044c \u0437\u0431\u0456\u043b\u044c\u0448\u0435\u043d\u043d\u044f \u043f\u0440\u0438 \u043f\u0440\u043e\u0445\u0456\u0434\u043d\u043e\u043c\u0443\/\u0432\u0456\u0434\u0431\u0438\u0442\u043e\u043c\u0443 \u0441\u0432\u0456\u0442\u043b\u0456 +- 0,1% \/ +- 0,15%<br \/>\n\u041c\u0435\u0440\u0435\u0436\u0430 220 \u0412, 50 \u0413\u0446<br \/>\n\u0421\u043f\u043e\u0436\u0438\u0432\u0430\u043d\u0430 \u043f\u043e\u0442\u0443\u0436\u043d\u0456\u0441\u0442\u044c 340 \u0412\u0410<br \/>\n\u0411\u0430\u0437\u043e\u0432\u0456 \u0440\u043e\u0437\u043c\u0456\u0440\u0438 \u043f\u0440\u0438\u0441\u0442\u0440\u043e\u044e 900 x 700 x 1700 \u043c\u043c<br \/>\n\u0412\u0430\u0433\u0430 180 \u043a\u0433<br \/>\n\u0417<br \/>\n- 2-\u043e\u0441\u044c\u043e\u0432\u0438\u0439 \u0446\u0438\u0444\u0440\u043e\u0432\u0438\u0439 \u0434\u0438\u0441\u043f\u043b\u0435\u0439 Mitutoyo<br \/>\n\u0410\u043a\u0441\u0435\u0441\u0443\u0430\u0440\u0438 <\/p>\n<p>\u041c\u0430\u0448\u0438\u043d\u0443 \u043c\u043e\u0436\u043d\u0430 \u043e\u0433\u043b\u044f\u043d\u0443\u0442\u0438 \u0437\u0430 \u043f\u043e\u043f\u0435\u0440\u0435\u0434\u043d\u0456\u043c \u0437\u0430\u043f\u0438\u0441\u043e\u043c.<br \/>\n\u041c\u0438 \u0437\u0430\u043b\u0438\u0448\u0430\u0454\u043c\u043e \u0437\u0430 \u0441\u043e\u0431\u043e\u044e \u043f\u0440\u0430\u0432\u043e \u043d\u0430 \u0437\u043c\u0456\u043d\u0438 \u0442\u0430 \u043f\u043e\u043c\u0438\u043b\u043a\u0438 \u0432 \u0442\u0435\u0445\u043d\u0456\u0447\u043d\u0438\u0445 \u0434\u0430\u043d\u0438\u0445 \u0442\u0430 \u0456\u043d\u0444\u043e\u0440\u043c\u0430\u0446\u0456\u0457, \u0430 \u0442\u0430\u043a\u043e\u0436 \u043d\u0430 \u043f\u043e\u043f\u0435\u0440\u0435\u0434\u043d\u0456\u0439 \u043f\u0440\u043e\u0434\u0430\u0436!<\/p>","protected":false},"excerpt":{"rendered":"<p>Standort: Deutschland, Baden-W\u00fcrttemberg S\u00fcdwest Zustand: Gebraucht Betriebsstunden: keine IntNr231045 Gebr. Profilprojektor Mitutoyo PV 500 mit Bildschirm 500 mm und digitaler Anzeige Technische Daten: Profilprojektor Fabrikat MITUTOYO Typ PV-500 Bildschirmdurchmesser 508 mm Bildschirm drehbar um 360\u00b0 (Nonius 1\u00b4) Vergr\u00f6\u00dferung m\u00f6glich 5 x , 10 x , 20 x ,50x , 100 x Einbau erfolgt durch Einsatzsystem [&hellip;]<\/p>\n","protected":false},"featured_media":3402,"comment_status":"open","ping_status":"closed","template":"","meta":{"_uf_show_specific_survey":0,"_uf_disable_surveys":false},"product_brand":[],"product_cat":[98],"product_tag":[],"class_list":{"0":"post-3406","1":"product","2":"type-product","3":"status-publish","4":"has-post-thumbnail","6":"product_cat-messtechnik","8":"first","9":"instock","10":"taxable","11":"shipping-taxable","12":"product-type-simple"},"aioseo_notices":[],"_links":{"self":[{"href":"https:\/\/mueller-wrh.de\/uk\/wp-json\/wp\/v2\/product\/3406","targetHints":{"allow":["GET"]}}],"collection":[{"href":"https:\/\/mueller-wrh.de\/uk\/wp-json\/wp\/v2\/product"}],"about":[{"href":"https:\/\/mueller-wrh.de\/uk\/wp-json\/wp\/v2\/types\/product"}],"replies":[{"embeddable":true,"href":"https:\/\/mueller-wrh.de\/uk\/wp-json\/wp\/v2\/comments?post=3406"}],"wp:featuredmedia":[{"embeddable":true,"href":"https:\/\/mueller-wrh.de\/uk\/wp-json\/wp\/v2\/media\/3402"}],"wp:attachment":[{"href":"https:\/\/mueller-wrh.de\/uk\/wp-json\/wp\/v2\/media?parent=3406"}],"wp:term":[{"taxonomy":"product_brand","embeddable":true,"href":"https:\/\/mueller-wrh.de\/uk\/wp-json\/wp\/v2\/product_brand?post=3406"},{"taxonomy":"product_cat","embeddable":true,"href":"https:\/\/mueller-wrh.de\/uk\/wp-json\/wp\/v2\/product_cat?post=3406"},{"taxonomy":"product_tag","embeddable":true,"href":"https:\/\/mueller-wrh.de\/uk\/wp-json\/wp\/v2\/product_tag?post=3406"}],"curies":[{"name":"wp","href":"https:\/\/api.w.org\/{rel}","templated":true}]}}