{"id":3089,"date":"2025-03-13T16:37:29","date_gmt":"2025-03-13T16:37:29","guid":{"rendered":"https:\/\/mueller-wrh.de\/produkt\/gebr-biglia-wkz-halter-angetr-used-toolholder-driven-mtc-8900-2_intnr231224\/"},"modified":"2025-03-13T16:37:29","modified_gmt":"2025-03-13T16:37:29","slug":"gebr-biglia-wkz-halter-angetr-used-toolholder-driven-mtc-8900-2_intnr231224","status":"publish","type":"product","link":"https:\/\/mueller-wrh.de\/uk\/product\/gebr-biglia-wkz-halter-angetr-used-toolholder-driven-mtc-8900-2_intnr231224\/","title":{"rendered":"Biglia \u0432\u0438\u043a\u043e\u0440\u0438\u0441\u0442\u043e\u0432\u0443\u0432\u0430\u043b\u0430 \u043f\u0440\u0438\u0432\u0456\u0434\u043d\u0438\u0439 \u0442\u0440\u0438\u043c\u0430\u0447 \u0456\u043d\u0441\u0442\u0440\u0443\u043c\u0435\u043d\u0442\u0443 MTC 8900-2_IntNr231224"},"content":{"rendered":"<p><b>Standort:<\/b> Deutschland, Baden-W\u00fcrttemberg S\u00fcdwest<\/p>\n<p><b>Zustand:<\/b> Neuwertig<\/p>\n<p><b>Hersteller:<\/b> MT Marchetti<\/p>\n<p><b>Modell:<\/b> 1190320<\/p>\n<p><b>Baujahr:<\/b> 2019<\/p>\n<p>gebr. angetriebene Werkzeughalter mit IKZ<br \/>\nKompatible Maschinen<br \/>\nBIGLIA &#8211; B436<br \/>\nBIGLIA &#8211; B438<br \/>\nBIGLIA &#8211; BMX 45Y2<\/p>\n<p>Radial Bohr- und Fr\u00e4skopf ER20, 1:1 mit IKZ (MT)<br \/>\nWichtigsten Technische Daten<br \/>\nSpindel ER20<\/p>\n<p>\u00dcbersetzungsverh\u00e4ltnis 1:1<\/p>\n<p>Max U\/min. 6000<\/p>\n<p>Maximales Drehmoment [Nm] 50<\/p>\n<p>Au\u00dfenk\u00fchlung Ja<\/p>\n<p>Driven tool holders with IKZ<br \/>\nCompatible machines<br \/>\nBIGLIA &#8211; B436<br \/>\nBIGLIA &#8211; B438<br \/>\nBIGLIA &#8211; BMX 45Y2<\/p>\n<p>Radial drilling and milling head ER20, 1:1 with IKZ (MT)<br \/>\nMost important technical data<br \/>\nSpindle ER20<\/p>\n<p>Gear ratio 1:1<\/p>\n<p>Max. rpm 6000<\/p>\n<p>Maximum torque [Nm] 50<\/p>\n<p>External cooling Yes<br \/>\nWeniger anzeigen<\/p>\n","protected":false},"excerpt":{"rendered":"<p>Standort: Deutschland, Baden-W\u00fcrttemberg S\u00fcdwest Zustand: Neuwertig Hersteller: MT Marchetti Modell: 1190320 Baujahr: 2019 gebr. angetriebene Werkzeughalter mit IKZ Kompatible Maschinen BIGLIA &#8211; B436 BIGLIA &#8211; B438 BIGLIA &#8211; BMX 45Y2 Radial Bohr- und Fr\u00e4skopf ER20, 1:1 mit IKZ (MT) Wichtigsten Technische Daten Spindel ER20 \u00dcbersetzungsverh\u00e4ltnis 1:1 Max U\/min. 6000 Maximales Drehmoment [Nm] 50 Au\u00dfenk\u00fchlung Ja [&hellip;]<\/p>\n","protected":false},"featured_media":3081,"comment_status":"open","ping_status":"closed","template":"","meta":{"_uf_show_specific_survey":0,"_uf_disable_surveys":false},"product_brand":[],"product_cat":[20],"product_tag":[],"class_list":{"0":"post-3089","1":"product","2":"type-product","3":"status-publish","4":"has-post-thumbnail","6":"product_cat-werkzeughalter","8":"first","9":"instock","10":"taxable","11":"shipping-taxable","12":"product-type-simple"},"aioseo_notices":[],"_links":{"self":[{"href":"https:\/\/mueller-wrh.de\/uk\/wp-json\/wp\/v2\/product\/3089","targetHints":{"allow":["GET"]}}],"collection":[{"href":"https:\/\/mueller-wrh.de\/uk\/wp-json\/wp\/v2\/product"}],"about":[{"href":"https:\/\/mueller-wrh.de\/uk\/wp-json\/wp\/v2\/types\/product"}],"replies":[{"embeddable":true,"href":"https:\/\/mueller-wrh.de\/uk\/wp-json\/wp\/v2\/comments?post=3089"}],"wp:featuredmedia":[{"embeddable":true,"href":"https:\/\/mueller-wrh.de\/uk\/wp-json\/wp\/v2\/media\/3081"}],"wp:attachment":[{"href":"https:\/\/mueller-wrh.de\/uk\/wp-json\/wp\/v2\/media?parent=3089"}],"wp:term":[{"taxonomy":"product_brand","embeddable":true,"href":"https:\/\/mueller-wrh.de\/uk\/wp-json\/wp\/v2\/product_brand?post=3089"},{"taxonomy":"product_cat","embeddable":true,"href":"https:\/\/mueller-wrh.de\/uk\/wp-json\/wp\/v2\/product_cat?post=3089"},{"taxonomy":"product_tag","embeddable":true,"href":"https:\/\/mueller-wrh.de\/uk\/wp-json\/wp\/v2\/product_tag?post=3089"}],"curies":[{"name":"wp","href":"https:\/\/api.w.org\/{rel}","templated":true}]}}