{"id":3026,"date":"2025-03-13T16:35:57","date_gmt":"2025-03-13T16:35:57","guid":{"rendered":"https:\/\/mueller-wrh.de\/produkt\/gebr-biglia-wkz-halter-fest-used-toolholder-fixed-oesterle-mit-ikz_intnr231226\/"},"modified":"2025-03-13T16:35:57","modified_gmt":"2025-03-13T16:35:57","slug":"gebr-biglia-wkz-halter-fest-used-toolholder-fixed-oesterle-mit-ikz_intnr231226","status":"publish","type":"product","link":"https:\/\/mueller-wrh.de\/uk\/product\/gebr-biglia-wkz-halter-fest-used-toolholder-fixed-oesterle-mit-ikz_intnr231226\/","title":{"rendered":"gebbr. Biglia WKZ-Halter \u0441\u0432\u044f\u0442\u043a\u043e\u0432\u0438\u0439\/\u0432\u0438\u043a\u043e\u0440\u0438\u0441\u0442\u0430\u043d\u0438\u0439 \u0442\u0440\u0438\u043c\u0430\u0447 \u0434\u043b\u044f \u0456\u043d\u0441\u0442\u0440\u0443\u043c\u0435\u043d\u0442\u0443 \u0444\u0456\u043a\u0441\u043e\u0432\u0430\u043d\u0438\u0439 Oesterle \u0437 IKZ_IntNr231226"},"content":{"rendered":"<p><b>\u041c\u0456\u0441\u0446\u0435\u0437\u043d\u0430\u0445\u043e\u0434\u0436\u0435\u043d\u043d\u044f:<\/b> \u041d\u0456\u043c\u0435\u0447\u0447\u0438\u043d\u0430, \u0411\u0430\u0434\u0435\u043d-\u0412\u044e\u0440\u0442\u0435\u043c\u0431\u0435\u0440\u0433 \u041f\u0456\u0432\u0434\u0435\u043d\u043d\u0438\u0439 \u0417\u0430\u0445\u0456\u0434<\/p>\n<p><b>\u0423\u043c\u043e\u0432\u0430:<\/b> \u042f\u043a \u043d\u043e\u0432\u0435\u043d\u044c\u043a\u0438\u0439<\/p>\n<p><b>\u0412\u0438\u0440\u043e\u0431\u043d\u0438\u043a:<\/b> \u041e\u0441\u0442\u0435\u0440\u043b\u0435.<\/p>\n<p><b>\u041c\u043e\u0434\u0435\u043b\u044c:<\/b> 357 5403 SL26 B109<\/p>\n<p><b>\u0420\u0456\u043a \u043f\u043e\u0431\u0443\u0434\u043e\u0432\u0438:<\/b> 2015<\/p>\n<p>\u0444\u0456\u0440\u043c\u043e\u0432\u0438\u0439 \u043f\u0440\u0435\u0446\u0438\u0437\u0456\u0439\u043d\u0438\u0439 \u0442\u0440\u0438\u043c\u0430\u0447 \u0432\u0456\u0434\u0441\u0456\u043a\u0430\u0447\u0430<br \/>\nBI-WZ16ABL3<br \/>\n\u0421\u0443\u043c\u0456\u0441\u043d\u0456 \u043c\u0430\u0448\u0438\u043d\u0438<br \/>\nBIGLIA - B436<br \/>\nBIGLIA - B438<br \/>\nBIGLIA - BMX 45Y2<br \/>\n\u041f\u0440\u0435\u0446\u0438\u0437\u0456\u0439\u043d\u0438\u0439 \u0442\u0440\u0438\u043c\u0430\u0447 \u0434\u043b\u044f \u0432\u0456\u0434\u0440\u0456\u0437\u043d\u043e\u0433\u043e \u043d\u043e\u0436\u0430 SH 26 \u043c\u043c<br \/>\n\u041b\u0456\u0432\u043e\u0441\u0442\u043e\u0440\u043e\u043d\u043d\u0456\u0439 \u0432\u0430\u0440\u0456\u0430\u043d\u0442, \u0432\u0438\u0441\u043e\u0442\u0430 70 \u043c\u043c (Oesterle)<br \/>\n\u0412\u0438\u0441\u043e\u0442\u0430 \u0448\u0432\u0435\u0440\u0442\u0430 SH 26 \u043c\u043c<br \/>\n\u0428\u0438\u0440\u0438\u043d\u0430 \u0448\u0432\u0435\u0440\u0442\u0430 3 \u043c\u043c<br \/>\n\u0412\u0430\u0433\u0430 4,6 \u043a\u0433<br \/>\n \u041e\u0445\u043e\u043b\u043e\u0434\u0436\u0443\u044e\u0447\u0430 \u0440\u0456\u0434\u0438\u043d\u0430<br \/>\n \u0417\u043e\u0432\u043d\u0456\u0448\u043d\u0456\u0439 + IKZ<br \/>\n85 \u0431\u0430\u0440<\/p>\n<p>\u0442\u0440\u0438\u043c\u0430\u0447 \u043f\u0440\u0435\u0446\u0438\u0437\u0456\u0439\u043d\u043e\u0433\u043e \u0432\u0456\u0434\u0441\u0456\u043a\u0430\u0447\u0430<br \/>\nBI-WZ16ABL3<br \/>\n\u0421\u0443\u043c\u0456\u0441\u043d\u0456 \u043c\u0430\u0448\u0438\u043d\u0438<br \/>\nBIGLIA - B436<br \/>\nBIGLIA - B438<br \/>\nBIGLIA - BMX 45Y2<br \/>\n\u041f\u0440\u0435\u0446\u0438\u0437\u0456\u0439\u043d\u0438\u0439 \u0442\u0440\u0438\u043c\u0430\u0447 \u0434\u043b\u044f \u0432\u0456\u0434\u0440\u0456\u0437\u043d\u043e\u0433\u043e \u043d\u043e\u0436\u0430 SH 26 \u043c\u043c<br \/>\n\u043b\u0456\u0432\u043e\u0441\u0442\u043e\u0440\u043e\u043d\u043d\u0456\u0439 \u0432\u0430\u0440\u0456\u0430\u043d\u0442, \u0432\u0438\u0441\u043e\u0442\u0430 70 \u043c\u043c (Oesterle)<br \/>\n\u0432\u0438\u0441\u043e\u0442\u0430 \u043b\u0435\u0437\u0430 SH 26 \u043c\u043c<br \/>\n\u0448\u0438\u0440\u0438\u043d\u0430 \u043b\u0435\u0437\u0430 3 \u043c\u043c<br \/>\n\u0412\u0430\u0433\u0430 4,6 \u043a\u0433<br \/>\n \u041e\u0445\u043e\u043b\u043e\u0434\u0436\u0443\u044e\u0447\u0430 \u0440\u0456\u0434\u0438\u043d\u0430<br \/>\n \u0417\u043e\u0432\u043d\u0456\u0448\u043d\u0456\u0439 + IKZ<br \/>\n85 \u0431\u0430\u0440<\/p>","protected":false},"excerpt":{"rendered":"<p>Standort: Deutschland, Baden-W\u00fcrttemberg S\u00fcdwest Zustand: Neuwertig Hersteller: Oesterle Modell: 357 5403 SL26 B109 Baujahr: 2015 gebr. Praezisionsabstechhalter BI-WZ16ABL3 Kompatible Maschinen BIGLIA &#8211; B436 BIGLIA &#8211; B438 BIGLIA &#8211; BMX 45Y2 Pr\u00e4zisionsabstechhalter f\u00fcr Abstechschwert SH 26 mm linke Ausf\u00fchrung, H\u00f6he 70 mm (Oesterle) Schwerth\u00f6he SH 26 mm Schwertbreite 3 mm Gewicht 4,6 kg K\u00fchlmittel Externe + [&hellip;]<\/p>\n","protected":false},"featured_media":3019,"comment_status":"open","ping_status":"closed","template":"","meta":{"_uf_show_specific_survey":0,"_uf_disable_surveys":false},"product_brand":[],"product_cat":[20],"product_tag":[],"class_list":{"0":"post-3026","1":"product","2":"type-product","3":"status-publish","4":"has-post-thumbnail","6":"product_cat-werkzeughalter","8":"first","9":"instock","10":"taxable","11":"shipping-taxable","12":"product-type-simple"},"aioseo_notices":[],"_links":{"self":[{"href":"https:\/\/mueller-wrh.de\/uk\/wp-json\/wp\/v2\/product\/3026","targetHints":{"allow":["GET"]}}],"collection":[{"href":"https:\/\/mueller-wrh.de\/uk\/wp-json\/wp\/v2\/product"}],"about":[{"href":"https:\/\/mueller-wrh.de\/uk\/wp-json\/wp\/v2\/types\/product"}],"replies":[{"embeddable":true,"href":"https:\/\/mueller-wrh.de\/uk\/wp-json\/wp\/v2\/comments?post=3026"}],"wp:featuredmedia":[{"embeddable":true,"href":"https:\/\/mueller-wrh.de\/uk\/wp-json\/wp\/v2\/media\/3019"}],"wp:attachment":[{"href":"https:\/\/mueller-wrh.de\/uk\/wp-json\/wp\/v2\/media?parent=3026"}],"wp:term":[{"taxonomy":"product_brand","embeddable":true,"href":"https:\/\/mueller-wrh.de\/uk\/wp-json\/wp\/v2\/product_brand?post=3026"},{"taxonomy":"product_cat","embeddable":true,"href":"https:\/\/mueller-wrh.de\/uk\/wp-json\/wp\/v2\/product_cat?post=3026"},{"taxonomy":"product_tag","embeddable":true,"href":"https:\/\/mueller-wrh.de\/uk\/wp-json\/wp\/v2\/product_tag?post=3026"}],"curies":[{"name":"wp","href":"https:\/\/api.w.org\/{rel}","templated":true}]}}