{"id":2874,"date":"2025-03-13T16:29:22","date_gmt":"2025-03-13T16:29:22","guid":{"rendered":"https:\/\/mueller-wrh.de\/produkt\/gebr-werkzeughalter-star-451-59-00_star-sv-20-intnr231152\/"},"modified":"2025-03-13T16:29:22","modified_gmt":"2025-03-13T16:29:22","slug":"gebr-werkzeughalter-star-451-59-00_star-sv-20-intnr231152","status":"publish","type":"product","link":"https:\/\/mueller-wrh.de\/uk\/product\/gebr-werkzeughalter-star-451-59-00_star-sv-20-intnr231152\/","title":{"rendered":"STAR 451-59-00_\u041f\u0456\u0434\u0441\u0442\u0430\u0432\u043a\u0430 \u0434\u043b\u044f \u0456\u043d\u0441\u0442\u0440\u0443\u043c\u0435\u043d\u0442\u0443 Star SV-20 (IntNo231152)"},"content":{"rendered":"<p><b>\u041c\u0456\u0441\u0446\u0435\u0437\u043d\u0430\u0445\u043e\u0434\u0436\u0435\u043d\u043d\u044f:<\/b> \u041d\u0456\u043c\u0435\u0447\u0447\u0438\u043d\u0430, \u0411\u0430\u0434\u0435\u043d-\u0412\u044e\u0440\u0442\u0435\u043c\u0431\u0435\u0440\u0433 \u041f\u0456\u0432\u0434\u0435\u043d\u043d\u0438\u0439 \u0417\u0430\u0445\u0456\u0434<\/p>\n<p><b>\u0423\u043c\u043e\u0432\u0430:<\/b> \u042f\u043a \u043d\u043e\u0432\u0435\u043d\u044c\u043a\u0438\u0439<\/p>\n<p><b>\u0412\u0438\u0440\u043e\u0431\u043d\u0438\u043a:<\/b> STAR Micronics<\/p>\n<p>2-\u0448\u043f\u0438\u043d\u0434\u0435\u043b\u044c\u043d\u0438\u0439 \u043f\u043e\u0434\u0432\u0456\u0439\u043d\u0438\u0439 \u0444\u0440\u043e\u043d\u0442\u0430\u043b\u044c\u043d\u0438\u0439 \u0441\u0432\u0435\u0440\u0434\u043b\u0438\u043b\u044c\u043d\u0438\u0439\/\u0444\u0440\u0435\u0437\u0435\u0440\u043d\u0438\u0439 \u0432\u0435\u0440\u0441\u0442\u0430\u0442 ER11 \u0434\u043b\u044f \u0444\u0440\u043e\u043d\u0442\u0430\u043b\u044c\u043d\u043e\u0433\u043e \u0442\u0430 \u0437\u0430\u0434\u043d\u044c\u043e\u0433\u043e \u0441\u0432\u0435\u0440\u0434\u043b\u0456\u043d\u043d\u044f<br \/>\n\u041e\u0431\u0440\u043e\u0431\u043a\u0430 \u0437\u0437\u0430\u0434\u0443; \u0432\u0438\u0441\u043e\u043a\u0430 \u0448\u0432\u0438\u0434\u043a\u0456\u0441\u0442\u044c 12000 1\/\u0445\u0432 \u0437<br \/>\n\u041f\u043e\u0434\u0430\u0447\u0430 \u043e\u0445\u043e\u043b\u043e\u0434\u0436\u0443\u044e\u0447\u043e\u0457 \u0440\u0456\u0434\u0438\u043d\u0438 (\u0437\u043e\u0432\u043d\u0456\u0448\u043d\u044f)<br \/>\n\u0434\u043b\u044f \u0433\u043e\u043b\u043e\u0432\u043d\u043e\u0433\u043e \u0448\u043f\u0438\u043d\u0434\u0435\u043b\u044f \u0442\u0430 \u043a\u043e\u043d\u0442\u0440\u0448\u043f\u0438\u043d\u0434\u0435\u043b\u044f<br \/>\n451-59-00<br \/>\n\u041f\u0456\u0434\u0445\u043e\u0434\u0438\u0442\u044c \u0434\u043b\u044f \u043d\u0430\u0441\u0442\u0443\u043f\u043d\u0438\u0445 \u0442\u0438\u043f\u0456\u0432 \u043c\u0430\u0448\u0438\u043d STAR:<br \/>\nST-20-32-38 SV-12-20-32 \/ ECAS<br \/>\n\u041f\u0435\u0440\u0435\u0434\u0430\u0442\u043e\u0447\u043d\u0435 \u0447\u0438\u0441\u043b\u043e 1:2.115<br \/>\n\u0428\u0432\u0438\u0434\u043a\u0456\u0441\u0442\u044c \u0432\u0432\u0435\u0434\u0435\u043d\u043d\u044f \u043c\u0430\u043a\u0441. 6000 1\/\u0445\u0432<br \/>\n\u0428\u0432\u0438\u0434\u043a\u0456\u0441\u0442\u044c \u043d\u0430 \u0432\u0438\u0445\u043e\u0434\u0456 \u043c\u0430\u043a\u0441. 12000 1\/\u0445\u0432<br \/>\n\u0412\u0438\u0445\u0456\u0434\u043d\u0438\u0439 \u043a\u0440\u0443\u0442\u043d\u0438\u0439 \u043c\u043e\u043c\u0435\u043d\u0442 \u043c\u0430\u043a\u0441. 12 \u041d\u043c<br \/>\n\u041c\u0438 \u0437\u0430\u043b\u0438\u0448\u0430\u0454\u043c\u043e \u0437\u0430 \u0441\u043e\u0431\u043e\u044e \u043f\u0440\u0430\u0432\u043e \u043d\u0430 \u0437\u043c\u0456\u043d\u0438 \u0442\u0430 \u043f\u043e\u043c\u0438\u043b\u043a\u0438 \u0432 \u0442\u0435\u0445\u043d\u0456\u0447\u043d\u0438\u0445 \u0434\u0430\u043d\u0438\u0445 \u0442\u0430 \u0456\u043d\u0444\u043e\u0440\u043c\u0430\u0446\u0456\u0457, \u0430 \u0442\u0430\u043a\u043e\u0436 \u043d\u0430 \u043f\u043e\u043f\u0435\u0440\u0435\u0434\u043d\u0456\u0439 \u043f\u0440\u043e\u0434\u0430\u0436!<\/p>\n<p>\u0420\u0435\u0433\u0443\u043b\u044c\u043e\u0432\u0430\u043d\u0430 \u043f\u0456\u0434 \u043a\u0443\u0442\u043e\u043c \u043d\u0430\u0441\u0430\u0434\u043a\u0430 \u0434\u043b\u044f \u0441\u0432\u0435\u0440\u0434\u043b\u0456\u043d\u043d\u044f\/\u0444\u0440\u0435\u0437\u0435\u0440\u0443\u0432\u0430\u043d\u043d\u044f ER11 (0-90\u00b0); \u0432\u0438\u0441\u043e\u043a\u043e\u0448\u0432\u0438\u0434\u043a\u0456\u0441\u043d\u0430 \u0440\u043e\u0431\u043e\u0442\u0430<br \/>\n12000 1\/\u0445\u0432<br \/>\n\u0434\u043b\u044f \u0433\u043e\u043b\u043e\u0432\u043d\u043e\u0433\u043e \u0448\u043f\u0438\u043d\u0434\u0435\u043b\u044f<br \/>\n451-55-00<br \/>\n\u041f\u0456\u0434\u0445\u043e\u0434\u0438\u0442\u044c \u0434\u043b\u044f \u043d\u0430\u0441\u0442\u0443\u043f\u043d\u0438\u0445 \u0442\u0438\u043f\u0456\u0432 \u043c\u0430\u0448\u0438\u043d STAR:<br \/>\nST-20-32-38 SV-12-20-32 \/ ECAS<br \/>\n\u0428\u0432\u0438\u0434\u043a\u0456\u0441\u0442\u044c \u043d\u0430 \u0432\u0438\u0445\u043e\u0434\u0456 \u043c\u0430\u043a\u0441. 12000 1\/\u0445\u0432<br \/>\n\u041c\u0438 \u0437\u0430\u043b\u0438\u0448\u0430\u0454\u043c\u043e \u0437\u0430 \u0441\u043e\u0431\u043e\u044e \u043f\u0440\u0430\u0432\u043e \u043d\u0430 \u0437\u043c\u0456\u043d\u0438 \u0442\u0430 \u043f\u043e\u043c\u0438\u043b\u043a\u0438 \u0432 \u0442\u0435\u0445\u043d\u0456\u0447\u043d\u0438\u0445 \u0434\u0430\u043d\u0438\u0445 \u0442\u0430 \u0456\u043d\u0444\u043e\u0440\u043c\u0430\u0446\u0456\u0457, \u0430 \u0442\u0430\u043a\u043e\u0436 \u043d\u0430 \u043f\u043e\u043f\u0435\u0440\u0435\u0434\u043d\u0456\u0439 \u043f\u0440\u043e\u0434\u0430\u0436!<\/p>","protected":false},"excerpt":{"rendered":"<p>Standort: Deutschland, Baden-W\u00fcrttemberg S\u00fcdwest Zustand: Neuwertig Hersteller: STAR Micronics 2-Spindel-Doppelfrontalbohr-\/Fr\u00e4sapparat ER11 f\u00fcr Front- und R\u00fcckseitenbearbeitung; Schnelllauf 12000 1\/min mit K\u00fchlmittelzuf\u00fchrung (extern) zu Hauptspindel und Gegenspindel 451-59-00 Passend f\u00fcr folgende STAR-Maschinentypen: ST-20-32-38 SV-12-20-32 \/ ECAS \u00dcbersetzung 1:2,115 Eingangsdrehzahl max. 6000 1\/min Ausgangsdrehzahl max. 12000 1\/min Ausgangsdrehmoment max. 12 Nm Aenderungen und Irrtuemer in den technischen Daten [&hellip;]<\/p>\n","protected":false},"featured_media":2872,"comment_status":"open","ping_status":"closed","template":"","meta":{"_uf_show_specific_survey":0,"_uf_disable_surveys":false},"product_brand":[],"product_cat":[20],"product_tag":[],"class_list":{"0":"post-2874","1":"product","2":"type-product","3":"status-publish","4":"has-post-thumbnail","6":"product_cat-werkzeughalter","8":"first","9":"instock","10":"taxable","11":"shipping-taxable","12":"product-type-simple"},"aioseo_notices":[],"_links":{"self":[{"href":"https:\/\/mueller-wrh.de\/uk\/wp-json\/wp\/v2\/product\/2874","targetHints":{"allow":["GET"]}}],"collection":[{"href":"https:\/\/mueller-wrh.de\/uk\/wp-json\/wp\/v2\/product"}],"about":[{"href":"https:\/\/mueller-wrh.de\/uk\/wp-json\/wp\/v2\/types\/product"}],"replies":[{"embeddable":true,"href":"https:\/\/mueller-wrh.de\/uk\/wp-json\/wp\/v2\/comments?post=2874"}],"wp:featuredmedia":[{"embeddable":true,"href":"https:\/\/mueller-wrh.de\/uk\/wp-json\/wp\/v2\/media\/2872"}],"wp:attachment":[{"href":"https:\/\/mueller-wrh.de\/uk\/wp-json\/wp\/v2\/media?parent=2874"}],"wp:term":[{"taxonomy":"product_brand","embeddable":true,"href":"https:\/\/mueller-wrh.de\/uk\/wp-json\/wp\/v2\/product_brand?post=2874"},{"taxonomy":"product_cat","embeddable":true,"href":"https:\/\/mueller-wrh.de\/uk\/wp-json\/wp\/v2\/product_cat?post=2874"},{"taxonomy":"product_tag","embeddable":true,"href":"https:\/\/mueller-wrh.de\/uk\/wp-json\/wp\/v2\/product_tag?post=2874"}],"curies":[{"name":"wp","href":"https:\/\/api.w.org\/{rel}","templated":true}]}}