{"id":2682,"date":"2025-03-13T16:15:19","date_gmt":"2025-03-13T16:15:19","guid":{"rendered":"https:\/\/mueller-wrh.de\/produkt\/werkzeughalter-agw_star-3-spindel-frontalbohr-fraesapparat-er16_nr-661-51-0-intnr202101166\/"},"modified":"2025-03-13T16:15:19","modified_gmt":"2025-03-13T16:15:19","slug":"werkzeughalter-agw_star-3-spindel-frontalbohr-fraesapparat-er16_nr-661-51-0-intnr202101166","status":"publish","type":"product","link":"https:\/\/mueller-wrh.de\/uk\/product\/werkzeughalter-agw_star-3-spindel-frontalbohr-fraesapparat-er16_nr-661-51-0-intnr202101166\/","title":{"rendered":"\u0422\u0440\u0438\u043c\u0430\u0447 \u0456\u043d\u0441\u0442\u0440\u0443\u043c\u0435\u043d\u0442\u0443 AGW_Star - 3-\u0448\u043f\u0438\u043d\u0434\u0435\u043b\u044c\u043d\u0435 \u0444\u0440\u043e\u043d\u0442\u0430\u043b\u044c\u043d\u0435 \u0441\u0432\u0435\u0440\u0434\u043b\u0438\u043b\u044c\u043d\u043e-\u0444\u0440\u0435\u0437\u0435\u0440\u043d\u0435 \u043f\u0440\u0438\u0441\u0442\u043e\u0441\u0443\u0432\u0430\u043d\u043d\u044f ER16_No.661-51-0 (IntNo202101166)"},"content":{"rendered":"<p><b>\u041c\u0456\u0441\u0446\u0435\u0437\u043d\u0430\u0445\u043e\u0434\u0436\u0435\u043d\u043d\u044f:<\/b> \u041d\u0456\u043c\u0435\u0447\u0447\u0438\u043d\u0430, \u0411\u0430\u0434\u0435\u043d-\u0412\u044e\u0440\u0442\u0435\u043c\u0431\u0435\u0440\u0433 \u041f\u0456\u0432\u0434\u0435\u043d\u043d\u0438\u0439 \u0417\u0430\u0445\u0456\u0434<\/p>\n<p><b>\u0423\u043c\u043e\u0432\u0430:<\/b> \u042f\u043a \u043d\u043e\u0432\u0435\u043d\u044c\u043a\u0438\u0439<\/p>\n<p><b>\u0412\u0438\u0440\u043e\u0431\u043d\u0438\u043a:<\/b> STAR Micronics<\/p>\n<p><b>\u041c\u043e\u0434\u0435\u043b\u044c:<\/b> ER16_No.661-51-00<\/p>\n<p><b>\u0420\u0456\u043a \u043f\u043e\u0431\u0443\u0434\u043e\u0432\u0438:<\/b> 2016<\/p>\n<p>\u0422\u0440\u0438\u043c\u0430\u0447 \u0456\u043d\u0441\u0442\u0440\u0443\u043c\u0435\u043d\u0442\u0443 Star 3-\u0448\u043f\u0438\u043d\u0434\u0435\u043b\u044c\u043d\u0435 \u0444\u0440\u043e\u043d\u0442\u0430\u043b\u044c\u043d\u0435 \u0441\u0432\u0435\u0440\u0434\u043b\u0438\u043b\u044c\u043d\u0435\/\u0444\u0440\u0435\u0437\u0435\u0440\u043d\u0435 \u043f\u0440\u0438\u0441\u0442\u043e\u0441\u0443\u0432\u0430\u043d\u043d\u044f ER16<br \/>\n661-51-00<br \/>\n(S_No_327989-4)<br \/>\n\u0434\u043b\u044f \u0433\u043e\u043b\u043e\u0432\u043d\u043e\u0433\u043e \u0448\u043f\u0438\u043d\u0434\u0435\u043b\u044f<br \/>\n\u041f\u0456\u0434\u0445\u043e\u0434\u0438\u0442\u044c \u0434\u043b\u044f \u0442\u0438\u043f\u0443 \"\u0417\u0456\u0440\u043a\u0430\":<br \/>\nStar ECAS-12\/20; SB-12\/20R; SB-16III; SD-26C\/E\/G\/S; SL-7\/10<br \/>\nSR-10J; SR-20J\/JN; SR-20JII-A; SR-20JII-B; SR-20RII;SR-20RIII<br \/>\nSR-20RIV; SR-32J\/JN; SR-32JII-A; SR-32JII-B\/JIII-B; SR-38 (\u0442\u0438\u043f A\/B)<br \/>\n\u0421\u0412-20\u0420; \u0421\u0412-12\u0420\u0406; \u0421\u0412-20<\/p>\n<p>\u0428\u0432\u0438\u0434\u043a\u0456\u0441\u0442\u044c \u043c\u0430\u043a\u0441. 8000 1\/\u043c\u043c<br \/>\n\u043c\u0430\u043a\u0441. 13 \u041d\u043c<br \/>\n\u041f\u0435\u0440\u0435\u043a\u043b\u0430\u0434 1:1<br \/>\n\u041c\u0438 \u0437\u0430\u043b\u0438\u0448\u0430\u0454\u043c\u043e \u0437\u0430 \u0441\u043e\u0431\u043e\u044e \u043f\u0440\u0430\u0432\u043e \u043d\u0430 \u0437\u043c\u0456\u043d\u0438 \u0442\u0430 \u043f\u043e\u043c\u0438\u043b\u043a\u0438 \u0432 \u0442\u0435\u0445\u043d\u0456\u0447\u043d\u0438\u0445 \u0434\u0430\u043d\u0438\u0445 \u0442\u0430 \u0456\u043d\u0444\u043e\u0440\u043c\u0430\u0446\u0456\u0457, \u0430 \u0442\u0430\u043a\u043e\u0436 \u043d\u0430 \u043f\u043e\u043f\u0435\u0440\u0435\u0434\u043d\u0456\u0439 \u043f\u0440\u043e\u0434\u0430\u0436!<\/p>\n<p>\u0422\u0440\u0438\u043c\u0430\u0447 \u0456\u043d\u0441\u0442\u0440\u0443\u043c\u0435\u043d\u0442\u0443 \u0437\u0456\u0440\u043a\u0430 3-\u0448\u043f\u0438\u043d\u0434\u0435\u043b\u044c\u043d\u0430 \u0444\u0440\u043e\u043d\u0442\u0430\u043b\u044c\u043d\u0430 \u043d\u0430\u0441\u0430\u0434\u043a\u0430 \u0434\u043b\u044f \u0441\u0432\u0435\u0440\u0434\u043b\u0456\u043d\u043d\u044f\/\u0444\u0440\u0435\u0437\u0435\u0440\u0443\u0432\u0430\u043d\u043d\u044f ER16<br \/>\n661-51-00<br \/>\n(S_No_327989-4)<br \/>\n\u0434\u043b\u044f \u0433\u043e\u043b\u043e\u0432\u043d\u043e\u0433\u043e \u0448\u043f\u0438\u043d\u0434\u0435\u043b\u044f<br \/>\n\u041f\u0456\u0434\u0445\u043e\u0434\u0438\u0442\u044c \u0434\u043b\u044f \u0442\u0438\u043f\u0443 \"\u0417\u0456\u0440\u043a\u0430\":<br \/>\nStar ECAS-12\/20; SB-12\/20R; SB-16III; SD-26C\/E\/G\/S; SL-7\/10<br \/>\nSR-10J; SR-20J\/JN; SR-20JII-A; SR-20JII-B; SR-20RII;SR-20RIII<br \/>\nSR-20RIV; SR-32J\/JN; SR-32JII-A; SR-32JII-B\/JIII-B; SR-38 (\u0442\u0438\u043f A\/B)<br \/>\n\u0421\u0412-20\u0420; \u0421\u0412-12\u0420\u0406; \u0421\u0412-20<\/p>\n<p>\u0428\u0432\u0438\u0434\u043a\u0456\u0441\u0442\u044c \u043c\u0430\u043a\u0441. 8000 1\/\u043c\u043c<br \/>\n\u043c\u0430\u043a\u0441. 13 \u041d\u043c<br \/>\n\u041f\u0435\u0440\u0435\u0434\u0430\u0442\u043e\u0447\u043d\u0435 \u0447\u0438\u0441\u043b\u043e 1:1<br \/>\n\u041c\u0438 \u0437\u0430\u043b\u0438\u0448\u0430\u0454\u043c\u043e \u0437\u0430 \u0441\u043e\u0431\u043e\u044e \u043f\u0440\u0430\u0432\u043e \u043d\u0430 \u0437\u043c\u0456\u043d\u0438 \u0442\u0430 \u043f\u043e\u043c\u0438\u043b\u043a\u0438 \u0432 \u0442\u0435\u0445\u043d\u0456\u0447\u043d\u0438\u0445 \u0434\u0430\u043d\u0438\u0445 \u0442\u0430 \u0456\u043d\u0444\u043e\u0440\u043c\u0430\u0446\u0456\u0457, \u0430 \u0442\u0430\u043a\u043e\u0436 \u043d\u0430 \u043f\u043e\u043f\u0435\u0440\u0435\u0434\u043d\u0456\u0439 \u043f\u0440\u043e\u0434\u0430\u0436!<\/p>","protected":false},"excerpt":{"rendered":"<p>Standort: Deutschland, Baden-W\u00fcrttemberg S\u00fcdwest Zustand: Neuwertig Hersteller: STAR Micronics Modell: ER16_Nr.661-51-00 Baujahr: 2016 Werkzeughalter Star-3-Spindel-Frontalbohr-Fr\u00e4sapparat ER16 Nr.661-51-00 (S_Nr_327989-4) f\u00fcr die Hauptspindel Passend f\u00fcr Star Typen: Star ECAS-12\/20; SB-12\/20R; SB-16III; SD-26C\/E\/G\/S;SL-7\/10 SR-10J; SR-20J\/JN; SR-20JII-A; SR-20JII-B; SR-20RII;SR-20RIII SR-20RIV; SR-32J\/JN; SR-32JII-A; SR-32JII-B\/JIII-B; SR-38 (Type A\/B) SV-20R; SW-12RII; SW-20 Drehzahl max. 8000 1\/mm max. 13 Nm Uebersetzung 1:1 Aenderungen [&hellip;]<\/p>\n","protected":false},"featured_media":2679,"comment_status":"open","ping_status":"closed","template":"","meta":{"_uf_show_specific_survey":0,"_uf_disable_surveys":false},"product_brand":[],"product_cat":[20],"product_tag":[],"class_list":{"0":"post-2682","1":"product","2":"type-product","3":"status-publish","4":"has-post-thumbnail","6":"product_cat-werkzeughalter","8":"first","9":"instock","10":"taxable","11":"shipping-taxable","12":"product-type-simple"},"aioseo_notices":[],"_links":{"self":[{"href":"https:\/\/mueller-wrh.de\/uk\/wp-json\/wp\/v2\/product\/2682","targetHints":{"allow":["GET"]}}],"collection":[{"href":"https:\/\/mueller-wrh.de\/uk\/wp-json\/wp\/v2\/product"}],"about":[{"href":"https:\/\/mueller-wrh.de\/uk\/wp-json\/wp\/v2\/types\/product"}],"replies":[{"embeddable":true,"href":"https:\/\/mueller-wrh.de\/uk\/wp-json\/wp\/v2\/comments?post=2682"}],"wp:featuredmedia":[{"embeddable":true,"href":"https:\/\/mueller-wrh.de\/uk\/wp-json\/wp\/v2\/media\/2679"}],"wp:attachment":[{"href":"https:\/\/mueller-wrh.de\/uk\/wp-json\/wp\/v2\/media?parent=2682"}],"wp:term":[{"taxonomy":"product_brand","embeddable":true,"href":"https:\/\/mueller-wrh.de\/uk\/wp-json\/wp\/v2\/product_brand?post=2682"},{"taxonomy":"product_cat","embeddable":true,"href":"https:\/\/mueller-wrh.de\/uk\/wp-json\/wp\/v2\/product_cat?post=2682"},{"taxonomy":"product_tag","embeddable":true,"href":"https:\/\/mueller-wrh.de\/uk\/wp-json\/wp\/v2\/product_tag?post=2682"}],"curies":[{"name":"wp","href":"https:\/\/api.w.org\/{rel}","templated":true}]}}