{"id":2678,"date":"2025-03-13T16:15:10","date_gmt":"2025-03-13T16:15:10","guid":{"rendered":"https:\/\/mueller-wrh.de\/produkt\/agw-werkzeughalter-fuer-star-wto_410900000-22-k99-927-1-7-i2-18-1-abwaelzfraeseinheit-verzahnungen-intnr20215634\/"},"modified":"2025-03-13T16:15:10","modified_gmt":"2025-03-13T16:15:10","slug":"agw-werkzeughalter-fuer-star-wto_410900000-22-k99-927-1-7-i2-18-1-abwaelzfraeseinheit-verzahnungen-intnr20215634","status":"publish","type":"product","link":"https:\/\/mueller-wrh.de\/uk\/product\/agw-werkzeughalter-fuer-star-wto_410900000-22-k99-927-1-7-i2-18-1-abwaelzfraeseinheit-verzahnungen-intnr20215634\/","title":{"rendered":"AGW \/ \u0422\u0440\u0438\u043c\u0430\u0447 \u0456\u043d\u0441\u0442\u0440\u0443\u043c\u0435\u043d\u0442\u0443 \u0434\u043b\u044f \u0448\u0435\u0441\u0442\u0435\u0440\u0435\u043d\u044c Star WTO_410900000-22-K99-927-1-7 i2.18-1 \u0437\u0443\u0431\u043e\u0444\u0440\u0435\u0437\u0435\u0440\u043d\u043e\u0433\u043e \u0430\u0433\u0440\u0435\u0433\u0430\u0442\u0443 (IntNo20215634)"},"content":{"rendered":"<p><b>\u041c\u0456\u0441\u0446\u0435\u0437\u043d\u0430\u0445\u043e\u0434\u0436\u0435\u043d\u043d\u044f:<\/b> \u041d\u0456\u043c\u0435\u0447\u0447\u0438\u043d\u0430, \u0411\u0430\u0434\u0435\u043d-\u0412\u044e\u0440\u0442\u0435\u043c\u0431\u0435\u0440\u0433 \u041f\u0456\u0432\u0434\u0435\u043d\u043d\u0438\u0439 \u0417\u0430\u0445\u0456\u0434<\/p>\n<p><b>\u0423\u043c\u043e\u0432\u0430:<\/b> \u042f\u043a \u043d\u043e\u0432\u0435\u043d\u044c\u043a\u0438\u0439<\/p>\n<p><b>\u0412\u0438\u0440\u043e\u0431\u043d\u0438\u043a:<\/b> \u0421\u041e\u0422<\/p>\n<p><b>\u0420\u0456\u043a \u043f\u043e\u0431\u0443\u0434\u043e\u0432\u0438:<\/b> 2017<\/p>\n<p>\u0417\u0440\u043e\u0431\u043b\u0435\u043d\u043e \u0432 \u041d\u0456\u043c\u0435\u0447\u0447\u0438\u043d\u0456 \"\u041d\u0410\u0419\u041a\u0420\u0410\u0429\u0410 \u042f\u041a\u0406\u0421\u0422\u042c\"<br \/>\n\u041d\u043e\u043c\u0435\u0440 \u0437\u0430\u043c\u043e\u0432\u043b\u0435\u043d\u043d\u044f \u0437\u0456\u0440\u043a\u0438 WTO_410900000-22<br \/>\nK99-927-1-7 i2.18-1<br \/>\n\u0417\u0443\u0431\u043e\u0444\u0440\u0435\u0437\u0435\u0440\u0443\u0432\u0430\u043d\u043d\u044f \u043d\u0430 \u0437\u0443\u0431\u043e\u0444\u0440\u0435\u0437\u0435\u0440\u043d\u043e\u043c\u0443 \u0432\u0435\u0440\u0441\u0442\u0430\u0442\u0456<br \/>\n\u043f\u0456\u0434\u0445\u043e\u0434\u0438\u0442\u044c \u0434\u043b\u044f Star<br \/>\n\u0422\u0438\u043f \u043c\u0430\u0448\u0438\u043d\u0438: ECAS 12; ECAS 20; SR - 10J; SR - 20 JN; SR - 20 RIV A\/B; SR - 20; SR - 32 J; SR - 32 JN; ECAS-12\/20; ECAS-32T; SB-12\/20R; SB-16III; SD-26C\/E\/G\/S; SR-20J\/JN SR-20JII-A; SR-20JII-B; SR-20RII; SR-20RIII;<br \/>\nSR-32JII-B\/JIII-B; SV-38R; SW-20; SX-38-A; SX-38-B<br \/>\n\u0414\u0456\u0430\u043c\u0435\u0442\u0440 \u0445\u0432\u043e\u0441\u0442\u043e\u0432\u0438\u043a\u0430 \/ \u043c\u0443\u0444\u0442\u0430: \u00f822 \u043c\u043c<br \/>\n\u0414\u0438\u0437\u0430\u0439\u043d: \u043f\u0440\u044f\u043c\u0438\u0439<br \/>\n\u041a\u043e\u043d\u0441\u0442\u0440\u0443\u043a\u0446\u0456\u044f \u0456\u043d\u0441\u0442\u0440\u0443\u043c\u0435\u043d\u0442\u0443: \u043f\u0440\u0438\u0432\u0456\u0434\u043d\u0430<br \/>\n\u041e\u0445\u043e\u043b\u043e\u0434\u0436\u0435\u043d\u043d\u044f: \u0432\u043d\u0443\u0442\u0440\u0456\u0448\u043d\u0454+\u0437\u043e\u0432\u043d\u0456\u0448\u043d\u0454 | \u0437\u043e\u0432\u043d\u0456\u0448\u043d\u0454<br \/>\n\u043c\u0430\u043a\u0441. 2000 \u043e\u0431\/\u0445\u0432<br \/>\n2,18:1<br \/>\n13 \u043d\u043c<br \/>\n\u041c\u0438 \u0437\u0430\u043b\u0438\u0448\u0430\u0454\u043c\u043e \u0437\u0430 \u0441\u043e\u0431\u043e\u044e \u043f\u0440\u0430\u0432\u043e \u043d\u0430 \u0437\u043c\u0456\u043d\u0438 \u0442\u0430 \u043f\u043e\u043c\u0438\u043b\u043a\u0438 \u0432 \u0442\u0435\u0445\u043d\u0456\u0447\u043d\u0438\u0445 \u0434\u0430\u043d\u0438\u0445 \u0442\u0430 \u0456\u043d\u0444\u043e\u0440\u043c\u0430\u0446\u0456\u0457, \u0430 \u0442\u0430\u043a\u043e\u0436 \u043d\u0430 \u043f\u043e\u043f\u0435\u0440\u0435\u0434\u043d\u0456\u0439 \u043f\u0440\u043e\u0434\u0430\u0436!<\/p>\n<p>\u0417\u0440\u043e\u0431\u043b\u0435\u043d\u043e \u0432 \u041d\u0456\u043c\u0435\u0447\u0447\u0438\u043d\u0456 \"\u041d\u0410\u0419\u041a\u0420\u0410\u0429\u0410 \u042f\u041a\u0406\u0421\u0422\u042c\"<br \/>\n\u041d\u043e\u043c\u0435\u0440 \u0437\u0430\u043c\u043e\u0432\u043b\u0435\u043d\u043d\u044f \u0437\u0456\u0440\u043a\u0438. WTO_410900000-22<br \/>\nK99-927-1-7 i2.18-1<br \/>\n\u0428\u0435\u0441\u0442\u0435\u0440\u043d\u0456 \u0448\u0435\u0441\u0442\u0435\u0440\u043d\u0456 \u043f\u0456\u0434\u0439\u043e\u043c\u043d\u043e\u0433\u043e \u043c\u0435\u0445\u0430\u043d\u0456\u0437\u043c\u0443<br \/>\n\u043f\u0456\u0434\u0445\u043e\u0434\u0438\u0442\u044c \u0434\u043b\u044f Star<br \/>\n\u0422\u0438\u043f \u043c\u0430\u0448\u0438\u043d\u0438: ECAS 12; ECAS 20; SR - 10J; SR - 20 JN; SR - 20 RIV A\/B; SR - 20; SR - 32 J; SR - 32 JN; ECAS-12\/20; ECAS-32T; SB-12\/20R; SB-16III; SD-26C\/E\/G\/S; SR-20J\/JN SR-20JII-A; SR-20JII-B; SR-20RII; SR-20RIII;<br \/>\nSR-32JII-B\/JIII-B; SV-38R; SW-20; SX-38-A; SX-38-B<br \/>\n\u0414\u0456\u0430\u043c\u0435\u0442\u0440 \u0432\u0430\u043b\u0430 \/ \u043c\u0443\u0444\u0442\u0438: \u00f822 \u043c\u043c<br \/>\n\u0414\u0438\u0437\u0430\u0439\u043d: \u043f\u0440\u044f\u043c\u0438\u0439<br \/>\n\u041a\u043e\u043d\u0441\u0442\u0440\u0443\u043a\u0446\u0456\u044f \u0456\u043d\u0441\u0442\u0440\u0443\u043c\u0435\u043d\u0442\u0443: \u043f\u0440\u0438\u0432\u0456\u0434\u043d\u0430<br \/>\n\u041e\u0445\u043e\u043b\u043e\u0434\u0436\u0435\u043d\u043d\u044f: \u0432\u043d\u0443\u0442\u0440\u0456\u0448\u043d\u0454+\u0437\u043e\u0432\u043d\u0456\u0448\u043d\u0454 | \u0437\u043e\u0432\u043d\u0456\u0448\u043d\u0454<br \/>\n\u043c\u0430\u043a\u0441. 2000 \u043e\u0431\/\u0445\u0432<br \/>\n2,18:1<br \/>\n13 \u043d\u043c<br \/>\n\u041c\u0438 \u0437\u0430\u043b\u0438\u0448\u0430\u0454\u043c\u043e \u0437\u0430 \u0441\u043e\u0431\u043e\u044e \u043f\u0440\u0430\u0432\u043e \u043d\u0430 \u0437\u043c\u0456\u043d\u0438 \u0442\u0430 \u043f\u043e\u043c\u0438\u043b\u043a\u0438 \u0432 \u0442\u0435\u0445\u043d\u0456\u0447\u043d\u0438\u0445 \u0434\u0430\u043d\u0438\u0445 \u0442\u0430 \u0456\u043d\u0444\u043e\u0440\u043c\u0430\u0446\u0456\u0457, \u0430 \u0442\u0430\u043a\u043e\u0436 \u043d\u0430 \u043f\u043e\u043f\u0435\u0440\u0435\u0434\u043d\u0456\u0439 \u043f\u0440\u043e\u0434\u0430\u0436!<\/p>","protected":false},"excerpt":{"rendered":"<p>Standort: Deutschland, Baden-W\u00fcrttemberg S\u00fcdwest Zustand: Neuwertig Hersteller: WTO Baujahr: 2017 Made in Germany &#8222;BESTE QUALITAET&#8220; Star Bestell-Nr. WTO_410900000-22 K99-927-1-7 i2.18-1 Abw\u00e4lzfr\u00e4seinheit-Verzahnungen passend f\u00fcr Star Maschinentyp: ECAS 12; ECAS 20; SR &#8211; 10J; SR &#8211; 20 JN; SR &#8211; 20 RIV A\/B; SR &#8211; 20; SR &#8211; 32 J; SR &#8211; 32 JN; ECAS-12\/20; ECAS-32T; SB-12\/20R; [&hellip;]<\/p>\n","protected":false},"featured_media":2671,"comment_status":"open","ping_status":"closed","template":"","meta":{"_uf_show_specific_survey":0,"_uf_disable_surveys":false},"product_brand":[],"product_cat":[20],"product_tag":[],"class_list":{"0":"post-2678","1":"product","2":"type-product","3":"status-publish","4":"has-post-thumbnail","6":"product_cat-werkzeughalter","8":"first","9":"instock","10":"taxable","11":"shipping-taxable","12":"product-type-simple"},"aioseo_notices":[],"_links":{"self":[{"href":"https:\/\/mueller-wrh.de\/uk\/wp-json\/wp\/v2\/product\/2678","targetHints":{"allow":["GET"]}}],"collection":[{"href":"https:\/\/mueller-wrh.de\/uk\/wp-json\/wp\/v2\/product"}],"about":[{"href":"https:\/\/mueller-wrh.de\/uk\/wp-json\/wp\/v2\/types\/product"}],"replies":[{"embeddable":true,"href":"https:\/\/mueller-wrh.de\/uk\/wp-json\/wp\/v2\/comments?post=2678"}],"wp:featuredmedia":[{"embeddable":true,"href":"https:\/\/mueller-wrh.de\/uk\/wp-json\/wp\/v2\/media\/2671"}],"wp:attachment":[{"href":"https:\/\/mueller-wrh.de\/uk\/wp-json\/wp\/v2\/media?parent=2678"}],"wp:term":[{"taxonomy":"product_brand","embeddable":true,"href":"https:\/\/mueller-wrh.de\/uk\/wp-json\/wp\/v2\/product_brand?post=2678"},{"taxonomy":"product_cat","embeddable":true,"href":"https:\/\/mueller-wrh.de\/uk\/wp-json\/wp\/v2\/product_cat?post=2678"},{"taxonomy":"product_tag","embeddable":true,"href":"https:\/\/mueller-wrh.de\/uk\/wp-json\/wp\/v2\/product_tag?post=2678"}],"curies":[{"name":"wp","href":"https:\/\/api.w.org\/{rel}","templated":true}]}}