{"id":2634,"date":"2025-03-13T16:13:18","date_gmt":"2025-03-13T16:13:18","guid":{"rendered":"https:\/\/mueller-wrh.de\/produkt\/werkzeughalter-agw_hanwha-xd32_38_6-07_28x28mm_d32mm-intnr202101161\/"},"modified":"2025-03-13T16:13:18","modified_gmt":"2025-03-13T16:13:18","slug":"werkzeughalter-agw_hanwha-xd32_38_6-07_28x28mm_d32mm-intnr202101161","status":"publish","type":"product","link":"https:\/\/mueller-wrh.de\/uk\/product\/werkzeughalter-agw_hanwha-xd32_38_6-07_28x28mm_d32mm-intnr202101161\/","title":{"rendered":"\u0422\u0440\u0438\u043c\u0430\u0447 \u0456\u043d\u0441\u0442\u0440\u0443\u043c\u0435\u043d\u0442\u0443 AGW_Hanwha XD32_38_6.07_28x28mm_D32mm (IntNo202101161)"},"content":{"rendered":"<p><b>\u041c\u0456\u0441\u0446\u0435\u0437\u043d\u0430\u0445\u043e\u0434\u0436\u0435\u043d\u043d\u044f:<\/b> \u041d\u0456\u043c\u0435\u0447\u0447\u0438\u043d\u0430, \u0411\u0430\u0434\u0435\u043d-\u0412\u044e\u0440\u0442\u0435\u043c\u0431\u0435\u0440\u0433 \u041f\u0456\u0432\u0434\u0435\u043d\u043d\u0438\u0439 \u0417\u0430\u0445\u0456\u0434<\/p>\n<p><b>\u0423\u043c\u043e\u0432\u0430:<\/b> \u0411\/\u0432<\/p>\n<p>ER 16 \u0442\u0440\u0438\u043c\u0430\u0447 \u0434\u043b\u044f \u043f\u0435\u0440\u0435\u0434\u043d\u044c\u043e\u0433\u043e \u0441\u0432\u0435\u0440\u0434\u043b\u0456\u043d\u043d\u044f\/\u0444\u0440\u0435\u0437\u0435\u0440\u0443\u0432\u0430\u043d\u043d\u044f \u0434\u043b\u044f \u0437\u0430\u0434\u043d\u044c\u043e\u0457 \u043e\u0431\u0440\u043e\u0431\u043a\u0438<br \/>\n\u041f\u0456\u0434\u0445\u043e\u0434\u0438\u0442\u044c \u0434\u043b\u044f Hanwha \u0442\u0438\u043f\u0443 XD-32-38<br \/>\nD32\u043c\u043c<br \/>\n28\u043c\u043c x28\u043c\u043c<br \/>\n1 \u0434\u043e 1<br \/>\n\u041c\u0438 \u0437\u0430\u043b\u0438\u0448\u0430\u0454\u043c\u043e \u0437\u0430 \u0441\u043e\u0431\u043e\u044e \u043f\u0440\u0430\u0432\u043e \u043d\u0430 \u0437\u043c\u0456\u043d\u0438 \u0442\u0430 \u043f\u043e\u043c\u0438\u043b\u043a\u0438 \u0432 \u0442\u0435\u0445\u043d\u0456\u0447\u043d\u0438\u0445 \u0434\u0430\u043d\u0438\u0445 \u0442\u0430 \u0456\u043d\u0444\u043e\u0440\u043c\u0430\u0446\u0456\u0457, \u0430 \u0442\u0430\u043a\u043e\u0436 \u043d\u0430 \u043f\u043e\u043f\u0435\u0440\u0435\u0434\u043d\u0456\u0439 \u043f\u0440\u043e\u0434\u0430\u0436!<\/p>\n<p>\u0422\u0440\u0438\u043c\u0430\u0447 \u0456\u043d\u0441\u0442\u0440\u0443\u043c\u0435\u043d\u0442\u0443 \u0434\u043b\u044f \u0444\u0440\u043e\u043d\u0442\u0430\u043b\u044c\u043d\u043e\u0433\u043e \u0441\u0432\u0435\u0440\u0434\u043b\u0456\u043d\u043d\u044f\/\u0444\u0440\u0435\u0437\u0435\u0440\u0443\u0432\u0430\u043d\u043d\u044f ER 16 \u0434\u043b\u044f \u0437\u0430\u0434\u043d\u044c\u043e\u0457 \u043e\u0431\u0440\u043e\u0431\u043a\u0438<br \/>\n\u041f\u0456\u0434\u0445\u043e\u0434\u0438\u0442\u044c \u0434\u043b\u044f Hanwha \u0442\u0438\u043f\u0443 XD-32-38<br \/>\nD32\u043c\u043c<br \/>\n28\u043c\u043c x28\u043c\u043c<br \/>\n1 \u0434\u043e 1<br \/>\n\u041c\u0438 \u0437\u0430\u043b\u0438\u0448\u0430\u0454\u043c\u043e \u0437\u0430 \u0441\u043e\u0431\u043e\u044e \u043f\u0440\u0430\u0432\u043e \u043d\u0430 \u0437\u043c\u0456\u043d\u0438 \u0442\u0430 \u043f\u043e\u043c\u0438\u043b\u043a\u0438 \u0432 \u0442\u0435\u0445\u043d\u0456\u0447\u043d\u0438\u0445 \u0434\u0430\u043d\u0438\u0445 \u0442\u0430 \u0456\u043d\u0444\u043e\u0440\u043c\u0430\u0446\u0456\u0457, \u0430 \u0442\u0430\u043a\u043e\u0436 \u043d\u0430 \u043f\u043e\u043f\u0435\u0440\u0435\u0434\u043d\u0456\u0439 \u043f\u0440\u043e\u0434\u0430\u0436!<\/p>","protected":false},"excerpt":{"rendered":"<p>Standort: Deutschland, Baden-W\u00fcrttemberg S\u00fcdwest Zustand: Gebraucht Werkzeughalter Frontbohr- Fr\u00e4sapparat ER 16 f\u00fcr die R\u00fcckseitenbearbeitung Passend f\u00fcr Hanwha Typ XD-32-38 D32mm 28mm x28mm 1 zu 1 Aenderungen und Irrtuemer in den technischen Daten und Angaben sowie Zwischenverkauf vorbehalten! Tool holder front drilling\/milling unit ER 16 for back machining Suitable for Hanwha type XD-32-38 D32mm 28mm x28mm [&hellip;]<\/p>\n","protected":false},"featured_media":2633,"comment_status":"open","ping_status":"closed","template":"","meta":{"_uf_show_specific_survey":0,"_uf_disable_surveys":false},"product_brand":[],"product_cat":[20],"product_tag":[],"class_list":{"0":"post-2634","1":"product","2":"type-product","3":"status-publish","4":"has-post-thumbnail","6":"product_cat-werkzeughalter","8":"first","9":"instock","10":"taxable","11":"shipping-taxable","12":"product-type-simple"},"aioseo_notices":[],"_links":{"self":[{"href":"https:\/\/mueller-wrh.de\/uk\/wp-json\/wp\/v2\/product\/2634","targetHints":{"allow":["GET"]}}],"collection":[{"href":"https:\/\/mueller-wrh.de\/uk\/wp-json\/wp\/v2\/product"}],"about":[{"href":"https:\/\/mueller-wrh.de\/uk\/wp-json\/wp\/v2\/types\/product"}],"replies":[{"embeddable":true,"href":"https:\/\/mueller-wrh.de\/uk\/wp-json\/wp\/v2\/comments?post=2634"}],"wp:featuredmedia":[{"embeddable":true,"href":"https:\/\/mueller-wrh.de\/uk\/wp-json\/wp\/v2\/media\/2633"}],"wp:attachment":[{"href":"https:\/\/mueller-wrh.de\/uk\/wp-json\/wp\/v2\/media?parent=2634"}],"wp:term":[{"taxonomy":"product_brand","embeddable":true,"href":"https:\/\/mueller-wrh.de\/uk\/wp-json\/wp\/v2\/product_brand?post=2634"},{"taxonomy":"product_cat","embeddable":true,"href":"https:\/\/mueller-wrh.de\/uk\/wp-json\/wp\/v2\/product_cat?post=2634"},{"taxonomy":"product_tag","embeddable":true,"href":"https:\/\/mueller-wrh.de\/uk\/wp-json\/wp\/v2\/product_tag?post=2634"}],"curies":[{"name":"wp","href":"https:\/\/api.w.org\/{rel}","templated":true}]}}