{"id":266,"date":"2024-11-16T12:31:43","date_gmt":"2024-11-16T12:31:43","guid":{"rendered":"https:\/\/mueller-wrh.de\/widerrufsbelehrung\/"},"modified":"2024-11-17T16:21:31","modified_gmt":"2024-11-17T16:21:31","slug":"widerrufsbelehrung","status":"publish","type":"page","link":"https:\/\/mueller-wrh.de\/uk\/widerrufsbelehrung\/","title":{"rendered":"\u041f\u043e\u043b\u0456\u0442\u0438\u043a\u0430 \u0430\u043d\u0443\u043b\u044f\u0446\u0456\u0457"},"content":{"rendered":"<p>\u041f\u0440\u0438\u0432\u0430\u0442\u043d\u0456 \u043e\u0441\u043e\u0431\u0438\/\u0441\u043f\u043e\u0436\u0438\u0432\u0430\u0447\u0456 \u043c\u0430\u044e\u0442\u044c \u043f\u0440\u0430\u0432\u043e \u0441\u043a\u0430\u0441\u0443\u0432\u0430\u0442\u0438 \u0437\u0430\u043c\u043e\u0432\u043b\u0435\u043d\u043d\u044f \u0437\u0430 \u0447\u043e\u0442\u0438\u0440\u043d\u0430\u0434\u0446\u044f\u0442\u044c \u0434\u043d\u0456\u0432.<\/p>\n\n\n\n<p>\u0412\u0438 \u043c\u0430\u0454\u0442\u0435 \u043f\u0440\u0430\u0432\u043e \u0430\u043d\u0443\u043b\u044e\u0432\u0430\u0442\u0438 \u0446\u0435\u0439 \u0434\u043e\u0433\u043e\u0432\u0456\u0440 \u043f\u0440\u043e\u0442\u044f\u0433\u043e\u043c \u0447\u043e\u0442\u0438\u0440\u043d\u0430\u0434\u0446\u044f\u0442\u0438 \u0434\u043d\u0456\u0432 \u0431\u0435\u0437 \u043f\u043e\u044f\u0441\u043d\u0435\u043d\u043d\u044f \u043f\u0440\u0438\u0447\u0438\u043d. \u0421\u0442\u0440\u043e\u043a \u0430\u043d\u0443\u043b\u044e\u0432\u0430\u043d\u043d\u044f \u0441\u0442\u0430\u043d\u043e\u0432\u0438\u0442\u044c \u0447\u043e\u0442\u0438\u0440\u043d\u0430\u0434\u0446\u044f\u0442\u044c \u0434\u043d\u0456\u0432 \u0437 \u0434\u043d\u044f, \u043a\u043e\u043b\u0438 \u0432\u0438 \u0430\u0431\u043e \u0432\u043a\u0430\u0437\u0430\u043d\u0430 \u0432\u0430\u043c\u0438 \u0442\u0440\u0435\u0442\u044f \u043e\u0441\u043e\u0431\u0430, \u044f\u043a\u0430 \u043d\u0435 \u0454 \u043f\u0435\u0440\u0435\u0432\u0456\u0437\u043d\u0438\u043a\u043e\u043c, \u0432\u0441\u0442\u0443\u043f\u0438\u043b\u0438 \u0443 \u0432\u043e\u043b\u043e\u0434\u0456\u043d\u043d\u044f \u043e\u0441\u0442\u0430\u043d\u043d\u0456\u043c \u0442\u043e\u0432\u0430\u0440\u043e\u043c.<\/p>\n\n\n\n<p>\u0429\u043e\u0431 \u0441\u043a\u043e\u0440\u0438\u0441\u0442\u0430\u0442\u0438\u0441\u044f \u043f\u0440\u0430\u0432\u043e\u043c \u043d\u0430 \u0430\u043d\u0443\u043b\u044e\u0432\u0430\u043d\u043d\u044f, \u0432\u0438 \u043f\u043e\u0432\u0438\u043d\u043d\u0456 \u043f\u043e\u0432\u0456\u0434\u043e\u043c\u0438\u0442\u0438 \u043d\u0430\u0441 (M\u00fcller Werkzeugmaschinen Robotik &amp; Handelshaus e. K., Turmstr. 1, 72351 Geislingen, \u0442\u0435\u043b\u0435\u0444\u043e\u043d: +49 7428 9188869, \u0430\u0434\u0440\u0435\u0441\u0430 \u0435\u043b\u0435\u043a\u0442\u0440\u043e\u043d\u043d\u043e\u0457 \u043f\u043e\u0448\u0442\u0438: Rolf.Mueller@mueller-wrh.de) \u043f\u0440\u043e \u0441\u0432\u043e\u0454 \u0440\u0456\u0448\u0435\u043d\u043d\u044f \u0440\u043e\u0437\u0456\u0440\u0432\u0430\u0442\u0438 \u0446\u0435\u0439 \u0434\u043e\u0433\u043e\u0432\u0456\u0440 \u0448\u043b\u044f\u0445\u043e\u043c \u043e\u0434\u043d\u043e\u0437\u043d\u0430\u0447\u043d\u043e\u0457 \u0437\u0430\u044f\u0432\u0438 (\u043d\u0430\u043f\u0440\u0438\u043a\u043b\u0430\u0434, \u043b\u0438\u0441\u0442\u043e\u043c, \u043d\u0430\u0434\u0456\u0441\u043b\u0430\u043d\u0438\u043c \u043f\u043e\u0448\u0442\u043e\u044e, \u0444\u0430\u043a\u0441\u043e\u043c \u0430\u0431\u043e \u0435\u043b\u0435\u043a\u0442\u0440\u043e\u043d\u043d\u043e\u044e \u043f\u043e\u0448\u0442\u043e\u044e). \u0412\u0438 \u043c\u043e\u0436\u0435\u0442\u0435 \u0432\u0438\u043a\u043e\u0440\u0438\u0441\u0442\u0430\u0442\u0438 \u0434\u043e\u0434\u0430\u043d\u0438\u0439 \u0437\u0440\u0430\u0437\u043e\u043a \u0437\u0430\u044f\u0432\u0438 \u043f\u0440\u043e \u0440\u043e\u0437\u0456\u0440\u0432\u0430\u043d\u043d\u044f \u0434\u043e\u0433\u043e\u0432\u043e\u0440\u0443, \u0430\u043b\u0435 \u0446\u0435 \u043d\u0435 \u0454 \u043e\u0431\u043e\u0432'\u044f\u0437\u043a\u043e\u0432\u0438\u043c.<\/p>\n\n\n\n<p>\u0429\u043e\u0431 \u0434\u043e\u0442\u0440\u0438\u043c\u0430\u0442\u0438\u0441\u044f \u0442\u0435\u0440\u043c\u0456\u043d\u0443 \u0430\u043d\u0443\u043b\u044f\u0446\u0456\u0457, \u0432\u0430\u043c \u0434\u043e\u0441\u0442\u0430\u0442\u043d\u044c\u043e \u043d\u0430\u0434\u0456\u0441\u043b\u0430\u0442\u0438 \u043f\u043e\u0432\u0456\u0434\u043e\u043c\u043b\u0435\u043d\u043d\u044f \u043f\u0440\u043e \u0432\u0438\u043a\u043e\u0440\u0438\u0441\u0442\u0430\u043d\u043d\u044f \u043f\u0440\u0430\u0432\u0430 \u043d\u0430 \u0430\u043d\u0443\u043b\u044f\u0446\u0456\u044e \u0434\u043e \u0437\u0430\u043a\u0456\u043d\u0447\u0435\u043d\u043d\u044f \u043f\u0435\u0440\u0456\u043e\u0434\u0443 \u0430\u043d\u0443\u043b\u044f\u0446\u0456\u0457.<\/p>\n\n\n\n<p>\u041d\u0430\u0441\u043b\u0456\u0434\u043a\u0438 \u0441\u043a\u0430\u0441\u0443\u0432\u0430\u043d\u043d\u044f<\/p>\n\n\n\n<p>\u042f\u043a\u0449\u043e \u0432\u0438 \u0432\u0456\u0434\u043c\u043e\u0432\u043b\u044f\u0454\u0442\u0435\u0441\u044f \u0432\u0456\u0434 \u0446\u044c\u043e\u0433\u043e \u0434\u043e\u0433\u043e\u0432\u043e\u0440\u0443, \u043c\u0438 \u0432\u0456\u0434\u0448\u043a\u043e\u0434\u0443\u0454\u043c\u043e \u0432\u0430\u043c \u0443\u0441\u0456 \u043e\u0442\u0440\u0438\u043c\u0430\u043d\u0456 \u0432\u0456\u0434 \u0432\u0430\u0441 \u043f\u043b\u0430\u0442\u0435\u0436\u0456, \u0432\u043a\u043b\u044e\u0447\u0430\u044e\u0447\u0438 \u0432\u0438\u0442\u0440\u0430\u0442\u0438 \u043d\u0430 \u0434\u043e\u0441\u0442\u0430\u0432\u043a\u0443 (\u0437\u0430 \u0432\u0438\u043d\u044f\u0442\u043a\u043e\u043c \u0434\u043e\u0434\u0430\u0442\u043a\u043e\u0432\u0438\u0445 \u0432\u0438\u0442\u0440\u0430\u0442, \u0449\u043e \u0432\u0438\u043d\u0438\u043a\u043b\u0438 \u0432\u043d\u0430\u0441\u043b\u0456\u0434\u043e\u043a \u0432\u0438\u0431\u043e\u0440\u0443 \u0432\u0430\u043c\u0438 \u0441\u043f\u043e\u0441\u043e\u0431\u0443 \u0434\u043e\u0441\u0442\u0430\u0432\u043a\u0438, \u0432\u0456\u0434\u043c\u0456\u043d\u043d\u043e\u0433\u043e \u0432\u0456\u0434 \u043d\u0430\u0439\u0434\u0435\u0448\u0435\u0432\u0448\u043e\u0433\u043e \u0441\u043f\u043e\u0441\u043e\u0431\u0443 \u0441\u0442\u0430\u043d\u0434\u0430\u0440\u0442\u043d\u043e\u0457 \u0434\u043e\u0441\u0442\u0430\u0432\u043a\u0438, \u0437\u0430\u043f\u0440\u043e\u043f\u043e\u043d\u043e\u0432\u0430\u043d\u043e\u0433\u043e \u043d\u0430\u043c\u0438), \u0431\u0435\u0437 \u043d\u0435\u0432\u0438\u043f\u0440\u0430\u0432\u0434\u0430\u043d\u043e\u0457 \u0437\u0430\u0442\u0440\u0438\u043c\u043a\u0438 \u0456 \u0432 \u0431\u0443\u0434\u044c-\u044f\u043a\u043e\u043c\u0443 \u0432\u0438\u043f\u0430\u0434\u043a\u0443 \u043d\u0435 \u043f\u0456\u0437\u043d\u0456\u0448\u0435 14 \u0434\u043d\u0456\u0432 \u0437 \u0434\u043d\u044f, \u043a\u043e\u043b\u0438 \u043c\u0438 \u0431\u0443\u043b\u0438 \u043f\u043e\u0456\u043d\u0444\u043e\u0440\u043c\u043e\u0432\u0430\u043d\u0456 \u043f\u0440\u043e \u0432\u0430\u0448\u0435 \u0440\u0456\u0448\u0435\u043d\u043d\u044f \u0432\u0456\u0434\u043c\u043e\u0432\u0438\u0442\u0438\u0441\u044f \u0432\u0456\u0434 \u0446\u044c\u043e\u0433\u043e \u0434\u043e\u0433\u043e\u0432\u043e\u0440\u0443. \u0414\u043b\u044f \u0442\u0430\u043a\u043e\u0433\u043e \u0432\u0456\u0434\u0448\u043a\u043e\u0434\u0443\u0432\u0430\u043d\u043d\u044f \u043c\u0438 \u0431\u0443\u0434\u0435\u043c\u043e \u0432\u0438\u043a\u043e\u0440\u0438\u0441\u0442\u043e\u0432\u0443\u0432\u0430\u0442\u0438 \u0442\u043e\u0439 \u0441\u0430\u043c\u0438\u0439 \u043f\u043b\u0430\u0442\u0456\u0436\u043d\u0438\u0439 \u0437\u0430\u0441\u0456\u0431, \u044f\u043a\u0438\u0439 \u0432\u0438 \u0432\u0438\u043a\u043e\u0440\u0438\u0441\u0442\u043e\u0432\u0443\u0432\u0430\u043b\u0438 \u0434\u043b\u044f \u043f\u043e\u0447\u0430\u0442\u043a\u043e\u0432\u043e\u0457 \u0442\u0440\u0430\u043d\u0437\u0430\u043a\u0446\u0456\u0457, \u044f\u043a\u0449\u043e \u0437 \u0432\u0430\u043c\u0438 \u043f\u0440\u044f\u043c\u043e \u043d\u0435 \u043f\u043e\u0433\u043e\u0434\u0436\u0435\u043d\u043e \u0456\u043d\u0448\u0435; \u0432 \u0436\u043e\u0434\u043d\u043e\u043c\u0443 \u0440\u0430\u0437\u0456 \u0437 \u0432\u0430\u0441 \u043d\u0435 \u0431\u0443\u0434\u0435 \u0441\u0442\u044f\u0433\u0443\u0432\u0430\u0442\u0438\u0441\u044f \u0436\u043e\u0434\u043d\u0438\u0445 \u043a\u043e\u043c\u0456\u0441\u0456\u0439 \u0437\u0430 \u0442\u0430\u043a\u0435 \u0432\u0456\u0434\u0448\u043a\u043e\u0434\u0443\u0432\u0430\u043d\u043d\u044f. \u041c\u0438 \u043c\u043e\u0436\u0435\u043c\u043e \u0443\u0442\u0440\u0438\u043c\u0430\u0442\u0438 \u0432\u0456\u0434\u0448\u043a\u043e\u0434\u0443\u0432\u0430\u043d\u043d\u044f \u0434\u043e \u0442\u0438\u0445 \u043f\u0456\u0440, \u043f\u043e\u043a\u0438 \u043d\u0435 \u043e\u0442\u0440\u0438\u043c\u0430\u0454\u043c\u043e \u0442\u043e\u0432\u0430\u0440 \u043d\u0430\u0437\u0430\u0434 \u0430\u0431\u043e \u043f\u043e\u043a\u0438 \u0432\u0438 \u043d\u0435 \u043d\u0430\u0434\u0430\u0441\u0442\u0435 \u0434\u043e\u043a\u0430\u0437\u0438 \u0442\u043e\u0433\u043e, \u0449\u043e \u0432\u0438 \u043f\u043e\u0432\u0435\u0440\u043d\u0443\u043b\u0438 \u0442\u043e\u0432\u0430\u0440, \u0437\u0430\u043b\u0435\u0436\u043d\u043e \u0432\u0456\u0434 \u0442\u043e\u0433\u043e, \u0449\u043e \u0441\u0442\u0430\u043d\u0435\u0442\u044c\u0441\u044f \u0440\u0430\u043d\u0456\u0448\u0435.<\/p>\n\n\n\n<p>\u0412\u0438 \u043f\u043e\u0432\u0438\u043d\u043d\u0456 \u043d\u0435\u0433\u0430\u0439\u043d\u043e \u043f\u043e\u0432\u0435\u0440\u043d\u0443\u0442\u0438 \u0430\u0431\u043e \u043f\u0435\u0440\u0435\u0434\u0430\u0442\u0438 \u043d\u0430\u043c \u0442\u043e\u0432\u0430\u0440, \u0430\u043b\u0435 \u0432 \u0431\u0443\u0434\u044c-\u044f\u043a\u043e\u043c\u0443 \u0432\u0438\u043f\u0430\u0434\u043a\u0443 \u043d\u0435 \u043f\u0456\u0437\u043d\u0456\u0448\u0435 \u0447\u043e\u0442\u0438\u0440\u043d\u0430\u0434\u0446\u044f\u0442\u0438 \u0434\u043d\u0456\u0432 \u0437 \u0434\u043d\u044f, \u043a\u043e\u043b\u0438 \u0432\u0438 \u043f\u043e\u0432\u0456\u0434\u043e\u043c\u0438\u043b\u0438 \u043d\u0430\u043c \u043f\u0440\u043e \u0440\u043e\u0437\u0456\u0440\u0432\u0430\u043d\u043d\u044f \u0446\u044c\u043e\u0433\u043e \u0434\u043e\u0433\u043e\u0432\u043e\u0440\u0443. \u0422\u0435\u0440\u043c\u0456\u043d \u0432\u0432\u0430\u0436\u0430\u0454\u0442\u044c\u0441\u044f \u0434\u043e\u0442\u0440\u0438\u043c\u0430\u043d\u0438\u043c, \u044f\u043a\u0449\u043e \u0432\u0438 \u0432\u0456\u0434\u043f\u0440\u0430\u0432\u0438\u0442\u0435 \u0442\u043e\u0432\u0430\u0440 \u0434\u043e \u0437\u0430\u043a\u0456\u043d\u0447\u0435\u043d\u043d\u044f \u0447\u043e\u0442\u0438\u0440\u043d\u0430\u0434\u0446\u044f\u0442\u0438\u0434\u0435\u043d\u043d\u043e\u0433\u043e \u0442\u0435\u0440\u043c\u0456\u043d\u0443. \u0412\u0438 \u043d\u0435\u0441\u0435\u0442\u0435 \u043f\u0440\u044f\u043c\u0456 \u0432\u0438\u0442\u0440\u0430\u0442\u0438, \u043f\u043e\u0432'\u044f\u0437\u0430\u043d\u0456 \u0437 \u043f\u043e\u0432\u0435\u0440\u043d\u0435\u043d\u043d\u044f\u043c \u0442\u043e\u0432\u0430\u0440\u0443. \u0412\u0438 \u0437\u043e\u0431\u043e\u0432'\u044f\u0437\u0430\u043d\u0456 \u043e\u043f\u043b\u0430\u0442\u0438\u0442\u0438 \u0431\u0443\u0434\u044c-\u044f\u043a\u0443 \u0432\u0442\u0440\u0430\u0442\u0443 \u0432\u0430\u0440\u0442\u043e\u0441\u0442\u0456 \u0442\u043e\u0432\u0430\u0440\u0443 \u0442\u0456\u043b\u044c\u043a\u0438 \u0432 \u0442\u043e\u043c\u0443 \u0432\u0438\u043f\u0430\u0434\u043a\u0443, \u044f\u043a\u0449\u043e \u0446\u044f \u0432\u0442\u0440\u0430\u0442\u0430 \u0432\u0430\u0440\u0442\u043e\u0441\u0442\u0456 \u043f\u043e\u0432'\u044f\u0437\u0430\u043d\u0430 \u0437 \u043f\u043e\u0432\u043e\u0434\u0436\u0435\u043d\u043d\u044f\u043c \u0437 \u0442\u043e\u0432\u0430\u0440\u043e\u043c, \u044f\u043a\u0435 \u043d\u0435 \u0454 \u043d\u0435\u043e\u0431\u0445\u0456\u0434\u043d\u0438\u043c \u0434\u043b\u044f \u043f\u0435\u0440\u0435\u0432\u0456\u0440\u043a\u0438 \u0439\u043e\u0433\u043e \u0441\u0442\u0430\u043d\u0443, \u0432\u043b\u0430\u0441\u0442\u0438\u0432\u043e\u0441\u0442\u0435\u0439 \u0456 \u0444\u0443\u043d\u043a\u0446\u0456\u043e\u043d\u0430\u043b\u044c\u043d\u043e\u0441\u0442\u0456.<\/p>\n\n\n\n<p>\u041f\u0440\u0438\u0447\u0438\u043d\u0438 \u0434\u043b\u044f \u0432\u0438\u043a\u043b\u044e\u0447\u0435\u043d\u043d\u044f \u0430\u0431\u043e \u0441\u043a\u0430\u0441\u0443\u0432\u0430\u043d\u043d\u044f<\/p>\n\n\n\n<p>\u041f\u0440\u0430\u0432\u043e \u043d\u0430 \u0441\u043a\u0430\u0441\u0443\u0432\u0430\u043d\u043d\u044f \u043d\u0435 \u043f\u043e\u0448\u0438\u0440\u044e\u0454\u0442\u044c\u0441\u044f \u043d\u0430 \u043a\u043e\u043d\u0442\u0440\u0430\u043a\u0442\u0438<\/p>\n\n\n\n<p>- \u0434\u043b\u044f \u043f\u043e\u0441\u0442\u0430\u0432\u043a\u0438 \u0442\u043e\u0432\u0430\u0440\u0456\u0432, \u044f\u043a\u0456 \u0454 \u0437\u0431\u0456\u0440\u043d\u0438\u043c\u0438 \u0456 \u0434\u043b\u044f \u0432\u0438\u0433\u043e\u0442\u043e\u0432\u043b\u0435\u043d\u043d\u044f \u044f\u043a\u0438\u0445 \u0432\u0438\u0440\u0456\u0448\u0430\u043b\u044c\u043d\u0443 \u0440\u043e\u043b\u044c \u0432\u0456\u0434\u0456\u0433\u0440\u0430\u0454 \u0456\u043d\u0434\u0438\u0432\u0456\u0434\u0443\u0430\u043b\u044c\u043d\u0438\u0439 \u0432\u0438\u0431\u0456\u0440 \u0430\u0431\u043e \u0432\u0438\u0437\u043d\u0430\u0447\u0435\u043d\u043d\u044f \u0441\u043f\u043e\u0436\u0438\u0432\u0430\u0447\u0430, \u0430\u0431\u043e \u044f\u043a\u0456 \u0447\u0456\u0442\u043a\u043e \u043f\u0440\u0438\u0441\u0442\u043e\u0441\u043e\u0432\u0430\u043d\u0456 \u0434\u043e \u043e\u0441\u043e\u0431\u0438\u0441\u0442\u0438\u0445 \u043f\u043e\u0442\u0440\u0435\u0431 \u0441\u043f\u043e\u0436\u0438\u0432\u0430\u0447\u0430;<\/p>\n\n\n\n<p>\u041f\u0440\u0430\u0432\u043e \u043d\u0430 \u0434\u043e\u0441\u0442\u0440\u043e\u043a\u043e\u0432\u0443 \u0432\u0456\u0434\u043c\u043e\u0432\u0443 \u0432\u0456\u0434 \u043a\u043e\u043d\u0442\u0440\u0430\u043a\u0442\u0443 \u0432\u0442\u0440\u0430\u0447\u0430\u0454 \u0447\u0438\u043d\u043d\u0456\u0441\u0442\u044c \u0434\u043b\u044f \u0434\u043e\u0433\u043e\u0432\u043e\u0440\u0456\u0432<\/p>\n\n\n\n<p>- \u0434\u043b\u044f \u0434\u043e\u0441\u0442\u0430\u0432\u043a\u0438 \u0437\u0430\u043f\u0435\u0447\u0430\u0442\u0430\u043d\u0438\u0445 \u0442\u043e\u0432\u0430\u0440\u0456\u0432, \u044f\u043a\u0456 \u043d\u0435 \u043f\u0456\u0434\u043b\u044f\u0433\u0430\u044e\u0442\u044c \u043f\u043e\u0432\u0435\u0440\u043d\u0435\u043d\u043d\u044e \u0437 \u043c\u0456\u0440\u043a\u0443\u0432\u0430\u043d\u044c \u043e\u0445\u043e\u0440\u043e\u043d\u0438 \u0437\u0434\u043e\u0440\u043e\u0432'\u044f \u0430\u0431\u043e \u0433\u0456\u0433\u0456\u0454\u043d\u0438, \u044f\u043a\u0449\u043e \u043f\u043b\u043e\u043c\u0431\u0430 \u0431\u0443\u043b\u0430 \u0437\u043d\u044f\u0442\u0430 \u043f\u0456\u0441\u043b\u044f \u0434\u043e\u0441\u0442\u0430\u0432\u043a\u0438;<\/p>\n\n\n\n<p>- \u0437\u0430 \u0434\u043e\u0441\u0442\u0430\u0432\u043a\u0443 \u0442\u043e\u0432\u0430\u0440\u0456\u0432, \u044f\u043a\u0449\u043e \u0432\u043e\u043d\u0438 \u0431\u0443\u043b\u0438 \u043d\u0435\u0432\u0456\u0434\u0434\u0456\u043b\u044c\u043d\u043e \u0437\u043c\u0456\u0448\u0430\u043d\u0456 \u0437 \u0456\u043d\u0448\u0438\u043c\u0438 \u0442\u043e\u0432\u0430\u0440\u0430\u043c\u0438 \u043f\u0456\u0441\u043b\u044f \u0434\u043e\u0441\u0442\u0430\u0432\u043a\u0438 \u0447\u0435\u0440\u0435\u0437 \u0441\u0432\u043e\u044e \u043f\u0440\u0438\u0440\u043e\u0434\u0443;<\/p>\n\n\n\n<p>\u0417\u0440\u0430\u0437\u043e\u043a \u0444\u043e\u0440\u043c\u0438 \u0430\u043d\u0443\u043b\u044e\u0432\u0430\u043d\u043d\u044f<\/p>\n\n\n\n<p>(\u042f\u043a\u0449\u043e \u0432\u0438 \u0431\u0430\u0436\u0430\u0454\u0442\u0435 \u0440\u043e\u0437\u0456\u0440\u0432\u0430\u0442\u0438 \u0434\u043e\u0433\u043e\u0432\u0456\u0440, \u0431\u0443\u0434\u044c \u043b\u0430\u0441\u043a\u0430, \u0437\u0430\u043f\u043e\u0432\u043d\u0456\u0442\u044c \u0442\u0430 \u043d\u0430\u0434\u0456\u0448\u043b\u0456\u0442\u044c \u0446\u044e \u0444\u043e\u0440\u043c\u0443).<\/p>\n\n\n\n<p>- M\u00fcller Werkzeugmaschinen Robotik &amp; Handelshaus e. K., Turmstr. 1, 72351 Geislingen, \u0442\u0435\u043b\u0435\u0444\u043e\u043d: +49 7428 9188869, \u0435\u043b\u0435\u043a\u0442\u0440\u043e\u043d\u043d\u0430 \u0430\u0434\u0440\u0435\u0441\u0430: Rolf.Mueller@mueller-wrh.de<\/p>\n\n\n\n<p>- \u0426\u0438\u043c \u044f\/\u043c\u0438 (*) \u0440\u043e\u0437\u0440\u0438\u0432\u0430\u044e \u0443\u043a\u043b\u0430\u0434\u0435\u043d\u0438\u0439 \u043c\u043d\u043e\u044e\/\u043d\u0430\u043c\u0438 (*) \u0434\u043e\u0433\u043e\u0432\u0456\u0440 \u043d\u0430 \u043f\u0440\u0438\u0434\u0431\u0430\u043d\u043d\u044f \u043d\u0430\u0441\u0442\u0443\u043f\u043d\u043e\u0433\u043e \u0442\u043e\u0432\u0430\u0440\u0443 (*)\/\u043d\u0430\u0434\u0430\u043d\u043d\u044f \u043d\u0430\u0441\u0442\u0443\u043f\u043d\u043e\u0457 \u043f\u043e\u0441\u043b\u0443\u0433\u0438 (*)<\/p>\n\n\n\n<p>- \u0417\u0430\u043c\u043e\u0432\u043b\u0435\u043d\u043e \u043d\u0430 (*)\/\u043e\u0442\u0440\u0438\u043c\u0430\u043d\u043e \u043d\u0430 (*)<\/p>\n\n\n\n<p>- \u041d\u0430\u0437\u0432\u0430 \u0441\u043f\u043e\u0436\u0438\u0432\u0430\u0447\u0430(\u0456\u0432)<\/p>\n\n\n\n<p>- \u0410\u0434\u0440\u0435\u0441\u0430 \u0441\u043f\u043e\u0436\u0438\u0432\u0430\u0447\u0430(\u0456\u0432)<\/p>\n\n\n\n<p>- \u041f\u0456\u0434\u043f\u0438\u0441 \u0441\u043f\u043e\u0436\u0438\u0432\u0430\u0447\u0430 (\u0441\u043f\u043e\u0436\u0438\u0432\u0430\u0447\u0456\u0432) (\u0442\u0456\u043b\u044c\u043a\u0438 \u0434\u043b\u044f \u043f\u043e\u0432\u0456\u0434\u043e\u043c\u043b\u0435\u043d\u043d\u044f \u043d\u0430 \u043f\u0430\u043f\u0435\u0440\u043e\u0432\u043e\u043c\u0443 \u043d\u043e\u0441\u0456\u0457)<\/p>\n\n\n\n<p>- \u0414\u0430\u0442\u0430 (*) \u0412\u0438\u0434\u0430\u043b\u0456\u0442\u044c \u0437\u0430 \u043d\u0435\u043e\u0431\u0445\u0456\u0434\u043d\u043e\u0441\u0442\u0456.<\/p>","protected":false},"excerpt":{"rendered":"<p>Privatpersonen\/Verbraucher haben ein vierzehnt\u00e4giges Widerrufsrecht. Sie haben das Recht, binnen vierzehn Tagen ohne Angabe von Gr\u00fcnden diesen Vertrag zu widerrufen. Die Widerrufsfrist betr\u00e4gt vierzehn Tage ab dem Tag an dem Sie oder ein von Ihnen benannter Dritter, der nicht der Bef\u00f6rderer ist, die letzte Ware in Besitz genommen haben bzw. hat. Um Ihr Widerrufsrecht auszu\u00fcben, [&hellip;]<\/p>\n","protected":false},"author":1,"featured_media":0,"parent":0,"menu_order":0,"comment_status":"closed","ping_status":"closed","template":"","meta":{"_uf_show_specific_survey":0,"_uf_disable_surveys":false,"footnotes":""},"class_list":["post-266","page","type-page","status-publish","hentry"],"aioseo_notices":[],"_links":{"self":[{"href":"https:\/\/mueller-wrh.de\/uk\/wp-json\/wp\/v2\/pages\/266","targetHints":{"allow":["GET"]}}],"collection":[{"href":"https:\/\/mueller-wrh.de\/uk\/wp-json\/wp\/v2\/pages"}],"about":[{"href":"https:\/\/mueller-wrh.de\/uk\/wp-json\/wp\/v2\/types\/page"}],"author":[{"embeddable":true,"href":"https:\/\/mueller-wrh.de\/uk\/wp-json\/wp\/v2\/users\/1"}],"replies":[{"embeddable":true,"href":"https:\/\/mueller-wrh.de\/uk\/wp-json\/wp\/v2\/comments?post=266"}],"version-history":[{"count":1,"href":"https:\/\/mueller-wrh.de\/uk\/wp-json\/wp\/v2\/pages\/266\/revisions"}],"predecessor-version":[{"id":791,"href":"https:\/\/mueller-wrh.de\/uk\/wp-json\/wp\/v2\/pages\/266\/revisions\/791"}],"wp:attachment":[{"href":"https:\/\/mueller-wrh.de\/uk\/wp-json\/wp\/v2\/media?parent=266"}],"curies":[{"name":"wp","href":"https:\/\/api.w.org\/{rel}","templated":true}]}}