{"id":5408,"date":"2026-04-21T19:21:11","date_gmt":"2026-04-21T19:21:11","guid":{"rendered":"https:\/\/mueller-wrh.de\/produkt\/tornos-ms7-hy-6-bj-1989-mit-lademagazin-iemca-elite-112_bj-12-intnr231512\/"},"modified":"2026-04-21T19:21:11","modified_gmt":"2026-04-21T19:21:11","slug":"tornos-ms7-hy-6-bj-1989-mit-lademagazin-iemca-elite-112_bj-12-intnr231512","status":"publish","type":"product","link":"https:\/\/mueller-wrh.de\/tr\/urun\/tornos-ms7-hy-6-bj-1989-mit-lademagazin-iemca-elite-112_bj-12-intnr231512\/","title":{"rendered":"TORNOS MS7 HY 6 Y\u0131l. 1989 IEMCA Elite 112 Y\u00fckleme Magazini ile Y\u0131l. '12 IntNr231512"},"content":{"rendered":"<p><b>Konum:<\/b> Almanya, Baden-W\u00fcrttemberg G\u00fcneybat\u0131<\/p>\n<p><b>Durum:<\/b> Kullan\u0131lm\u0131\u015f<\/p>\n<p><b>\u00dcretici firma:<\/b> Tornos<\/p>\n<p><b>Model:<\/b> HY 6<\/p>\n<p><b>\u0130n\u015faat y\u0131l\u0131:<\/b> 1989<\/p>\n<p>Sat\u0131l\u0131k kullan\u0131lm\u0131\u015f TORNOS MS7 HY 6 hassas tornalama otomati\u011fi, imalat y\u0131l\u0131 1989, 2012 y\u0131l\u0131 IEMCA ELITE 112 \u00e7ubuk y\u00fckleyici ile donat\u0131lm\u0131\u015ft\u0131r.<br \/>\nTORNOS MS7 \/ MS7 HY 6 Teknik Veriler<\/p>\n<p>Makine t\u00fcr\u00fc: Otomatik tornalama makinesi<br \/>\nMaksimum i\u015f par\u00e7as\u0131 \u00e7ap\u0131: 7 mm<br \/>\nMil delik: 8 mm<br \/>\nD\u00fcz e\u011fimli tambur: 60 mm<br \/>\nEn b\u00fcy\u00fck di\u015f \u00e7ap\u0131: M6<br \/>\nD\u00f6n\u00fc\u015f kesici say\u0131s\u0131: 5<br \/>\nMil devirleri: 20 kademe, 1.400\u201310.000 devir\/dak<br \/>\nElektrik ba\u011flant\u0131s\u0131: 3 x 380 V \/ 50 Hz<br \/>\nToplam performans: Yakla\u015f\u0131k 2 CV<br \/>\nMakine a\u011f\u0131rl\u0131\u011f\u0131: yakla\u015f\u0131k 520 kg<br \/>\nBoyutlar: yakl. 1.200 x 700 x 1.400 mm<br \/>\nMevcut kayna\u011fa g\u00f6re te\u00e7hizat: Lamba, merkezi ya\u011flama, koruyucu kapak<\/p>\n<p>IEMCA ELITE 112, \u00dcretim Y\u0131l\u0131 2012 Teknik \u00d6zellikleri:<br \/>\n\u00dcretici: IEMCA<br \/>\nTip: ELITE 112<br \/>\nYap\u0131m y\u0131l\u0131: 2012<br \/>\nELITE-112 serisi, \u00fcreticiye g\u00f6re ince \u00e7ubuklar\u0131n i\u015flenmesi i\u00e7in tasarlanm\u0131\u015ft\u0131r ve versiyona ba\u011fl\u0131 olarak 0,8 ila 12,7 mm aras\u0131nda bir alan\u0131 kapsar.<\/p>\n<p>Makine randevu ile incelenebilir.<br \/>\nTeknik veri ve bilgilerdeki de\u011fi\u015fiklikler ve hatalar ile \u00f6n sat\u0131\u015f hakk\u0131 sakl\u0131d\u0131r!<\/p>\n<p>Sat\u0131l\u0131k, 1989 y\u0131l\u0131 \u00fcretimi ikinci el hassas otomatik TORNOS MS7 HY 6 tornas\u0131, 2012 y\u0131l\u0131 \u00fcretimi IEMCA ELITE 112 \u00e7ubuk s\u00fcr\u00fcc\u00fcs\u00fc ile donat\u0131lm\u0131\u015ft\u0131r.<br \/>\nTeknik \u00f6zellikler TORNOS MS7 \/ MS7 HY 6:<\/p>\n<p>Makine tipi: Uzun yatakl\u0131 otomatik torna tezgahi<br \/>\nMaks. i\u015f par\u00e7as\u0131 \u00e7ap\u0131: 7 mm<br \/>\nMil deli\u011fi: 8 mm<br \/>\nD\u00fcz eksantrikl\u0131 strok: 60 mm<br \/>\nMaksimum di\u015f \u00e7ap\u0131: M6<br \/>\nD\u00f6n\u00fc\u015f aletlerinin say\u0131s\u0131: 5<br \/>\nMil h\u0131zlar\u0131: 20 h\u0131z, 1.400\u201310.000 rpm<br \/>\nElektrik ba\u011flant\u0131s\u0131: 3 x 380 V \/ 50 Hz<br \/>\nToplam g\u00fc\u00e7: yakla\u015f\u0131k 2 hp<br \/>\nMakine a\u011f\u0131rl\u0131\u011f\u0131: yakl. 520 kg<br \/>\nBoyutlar: yakla\u015f\u0131k 1.200 x 700 x 1.400 mm<br \/>\nEkipman, mevcut kayna\u011fa g\u00f6re: Lamba, merkezi ya\u011flama, koruyucu kapak<\/p>\n<p>Teknik veri IEMCA ELITE 112, 2012 y\u0131l\u0131nda \u00fcretilmi\u015ftir:<br \/>\n\u00dcretici: IEMCA<br \/>\nModel: ELITE 112<br \/>\n\u00dcretim y\u0131l\u0131: 2012<br \/>\n\u00dcreticiye g\u00f6re ELITE 112 serisi, ince \u00e7ubuklar\u0131n i\u015flenmesi i\u00e7in tasarlanm\u0131\u015ft\u0131r ve versiyona ba\u011fl\u0131 olarak 0,8 ila 12,7 mm aral\u0131\u011f\u0131n\u0131 kapsar.<\/p>\n<p>Makine randevu ile g\u00f6r\u00fclebilir.<br \/>\nTeknik verilerde ve spesifikasyonlarda de\u011fi\u015fiklik ve d\u00fczeltme yapma ve bu arada \u00fcr\u00fcn\u00fc satma hakk\u0131m\u0131z sakl\u0131d\u0131r!<\/p>","protected":false},"excerpt":{"rendered":"<p>Standort: Deutschland, Baden-W\u00fcrttemberg S\u00fcdwest Zustand: Gebraucht Hersteller: Tornos Modell: HY 6 Baujahr: 1989 Zum Verkauf steht ein gebrauchter Pr\u00e4zisions-Drehautomat TORNOS MS7 HY 6, Baujahr 1989, ausgestattet mit einem Stangenlademagazin IEMCA ELITE 112, Baujahr 2012. Technische Daten TORNOS MS7 \/ MS7 HY 6: Maschinenart: Langdrehautomat Max. Werkst\u00fcckdurchmesser: 7 mm Spindelbohrung: 8 mm Hub mit Flachkurve: 60 [&hellip;]<\/p>\n","protected":false},"featured_media":5401,"comment_status":"open","ping_status":"closed","template":"","meta":{"_uf_show_specific_survey":0,"_uf_disable_surveys":false},"product_brand":[],"product_cat":[112],"product_tag":[],"class_list":{"0":"post-5408","1":"product","2":"type-product","3":"status-publish","4":"has-post-thumbnail","6":"product_cat-langdrehmaschinen","8":"first","9":"instock","10":"taxable","11":"shipping-taxable","12":"product-type-simple"},"aioseo_notices":[],"_links":{"self":[{"href":"https:\/\/mueller-wrh.de\/tr\/wp-json\/wp\/v2\/product\/5408","targetHints":{"allow":["GET"]}}],"collection":[{"href":"https:\/\/mueller-wrh.de\/tr\/wp-json\/wp\/v2\/product"}],"about":[{"href":"https:\/\/mueller-wrh.de\/tr\/wp-json\/wp\/v2\/types\/product"}],"replies":[{"embeddable":true,"href":"https:\/\/mueller-wrh.de\/tr\/wp-json\/wp\/v2\/comments?post=5408"}],"wp:featuredmedia":[{"embeddable":true,"href":"https:\/\/mueller-wrh.de\/tr\/wp-json\/wp\/v2\/media\/5401"}],"wp:attachment":[{"href":"https:\/\/mueller-wrh.de\/tr\/wp-json\/wp\/v2\/media?parent=5408"}],"wp:term":[{"taxonomy":"product_brand","embeddable":true,"href":"https:\/\/mueller-wrh.de\/tr\/wp-json\/wp\/v2\/product_brand?post=5408"},{"taxonomy":"product_cat","embeddable":true,"href":"https:\/\/mueller-wrh.de\/tr\/wp-json\/wp\/v2\/product_cat?post=5408"},{"taxonomy":"product_tag","embeddable":true,"href":"https:\/\/mueller-wrh.de\/tr\/wp-json\/wp\/v2\/product_tag?post=5408"}],"curies":[{"name":"wp","href":"https:\/\/api.w.org\/{rel}","templated":true}]}}