{"id":5399,"date":"2026-04-21T18:56:18","date_gmt":"2026-04-21T18:56:18","guid":{"rendered":"https:\/\/mueller-wrh.de\/produkt\/miyano-cnc-kurzdrehmaschine-bne-51s-bj-1999_-mit-iemca-boss-552-hd-intnr231509\/"},"modified":"2026-04-21T18:56:18","modified_gmt":"2026-04-21T18:56:18","slug":"miyano-cnc-kurzdrehmaschine-bne-51s-bj-1999_-mit-iemca-boss-552-hd-intnr231509","status":"publish","type":"product","link":"https:\/\/mueller-wrh.de\/tr\/urun\/miyano-cnc-kurzdrehmaschine-bne-51s-bj-1999_-mit-iemca-boss-552-hd-intnr231509\/","title":{"rendered":"MIYANO CNC Otomatik Turnike BNE-51S, \u00dcretim Y\u0131l\u0131 1999_ IEMCA BOSS 552-HD ile Dahili No 231509"},"content":{"rendered":"<p><b>Konum:<\/b> Almanya, Baden-W\u00fcrttemberg G\u00fcneybat\u0131<\/p>\n<p><b>Durum:<\/b> Kullan\u0131lm\u0131\u015f<\/p>\n<p><b>\u00dcretici firma:<\/b> Miyano<\/p>\n<p><b>Model:<\/b> BNE-51S<\/p>\n<p><b>\u0130n\u015faat y\u0131l\u0131:<\/b> 1999<\/p>\n<p>Zum Verkauf steht eine CNC-Drehmaschine vom Typ Miyano BNE-51S mit Lademagazin IEMCA BOSS 552-HD.<br \/>\n\u0130n\u015faat y\u0131l\u0131 1999<br \/>\nSteuerung: FANUC Series 18-T (Doppel-Kanalsteuerung)<\/p>\n<p>Teknik veriler<\/p>\n<p>Max. Stangendurchmesser: 51 mm<br \/>\nMax. Drehl\u00e4nge: ca. 125 mm<br \/>\nVerfahrwege: * X1 \/ X2: 150 mm \/ 115 mm<br \/>\nZ1 \/ Z2: 380 mm \/ 125 mm<br \/>\nY-Achse: +\/- 40 mm (oberer Revolver)<\/p>\n<p>Spindeln (Haupt- &amp; Gegenspindel)<br \/>\nDrehzahlbereich: 135 \u2013 5.000 U\/min (beide Spindeln)<br \/>\nAntriebsleistung: 11 kW \/ 15 kW (Hauptspindel)<br \/>\nC-Achse: 0,001\u00b0 an beiden Spindeln zur vollen Konturbearbeitung<\/p>\n<p>Werkzeugsystem (2 x Revolver)<br \/>\nRevolver 1 (Oben): 12 Stationen (alle angetrieben, inkl. Y-Achse)<br \/>\nRevolver 2 (Unten): 12 Stationen (alle angetrieben)<br \/>\nDrehzahl AGW: max. 3.200 U\/min<\/p>\n<p>Lademagazin: IEMCA BOSS 552-HD<br \/>\nDurchmesserbereich: 5 mm bis 51 mm<br \/>\nStangenl\u00e4nge: bis 3.200 mm<br \/>\nTala\u015f konvey\u00f6r\u00fc<br \/>\nL\u00f6schanlage Batec<\/p>\n<p>Makine randevu ile incelenebilir.<br \/>\nTeknik veri ve bilgilerdeki de\u011fi\u015fiklikler ve hatalar ile \u00f6n sat\u0131\u015f hakk\u0131 sakl\u0131d\u0131r!<\/p>\n<p>A Miyano BNE-51S CNC lathe with an IEMCA BOSS 552-HD bar feeder is for sale.<br \/>\nYear of manufacture: 1999<br \/>\nControl system: FANUC Series 18-T (dual-channel control)<\/p>\n<p>Teknik \u00f6zellikler<\/p>\n<p>Max. bar diameter: 51 mm<br \/>\nMax. turning length: approx. 125 mm<br \/>\nTravel ranges: * X1 \/ X2: 150 mm \/ 115 mm<br \/>\nZ1 \/ Z2: 380 mm \/ 125 mm<br \/>\nY-axis: +\/- 40 mm (upper turret)<\/p>\n<p>Spindles (main &amp; counter spindle)<br \/>\nSpeed range: 135 \u2013 5,000 rpm (both spindles)<br \/>\nDrive power: 11 kW \/ 15 kW (main spindle)<br \/>\nC-axis: 0.001\u00b0 on both spindles for full contour machining<\/p>\n<p>Tool system (2 x turrets)<br \/>\nTurrets 1 (top): 12 stations (all driven, incl. Y-axis)<br \/>\nTurrets 2 (bottom): 12 stations (all driven)<br \/>\nSpindle speed: max. 3,200 rpm<\/p>\n<p>Loading magazine: IEMCA BOSS 552-HD<br \/>\nDiameter range: 5 mm to 51 mm<br \/>\nBar length: up to 3,200 mm<br \/>\nTala\u015f konvey\u00f6r\u00fc<br \/>\nBatec fire suppression system<\/p>\n<p>Makine randevu ile g\u00f6r\u00fclebilir.<br \/>\nTeknik verilerdeki ve spesifikasyonlardaki de\u011fi\u015fikliklere ve hatalara ve ayr\u0131ca sat\u0131\u015f \u00f6ncesine tabidir!<\/p>","protected":false},"excerpt":{"rendered":"<p>Standort: Deutschland, Baden-W\u00fcrttemberg S\u00fcdwest Zustand: Gebraucht Hersteller: Miyano Modell: BNE-51S Baujahr: 1999 Zum Verkauf steht eine CNC-Drehmaschine vom Typ Miyano BNE-51S mit Lademagazin IEMCA BOSS 552-HD. Baujahr 1999 Steuerung: FANUC Series 18-T (Doppel-Kanalsteuerung) Technische Daten Max. Stangendurchmesser: 51 mm Max. Drehl\u00e4nge: ca. 125 mm Verfahrwege: * X1 \/ X2: 150 mm \/ 115 mm Z1 [&hellip;]<\/p>\n","protected":false},"featured_media":5390,"comment_status":"open","ping_status":"closed","template":"","meta":{"_uf_show_specific_survey":0,"_uf_disable_surveys":false},"product_brand":[],"product_cat":[89],"product_tag":[],"class_list":{"0":"post-5399","1":"product","2":"type-product","3":"status-publish","4":"has-post-thumbnail","6":"product_cat-cnc-kurzdrehmaschinen","8":"first","9":"instock","10":"taxable","11":"shipping-taxable","12":"product-type-simple"},"aioseo_notices":[],"_links":{"self":[{"href":"https:\/\/mueller-wrh.de\/tr\/wp-json\/wp\/v2\/product\/5399","targetHints":{"allow":["GET"]}}],"collection":[{"href":"https:\/\/mueller-wrh.de\/tr\/wp-json\/wp\/v2\/product"}],"about":[{"href":"https:\/\/mueller-wrh.de\/tr\/wp-json\/wp\/v2\/types\/product"}],"replies":[{"embeddable":true,"href":"https:\/\/mueller-wrh.de\/tr\/wp-json\/wp\/v2\/comments?post=5399"}],"wp:featuredmedia":[{"embeddable":true,"href":"https:\/\/mueller-wrh.de\/tr\/wp-json\/wp\/v2\/media\/5390"}],"wp:attachment":[{"href":"https:\/\/mueller-wrh.de\/tr\/wp-json\/wp\/v2\/media?parent=5399"}],"wp:term":[{"taxonomy":"product_brand","embeddable":true,"href":"https:\/\/mueller-wrh.de\/tr\/wp-json\/wp\/v2\/product_brand?post=5399"},{"taxonomy":"product_cat","embeddable":true,"href":"https:\/\/mueller-wrh.de\/tr\/wp-json\/wp\/v2\/product_cat?post=5399"},{"taxonomy":"product_tag","embeddable":true,"href":"https:\/\/mueller-wrh.de\/tr\/wp-json\/wp\/v2\/product_tag?post=5399"}],"curies":[{"name":"wp","href":"https:\/\/api.w.org\/{rel}","templated":true}]}}