{"id":5331,"date":"2026-04-21T17:38:27","date_gmt":"2026-04-21T17:38:27","guid":{"rendered":"https:\/\/mueller-wrh.de\/produkt\/saeulenbohrmaschine-alzmetall-alzstar-30-s-bj-04-intnr231518\/"},"modified":"2026-04-21T17:38:27","modified_gmt":"2026-04-21T17:38:27","slug":"saeulenbohrmaschine-alzmetall-alzstar-30-s-bj-04-intnr231518","status":"publish","type":"product","link":"https:\/\/mueller-wrh.de\/tr\/urun\/saeulenbohrmaschine-alzmetall-alzstar-30-s-bj-04-intnr231518\/","title":{"rendered":"S\u00fctunlu matkap Alzmetall Alzstar 30\/S \u00dcr. '04 IntNr231518"},"content":{"rendered":"<p><b>Konum:<\/b> Almanya, Baden-W\u00fcrttemberg G\u00fcneybat\u0131<\/p>\n<p><b>Durum:<\/b> Kullan\u0131lm\u0131\u015f<\/p>\n<p><b>\u00dcretici firma:<\/b> Alzmetall<\/p>\n<p><b>Model:<\/b> 30\/S<\/p>\n<p><b>\u0130n\u015faat y\u0131l\u0131:<\/b> 2004<\/p>\n<p>Sat\u0131l\u0131k: \u0130kinci el Alzmetall ALZSTAR 30\/S s\u00fctunlu matkap, \u00fcretim y\u0131l\u0131 2004, Alman mal\u0131 y\u00fcksek kaliteli \u00fcretim. <\/p>\n<p>Teknik veriler:<br \/>\nE335 (St 60) \u00e7elik i\u00e7in delme kapasitesi: 30 mm<br \/>\n\u00c7elik E335'te Di\u015f A\u00e7ma Kapasitesi: M16<br \/>\nD\u00f6kme demir EN-GJL-200'de di\u015f a\u00e7ma performans\u0131: M20<br \/>\nMiller ayna tutucu: MK 3<br \/>\nPinolenhub \/ Mil Hubu: 140 mm<br \/>\nKantleme \/ Mil mesafesi kolonla: 293 mm<br \/>\nS\u00fctun \u00e7ap\u0131: 115 mm<br \/>\nMasa boyutu \/ i\u015fleme alan\u0131: 514 x 360 mm (\u00fcr\u00fcn sayfas\u0131nda 515 x 360 mm olarak da belirtilmi\u015ftir)<br \/>\nT-Yuvalar\u0131: 2 x 14 x 224 mm<br \/>\nMil \/ Masa mesafesi min.\/maks.: 132 \/ 724 mm<br \/>\nTahrik: kademesiz, mekanik varyat\u00f6r<br \/>\n\u0130\u015fmili devir aral\u0131\u011f\u0131: 225\u20134300 dev\/dak<br \/>\n750 \/ 1500 devir\/dakika motor g\u00fcc\u00fc: 1,0 \/ 1,6 kW<br \/>\nMakine y\u00fcksekli\u011fi: yakla\u015f\u0131k 1790 mm<br \/>\nMakine a\u011f\u0131rl\u0131\u011f\u0131: yakla\u015f\u0131k 260 kg<\/p>\n<p>Makine randevu ile incelenebilir.<br \/>\nTeknik veri ve bilgilerdeki de\u011fi\u015fiklikler ve hatalar ile \u00f6n sat\u0131\u015f hakk\u0131 sakl\u0131d\u0131r!<\/p>\n<p>Sat\u0131l\u0131k kullan\u0131lm\u0131\u015f Alzmetall ALZSTAR 30\/S kolonlu matkap, 2004 \u00fcretimi, Alman m\u00fchendislik kalitesi \u00fcr\u00fcn\u00fcd\u00fcr. <\/p>\n<p>Teknik \u00d6zellikler:<br \/>\nE335 \u00e7elik (St 60) delme kapasitesi: 30 mm<br \/>\nE335 \u00e7elik di\u015f a\u00e7ma kapasitesi: M16<br \/>\nD\u00f6kme demirde di\u015f a\u00e7ma kapasitesi (EN-GJL-200): M20<br \/>\n\u0130\u011f mili mengeni: MK 3<br \/>\nKuyruk stroku \/ Milin Z ekseni stroku: 140 mm<br \/>\nMafsall\u0131 kol \/ i\u015f mili ile kolon aras\u0131ndaki mesafe: 293 mm<br \/>\nS\u00fctun \u00e7ap\u0131: 115 mm<br \/>\nMasa boyutu \/ s\u0131kma y\u00fczeyi: 514 x 360 mm (\u00fcr\u00fcn sayfas\u0131nda 515 x 360 mm olarak da belirtilmi\u015ftir)<br \/>\nT-yuvalar\u0131: 2 x 14 x 224 mm<br \/>\nMil\/masa mesafesi min.\/maks.: 132 \/ 724 mm<br \/>\nTahrik: kademesiz, mekanik varyat\u00f6r<br \/>\nMil devir aral\u0131\u011f\u0131: 225\u20134300 rpm<br \/>\n750 \/ 1500 d\/d'de motor g\u00fcc\u00fc: 1.0 \/ 1.6 kW<br \/>\nMakine y\u00fcksekli\u011fi: yakla\u015f\u0131k 1790 mm<br \/>\nMakine a\u011f\u0131rl\u0131\u011f\u0131: yakla\u015f\u0131k 260 kg<\/p>\n<p>Makine randevu ile g\u00f6r\u00fclebilir.<br \/>\nTeknik verilerde ve spesifikasyonlarda de\u011fi\u015fiklik ve d\u00fczeltme yapma ve bu arada \u00fcr\u00fcn\u00fc satma hakk\u0131m\u0131z sakl\u0131d\u0131r!<\/p>","protected":false},"excerpt":{"rendered":"<p>Standort: Deutschland, Baden-W\u00fcrttemberg S\u00fcdwest Zustand: Gebraucht Hersteller: Alzmetall Modell: 30\/S Baujahr: 2004 Zum Verkauf steht eine gebrauchte S\u00e4ulenbohrmaschine Alzmetall ALZSTAR 30\/S, Baujahr 2004, aus deutscher Qualit\u00e4tsfertigung. Technische Daten: Bohrverm\u00f6gen in Stahl E335 (St 60): 30 mm Gewindeschneidleistung in Stahl E335: M16 Gewindeschneidleistung in Gusseisen EN-GJL-200: M20 Spindelaufnahme: MK 3 Pinolenhub \/ Z-Hub der Spindel: 140 [&hellip;]<\/p>\n","protected":false},"featured_media":5327,"comment_status":"open","ping_status":"closed","template":"","meta":{"_uf_show_specific_survey":0,"_uf_disable_surveys":false},"product_brand":[],"product_cat":[105],"product_tag":[],"class_list":{"0":"post-5331","1":"product","2":"type-product","3":"status-publish","4":"has-post-thumbnail","6":"product_cat-zubehoer-sonstiges","8":"first","9":"instock","10":"taxable","11":"shipping-taxable","12":"product-type-simple"},"aioseo_notices":[],"_links":{"self":[{"href":"https:\/\/mueller-wrh.de\/tr\/wp-json\/wp\/v2\/product\/5331","targetHints":{"allow":["GET"]}}],"collection":[{"href":"https:\/\/mueller-wrh.de\/tr\/wp-json\/wp\/v2\/product"}],"about":[{"href":"https:\/\/mueller-wrh.de\/tr\/wp-json\/wp\/v2\/types\/product"}],"replies":[{"embeddable":true,"href":"https:\/\/mueller-wrh.de\/tr\/wp-json\/wp\/v2\/comments?post=5331"}],"wp:featuredmedia":[{"embeddable":true,"href":"https:\/\/mueller-wrh.de\/tr\/wp-json\/wp\/v2\/media\/5327"}],"wp:attachment":[{"href":"https:\/\/mueller-wrh.de\/tr\/wp-json\/wp\/v2\/media?parent=5331"}],"wp:term":[{"taxonomy":"product_brand","embeddable":true,"href":"https:\/\/mueller-wrh.de\/tr\/wp-json\/wp\/v2\/product_brand?post=5331"},{"taxonomy":"product_cat","embeddable":true,"href":"https:\/\/mueller-wrh.de\/tr\/wp-json\/wp\/v2\/product_cat?post=5331"},{"taxonomy":"product_tag","embeddable":true,"href":"https:\/\/mueller-wrh.de\/tr\/wp-json\/wp\/v2\/product_tag?post=5331"}],"curies":[{"name":"wp","href":"https:\/\/api.w.org\/{rel}","templated":true}]}}