{"id":5326,"date":"2026-04-21T16:27:33","date_gmt":"2026-04-21T16:27:33","guid":{"rendered":"https:\/\/mueller-wrh.de\/produkt\/hd-einheit-combiloob-cl1-f-30-20-a-bj-07-intnr231557\/"},"modified":"2026-04-21T16:27:33","modified_gmt":"2026-04-21T16:27:33","slug":"hd-einheit-combiloob-cl1-f-30-20-a-bj-07-intnr231557","status":"publish","type":"product","link":"https:\/\/mueller-wrh.de\/tr\/urun\/hd-einheit-combiloob-cl1-f-30-20-a-bj-07-intnr231557\/","title":{"rendered":"HD-Birim Combiloob CL1-F-30-20-A, Yap\u0131m Y\u0131l\u0131 `07, Dahili No 231557"},"content":{"rendered":"<p><b>Konum:<\/b> Almanya, Baden-W\u00fcrttemberg G\u00fcneybat\u0131<\/p>\n<p><b>Durum:<\/b> Kullan\u0131lm\u0131\u015f<\/p>\n<p><b>\u00dcretici firma:<\/b> M\u00fcller Hidrolik<\/p>\n<p><b>Model:<\/b> CL1<\/p>\n<p><b>\u0130n\u015faat y\u0131l\u0131:<\/b> 2007<\/p>\n<p>Sat\u0131l\u0131k, 2007 model, y\u00fcksek performansl\u0131 HD \u00fcnite Combiloop CL1-F-30-20-A. <\/p>\n<p>Teknik veriler:<br \/>\nTesis T\u00fcr\u00fc: Y\u00fcksek Bas\u0131n\u00e7l\u0131 \u00dcnite (YB)<br \/>\nDestekleyici ortam: Ya\u011f<br \/>\nMaks. \u00e7al\u0131\u015fma bas\u0131nc\u0131: yakla\u015f\u0131k. 20\u201330 bar<br \/>\nAk\u0131\u015f H\u0131z\u0131: yakl. 20\u201330 l\/dak<br \/>\nG\u00fc\u00e7 aktarma: Elektrik motoru<br \/>\nVoltaj: 400 V \/ 50 Hz (\u00dc\u00e7 fazl\u0131 ak\u0131m)<br \/>\nKontrol: entegre kontrol \u00fcnitesi<br \/>\nYap\u0131 bi\u00e7imi: kompakt, kapal\u0131 \u00fcnite<br \/>\nBa\u011flant\u0131: standartla\u015ft\u0131r\u0131lm\u0131\u015f end\u00fcstriyel ba\u011flant\u0131lar<\/p>\n<p>Donan\u0131m ve Bile\u015fenler:<br \/>\nY\u00fcksek bas\u0131n\u00e7 pompas\u0131<br \/>\nMedya haz\u0131rlama filtre \u00fcnitesi<br \/>\nEmniyet ventilleri ve bas\u0131n\u00e7 izleme<br \/>\nKapal\u0131 devreler i\u00e7in geri d\u00f6n\u00fc\u015f sistemi<br \/>\nSa\u011flam \u00e7elik g\u00f6vde \/ hareketli<\/p>\n<p>Birim, randevu ile gezilebilir.<br \/>\nTeknik veri ve bilgilerdeki de\u011fi\u015fiklikler ve hatalar ile \u00f6n sat\u0131\u015f hakk\u0131 sakl\u0131d\u0131r!<\/p>\n<p>2007 y\u0131l\u0131 \u00fcretimi, y\u00fcksek performansl\u0131 Combiloop CL1-F-30-20-A y\u00fcksek bas\u0131n\u00e7 \u00fcnitesi sat\u0131l\u0131kt\u0131r. <\/p>\n<p>Teknik \u00d6zellikler:<br \/>\nSistem tipi: Y\u00fcksek bas\u0131n\u00e7l\u0131 \u00fcnite (HP)<br \/>\nAk\u0131\u015fkan: Ya\u011f<br \/>\nMaks. \u00e7al\u0131\u015fma bas\u0131nc\u0131: yakla\u015f\u0131k 20\u201330 bar<br \/>\nAk\u0131\u015f h\u0131z\u0131: yakla\u015f\u0131k 20\u201330 l\/dak<br \/>\nS\u00fcr\u00fc\u015f: Elektrik motoru<br \/>\nVoltaj: 400 V \/ 50 Hz (\u00fc\u00e7 fazl\u0131)<br \/>\nKontrol: Entegre kontrol \u00fcnitesi<br \/>\nTasar\u0131m: Kompakt, kapal\u0131 \u00fcnite<br \/>\nBa\u011flant\u0131lar: Standartla\u015ft\u0131r\u0131lm\u0131\u015f end\u00fcstriyel ba\u011flant\u0131lar<\/p>\n<p>\u00d6zellikler ve bile\u015fenler:<br \/>\nY\u00fcksek bas\u0131n\u00e7l\u0131 pompa<br \/>\nMedya haz\u0131rlama i\u00e7in filtre \u00fcnitesi<br \/>\nEmniyet valfleri ve bas\u0131n\u00e7 izleme<br \/>\nKapal\u0131 devreler i\u00e7in sistem<br \/>\nSa\u011flam \u00e7elik g\u00f6vde \/ mobil<\/p>\n<p>Daire randevu ile g\u00f6r\u00fclebilir.<br \/>\nTeknik verilere ve spesifikasyonlara de\u011fi\u015fiklik ve d\u00fczeltme yapma ve sipari\u015f \u00f6ncesinde \u00fcr\u00fcn satma hakk\u0131n\u0131 sakl\u0131 tutar\u0131z!<\/p>","protected":false},"excerpt":{"rendered":"<p>Standort: Deutschland, Baden-W\u00fcrttemberg S\u00fcdwest Zustand: Gebraucht Hersteller: M\u00fcller Hydraulik Modell: CL1 Baujahr: 2007 Zum Verkauf steht eine leistungsstarke HD-Einheit Combiloop CL1-F-30-20-A aus dem Baujahr 2007. Technische Daten: Anlagenart: Hochdruck-Einheit (HD) F\u00f6rdermedium: \u00d6l Max. Betriebsdruck: ca. 20\u201330 bar F\u00f6rderleistung: ca. 20\u201330 l\/min Antrieb: Elektromotor Spannung: 400 V \/ 50 Hz (Drehstrom) Steuerung: integrierte Steuerungseinheit Bauform: kompakte, [&hellip;]<\/p>\n","protected":false},"featured_media":5323,"comment_status":"open","ping_status":"closed","template":"","meta":{"_uf_show_specific_survey":0,"_uf_disable_surveys":false},"product_brand":[],"product_cat":[104],"product_tag":[],"class_list":{"0":"post-5326","1":"product","2":"type-product","3":"status-publish","4":"has-post-thumbnail","6":"product_cat-hochdruckanlagen","8":"first","9":"instock","10":"taxable","11":"shipping-taxable","12":"product-type-simple"},"aioseo_notices":[],"_links":{"self":[{"href":"https:\/\/mueller-wrh.de\/tr\/wp-json\/wp\/v2\/product\/5326","targetHints":{"allow":["GET"]}}],"collection":[{"href":"https:\/\/mueller-wrh.de\/tr\/wp-json\/wp\/v2\/product"}],"about":[{"href":"https:\/\/mueller-wrh.de\/tr\/wp-json\/wp\/v2\/types\/product"}],"replies":[{"embeddable":true,"href":"https:\/\/mueller-wrh.de\/tr\/wp-json\/wp\/v2\/comments?post=5326"}],"wp:featuredmedia":[{"embeddable":true,"href":"https:\/\/mueller-wrh.de\/tr\/wp-json\/wp\/v2\/media\/5323"}],"wp:attachment":[{"href":"https:\/\/mueller-wrh.de\/tr\/wp-json\/wp\/v2\/media?parent=5326"}],"wp:term":[{"taxonomy":"product_brand","embeddable":true,"href":"https:\/\/mueller-wrh.de\/tr\/wp-json\/wp\/v2\/product_brand?post=5326"},{"taxonomy":"product_cat","embeddable":true,"href":"https:\/\/mueller-wrh.de\/tr\/wp-json\/wp\/v2\/product_cat?post=5326"},{"taxonomy":"product_tag","embeddable":true,"href":"https:\/\/mueller-wrh.de\/tr\/wp-json\/wp\/v2\/product_tag?post=5326"}],"curies":[{"name":"wp","href":"https:\/\/api.w.org\/{rel}","templated":true}]}}