{"id":5313,"date":"2026-04-21T15:54:39","date_gmt":"2026-04-21T15:54:39","guid":{"rendered":"https:\/\/mueller-wrh.de\/produkt\/jung-flachschleifmaschine-hf-40-bj-1977-intnr231519\/"},"modified":"2026-04-21T15:54:39","modified_gmt":"2026-04-21T15:54:39","slug":"jung-flachschleifmaschine-hf-40-bj-1977-intnr231519","status":"publish","type":"product","link":"https:\/\/mueller-wrh.de\/tr\/urun\/jung-flachschleifmaschine-hf-40-bj-1977-intnr231519\/","title":{"rendered":"Jung D\u00fcz Ta\u015flama Makinesi HF 40 Bj. 1977 IntNr231519"},"content":{"rendered":"<p><b>Konum:<\/b> Almanya, Baden-W\u00fcrttemberg G\u00fcneybat\u0131<\/p>\n<p><b>Durum:<\/b> Kullan\u0131lm\u0131\u015f<\/p>\n<p><b>\u00dcretici firma:<\/b> Jung<\/p>\n<p><b>Model:<\/b> HF 40<\/p>\n<p><b>\u0130n\u015faat y\u0131l\u0131:<\/b> 1977<\/p>\n<p>Sat\u0131l\u0131k, sa\u011flam ve a\u011f\u0131r yap\u0131da, 1977 model ikinci el Jung HF 40 ta\u015flama makinesi. <\/p>\n<p>Teknik veriler:<br \/>\n\u00c7al\u0131\u015ft\u0131rma: hidrolik<br \/>\nMasa boyutu: 400 x 150 mm<br \/>\nZ\u0131mpara uzunlu\u011fu: 400 mm<br \/>\nTa\u015flama geni\u015fli\u011fi: 150 mm<br \/>\nZ\u0131mpara ta\u015f\u0131 \u00e7ap\u0131: 200 mm<br \/>\nTa\u015flama diski geni\u015fli\u011fi: 16 mm<br \/>\nMil devri: Yakla\u015f\u0131k 2.800 devir\/dak<br \/>\nMasa h\u0131z\u0131: kademesiz 2-20 m\/dak<br \/>\nOtomatik Dikey Besleme: 0,002-0,013 mm<br \/>\nMakine a\u011f\u0131rl\u0131\u011f\u0131: yakla\u015f\u0131k 900 kg<br \/>\nMakine boyutlar\u0131: yakla\u015f\u0131k 1.300 x 1.200 x 1.500 mm<\/p>\n<p>Makine randevu ile incelenebilir.<br \/>\nTeknik veri ve bilgilerdeki de\u011fi\u015fiklikler ve hatalar ile \u00f6n sat\u0131\u015f hakk\u0131 sakl\u0131d\u0131r!<\/p>\n<p>1977 yap\u0131m\u0131 ikinci el Jung HF 40 y\u00fczey ta\u015flama makinesi sat\u0131l\u0131kt\u0131r. Sa\u011flam, a\u011f\u0131r hizmet tipi bir modeldir. <\/p>\n<p>Teknik \u00d6zellikler:<br \/>\nT\u00fcr: hidrolik<br \/>\nMasa boyutu: 400 x 150 mm<br \/>\nTa\u015flama uzunlu\u011fu: 400 mm<br \/>\nTa\u015flama geni\u015fli\u011fi: 150 mm<br \/>\nTa\u015flama diski \u00e7ap\u0131: 200 mm<br \/>\nTa\u015flama \u00e7ark\u0131 geni\u015fli\u011fi: 16 mm<br \/>\nMil devri: yakl. 2.800 devir\/dakika<br \/>\nMasa h\u0131z\u0131: sonsuz de\u011fi\u015fken 2\u201320 m\/dak<br \/>\nOtomatik dikey besleme: 0,002\u20130,013 mm<br \/>\nMakine a\u011f\u0131rl\u0131\u011f\u0131: yakla\u015f\u0131k 900 kg<br \/>\nMakine boyutlar\u0131: yakla\u015f\u0131k 1.300 x 1.200 x 1.500 mm<\/p>\n<p>Makine randevu ile g\u00f6r\u00fclebilir.<br \/>\nTeknik verilerde ve spesifikasyonlarda de\u011fi\u015fiklik ve d\u00fczeltme yapma ve bu arada \u00fcr\u00fcn\u00fc satma hakk\u0131m\u0131z sakl\u0131d\u0131r!<\/p>","protected":false},"excerpt":{"rendered":"<p>Standort: Deutschland, Baden-W\u00fcrttemberg S\u00fcdwest Zustand: Gebraucht Hersteller: Jung Modell: HF 40 Baujahr: 1977 Zum Verkauf steht eine gebrauchte Flachschleifmaschine Jung HF 40, Baujahr 1977, in solider, schwerer Ausf\u00fchrung. Technische Daten: Ausf\u00fchrung: hydraulisch Tischgr\u00f6\u00dfe: 400 x 150 mm Schleifl\u00e4nge: 400 mm Schleifbreite: 150 mm Schleifscheibendurchmesser: 200 mm Schleifscheibenbreite: 16 mm Spindeldrehzahl: ca. 2.800 U\/min Tischgeschwindigkeit: stufenlos [&hellip;]<\/p>\n","protected":false},"featured_media":5306,"comment_status":"open","ping_status":"closed","template":"","meta":{"_uf_show_specific_survey":0,"_uf_disable_surveys":false},"product_brand":[],"product_cat":[111],"product_tag":[],"class_list":{"0":"post-5313","1":"product","2":"type-product","3":"status-publish","4":"has-post-thumbnail","6":"product_cat-schleifmaschinen","8":"first","9":"instock","10":"taxable","11":"shipping-taxable","12":"product-type-simple"},"aioseo_notices":[],"_links":{"self":[{"href":"https:\/\/mueller-wrh.de\/tr\/wp-json\/wp\/v2\/product\/5313","targetHints":{"allow":["GET"]}}],"collection":[{"href":"https:\/\/mueller-wrh.de\/tr\/wp-json\/wp\/v2\/product"}],"about":[{"href":"https:\/\/mueller-wrh.de\/tr\/wp-json\/wp\/v2\/types\/product"}],"replies":[{"embeddable":true,"href":"https:\/\/mueller-wrh.de\/tr\/wp-json\/wp\/v2\/comments?post=5313"}],"wp:featuredmedia":[{"embeddable":true,"href":"https:\/\/mueller-wrh.de\/tr\/wp-json\/wp\/v2\/media\/5306"}],"wp:attachment":[{"href":"https:\/\/mueller-wrh.de\/tr\/wp-json\/wp\/v2\/media?parent=5313"}],"wp:term":[{"taxonomy":"product_brand","embeddable":true,"href":"https:\/\/mueller-wrh.de\/tr\/wp-json\/wp\/v2\/product_brand?post=5313"},{"taxonomy":"product_cat","embeddable":true,"href":"https:\/\/mueller-wrh.de\/tr\/wp-json\/wp\/v2\/product_cat?post=5313"},{"taxonomy":"product_tag","embeddable":true,"href":"https:\/\/mueller-wrh.de\/tr\/wp-json\/wp\/v2\/product_tag?post=5313"}],"curies":[{"name":"wp","href":"https:\/\/api.w.org\/{rel}","templated":true}]}}