{"id":5241,"date":"2026-04-10T13:33:13","date_gmt":"2026-04-10T13:33:13","guid":{"rendered":"https:\/\/mueller-wrh.de\/produkt\/cnc-citizen-miyano-bne-51msy-bj-2018_-intnr231502\/"},"modified":"2026-04-10T13:33:13","modified_gmt":"2026-04-10T13:33:13","slug":"cnc-citizen-miyano-bne-51msy-bj-2018_-intnr231502","status":"publish","type":"product","link":"https:\/\/mueller-wrh.de\/tr\/urun\/cnc-citizen-miyano-bne-51msy-bj-2018_-intnr231502\/","title":{"rendered":"CNC Citizen Miyano BNE-51MSY, y\u0131l 2018_ IntNr231502"},"content":{"rendered":"<p><b>Konum:<\/b> Almanya, Baden-W\u00fcrttemberg G\u00fcneybat\u0131<\/p>\n<p><b>Durum:<\/b> Kullan\u0131lm\u0131\u015f<\/p>\n<p><b>\u00dcretici firma:<\/b> Citizen Makine<\/p>\n<p><b>Model:<\/b> BNE-51 MSY<\/p>\n<p><b>\u0130n\u015faat y\u0131l\u0131:<\/b> 2018<\/p>\n<p>CNC k\u0131sa tornalama merkezi - Citizen Miyano BNE-51MSY<br \/>\n\u0130n\u015faat y\u0131l\u0131: 2018<br \/>\nDurum: \u00c7ok iyi, \u00e7al\u0131\u015fmaya haz\u0131r<br \/>\nKullan\u0131labilirlik: K\u0131sa d\u00f6nem<\/p>\n<p>K\u0131sa a\u00e7\u0131klama<br \/>\nAna ve kar\u015f\u0131 i\u015f mili ve Y ekseni ile MSY tasar\u0131m\u0131nda bir Citizen Miyano BNE-51MSY CNC k\u0131sa tornalama merkezi sat\u0131l\u0131kt\u0131r.<\/p>\n<p>Ekipman \/ \u00d6nemli Noktalar<br \/>\nAna i\u015f mili + kar\u015f\u0131 i\u015f mili<br \/>\nY ekseni<br \/>\nHer biri 12 istasyona sahip 2 tak\u0131m tareti<br \/>\nTahrikli ara\u00e7lar<br \/>\nE\u015fzamanl\u0131 i\u015fleme m\u00fcmk\u00fcn<br \/>\nY\u00fcksek sa\u011flaml\u0131k ve proses g\u00fcvenilirli\u011fi<br \/>\nTeknik veriler<br \/>\nMaks. \u00c7ubuk ge\u00e7i\u015fi: \u00d8 51 mm<br \/>\nMaks. d\u00f6n\u00fc\u015f \u00e7ap\u0131: yakla\u015f\u0131k 165 mm<br \/>\nMaks. D\u00f6nme uzunlu\u011fu: yakla\u015f\u0131k 380 mm<br \/>\nAna i\u015f mili h\u0131z\u0131: yakla\u015f\u0131k 5.000 rpm'ye kadar<br \/>\nKar\u015f\u0131 i\u015f mili h\u0131z\u0131: yakla\u015f\u0131k 5.000 rpm'ye kadar<br \/>\nKontrol sistemi: Mitsubishi MELDAS<br \/>\nMakine a\u011f\u0131rl\u0131\u011f\u0131: yakla\u015f\u0131k 8.000 kg<\/p>\n<p>Makine elektriksel ve mekanik olarak tamamen \u00e7al\u0131\u015f\u0131r durumda<br \/>\nEksiksiz teknik dok\u00fcmantasyon mevcuttur<\/p>\n<p>Makine randevu ile incelenebilir.<br \/>\nTeknik veri ve bilgilerdeki de\u011fi\u015fiklikler ve hatalar ile \u00f6n sat\u0131\u015f hakk\u0131 sakl\u0131d\u0131r!<\/p>\n<p>CNC torna makinesi - Citizen Miyano BNE-51MSY<br \/>\n\u00dcretim y\u0131l\u0131: 2018<br \/>\nDurum: \u00c7ok iyi, \u00e7al\u0131\u015fmaya haz\u0131r<br \/>\nM\u00fcsaitlik: K\u0131sa s\u00fcreli<\/p>\n<p>Mektup a\u00e7\u0131klamas\u0131<br \/>\nAna ve kar\u015f\u0131 i\u015f mili ve Y ekseni ile MSY tasar\u0131m\u0131nda bir Citizen Miyano BNE-51MSY CNC k\u0131sa torna makinesi sat\u0131l\u0131kt\u0131r.<\/p>\n<p>\u00d6zellikler\/\u00d6ne \u00c7\u0131kanlar<br \/>\nY ekseni<br \/>\n2 tak\u0131m tareti, her biri 12 istasyonlu<br \/>\nTahrikli ara\u00e7lar<br \/>\nE\u015f zamanl\u0131 i\u015fleme m\u00fcmk\u00fcn<br \/>\nY\u00fcksek sa\u011flaml\u0131k ve proses g\u00fcvenilirli\u011fi<br \/>\nTeknik veriler<br \/>\nMaks. bar kapasitesi: \u00d8 51 mm<br \/>\nMaks. d\u00f6n\u00fc\u015f \u00e7ap\u0131: yakla\u015f\u0131k 165 mm<br \/>\nMaks. d\u00f6n\u00fc\u015f uzunlu\u011fu: yakla\u015f\u0131k 380 mm<br \/>\nAna i\u015f mili h\u0131z\u0131: yakla\u015f\u0131k 5.000 rpm'ye kadar<br \/>\nKar\u015f\u0131 i\u015f mili h\u0131z\u0131: yakla\u015f\u0131k 5.000 rpm'ye kadar<br \/>\nKontrol: Mitsubishi MELDAS<br \/>\nMakine a\u011f\u0131rl\u0131\u011f\u0131: yakla\u015f\u0131k 8.000 kg<\/p>\n<p>Makine hem elektriksel hem de mekanik olarak tamamen \u00e7al\u0131\u015f\u0131r durumda<br \/>\nEksiksiz teknik dok\u00fcmantasyon mevcuttur<\/p>\n<p>Makine randevu ile g\u00f6r\u00fclebilir.<br \/>\nTeknik verilerdeki ve spesifikasyonlardaki de\u011fi\u015fikliklere ve hatalara ve ayr\u0131ca sat\u0131\u015f \u00f6ncesine tabidir!<\/p>","protected":false},"excerpt":{"rendered":"<p>Standort: Deutschland, Baden-W\u00fcrttemberg S\u00fcdwest Zustand: Gebraucht Hersteller: Citizen Machinery Modell: BNE-51 MSY Baujahr: 2018 CNC-Kurzdrehautomat \u2013 Citizen Miyano BNE-51MSY Baujahr: 2018 Zustand: Sehr gut, betriebsbereit Verf\u00fcgbarkeit: Kurzfristig Kurzbeschreibung Zum Verkauf steht ein CNC-Kurzdrehautomat Citizen Miyano BNE-51MSY in MSY-Ausf\u00fchrung mit Haupt- und Gegenspindel sowie Y-Achse. Ausstattung \/ Highlights Hauptspindel + Gegenspindel Y-Achse 2 Werkzeugrevolver mit je [&hellip;]<\/p>\n","protected":false},"featured_media":5234,"comment_status":"open","ping_status":"closed","template":"","meta":{"_uf_show_specific_survey":0,"_uf_disable_surveys":false},"product_brand":[],"product_cat":[89],"product_tag":[],"class_list":{"0":"post-5241","1":"product","2":"type-product","3":"status-publish","4":"has-post-thumbnail","6":"product_cat-cnc-kurzdrehmaschinen","8":"first","9":"instock","10":"taxable","11":"shipping-taxable","12":"product-type-simple"},"aioseo_notices":[],"_links":{"self":[{"href":"https:\/\/mueller-wrh.de\/tr\/wp-json\/wp\/v2\/product\/5241","targetHints":{"allow":["GET"]}}],"collection":[{"href":"https:\/\/mueller-wrh.de\/tr\/wp-json\/wp\/v2\/product"}],"about":[{"href":"https:\/\/mueller-wrh.de\/tr\/wp-json\/wp\/v2\/types\/product"}],"replies":[{"embeddable":true,"href":"https:\/\/mueller-wrh.de\/tr\/wp-json\/wp\/v2\/comments?post=5241"}],"wp:featuredmedia":[{"embeddable":true,"href":"https:\/\/mueller-wrh.de\/tr\/wp-json\/wp\/v2\/media\/5234"}],"wp:attachment":[{"href":"https:\/\/mueller-wrh.de\/tr\/wp-json\/wp\/v2\/media?parent=5241"}],"wp:term":[{"taxonomy":"product_brand","embeddable":true,"href":"https:\/\/mueller-wrh.de\/tr\/wp-json\/wp\/v2\/product_brand?post=5241"},{"taxonomy":"product_cat","embeddable":true,"href":"https:\/\/mueller-wrh.de\/tr\/wp-json\/wp\/v2\/product_cat?post=5241"},{"taxonomy":"product_tag","embeddable":true,"href":"https:\/\/mueller-wrh.de\/tr\/wp-json\/wp\/v2\/product_tag?post=5241"}],"curies":[{"name":"wp","href":"https:\/\/api.w.org\/{rel}","templated":true}]}}