{"id":5226,"date":"2026-04-02T12:44:37","date_gmt":"2026-04-02T12:44:37","guid":{"rendered":"https:\/\/mueller-wrh.de\/produkt\/hwacheon-hi-tech-230bl-ysmc-bj-10_2020_-intnr231544-2\/"},"modified":"2026-04-02T12:44:37","modified_gmt":"2026-04-02T12:44:37","slug":"hwacheon-hi-tech-230bl-ysmc-bj-10_2020_-intnr231544-2","status":"publish","type":"product","link":"https:\/\/mueller-wrh.de\/tr\/urun\/hwacheon-hi-tech-230bl-ysmc-bj-10_2020_-intnr231544-2\/","title":{"rendered":"HWACHEON Hi-TECH 230BL YSMC, Bj. 10_2020_ IntNr231544"},"content":{"rendered":"<p><b>Konum:<\/b> Almanya, Baden-W\u00fcrttemberg G\u00fcneybat\u0131<\/p>\n<p><b>Durum:<\/b> Kullan\u0131lm\u0131\u015f<\/p>\n<p><b>\u00dcretici firma:<\/b> HWACHEON<\/p>\n<p><b>Model:<\/b> HI-TECH 230BL YSMC<\/p>\n<p><b>\u0130n\u015faat y\u0131l\u0131:<\/b> 2020<\/p>\n<p><b>\u00c7al\u0131\u015fma saatleri:<\/b> 28605<\/p>\n<p>CNC Torna Tezgah\u0131 HWACHEON Hi-Tech 230BL YSMC, \u00dcretim Y\u0131l\u0131 2020<br \/>\n2021 \u0130\u015fletmeye Alma<br \/>\nKontrol sistemi: FANUC<br \/>\nMil devri: yakla\u015f\u0131k 3.500 dev\/dak'ya kadar<br \/>\nMil delik \u00f8: yakla\u015f\u0131k 65 mm<br \/>\nMaks. D\u00f6nme \u00e7ap\u0131: yakla\u015f\u0131k 230 mm<br \/>\nMaks. i\u015fleme uzunlu\u011fu: yakla\u015f\u0131k 500\u2013600 mm<br \/>\nAna i\u015f mili g\u00fcc\u00fc: yakla\u015f\u0131k 15\u201322 kW<br \/>\nGegenspindel: yakla\u015f\u0131k 4.500 dev\/dak'ya kadar<br \/>\nTak\u0131m d\u00f6ner tablosu: Yakla\u015f\u0131k 12 istasyon<br \/>\nEksenler: X, Z ve Y eksenleri, C ekseni (ana ve kar\u015f\u0131 i\u015f mili)<br \/>\nTe\u015fhir: yakla\u015f\u0131k 24 m\/dak<br \/>\nAna i\u015f mili + kar\u015f\u0131 i\u015f mili<br \/>\nEksantrik i\u015fleme i\u00e7in Y ekseni<br \/>\nKonumland\u0131rma\/ara de\u011ferler i\u00e7in C ekseni<br \/>\nD\u00f6ner tak\u0131m tezgah\u0131<br \/>\nY-Ekseni Hareket Mesafesi: yakla\u015f\u0131k \u00b150 mm<br \/>\nX\/Z hareket yollar\u0131: X yakl. 200 mm \/ Z yakl. 500\u2013600 mm<br \/>\nD\u00f6ner istasyonlar: Tipik olarak 12 istasyon BMT<br \/>\nMotorlu aletler: mevcut<br \/>\nKar\u015f\u0131 mil: arka y\u00fcz i\u015fleme i\u00e7in<br \/>\nEmme Sistemi AR Filtrasyon<br \/>\nAlet Tutucu Paketi<br \/>\nTala\u015f konvey\u00f6r\u00fc<br \/>\nAksesuarlar<br \/>\nK\u0131lavuzlar<\/p>\n<p>Kurulum \u00f6l\u00e7\u00fcleri (yakla\u015f\u0131k)<br \/>\nUzunluk: yakla\u015f\u0131k 3.200 mm<br \/>\nGeni\u015flik: yakla\u015f\u0131k 1.800 mm<br \/>\nY\u00fckseklik: yakla\u015f\u0131k 1.850 mm<br \/>\nA\u011f\u0131rl\u0131k: Yakla\u015f\u0131k 6.800 kg<\/p>\n<p>Teknik verilerdeki de\u011fi\u015fikliklere ve hatalara ve ayr\u0131ca sat\u0131\u015f \u00f6ncesine tabidir!<\/p>\n<p>CNC Torna HWACHEON Hi-Tech 230BL YSMC, yap\u0131m y\u0131l\u0131 2020<br \/>\nEmir: 2021<br \/>\nKontrol: FANUC<br \/>\nMil devri: yakla\u015f\u0131k 3.500 devire kadar<br \/>\nMil yata\u011f\u0131: yakla\u015f\u0131k 65 mm<br \/>\nMaks. tornalama \u00e7ap\u0131: yakla\u015f\u0131k 230 mm<br \/>\nMaksimum tornalama uzunlu\u011fu: yakl. 500\u2013600 mm<br \/>\nAna i\u015f mili g\u00fcc\u00fc: yakla\u015f\u0131k 15\u201322 kW<br \/>\nTali i\u015f mili devri: yakla\u015f\u0131k 4.500 dev\/dak'ya kadar<br \/>\nTak\u0131m kulesi: yakla\u015f\u0131k. 12 istasyon<br \/>\nEksenler: X-, Z- ve Y-ekseni, C-ekseni (ana ve alt i\u015f mili)<br \/>\nH\u0131zl\u0131 ilerleme: yakla\u015f\u0131k 24 m\/dak'ya kadar<\/p>\n<p>Ana i\u015f mili + alt i\u015f mili<br \/>\nMerkezin d\u0131\u015f\u0131nda i\u015fleme i\u00e7in Y ekseni<br \/>\nC-ekseni konumland\u0131rma\/ara de\u011fer hesaplama i\u00e7in<br \/>\nTahrikli tak\u0131mlara sahip taret<br \/>\nY ekseni hareketi: yakla\u015f\u0131k \u00b150 mm<br \/>\nX\/Z hareketleri: X yakla\u015f\u0131k 200 mm \/ Z yakla\u015f\u0131k 500\u2013600 mm<br \/>\nTaret istasyonlar\u0131: genellikle 12 istasyon, BMT<br \/>\nTahrikli aletler: mevcut<br \/>\nAlt i\u015f mili: arka taraf i\u015fleme i\u00e7in<\/p>\n<p>Ekipman<br \/>\nAy\u0131klama sistemi AR Filtrasyon<br \/>\nTak\u0131m tutucu paketi<br \/>\nTala\u015f konvey\u00f6r\u00fc<br \/>\nAksesuarlar<br \/>\nK\u0131lavuzlar<\/p>\n<p>Kurulum boyutlar\u0131 (yakla\u015f\u0131k)<br \/>\nUzunluk: yakla\u015f\u0131k 3.200 mm<br \/>\nGeni\u015flik: yakla\u015f\u0131k 1.800 mm<br \/>\nY\u00fckseklik: yakla\u015f\u0131k 1.850 mm<br \/>\nA\u011f\u0131rl\u0131k: yakla\u015f\u0131k 6.800 kg<\/p>\n<p>Teknik verilerdeki de\u011fi\u015fiklik ve hatalar ile \u00f6nceden sat\u0131\u015f hakk\u0131 sakl\u0131d\u0131r!<\/p>","protected":false},"excerpt":{"rendered":"<p>Standort: Deutschland, Baden-W\u00fcrttemberg S\u00fcdwest Zustand: Gebraucht Hersteller: HWACHEON Modell: Hi-TECH 230BL YSMC Baujahr: 2020 Betriebsstunden: 28605 CNC-Drehmaschine HWACHEON Hi-Tech 230BL YSMC, Bj. 2020 Inbetriebnahme 2021 Steuerung: FANUC Spindeldrehzahl: bis ca. 3.500 U\/min Spindelbohrung: ca. 65 mm Max. Drehdurchmesser: ca. 230 mm Max. Drehl\u00e4nge: ca. 500\u2013600 mm Hauptspindelleistung: ca. 15\u201322 kW Gegenspindel: bis ca. 4.500 U\/min [&hellip;]<\/p>\n","protected":false},"featured_media":5220,"comment_status":"open","ping_status":"closed","template":"","meta":{"_uf_show_specific_survey":0,"_uf_disable_surveys":false},"product_brand":[],"product_cat":[89],"product_tag":[],"class_list":{"0":"post-5226","1":"product","2":"type-product","3":"status-publish","4":"has-post-thumbnail","6":"product_cat-cnc-kurzdrehmaschinen","8":"first","9":"instock","10":"taxable","11":"shipping-taxable","12":"product-type-simple"},"aioseo_notices":[],"_links":{"self":[{"href":"https:\/\/mueller-wrh.de\/tr\/wp-json\/wp\/v2\/product\/5226","targetHints":{"allow":["GET"]}}],"collection":[{"href":"https:\/\/mueller-wrh.de\/tr\/wp-json\/wp\/v2\/product"}],"about":[{"href":"https:\/\/mueller-wrh.de\/tr\/wp-json\/wp\/v2\/types\/product"}],"replies":[{"embeddable":true,"href":"https:\/\/mueller-wrh.de\/tr\/wp-json\/wp\/v2\/comments?post=5226"}],"wp:featuredmedia":[{"embeddable":true,"href":"https:\/\/mueller-wrh.de\/tr\/wp-json\/wp\/v2\/media\/5220"}],"wp:attachment":[{"href":"https:\/\/mueller-wrh.de\/tr\/wp-json\/wp\/v2\/media?parent=5226"}],"wp:term":[{"taxonomy":"product_brand","embeddable":true,"href":"https:\/\/mueller-wrh.de\/tr\/wp-json\/wp\/v2\/product_brand?post=5226"},{"taxonomy":"product_cat","embeddable":true,"href":"https:\/\/mueller-wrh.de\/tr\/wp-json\/wp\/v2\/product_cat?post=5226"},{"taxonomy":"product_tag","embeddable":true,"href":"https:\/\/mueller-wrh.de\/tr\/wp-json\/wp\/v2\/product_tag?post=5226"}],"curies":[{"name":"wp","href":"https:\/\/api.w.org\/{rel}","templated":true}]}}