{"id":5219,"date":"2026-04-01T13:56:33","date_gmt":"2026-04-01T13:56:33","guid":{"rendered":"https:\/\/mueller-wrh.de\/produkt\/hyunda-wia-l230-lmsa-bj-01_2018_-intnr231546\/"},"modified":"2026-04-10T10:07:03","modified_gmt":"2026-04-10T10:07:03","slug":"hyunda-wia-l230-lmsa-bj-01_2018_-intnr231546","status":"publish","type":"product","link":"https:\/\/mueller-wrh.de\/tr\/urun\/hyunda-wia-l230-lmsa-bj-01_2018_-intnr231546\/","title":{"rendered":"HYUNDA WIA L230 LMSA, \u00dcretim Y\u0131l\u0131 01_2018, Dahili Numara 231546"},"content":{"rendered":"<p><b>Konum:<\/b> Almanya, Baden-W\u00fcrttemberg G\u00fcneybat\u0131<\/p>\n<p><b>Durum:<\/b> Kullan\u0131lm\u0131\u015f<\/p>\n<p><b>\u00dcretici firma:<\/b> HYUNDA\u0130 W\u0130A<\/p>\n<p><b>Model:<\/b> L230 LMSA<\/p>\n<p><b>\u0130n\u015faat y\u0131l\u0131:<\/b> 2018<\/p>\n<p><b>\u00c7al\u0131\u015fma saatleri:<\/b> 9078<\/p>\n<p>CNC Torna HYUNDA WIA L230 LMSA, \u00dcrt. 01_2018<\/p>\n<p>Kontrol sistemi: FANUC<br \/>\nSal\u0131n\u0131m \u00e7ap\u0131 600 mm<br \/>\nD\u00f6n\u00fc\u015f \u00e7ap\u0131 310 mm<br \/>\nDestek \u00fczerinde d\u00f6n\u00fc\u015f \u00e7ap\u0131 355 mm<br \/>\nMil delme 78 mm<br \/>\n65 mm \u00e7ubuk ge\u00e7irici<br \/>\n4000 devir\/dakika aral\u0131\u011f\u0131<br \/>\nDelme uzunlu\u011fu 521 mm<br \/>\nHareket mesafesi - z 560 mm<br \/>\nHareket yolu \u2013 x 220 mm<br \/>\nD\u00f6ner ba\u015fl\u0131 (x-kat) 12<br \/>\nFanuc i Kontrol<br \/>\nc-Ekseni 0,001\u00b0 0<br \/>\nKar\u015f\u0131 i\u015f mili 5000 devir\/dak<br \/>\nHareket mesafesi \u2013 w 590 mm<br \/>\nToplam g\u00fc\u00e7 ihtiyac\u0131 20 kVA<br \/>\nMakine a\u011f\u0131rl\u0131\u011f\u0131 yakla\u015f\u0131k 5 ton<br \/>\nAlan ihtiyac\u0131 yakl. DXY 3,7 x 1,7 x 1,9 m<br \/>\nBak\u0131ml\u0131 makine<br \/>\nMil saatleri sadece 1.569 saat.<\/p>\n<p> Ara\u00e7 d\u00f6ner tablas\u0131 12 yollu, 5000 dev\/dak ile tahrikli<br \/>\n \u0130\u015f par\u00e7as\u0131 toplama tertibat\u0131<br \/>\nOtomatik olarak d\u00f6nebilen \u00f6l\u00e7\u00fcm probu<br \/>\nKar\u015f\u0131 i\u015f mili 5.000 dev\/dak<br \/>\nTala\u015f konvey\u00f6r\u00fc<br \/>\nSo\u011futma s\u0131v\u0131s\u0131 pompas\u0131<br \/>\nUSB &amp; LAN &amp; RS232C Aray\u00fcz\u00fc<\/p>\n<p>Alet Tutucu Paketi<br \/>\n3-\u00c7evveli ayna 205 mm<br \/>\n3- Mengene Alt Mil<br \/>\n2 x tahrikli tak\u0131m tutucu (Radyal+Eksenel)<br \/>\n10 x sabit alet tutucu<br \/>\nAlet dolab\u0131<br \/>\n\u00e7e\u015fitli \u00e7ene<br \/>\n\u00e7e\u015fitli torna kalemi<br \/>\nUSB &amp; LAN &amp; RS232C Aray\u00fcz\u00fc<br \/>\nTala\u015f konvey\u00f6r\u00fc<br \/>\nAksesuarlar<br \/>\nK\u0131lavuzlar<\/p>\n<p>Kurulum \u00f6l\u00e7\u00fcleri (yakla\u015f\u0131k)<br \/>\nUzunluk (Derinlik): yakla\u015f\u0131k 1.685 mm<br \/>\nGeni\u015flik: yakla\u015f\u0131k 1.900<br \/>\nY\u00fckseklik: yakla\u015f\u0131k 1.860 mm<br \/>\nA\u011f\u0131rl\u0131k: Yakla\u015f\u0131k 5.000 kg<\/p>\n<p>Teknik verilerdeki de\u011fi\u015fikliklere ve hatalara ve ayr\u0131ca sat\u0131\u015f \u00f6ncesine tabidir!<\/p>\n<p>CNC Torna HYUNDA WIA L230 LMSA, Yap. 01_2018<\/p>\n<p>Kontrol: FANUC<\/p>\n<p>Sal\u0131ncak \u00e7ap\u0131: 600 mm<br \/>\nMaks. \u00e7evirme \u00e7ap\u0131: 310 mm<br \/>\n\u00c7apraz k\u0131zak \u00fczerinde d\u00f6n\u00fc\u015f \u00e7ap\u0131: 355 mm<br \/>\nMil yata\u011f\u0131: 78 mm<br \/>\n\u00c7ubuk kapasitesi: 65 mm<br \/>\nMil devir aral\u0131\u011f\u0131: 4.000 rpm'ye kadar<br \/>\nMaksimum i\u015fleme uzunlu\u011fu: 521 mm<br \/>\nZ ekseni hareketi: 560 mm<br \/>\nX ekseni hareketi: 220 mm<br \/>\nTaret: 12 istasyon<br \/>\nKontrol: Fanuc i<br \/>\nC-eksen \u00e7\u00f6z\u00fcn\u00fcrl\u00fc\u011f\u00fc: 0,001\u00b0<br \/>\nTali mil h\u0131z\u0131: 5.000 devire kadar<br \/>\nW ekseni hareketi: 590 mm<br \/>\nToplam ba\u011fl\u0131 y\u00fck: yakla\u015f\u0131k 20 kVA<br \/>\nMakine a\u011f\u0131rl\u0131\u011f\u0131: yakla\u015f\u0131k 5 t<br \/>\nAlan ihtiyac\u0131 (U x G x Y): yakla\u015f\u0131k 3,7 x 1,7 x 1,9 m<br \/>\nBak\u0131ml\u0131 makine<br \/>\nSadece 1.569 saat i\u015f mili \u00e7al\u0131\u015fmas\u0131<\/p>\n<p>Tak\u0131m tareti: 12 istasyon, tahrikli tak\u0131mlar 5.000 rpm'ye kadar<br \/>\n\u0130\u015f par\u00e7as\u0131 tutucu<br \/>\nOtomatik prob sistemi (d\u00f6ner)<br \/>\nTala\u015f mili h\u0131z\u0131: 5.000 devir\/dak<br \/>\nTala\u015f konvey\u00f6r\u00fc<br \/>\nSo\u011futma pompas\u0131<br \/>\nAray\u00fczler: USB, LAN ve RS232C<\/p>\n<p>Ara\u00e7 Paketi<br \/>\n3 \u00e7eneli ayna 205 mm<br \/>\nAlt i\u015f mili i\u00e7in 3 \u00e7eneli ayna<br \/>\n\u00c7ift tahrikli tak\u0131m tutucular (radyal + eksenel)<br \/>\n10x sabit tak\u0131m tutucu<br \/>\nTak\u0131m dolab\u0131<br \/>\n\u00c7e\u015fitli yumu\u015fak \u00e7eneler<br \/>\n\u00c7e\u015fitli tornalama tak\u0131m u\u00e7lar\u0131<br \/>\nUSB, LAN ve RS232C aray\u00fczleri<br \/>\nTala\u015f konvey\u00f6r\u00fc<br \/>\nAksesuarlar<br \/>\nK\u0131lavuzlar<\/p>\n<p>Kurulum boyutlar\u0131 (yakla\u015f\u0131k)<br \/>\nUzunluk (derinlik): yakla\u015f\u0131k 1.685 mm<br \/>\nGeni\u015flik: yakl. 1.900 mm<br \/>\nY\u00fckseklik: yakla\u015f\u0131k 1.860 mm<br \/>\nA\u011f\u0131rl\u0131k: yakla\u015f\u0131k 5.000 kg<\/p>\n<p>Teknik verilerdeki de\u011fi\u015fiklik ve hatalar ile \u00f6nceden sat\u0131\u015f hakk\u0131 sakl\u0131d\u0131r!<\/p>","protected":false},"excerpt":{"rendered":"<p>Standort: Deutschland, Baden-W\u00fcrttemberg S\u00fcdwest Zustand: Gebraucht Hersteller: HYUNDA WIA Modell: L230 LMSA Baujahr: 2018 Betriebsstunden: 9078 CNC-Drehmaschine HYUNDA WIA L230 LMSA, Bj. 01_2018 Steuerung: FANUC Schwingdurchmesser 600 mm Drehdurchmesser 310 mm Drehdurchmesser \u00fcber Support 355 mm Spindelbohrung 78 mm Stangendurchlass 65 mm Drehzahlbereich 4000 U\/min Drehl\u00e4nge 521 mm Verfahrweg &#8211; z 560 mm Verfahrweg &#8211; [&hellip;]<\/p>\n","protected":false},"featured_media":5228,"comment_status":"open","ping_status":"closed","template":"","meta":{"_uf_show_specific_survey":0,"_uf_disable_surveys":false},"product_brand":[],"product_cat":[89],"product_tag":[],"class_list":{"0":"post-5219","1":"product","2":"type-product","3":"status-publish","4":"has-post-thumbnail","6":"product_cat-cnc-kurzdrehmaschinen","8":"first","9":"instock","10":"taxable","11":"shipping-taxable","12":"product-type-simple"},"aioseo_notices":[],"_links":{"self":[{"href":"https:\/\/mueller-wrh.de\/tr\/wp-json\/wp\/v2\/product\/5219","targetHints":{"allow":["GET"]}}],"collection":[{"href":"https:\/\/mueller-wrh.de\/tr\/wp-json\/wp\/v2\/product"}],"about":[{"href":"https:\/\/mueller-wrh.de\/tr\/wp-json\/wp\/v2\/types\/product"}],"replies":[{"embeddable":true,"href":"https:\/\/mueller-wrh.de\/tr\/wp-json\/wp\/v2\/comments?post=5219"}],"wp:featuredmedia":[{"embeddable":true,"href":"https:\/\/mueller-wrh.de\/tr\/wp-json\/wp\/v2\/media\/5228"}],"wp:attachment":[{"href":"https:\/\/mueller-wrh.de\/tr\/wp-json\/wp\/v2\/media?parent=5219"}],"wp:term":[{"taxonomy":"product_brand","embeddable":true,"href":"https:\/\/mueller-wrh.de\/tr\/wp-json\/wp\/v2\/product_brand?post=5219"},{"taxonomy":"product_cat","embeddable":true,"href":"https:\/\/mueller-wrh.de\/tr\/wp-json\/wp\/v2\/product_cat?post=5219"},{"taxonomy":"product_tag","embeddable":true,"href":"https:\/\/mueller-wrh.de\/tr\/wp-json\/wp\/v2\/product_tag?post=5219"}],"curies":[{"name":"wp","href":"https:\/\/api.w.org\/{rel}","templated":true}]}}