{"id":5197,"date":"2026-04-01T10:09:36","date_gmt":"2026-04-01T10:09:36","guid":{"rendered":"https:\/\/mueller-wrh.de\/produkt\/dmg-dmu-40-evo-linear-bj-2012-intnr231419\/"},"modified":"2026-04-01T10:09:36","modified_gmt":"2026-04-01T10:09:36","slug":"dmg-dmu-40-evo-linear-bj-2012-intnr231419","status":"publish","type":"product","link":"https:\/\/mueller-wrh.de\/tr\/urun\/dmg-dmu-40-evo-linear-bj-2012-intnr231419\/","title":{"rendered":"DMG DMU 40 eVo lineer y\u0131l 2012, IntNo231419"},"content":{"rendered":"<p><b>Konum:<\/b> Almanya, Baden-W\u00fcrttemberg G\u00fcneybat\u0131<\/p>\n<p><b>Durum:<\/b> Yeni kadar iyi<\/p>\n<p><b>\u00dcretici firma:<\/b> DMG<\/p>\n<p><b>Model:<\/b> 40 eVo do\u011frusal<\/p>\n<p><b>\u0130n\u015faat y\u0131l\u0131:<\/b> 2012<\/p>\n<p><b>\u00c7al\u0131\u015fma saatleri:<\/b> 0<\/p>\n<p>Yenilenmi\u015f CNC 5 eksenli dik i\u015fleme merkezi DMG DMU 40 eVo lineer, y\u0131l 2012, IntNo231419<br \/>\nKontrol sistemi<br \/>\nHEIDENHAIN marka<br \/>\nModel 530<\/p>\n<p>Ana s\u00fcr\u00fcc\u00fc<br \/>\n\u0130\u015f mili h\u0131z aral\u0131\u011f\u0131 14000<br \/>\nAks say\u0131s\u0131 5<\/p>\n<p>Seyahat mesafeleri<br \/>\nTravers yolu X ekseni 400 mm<br \/>\nTravers yolu Y ekseni 400 mm<br \/>\nZ ekseni hareketi 375 mm<\/p>\n<p>Dahil olanlar:<br \/>\nTak\u0131m de\u011fi\u015ftirme, 120 yer Tak\u0131m tutucu tipi SK 40<br \/>\n\u0130\u015f par\u00e7as\u0131 ba\u011flama i\u00e7in tabla d\u00f6ner beslemesi<br \/>\nRobot y\u00fcklemesi i\u00e7in yan kap\u0131<br \/>\nRenishaw tak\u0131m k\u0131r\u0131lma kontrol\u00fc<br \/>\nHeidenhain \u00f6l\u00e7\u00fcm probu<br \/>\nIKZ sistemi, 600 litrelik tank ile<br \/>\nEm\u00fclsiyon iptali<br \/>\n\u0130\u015f mili i\u00e7in aktif so\u011futucu<br \/>\nX + Y ekseni do\u011frusal tahrikler<br \/>\nCam terazi<\/p>\n<p>Makine randevu ile incelenebilir.<br \/>\nTeknik veri ve bilgilerdeki de\u011fi\u015fiklikler ve hatalar ile \u00f6n sat\u0131\u015f hakk\u0131 sakl\u0131d\u0131r!<\/p>\n<p>Tamamen elden ge\u00e7irilmi\u015f CNC 5 eksenli dikey i\u015fleme merkezi DMG DMU 40 eVo lineer, 2012 y\u0131l\u0131nda \u00fcretilmi\u015ftir, IntNr231419<br \/>\nKontrol<br \/>\nMarka HEIDENHAIN<br \/>\nModel 530<\/p>\n<p>Ana s\u00fcr\u00fcc\u00fc<br \/>\n\u0130\u015f mili h\u0131z aral\u0131\u011f\u0131 14000<br \/>\nEksen say\u0131s\u0131 5<\/p>\n<p>Seyahat mesafeleri<br \/>\nHareket mesafesi X ekseni 400 mm<br \/>\nHareket mesafesi Y ekseni 400 mm<br \/>\nHareket aral\u0131\u011f\u0131 Z ekseni 375 mm<\/p>\n<p>\u0130\u00e7erir:<br \/>\nTak\u0131m de\u011fi\u015ftirme, 120 konumlu SK 40 tak\u0131m tutucu<br \/>\n\u0130\u015f par\u00e7as\u0131 ba\u011flama i\u00e7in tabla d\u00f6ner beslemesi<br \/>\nRobot y\u00fcklemesi i\u00e7in yan kap\u0131<br \/>\nRenishaw tak\u0131m k\u0131r\u0131lma kontrol\u00fc<br \/>\nHeidenhain \u00f6l\u00e7\u00fcm probu<br \/>\nIKZ sistemi, 600 l tank ile<br \/>\nEm\u00fclsiyon ekstraksiyon sistemi<br \/>\n\u0130\u015f mili i\u00e7in aktif so\u011futucu<br \/>\nX + Y ekseni do\u011frusal tahrikler<br \/>\nCam terazi<\/p>\n<p>Makine randevu ile g\u00f6r\u00fclebilir.<br \/>\nTeknik verilerdeki ve spesifikasyonlardaki de\u011fi\u015fikliklere ve hatalara ve ayr\u0131ca sat\u0131\u015f \u00f6ncesine tabidir!<\/p>","protected":false},"excerpt":{"rendered":"<p>Standort: Deutschland, Baden-W\u00fcrttemberg S\u00fcdwest Zustand: Neuwertig Hersteller: DMG Modell: 40 eVo linear Baujahr: 2012 Betriebsstunden: 0 neuwertiges grund\u00fcberholtes CNC 5-Achs-Vertikales Bearbeitungszentrum DMG DMU 40 eVo linear, Bj. 2012, IntNr231419 Steuerung Marke HEIDENHAIN Modell 530 Hauptantrieb Spindeldrehzahlbereich 14000 Anzahl der Achsen 5 Verfahrwege Verfahrweg X-Achse 400 mm Verfahrweg Y-Achse 400 mm Verfahrweg Z-Achse 375 mm Beinhaltet [&hellip;]<\/p>\n","protected":false},"featured_media":5189,"comment_status":"open","ping_status":"closed","template":"","meta":{"_uf_show_specific_survey":0,"_uf_disable_surveys":false},"product_brand":[],"product_cat":[21],"product_tag":[],"class_list":{"0":"post-5197","1":"product","2":"type-product","3":"status-publish","4":"has-post-thumbnail","6":"product_cat-cnc-bearbeitungszentrum","8":"first","9":"instock","10":"taxable","11":"shipping-taxable","12":"product-type-simple"},"aioseo_notices":[],"_links":{"self":[{"href":"https:\/\/mueller-wrh.de\/tr\/wp-json\/wp\/v2\/product\/5197","targetHints":{"allow":["GET"]}}],"collection":[{"href":"https:\/\/mueller-wrh.de\/tr\/wp-json\/wp\/v2\/product"}],"about":[{"href":"https:\/\/mueller-wrh.de\/tr\/wp-json\/wp\/v2\/types\/product"}],"replies":[{"embeddable":true,"href":"https:\/\/mueller-wrh.de\/tr\/wp-json\/wp\/v2\/comments?post=5197"}],"wp:featuredmedia":[{"embeddable":true,"href":"https:\/\/mueller-wrh.de\/tr\/wp-json\/wp\/v2\/media\/5189"}],"wp:attachment":[{"href":"https:\/\/mueller-wrh.de\/tr\/wp-json\/wp\/v2\/media?parent=5197"}],"wp:term":[{"taxonomy":"product_brand","embeddable":true,"href":"https:\/\/mueller-wrh.de\/tr\/wp-json\/wp\/v2\/product_brand?post=5197"},{"taxonomy":"product_cat","embeddable":true,"href":"https:\/\/mueller-wrh.de\/tr\/wp-json\/wp\/v2\/product_cat?post=5197"},{"taxonomy":"product_tag","embeddable":true,"href":"https:\/\/mueller-wrh.de\/tr\/wp-json\/wp\/v2\/product_tag?post=5197"}],"curies":[{"name":"wp","href":"https:\/\/api.w.org\/{rel}","templated":true}]}}