{"id":5188,"date":"2026-03-31T15:28:26","date_gmt":"2026-03-31T15:28:26","guid":{"rendered":"https:\/\/mueller-wrh.de\/produkt\/star-sr20r-ii-bj-12_2006_mit-fmb-turbo-3-26_-intnr231539\/"},"modified":"2026-03-31T15:28:26","modified_gmt":"2026-03-31T15:28:26","slug":"star-sr20r-ii-bj-12_2006_mit-fmb-turbo-3-26_-intnr231539","status":"publish","type":"product","link":"https:\/\/mueller-wrh.de\/tr\/urun\/star-sr20r-ii-bj-12_2006_mit-fmb-turbo-3-26_-intnr231539\/","title":{"rendered":"STAR SR20R II , y\u0131l 12_2006_ FMB Turbo 3-26_ IntNr231539 ile"},"content":{"rendered":"<p><b>Konum:<\/b> Almanya, Baden-W\u00fcrttemberg G\u00fcneybat\u0131<\/p>\n<p><b>Durum:<\/b> Kullan\u0131lm\u0131\u015f<\/p>\n<p><b>\u00dcretici firma:<\/b> STAR Micronics<\/p>\n<p><b>Model:<\/b> SR-20R II<\/p>\n<p><b>\u00c7al\u0131\u015fma saatleri:<\/b> 58685<\/p>\n<p>Star SR-20RII CNC otomatik torna tezgah\u0131 FMB Turbo 3-26 ile<br \/>\n\u00dcretim y\u0131l\u0131: 12_2006<br \/>\nKontrol: Fanuc 18i-TB<\/p>\n<p>Teknik veriler<br \/>\nMaks. D\u00f6nd\u00fcrme \u00e7ap\u0131: \u00d8 20 mm (iste\u011fe ba\u011fl\u0131 olarak \u00d8 22 mm'ye kadar)<br \/>\nD\u00f6n\u00fc\u015f uzunlu\u011fu: 205 mm<br \/>\nAna mil:<br \/>\n- H\u0131z: yakla\u015f\u0131k 10.000-12.000 dakikaya kadar\u00b9<br \/>\n- G\u00fc\u00e7: yakla\u015f\u0131k 3,7-5,5 kW<br \/>\n- Kontur i\u015fleme i\u00e7in C ekseni<br \/>\nKar\u015f\u0131 i\u015f mili:<br \/>\n- H\u0131z: yakla\u015f\u0131k 6.000-8.000 dakikaya kadar\u00b9<br \/>\n- C ekseni<br \/>\nEksenler (seyahat mesafeleri):<br \/>\n- X1 \/ Z1 \/ Y1 (ana i\u015fleme): X1 yakla\u015f\u0131k 265 mm \/ Z1 yakla\u015f\u0131k 205 mm \/ Y1 \u00b1 20 mm<br \/>\n- X2 \/ Z2 (kar\u015f\u0131 i\u015f mili): ana eksene benzer, kesin de\u011ferler makineye ba\u011fl\u0131d\u0131r<br \/>\n- H\u0131zl\u0131 travers: yakla\u015f\u0131k 24-30 m\/dak.<\/p>\n<p>Makine boyutlar\u0131: 2.400 \u00d7 1.205 \u00d7 1.700 mm<br \/>\nMakine a\u011f\u0131rl\u0131\u011f\u0131: yakla\u015f\u0131k 2.200 kg<\/p>\n<p>\u00c7ubuk besleyici: FMB TURBO 3-26\/3200<br \/>\nTala\u015f konvey\u00f6r\u00fc<\/p>\n<p>G\u00f6r\u00fcnt\u00fcleme: Makine randevu ile yerinde g\u00f6r\u00fclebilir.<br \/>\nNot: Teknik verilerdeki de\u011fi\u015fikliklere ve hatalara ve ayr\u0131ca sat\u0131\u015f \u00f6ncesine tabidir!<\/p>\n<p>STAR SR-20RII CNC dikey torna tezgah\u0131, FMB Turbo 3-26 ile birlikte<br \/>\n\u00dcretim y\u0131l\u0131: 12_2006<br \/>\nKontrol sistemi: Fanuc 18i-TB<\/p>\n<p>Teknik \u00f6zellikler<br \/>\nMaks. d\u00f6n\u00fc\u015f \u00e7ap\u0131: \u00d8 20 mm (\u00d8 22 mm'ye kadar opsiyonel)<br \/>\nD\u00f6n\u00fc\u015f uzunlu\u011fu: 205 mm<br \/>\nAna mil:<br \/>\n\u2022 Devir H\u0131z\u0131: yakla\u015f\u0131k 10.000\u201312.000 dev\/dak'ya kadar<br \/>\n\u2022 G\u00fc\u00e7: yakla\u015f\u0131k 3,7\u20135,5 kW<br \/>\n\u2022   Kontur i\u015fleme i\u00e7in C-ekseni<br \/>\nKar\u015f\u0131 i\u015f mili:<br \/>\n\u2022 H\u0131z: Yakla\u015f\u0131k 6.000\u20138.000 dev\/dak'ya kadar<br \/>\nC-ekseni<br \/>\nEksenler (hareket aral\u0131klar\u0131):<br \/>\n- X1 \/ Z1 \/ Y1 (ana i\u015fleme): X1 yakla\u015f\u0131k 265 mm \/ Z1 yakla\u015f\u0131k 205 mm \/ Y1 \u00b1 20 mm<br \/>\n\u2022    X2 \/ Z2 (kar\u015f\u0131 i\u015f mili): ana eksene benzer, kesin de\u011ferler makineye ba\u011fl\u0131d\u0131r<br \/>\n- H\u0131zl\u0131 travers: yakla\u015f\u0131k 24-30 m\/dak.<\/p>\n<p>Makine boyutlar\u0131: 2.400 \u00d7 1.205 \u00d7 1.700 mm<br \/>\nMakine a\u011f\u0131rl\u0131\u011f\u0131: yakla\u015f\u0131k 2.200 kg<\/p>\n<p>\u00c7ubuk y\u00fckleme magazini: FMB TURBO 3-26\/3200<br \/>\nTala\u015f konvey\u00f6r\u00fc<\/p>\n<p>G\u00f6r\u00fcnt\u00fcleme: Makine randevu ile yerinde g\u00f6r\u00fclebilir.<br \/>\nNot: Teknik verilerdeki de\u011fi\u015fikliklere ve hatalara ve \u00f6nceden sat\u0131\u015fa tabidir!<\/p>","protected":false},"excerpt":{"rendered":"<p>Standort: Deutschland, Baden-W\u00fcrttemberg S\u00fcdwest Zustand: Gebraucht Hersteller: STAR Micronics Modell: SR-20R II Betriebsstunden: 58685 CNC-Langdrehmaschine STAR SR-20RII mit FMB Turbo 3-26 Baujahr: 12_2006 Steuerung: Fanuc 18i-TB Technische Daten Max. Drehdurchmesser: \u00d8 20 mm (optional bis \u00d8 22 mm) Drehl\u00e4nge: 205 mm Hauptspindel: \u2022 Drehzahl: bis ca. 10.000\u201312.000 min\u207b\u00b9 \u2022 Leistung: ca. 3,7\u20135,5 kW \u2022 C-Achse [&hellip;]<\/p>\n","protected":false},"featured_media":5182,"comment_status":"open","ping_status":"closed","template":"","meta":{"_uf_show_specific_survey":0,"_uf_disable_surveys":false},"product_brand":[],"product_cat":[23],"product_tag":[],"class_list":{"0":"post-5188","1":"product","2":"type-product","3":"status-publish","4":"has-post-thumbnail","6":"product_cat-cnc-langdrehmaschinen","8":"first","9":"instock","10":"taxable","11":"shipping-taxable","12":"product-type-simple"},"aioseo_notices":[],"_links":{"self":[{"href":"https:\/\/mueller-wrh.de\/tr\/wp-json\/wp\/v2\/product\/5188","targetHints":{"allow":["GET"]}}],"collection":[{"href":"https:\/\/mueller-wrh.de\/tr\/wp-json\/wp\/v2\/product"}],"about":[{"href":"https:\/\/mueller-wrh.de\/tr\/wp-json\/wp\/v2\/types\/product"}],"replies":[{"embeddable":true,"href":"https:\/\/mueller-wrh.de\/tr\/wp-json\/wp\/v2\/comments?post=5188"}],"wp:featuredmedia":[{"embeddable":true,"href":"https:\/\/mueller-wrh.de\/tr\/wp-json\/wp\/v2\/media\/5182"}],"wp:attachment":[{"href":"https:\/\/mueller-wrh.de\/tr\/wp-json\/wp\/v2\/media?parent=5188"}],"wp:term":[{"taxonomy":"product_brand","embeddable":true,"href":"https:\/\/mueller-wrh.de\/tr\/wp-json\/wp\/v2\/product_brand?post=5188"},{"taxonomy":"product_cat","embeddable":true,"href":"https:\/\/mueller-wrh.de\/tr\/wp-json\/wp\/v2\/product_cat?post=5188"},{"taxonomy":"product_tag","embeddable":true,"href":"https:\/\/mueller-wrh.de\/tr\/wp-json\/wp\/v2\/product_tag?post=5188"}],"curies":[{"name":"wp","href":"https:\/\/api.w.org\/{rel}","templated":true}]}}