{"id":5181,"date":"2026-03-30T10:48:23","date_gmt":"2026-03-30T10:48:23","guid":{"rendered":"https:\/\/mueller-wrh.de\/produkt\/mayfran-spaenefoerderer-typ-scharnierband-bj-15-intnr231541\/"},"modified":"2026-03-30T10:48:24","modified_gmt":"2026-03-30T10:48:24","slug":"mayfran-spaenefoerderer-typ-scharnierband-bj-15-intnr231541","status":"publish","type":"product","link":"https:\/\/mueller-wrh.de\/tr\/urun\/mayfran-spaenefoerderer-typ-scharnierband-bj-15-intnr231541\/","title":{"rendered":"Mayfran tala\u015f konvey\u00f6r\u00fc tipi mente\u015feli bant, y\u0131l '15, IntNo231541"},"content":{"rendered":"<p><b>Konum:<\/b> Almanya, Baden-W\u00fcrttemberg G\u00fcneybat\u0131<\/p>\n<p><b>Durum:<\/b> Kullan\u0131lm\u0131\u015f<\/p>\n<p><b>\u00dcretici firma:<\/b> MAYFRAN<\/p>\n<p><b>Model:<\/b> Mente\u015fe band\u0131<\/p>\n<p><b>\u0130n\u015faat y\u0131l\u0131:<\/b> 2015<\/p>\n<p>MAYFRAN Mente\u015feli Bant Tala\u015f Konvey\u00f6r\u00fc, Y\u0131l 2015<\/p>\n<p>Teknik veriler<br \/>\ntam \u00e7al\u0131\u015f\u0131r durumda<br \/>\nGiri\u015f uzunlu\u011fu: 940 mm<br \/>\nCNC kayar ba\u015fl\u0131kl\u0131 torna tezgah\u0131na son tak\u0131lan<\/p>\n<p>A\u011eIRLIK VE BOYUTLAR<br \/>\nY\u00fckleme dergisi boyutlar\u0131: Yakla\u015f\u0131k 2200 x 710 x 1100 mm<br \/>\nY\u00fckleme haznesi a\u011f\u0131rl\u0131\u011f\u0131: yakla\u015f\u0131k 250 kg<\/p>\n<p>Makine randevu ile incelenebilir.<br \/>\nTeknik veri ve bilgilerdeki de\u011fi\u015fiklikler ve hatalar ile \u00f6n sat\u0131\u015f hakk\u0131 sakl\u0131d\u0131r!<\/p>\n<p>MAYFRAN \u00e7ip konvey\u00f6r\u00fc, mente\u015feli bant tipi, 2015 yap\u0131m\u0131<\/p>\n<p>Teknik \u00f6zellikler<br \/>\nTamamen \u00e7al\u0131\u015f\u0131r durumda<br \/>\nY\u00fckleme uzunlu\u011fu: 940 mm<br \/>\nCNC dikey torna tezgah\u0131nda en son kullan\u0131ld\u0131<\/p>\n<p>A\u011eIRLIK VE BOYUTLAR<br \/>\nY\u00fckleme \u015farj\u00f6r boyutlar\u0131: yakla\u015f\u0131k 2200 x 710 x 1100 mm<br \/>\n\u015earj\u00f6r a\u011f\u0131rl\u0131\u011f\u0131: Yakla\u015f\u0131k 250 kg<\/p>\n<p>Makine randevu ile g\u00f6r\u00fclebilir.<br \/>\nTeknik verilerde ve spesifikasyonlarda de\u011fi\u015fiklik ve d\u00fczeltme yapma ve bu arada \u00fcr\u00fcn\u00fc satma hakk\u0131m\u0131z sakl\u0131d\u0131r!<\/p>","protected":false},"excerpt":{"rendered":"<p>Standort: Deutschland, Baden-W\u00fcrttemberg S\u00fcdwest Zustand: Gebraucht Hersteller: MAYFRAN Modell: Scharnierband Baujahr: 2015 MAYFRAN Sp\u00e4nef\u00f6rderer Typ Scharnierband Bj. 2015 Technische Daten vol funktionsf\u00e4hig Einschubl\u00e4nge : 940 mm zuletzt angebaut an CNC-Langdrehmaschine GEWICHT UND ABMESSUNGEN Abmessungen Lademagazin: ca. 2200 x 710 x 1100 mm Gewicht Lademagazin: ca. 250 kg Die Maschine kann nach Terminvereinbarung Strom besichtigt werden. [&hellip;]<\/p>\n","protected":false},"featured_media":5178,"comment_status":"open","ping_status":"closed","template":"","meta":{"_uf_show_specific_survey":0,"_uf_disable_surveys":false},"product_brand":[],"product_cat":[105],"product_tag":[],"class_list":{"0":"post-5181","1":"product","2":"type-product","3":"status-publish","4":"has-post-thumbnail","6":"product_cat-zubehoer-sonstiges","8":"first","9":"instock","10":"taxable","11":"shipping-taxable","12":"product-type-simple"},"aioseo_notices":[],"_links":{"self":[{"href":"https:\/\/mueller-wrh.de\/tr\/wp-json\/wp\/v2\/product\/5181","targetHints":{"allow":["GET"]}}],"collection":[{"href":"https:\/\/mueller-wrh.de\/tr\/wp-json\/wp\/v2\/product"}],"about":[{"href":"https:\/\/mueller-wrh.de\/tr\/wp-json\/wp\/v2\/types\/product"}],"replies":[{"embeddable":true,"href":"https:\/\/mueller-wrh.de\/tr\/wp-json\/wp\/v2\/comments?post=5181"}],"wp:featuredmedia":[{"embeddable":true,"href":"https:\/\/mueller-wrh.de\/tr\/wp-json\/wp\/v2\/media\/5178"}],"wp:attachment":[{"href":"https:\/\/mueller-wrh.de\/tr\/wp-json\/wp\/v2\/media?parent=5181"}],"wp:term":[{"taxonomy":"product_brand","embeddable":true,"href":"https:\/\/mueller-wrh.de\/tr\/wp-json\/wp\/v2\/product_brand?post=5181"},{"taxonomy":"product_cat","embeddable":true,"href":"https:\/\/mueller-wrh.de\/tr\/wp-json\/wp\/v2\/product_cat?post=5181"},{"taxonomy":"product_tag","embeddable":true,"href":"https:\/\/mueller-wrh.de\/tr\/wp-json\/wp\/v2\/product_tag?post=5181"}],"curies":[{"name":"wp","href":"https:\/\/api.w.org\/{rel}","templated":true}]}}