{"id":5172,"date":"2026-03-30T10:25:39","date_gmt":"2026-03-30T10:25:39","guid":{"rendered":"https:\/\/mueller-wrh.de\/produkt\/fmb-turbo-3-26-3200-a-bj-07-intnr231540\/"},"modified":"2026-03-30T10:29:02","modified_gmt":"2026-03-30T10:29:02","slug":"fmb-turbo-3-26-3200-a-bj-07-intnr231540","status":"publish","type":"product","link":"https:\/\/mueller-wrh.de\/tr\/urun\/fmb-turbo-3-26-3200-a-bj-07-intnr231540\/","title":{"rendered":"FMB Turbo 3 26 3200 A Yap\u0131 y\u0131l\u0131 07, Dahili Numara 231540"},"content":{"rendered":"<p><b>Konum:<\/b> Almanya, Baden-W\u00fcrttemberg G\u00fcneybat\u0131<\/p>\n<p><b>Durum:<\/b> Kullan\u0131lm\u0131\u015f<\/p>\n<p><b>\u00dcretici firma:<\/b> FMB<\/p>\n<p><b>Model:<\/b> Turbo 3-26<\/p>\n<p><b>\u0130n\u015faat y\u0131l\u0131:<\/b> 2007<\/p>\n<p>FMB \u00c7ubuk Y\u00fckleyici TURBO 3-26 3200 A, Yap\u0131m Y\u0131l\u0131. 2007<\/p>\n<p>\u00dcretildi\u011fi \u00fclke: Almanya<br \/>\nTeknik veriler<br \/>\n\u00c7ubuk \u00e7ap\u0131: 3-26 mm<br \/>\n\u00c7ubuk uzunlu\u011fu : 3200 mm<br \/>\nCNC otomatik tornada STAR SR 20RII'de son i\u015flenen<\/p>\n<p>A\u011eIRLIK VE BOYUTLAR<br \/>\nY\u00fckleme magazini boyutlar\u0131: yakla\u015f\u0131k 4300 x 701 x 1400 mm<br \/>\nY\u00fckleme magazini a\u011f\u0131rl\u0131\u011f\u0131: yakla\u015f\u0131k 980 kg<\/p>\n<p>Makine randevu ile incelenebilir.<br \/>\nTeknik veri ve bilgilerdeki de\u011fi\u015fiklikler ve hatalar ile \u00f6n sat\u0131\u015f hakk\u0131 sakl\u0131d\u0131r!<\/p>\n<p>FMB TURBO 3-26 3200 A \u00e7ubuk y\u00fckleyici, 2007 yap\u0131m\u0131<\/p>\n<p>\u00dcretildi\u011fi \u00fclke: Almanya<br \/>\nTeknik veriler<br \/>\n\u00c7ubuk \u00e7ap\u0131: 3-26 mm<br \/>\n\u00c7ubuk uzunlu\u011fu: 3200 mm<br \/>\nSTAR SR 20R II CNC otomat tornaya en son tak\u0131ld\u0131<\/p>\n<p>A\u011eIRLIK VE BOYUTLAR<br \/>\nY\u00fckleme magazini boyutlar\u0131: yakla\u015f\u0131k 4300 x 701 x 1400 mm<br \/>\nY\u00fckleme \u015farj\u00f6r\u00fcn\u00fcn a\u011f\u0131rl\u0131\u011f\u0131: yakla\u015f\u0131k 980 kg<\/p>\n<p>Makine randevu ile g\u00f6r\u00fclebilir.<br \/>\nTeknik verilerdeki ve spesifikasyonlardaki de\u011fi\u015fikliklere ve hatalara ve ayr\u0131ca sat\u0131\u015f \u00f6ncesine tabidir!<\/p>","protected":false},"excerpt":{"rendered":"<p>Standort: Deutschland, Baden-W\u00fcrttemberg S\u00fcdwest Zustand: Gebraucht Hersteller: FMB Modell: Turbo 3-26 Baujahr: 2007 FMB Stangenlademagazin TURBO 3-26 3200 A, Bj. 2007 Herstellerland: Deutschland Technische Daten Stangendurchmesser : 3-26 mm Stangenl\u00e4nge : 3200 mm zuletzt angebaut an CNC-Langdrehmaschine STAR SR 20RII GEWICHT UND ABMESSUNGEN Abmessungen Lademagazin: ca. 4300 x 701 x 1400 mm Gewicht Lademagazin: ca. [&hellip;]<\/p>\n","protected":false},"featured_media":5173,"comment_status":"open","ping_status":"closed","template":"","meta":{"_uf_show_specific_survey":0,"_uf_disable_surveys":false},"product_brand":[],"product_cat":[88],"product_tag":[],"class_list":{"0":"post-5172","1":"product","2":"type-product","3":"status-publish","4":"has-post-thumbnail","6":"product_cat-stangenzufuehrungen","8":"first","9":"instock","10":"taxable","11":"shipping-taxable","12":"product-type-simple"},"aioseo_notices":[],"_links":{"self":[{"href":"https:\/\/mueller-wrh.de\/tr\/wp-json\/wp\/v2\/product\/5172","targetHints":{"allow":["GET"]}}],"collection":[{"href":"https:\/\/mueller-wrh.de\/tr\/wp-json\/wp\/v2\/product"}],"about":[{"href":"https:\/\/mueller-wrh.de\/tr\/wp-json\/wp\/v2\/types\/product"}],"replies":[{"embeddable":true,"href":"https:\/\/mueller-wrh.de\/tr\/wp-json\/wp\/v2\/comments?post=5172"}],"wp:featuredmedia":[{"embeddable":true,"href":"https:\/\/mueller-wrh.de\/tr\/wp-json\/wp\/v2\/media\/5173"}],"wp:attachment":[{"href":"https:\/\/mueller-wrh.de\/tr\/wp-json\/wp\/v2\/media?parent=5172"}],"wp:term":[{"taxonomy":"product_brand","embeddable":true,"href":"https:\/\/mueller-wrh.de\/tr\/wp-json\/wp\/v2\/product_brand?post=5172"},{"taxonomy":"product_cat","embeddable":true,"href":"https:\/\/mueller-wrh.de\/tr\/wp-json\/wp\/v2\/product_cat?post=5172"},{"taxonomy":"product_tag","embeddable":true,"href":"https:\/\/mueller-wrh.de\/tr\/wp-json\/wp\/v2\/product_tag?post=5172"}],"curies":[{"name":"wp","href":"https:\/\/api.w.org\/{rel}","templated":true}]}}