{"id":5165,"date":"2026-03-27T13:42:13","date_gmt":"2026-03-27T13:42:13","guid":{"rendered":"https:\/\/mueller-wrh.de\/produkt\/gildemeister-ctx-beta-1250-4a-bj-2012_-intnr231536\/"},"modified":"2026-03-27T13:42:13","modified_gmt":"2026-03-27T13:42:13","slug":"gildemeister-ctx-beta-1250-4a-bj-2012_-intnr231536","status":"publish","type":"product","link":"https:\/\/mueller-wrh.de\/tr\/urun\/gildemeister-ctx-beta-1250-4a-bj-2012_-intnr231536\/","title":{"rendered":"Gildemeister CTX Beta 1250 4A, y\u0131l 2012_ IntNo231536"},"content":{"rendered":"<p><b>Konum:<\/b> Almanya, Baden-W\u00fcrttemberg G\u00fcneybat\u0131<\/p>\n<p><b>Durum:<\/b> Kullan\u0131lm\u0131\u015f<\/p>\n<p><b>\u00dcretici firma:<\/b> DMG<\/p>\n<p><b>Model:<\/b> CTX Beta 1250 4A<\/p>\n<p><b>\u0130n\u015faat y\u0131l\u0131:<\/b> 2012<\/p>\n<p><b>\u00c7al\u0131\u015fma saatleri:<\/b> 20000<\/p>\n<p>Y-Ekseni ve IRCO \u00c7ubuk Y\u00fckleyicili Y\u00fcksek Kaliteli CNC Torna Merkezi<\/p>\n<p>Kontrol: ShopTurn aray\u00fczl\u00fc SIEMENS 840D SolutionLine<br \/>\nYap\u0131m y\u0131l\u0131: 2012<br \/>\n\u0130\u011f mili devri: 20.000<\/p>\n<p>D\u00f6n\u00fc\u015f \u00e7ap\u0131 (maks.): yakl. 390 mm<br \/>\nMaksimum tabla mesafesi: 1.250 mm<br \/>\n\u00c7ubuk Giri\u015fi: 76 mm (Standart)<\/p>\n<p>X Ekseni: 300 mm<br \/>\nZ Ekseni: 1.250 mm<br \/>\nY Ekseni: +\/- 60 mm (\u00fcst taret \u00fczerinde)<\/p>\n<p>Mil \u00d6zellikleri:<br \/>\nDevir: 5.000 dev\/dak'ya kadar<br \/>\nTahrik g\u00fcc\u00fc: 34 kW (40% BG)<br \/>\nTork: 380 Nm'ye kadar<\/p>\n<p>4 Eksenli Kinematik<br \/>\n2 x 12 istasyon (t\u00fcm istasyonlar motorlu tak\u0131m kullan\u0131m\u0131na uygun)<br \/>\n6.000 devir\/dakikaya kadar, 11,3 kW g\u00fc\u00e7<\/p>\n<p>Di\u015fli yaz\u0131l\u0131m\u0131, tornalama frezesi\/di\u015f a\u00e7ma i\u00e7in \u00f6zel tak\u0131m tutucular dahil. <\/p>\n<p>K\u0131sa \u015earj Cihaz\u0131 IRCO MUK<br \/>\nMente\u015feli bant tala\u015f konvey\u00f6r\u00fc<br \/>\n20 bar HD sistemi ka\u011f\u0131t bant filtreli<\/p>\n<p>Teknik verilerdeki de\u011fi\u015fikliklere ve hatalara ve ayr\u0131ca sat\u0131\u015f \u00f6ncesine tabidir!<\/p>\n<p>2 taretli, Y eksenli ve IRCO \u00e7ubuk s\u00fcr\u00fcc\u00fcl\u00fc \u00fcst d\u00fczey CNC tornalama merkezi<\/p>\n<p>Kontrol sistemi: SIEMENS 840D SolutionLine, ShopTurn aray\u00fcz\u00fc ile<br \/>\n\u00dcretim y\u0131l\u0131: 2012<br \/>\n\u0130\u015f mili saatleri: 20.000<\/p>\n<p>Azami tornalama \u00e7ap\u0131: yakla\u015f\u0131k 390 mm<br \/>\nTornalama uzunlu\u011fu (maks.): 1.250 mm<br \/>\n\u00c7ubuk kapasitesi: 76 mm (standart)<\/p>\n<p>X Ekseni: 300 mm<br \/>\nZ ekseni: 1.250 mm<br \/>\nY ekseni: +\/- 60 mm (\u00fcst taret \u00fczerinde)<\/p>\n<p>Mil \u00f6zellikleri:<br \/>\nH\u0131z: 5.000 rpm'ye kadar<br \/>\nS\u00fcr\u00fc\u015f g\u00fcc\u00fc: 34 kW (40% g\u00f6rev d\u00f6ng\u00fcs\u00fc)<br \/>\nTork: 380 Nm'ye kadar<\/p>\n<p>4 eksenli kinematik<br \/>\n2 x 12 istasyon (t\u00fcm istasyonlar elektrikli aletlere uygundur)<br \/>\n6.000 devir\/dakikaya kadar h\u0131z, 11,3 kW g\u00fc\u00e7<\/p>\n<p>Di\u015fli kesme yaz\u0131l\u0131m\u0131, di\u015fli yarma\/kesme i\u00e7in \u00f6zel tak\u0131m tutucular dahil. <\/p>\n<p>IRCO MUK k\u0131sa y\u00fckleyici<br \/>\nMente\u015feli bant tala\u015f konvey\u00f6r\u00fc<br \/>\n20 bar y\u00fcksek bas\u0131n\u00e7l\u0131 ka\u011f\u0131t tambur filtreli sistem<\/p>\n<p>Teknik verilerde de\u011fi\u015fiklik yapma ve hatalar\u0131 d\u00fczeltme, ayr\u0131ca sipari\u015f \u00f6ncesinde \u00fcr\u00fcnleri satma hakk\u0131n\u0131 sakl\u0131 tutar\u0131z!<\/p>","protected":false},"excerpt":{"rendered":"<p>Standort: Deutschland, Baden-W\u00fcrttemberg S\u00fcdwest Zustand: Gebraucht Hersteller: DMG Modell: CTX Beta 1250 4A Baujahr: 2012 Betriebsstunden: 20000 High-End CNC-Drehzentrum mit 2 Revolvern, Y-Achse und IRCO-Stangenlader Steuerung: SIEMENS 840D SolutionLine mit ShopTurn-Oberfl\u00e4che Baujahr: 2012 Spindelstunden: 20.000 Drehdurchmesser (max.): ca. 390 mm Drehl\u00e4nge (max.): 1.250 mm Stangendurchlass: 76 mm (Standard) X-Achse: 300 mm Z-Achse: 1.250 mm Y-Achse: [&hellip;]<\/p>\n","protected":false},"featured_media":5158,"comment_status":"open","ping_status":"closed","template":"","meta":{"_uf_show_specific_survey":0,"_uf_disable_surveys":false},"product_brand":[],"product_cat":[89],"product_tag":[],"class_list":{"0":"post-5165","1":"product","2":"type-product","3":"status-publish","4":"has-post-thumbnail","6":"product_cat-cnc-kurzdrehmaschinen","8":"first","9":"instock","10":"taxable","11":"shipping-taxable","12":"product-type-simple"},"aioseo_notices":[],"_links":{"self":[{"href":"https:\/\/mueller-wrh.de\/tr\/wp-json\/wp\/v2\/product\/5165","targetHints":{"allow":["GET"]}}],"collection":[{"href":"https:\/\/mueller-wrh.de\/tr\/wp-json\/wp\/v2\/product"}],"about":[{"href":"https:\/\/mueller-wrh.de\/tr\/wp-json\/wp\/v2\/types\/product"}],"replies":[{"embeddable":true,"href":"https:\/\/mueller-wrh.de\/tr\/wp-json\/wp\/v2\/comments?post=5165"}],"wp:featuredmedia":[{"embeddable":true,"href":"https:\/\/mueller-wrh.de\/tr\/wp-json\/wp\/v2\/media\/5158"}],"wp:attachment":[{"href":"https:\/\/mueller-wrh.de\/tr\/wp-json\/wp\/v2\/media?parent=5165"}],"wp:term":[{"taxonomy":"product_brand","embeddable":true,"href":"https:\/\/mueller-wrh.de\/tr\/wp-json\/wp\/v2\/product_brand?post=5165"},{"taxonomy":"product_cat","embeddable":true,"href":"https:\/\/mueller-wrh.de\/tr\/wp-json\/wp\/v2\/product_cat?post=5165"},{"taxonomy":"product_tag","embeddable":true,"href":"https:\/\/mueller-wrh.de\/tr\/wp-json\/wp\/v2\/product_tag?post=5165"}],"curies":[{"name":"wp","href":"https:\/\/api.w.org\/{rel}","templated":true}]}}