{"id":5156,"date":"2026-03-27T10:27:11","date_gmt":"2026-03-27T10:27:11","guid":{"rendered":"https:\/\/mueller-wrh.de\/produkt\/haas-vf-3bythe_bj-01_2007_-intnr231533\/"},"modified":"2026-03-27T10:27:11","modified_gmt":"2026-03-27T10:27:11","slug":"haas-vf-3bythe_bj-01_2007_-intnr231533","status":"publish","type":"product","link":"https:\/\/mueller-wrh.de\/tr\/urun\/haas-vf-3bythe_bj-01_2007_-intnr231533\/","title":{"rendered":"Haas VF-3BYTHE_Year 01_2007_ IntNo231533"},"content":{"rendered":"<p><b>Konum:<\/b> Almanya, Baden-W\u00fcrttemberg G\u00fcneybat\u0131<\/p>\n<p><b>Durum:<\/b> Kullan\u0131lm\u0131\u015f<\/p>\n<p><b>\u00dcretici firma:<\/b> HAAS<\/p>\n<p><b>Model:<\/b> VF-3BYTHE<\/p>\n<p><b>\u0130n\u015faat y\u0131l\u0131:<\/b> 2007<\/p>\n<p><b>\u00c7al\u0131\u015fma saatleri:<\/b> 14500<\/p>\n<p>Haas Haas VF3 BYTHE (\u00dcretim Y\u0131l\u0131 2007) \u2013 3 Eksenli<br \/>\n\u00c7al\u0131\u015fma saatleri: yakla\u015f\u0131k 14500<br \/>\n\u00c7al\u0131\u015fma saatleri: yakla\u015f\u0131k 33000<br \/>\nMakine Tipi: Dikey \u0130\u015fleme Merkezi (CNC)<br \/>\n\u0130n\u015faat y\u0131l\u0131: 2007<br \/>\nKontrol: Haas<br \/>\nTahrik \u015eekli: Y\u00fcksek H\u0131zl\u0131 Mil (Y\u00fcksek Verimli)<br \/>\nAks Yetene\u011fi: 3 Eksenli \u0130\u015fleme <\/p>\n<p>Mekanik Veriler<br \/>\nSeyahat mesafeleri:<br \/>\nX Ekseni: 1010 mm<br \/>\nY Ekseni: 660 mm<br \/>\nZ Ekseni: 608mm<br \/>\nDevir aral\u0131\u011f\u0131: 10.000 dev\/dak'ya kadar <\/p>\n<p>Aks tahrikleri<br \/>\nX\/Y\/Z Ekseni: Vidal\u0131 mil, hassas k\u0131lavuzlar<br \/>\n3 eksen: Sallanan\/D\u00f6ner tabla entegre, CNC kontroll\u00fc<\/p>\n<p>Revolver dergisi<br \/>\nKapasite: 40 tak\u0131m yeri<br \/>\nSK40<br \/>\n\u0130\u011f mili di\u015flisi de\u011fi\u015ftirildi 2024<\/p>\n<p>Tala\u015f konvey\u00f6r\u00fc<\/p>\n<p>Kullan\u0131m alan\u0131 \/ Kurulum \u00f6l\u00e7\u00fcleri: yakla\u015f\u0131k 3.870 mm x 2.510 mm x 2.690 mm (G x D x Y)<\/p>\n<p>Makine a\u011f\u0131rl\u0131\u011f\u0131: yakla\u015f\u0131k 6.260 kg<\/p>\n<p>Makine elektriksel ve mekanik olarak tamamen \u00e7al\u0131\u015f\u0131r durumda<br \/>\nTeknik dok\u00fcmantasyon <\/p>\n<p>Makine randevu ile incelenebilir.<br \/>\nTeknik veri ve bilgilerdeki de\u011fi\u015fiklikler ve hatalar ile \u00f6n sat\u0131\u015f hakk\u0131 sakl\u0131d\u0131r!<\/p>\n<p>Haas VF-3 (2007) \u2013 3 Eksen Dikey \u0130\u015fleme Merkezi<\/p>\n<p>\u00c7al\u0131\u015fma saatleri: yakla\u015f\u0131k 14.500<br \/>\n\u00c7al\u0131\u015fma saatleri: yakla\u015f\u0131k 33.000<\/p>\n<p>Makine Tipi: CNC Dikey \u0130\u015flem Merkezi<br \/>\n\u00dcretim y\u0131l\u0131: 2007<br \/>\nKontrol: Haas<br \/>\nTahrik tipi: Y\u00fcksek h\u0131zl\u0131 i\u015f mili (Y\u00fcksek Verimli)<br \/>\nEksen konfig\u00fcrasyonu: 3 eksenli i\u015fleme<\/p>\n<p>Teknik Veriler<\/p>\n<p>Seyahatler:<\/p>\n<p>X ekseni: 1.010 mm<br \/>\nY ekseni: 660 mm<br \/>\nZ ekseni: 608 mm<\/p>\n<p>\u0130\u015f mili h\u0131z\u0131: 10.000 rpm'ye kadar<\/p>\n<p>Eksen S\u00fcr\u00fcc\u00fcleri<br \/>\nX\/Y\/Z eksenleri: Vidal\u0131 miller, hassas do\u011frusal k\u0131lavuzlar<br \/>\n3. eksen: E\u011fimli \/ d\u00f6ner tabla entegre, CNC kontroll\u00fc<br \/>\nTak\u0131m De\u011fi\u015ftirici<br \/>\nKapasite: 40 tak\u0131m pozisyonu<br \/>\nKonik: SK40<br \/>\nMil di\u015fli kutusu 2024'te de\u011fi\u015ftirildi<br \/>\nEkipman<br \/>\nTala\u015f konvey\u00f6r\u00fc<br \/>\nMontaj Boyutlar\u0131<br \/>\nYakl. 3.870 x 2.510 x 2.690 mm (G x D x Y)<\/p>\n<p>Makine a\u011f\u0131rl\u0131\u011f\u0131: yakla\u015f\u0131k 6.260 kg<\/p>\n<p>Durum<\/p>\n<p>Makine hem elektriksel hem de mekanik olarak tam \u00e7al\u0131\u015f\u0131r durumda.<br \/>\nTeknik dok\u00fcmantasyon dahildir.<\/p>\n<p>Makine randevu ile elektrik alt\u0131nda incelenebilir.<\/p>\n<p>\u00d6nce sat\u0131\u015fa tabidir. T\u00fcm spesifikasyonlar g\u00f6sterge niteli\u011findedir; hatalar ve eksiklikler m\u00fcstesnad\u0131r.<\/p>","protected":false},"excerpt":{"rendered":"<p>Standort: Deutschland, Baden-W\u00fcrttemberg S\u00fcdwest Zustand: Gebraucht Hersteller: HAAS Modell: VF-3BYTHE Baujahr: 2007 Betriebsstunden: 14500 Haas Haas VF3 BYTHE (Bj. 2007) \u2013 3-Achsen Betriebsstunden: ca. 14500 Einschaltstunden: ca.33000 Maschinentyp: Vertikales Bearbeitungszentrum (CNC) Baujahr: 2007 Steuerung: Haas Antriebsart: Hochgeschwindigkeits-Spindel (High Efficiency) Achsf\u00e4higkeit: 3-Achsen Bearbeitung Mechanische Daten Verfahrwege: X-Achse: 1010 mm Y-Achse: 660 mm Z-Achse: 608mm Drehzahlbereich: bis [&hellip;]<\/p>\n","protected":false},"featured_media":5148,"comment_status":"open","ping_status":"closed","template":"","meta":{"_uf_show_specific_survey":0,"_uf_disable_surveys":false},"product_brand":[],"product_cat":[21],"product_tag":[],"class_list":{"0":"post-5156","1":"product","2":"type-product","3":"status-publish","4":"has-post-thumbnail","6":"product_cat-cnc-bearbeitungszentrum","8":"first","9":"instock","10":"taxable","11":"shipping-taxable","12":"product-type-simple"},"aioseo_notices":[],"_links":{"self":[{"href":"https:\/\/mueller-wrh.de\/tr\/wp-json\/wp\/v2\/product\/5156","targetHints":{"allow":["GET"]}}],"collection":[{"href":"https:\/\/mueller-wrh.de\/tr\/wp-json\/wp\/v2\/product"}],"about":[{"href":"https:\/\/mueller-wrh.de\/tr\/wp-json\/wp\/v2\/types\/product"}],"replies":[{"embeddable":true,"href":"https:\/\/mueller-wrh.de\/tr\/wp-json\/wp\/v2\/comments?post=5156"}],"wp:featuredmedia":[{"embeddable":true,"href":"https:\/\/mueller-wrh.de\/tr\/wp-json\/wp\/v2\/media\/5148"}],"wp:attachment":[{"href":"https:\/\/mueller-wrh.de\/tr\/wp-json\/wp\/v2\/media?parent=5156"}],"wp:term":[{"taxonomy":"product_brand","embeddable":true,"href":"https:\/\/mueller-wrh.de\/tr\/wp-json\/wp\/v2\/product_brand?post=5156"},{"taxonomy":"product_cat","embeddable":true,"href":"https:\/\/mueller-wrh.de\/tr\/wp-json\/wp\/v2\/product_cat?post=5156"},{"taxonomy":"product_tag","embeddable":true,"href":"https:\/\/mueller-wrh.de\/tr\/wp-json\/wp\/v2\/product_tag?post=5156"}],"curies":[{"name":"wp","href":"https:\/\/api.w.org\/{rel}","templated":true}]}}