{"id":5147,"date":"2026-03-27T10:17:26","date_gmt":"2026-03-27T10:17:26","guid":{"rendered":"https:\/\/mueller-wrh.de\/produkt\/haas-mikron-vce-750_bj-12_2000_-intnr231534\/"},"modified":"2026-04-10T13:55:58","modified_gmt":"2026-04-10T13:55:58","slug":"haas-mikron-vce-750_bj-12_2000_-intnr231534","status":"publish","type":"product","link":"https:\/\/mueller-wrh.de\/tr\/urun\/haas-mikron-vce-750_bj-12_2000_-intnr231534\/","title":{"rendered":"Haas \/ Mikron VCE 750_Bj.12_2000_ IntNr231534"},"content":{"rendered":"<p><b>Konum:<\/b> Almanya, Baden-W\u00fcrttemberg G\u00fcneybat\u0131<\/p>\n<p><b>Durum:<\/b> Kullan\u0131lm\u0131\u015f<\/p>\n<p><b>\u00dcretici firma:<\/b> HAAS<\/p>\n<p><b>Model:<\/b> VCE 750<\/p>\n<p><b>\u0130n\u015faat y\u0131l\u0131:<\/b> 2000<\/p>\n<p><b>\u00c7al\u0131\u015fma saatleri:<\/b> 22000<\/p>\n<p>Haas Mikron VCE 750 (Bj. 12_2000) \u2013 3 Eksen<br \/>\n\u00c7al\u0131\u015fma saatleri: yakla\u015f\u0131k 20000<br \/>\n\u00c7al\u0131\u015fma saatleri: yakla\u015f\u0131k 44000<br \/>\nMakine Tipi: Dikey \u0130\u015fleme Merkezi (CNC)<br \/>\nYap\u0131m y\u0131l\u0131: 12_2000<br \/>\nKontrol: Haas<br \/>\nTahrik \u015eekli: Y\u00fcksek H\u0131zl\u0131 Mil (Y\u00fcksek Verimli)<br \/>\nAks Yetene\u011fi: 3 Eksenli \u0130\u015fleme <\/p>\n<p>Mekanik Veriler<br \/>\nSeyahat mesafeleri:<br \/>\nX-Ekseni: 760 mm<br \/>\nY Ekseni: 410 mm<br \/>\nZ ekseni: 500 mm<br \/>\nDevir aral\u0131\u011f\u0131: 10.000 dev\/dak'ya kadar <\/p>\n<p>Aks tahrikleri<br \/>\nX\/Y\/Z Ekseni: Vidal\u0131 mil, hassas k\u0131lavuzlar<br \/>\n3 eksen: Sallanan\/D\u00f6ner tabla entegre, CNC kontroll\u00fc<\/p>\n<p>Revolver dergisi<br \/>\nKapasite: 20 tak\u0131m yeri<br \/>\nSK40<\/p>\n<p>Tala\u015f konvey\u00f6r\u00fc<\/p>\n<p>Kurulum alan\u0131 \/ Yerle\u015ftirme boyutlar\u0131: yakla\u015f\u0131k 2.400 mm x 2.310 mm x 2.690 mm (G x D x Y)<\/p>\n<p>Makine a\u011f\u0131rl\u0131\u011f\u0131: yakla\u015f\u0131k 4.860 kg<\/p>\n<p>Makine elektriksel ve mekanik olarak tamamen \u00e7al\u0131\u015f\u0131r durumda<br \/>\nTeknik dok\u00fcmantasyon <\/p>\n<p>Makine randevu ile incelenebilir.<br \/>\nTeknik veri ve bilgilerdeki de\u011fi\u015fiklikler ve hatalar ile \u00f6n sat\u0131\u015f hakk\u0131 sakl\u0131d\u0131r!<\/p>\n<p>Mikron VCE 750 (Ara. 2000) \u2013 3 Eksen Dikey \u0130\u015fleme Merkezi<\/p>\n<p>\u00c7al\u0131\u015fma saatleri: yakla\u015f\u0131k 20.000<br \/>\n\u00c7al\u0131\u015fma saatleri: yakla\u015f\u0131k 44.000<\/p>\n<p>Makine Tipi: CNC Dikey \u0130\u015flem Merkezi<br \/>\n\u00dcretim y\u0131l\u0131: Aral\u0131. 2000<br \/>\nKontrol: Haas<br \/>\nTahrik tipi: Y\u00fcksek h\u0131zl\u0131 i\u015f mili (Y\u00fcksek Verimli)<br \/>\nEksen konfig\u00fcrasyonu: 3 eksenli i\u015fleme<\/p>\n<p>Teknik Veriler<\/p>\n<p>Seyahatler:<\/p>\n<p>X-ekseni: 760 mm<br \/>\nY ekseni: 410 mm<br \/>\nZ ekseni: 500 mm<\/p>\n<p>\u0130\u015f mili h\u0131z\u0131: 10.000 rpm'ye kadar<\/p>\n<p>Eksen S\u00fcr\u00fcc\u00fcleri<br \/>\nX\/Y\/Z eksenleri: Vidal\u0131 miller, hassas do\u011frusal k\u0131lavuzlar<br \/>\n3. eksen: E\u011fimli \/ d\u00f6ner tabla entegre, CNC kontroll\u00fc<br \/>\nTak\u0131m De\u011fi\u015ftirici<br \/>\nKapasite: 20 tak\u0131m yeri<br \/>\nKonik: SK40<br \/>\nEkipman<br \/>\nTala\u015f konvey\u00f6r\u00fc<br \/>\nMontaj Boyutlar\u0131<br \/>\nYakla\u015f\u0131k 2.400 x 2.310 x 2.690 mm (G x D x Y)<\/p>\n<p>Makine a\u011f\u0131rl\u0131\u011f\u0131: yakla\u015f\u0131k 4.860 kg<\/p>\n<p>Durum<\/p>\n<p>Makine hem elektriksel hem de mekanik olarak tam \u00e7al\u0131\u015f\u0131r durumda.<br \/>\nTeknik dok\u00fcmantasyon dahildir.<\/p>\n<p>Makine randevu ile elektrik alt\u0131nda incelenebilir.<\/p>\n<p>\u00d6nce sat\u0131\u015f \u015fart\u0131na tabidir. T\u00fcm \u00f6zellikler g\u00f6sterge niteli\u011findedir ve hatalar hari\u00e7tir.<\/p>","protected":false},"excerpt":{"rendered":"<p>Standort: Deutschland, Baden-W\u00fcrttemberg S\u00fcdwest Zustand: Gebraucht Hersteller: HAAS Modell: VCE 750 Baujahr: 2000 Betriebsstunden: 22000 Haas Mikron VCE 750 (Bj. 12_2000) \u2013 3-Achsen Betriebsstunden: ca. 20000 Einschaltstunden : ca.44000 Maschinentyp: Vertikales Bearbeitungszentrum (CNC) Baujahr: 12_2000 Steuerung: Haas Antriebsart: Hochgeschwindigkeits-Spindel (High Efficiency) Achsf\u00e4higkeit: 3-Achsen Bearbeitung Mechanische Daten Verfahrwege: X-Achse: 760 mm Y-Achse: 410 mm Z-Achse: 500 [&hellip;]<\/p>\n","protected":false},"featured_media":5242,"comment_status":"open","ping_status":"closed","template":"","meta":{"_uf_show_specific_survey":0,"_uf_disable_surveys":false},"product_brand":[],"product_cat":[21],"product_tag":[],"class_list":{"0":"post-5147","1":"product","2":"type-product","3":"status-publish","4":"has-post-thumbnail","6":"product_cat-cnc-bearbeitungszentrum","8":"first","9":"instock","10":"taxable","11":"shipping-taxable","12":"product-type-simple"},"aioseo_notices":[],"_links":{"self":[{"href":"https:\/\/mueller-wrh.de\/tr\/wp-json\/wp\/v2\/product\/5147","targetHints":{"allow":["GET"]}}],"collection":[{"href":"https:\/\/mueller-wrh.de\/tr\/wp-json\/wp\/v2\/product"}],"about":[{"href":"https:\/\/mueller-wrh.de\/tr\/wp-json\/wp\/v2\/types\/product"}],"replies":[{"embeddable":true,"href":"https:\/\/mueller-wrh.de\/tr\/wp-json\/wp\/v2\/comments?post=5147"}],"wp:featuredmedia":[{"embeddable":true,"href":"https:\/\/mueller-wrh.de\/tr\/wp-json\/wp\/v2\/media\/5242"}],"wp:attachment":[{"href":"https:\/\/mueller-wrh.de\/tr\/wp-json\/wp\/v2\/media?parent=5147"}],"wp:term":[{"taxonomy":"product_brand","embeddable":true,"href":"https:\/\/mueller-wrh.de\/tr\/wp-json\/wp\/v2\/product_brand?post=5147"},{"taxonomy":"product_cat","embeddable":true,"href":"https:\/\/mueller-wrh.de\/tr\/wp-json\/wp\/v2\/product_cat?post=5147"},{"taxonomy":"product_tag","embeddable":true,"href":"https:\/\/mueller-wrh.de\/tr\/wp-json\/wp\/v2\/product_tag?post=5147"}],"curies":[{"name":"wp","href":"https:\/\/api.w.org\/{rel}","templated":true}]}}