{"id":5134,"date":"2026-03-27T09:54:57","date_gmt":"2026-03-27T09:54:57","guid":{"rendered":"https:\/\/mueller-wrh.de\/produkt\/star-sr-20_rii_bj-07-2007_intnr231447\/"},"modified":"2026-03-27T10:10:35","modified_gmt":"2026-03-27T10:10:35","slug":"star-sr-20_rii_bj-07-2007_intnr231447","status":"publish","type":"product","link":"https:\/\/mueller-wrh.de\/tr\/urun\/star-sr-20_rii_bj-07-2007_intnr231447\/","title":{"rendered":"STAR SR-20_RII_Y\u0131l 07.2007_IntNo231447"},"content":{"rendered":"<p><b>Konum:<\/b> Almanya, Baden-W\u00fcrttemberg G\u00fcneybat\u0131<\/p>\n<p><b>Durum:<\/b> Kullan\u0131lm\u0131\u015f<\/p>\n<p><b>\u00dcretici firma:<\/b> STAR Micronics<\/p>\n<p><b>Model:<\/b> SR-20 RII<\/p>\n<p><b>\u0130n\u015faat y\u0131l\u0131:<\/b> 2007<\/p>\n<p><b>\u00c7al\u0131\u015fma saatleri:<\/b> 20279<\/p>\n<p>CNC kayar mesnetli torna SR20RII, y\u0131l 2007<br \/>\nMakine tipi: CNC kayar kafal\u0131 torna (\u0130svi\u00e7re tipi)<br \/>\nKontrol\u00f6r, Fanuc, Seri 18i-TB,<br \/>\nA\u00e7\u0131l\u0131\u015f saatleri: 20279<br \/>\n\u00c7al\u0131\u015fma saatleri: 67058<\/p>\n<p>Maks. D\u00f6nd\u00fcrme \u00e7ap\u0131: \u00d8 20 mm (iste\u011fe ba\u011fl\u0131 olarak 22 mm'ye kadar)<br \/>\nD\u00f6n\u00fc\u015f uzunlu\u011fu: 205 mm<br \/>\nAna mil:<br \/>\nH\u0131z: yakla\u015f\u0131k 10.000-12.000 dakikaya kadar\u00b9<br \/>\nG\u00fc\u00e7: yakla\u015f\u0131k 3,7-5,5 kW<br \/>\nC ekseni<br \/>\nKar\u015f\u0131 i\u015f mili:<br \/>\nH\u0131z: yakla\u015f\u0131k 6.000-8.000 dakikaya kadar\u00b9<br \/>\nC ekseni<br \/>\nAkslar:<br \/>\nX1 \/ Z1 \/ Y1 (ana i\u015flem)<br \/>\nX2 \/ Z2 (kar\u015f\u0131 i\u015f mili)<br \/>\nH\u0131zl\u0131 travers: yakla\u015f\u0131k 24-30 m\/dak.<\/p>\n<p>Makine boyutlar\u0131 2400x1205x1700 mm<br \/>\nMakine a\u011f\u0131rl\u0131\u011f\u0131 2200 kg<\/p>\n<p>Teknik veri ve bilgilerdeki de\u011fi\u015fiklikler ve hatalar ile \u00f6n sat\u0131\u015f hakk\u0131 sakl\u0131d\u0131r!<\/p>\n<p>CNC \u0130svi\u00e7re Tipi Torna STAR SR-20RII<br \/>\n\u00dcretim y\u0131l\u0131: 2007<\/p>\n<p>Makine tipi: CNC \u0130svi\u00e7re tipi kayar mesnetli torna tezgah\u0131<br \/>\nKontrol: Fanuc, Seri 18i-TB<\/p>\n<p>A\u00e7\u0131l\u0131\u015f saati: 20.279 saat<br \/>\n\u00c7al\u0131\u015fma saati: 67.058 saat<\/p>\n<p>Teknik Veriler<\/p>\n<p>\u0130\u015fleme kapasitesi:<br \/>\nMaks. d\u00f6n\u00fc\u015f \u00e7ap\u0131: \u00d8 20 mm (\u00d8 22 mm'ye kadar opsiyonel)<br \/>\nMaks. d\u00f6n\u00fc\u015f uzunlu\u011fu: 205 mm<br \/>\nAna mil:<br \/>\nH\u0131z: yakla\u015f\u0131k 10.000-12.000 rpm'ye kadar<br \/>\nG\u00fc\u00e7: yakla\u015f\u0131k 3,7-5,5 kW<br \/>\nC ekseni<br \/>\nAlt i\u015f mili:<br \/>\nH\u0131z: yakla\u015f\u0131k 6.000-8.000 rpm'ye kadar<br \/>\nC ekseni<br \/>\nEksen konfig\u00fcrasyonu:<br \/>\nX1 \/ Z1 \/ Y1 (ana i\u015fleme)<br \/>\nX2 \/ Z2 (alt i\u015f mili)<br \/>\nH\u0131zl\u0131 travers: yakla\u015f\u0131k 24-30 m\/dak.<\/p>\n<p>Makine boyutlar\u0131 ve a\u011f\u0131rl\u0131\u011f\u0131<br \/>\nBoyutlar (U \u00d7 G \u00d7 Y): 2400 \u00d7 1205 \u00d7 1700 mm<br \/>\nMakine a\u011f\u0131rl\u0131\u011f\u0131: yakla\u015f\u0131k 2.200 kg<\/p>\n<p>\u00d6nceden sat\u0131\u015fa tabidir, teknik verilerdeki ve spesifikasyonlardaki de\u011fi\u015fiklikler ve hatalar hari\u00e7tir.<\/p>","protected":false},"excerpt":{"rendered":"<p>Standort: Deutschland, Baden-W\u00fcrttemberg S\u00fcdwest Zustand: Gebraucht Hersteller: STAR Micronics Modell: SR-20 RII Baujahr: 2007 Betriebsstunden: 20279 CNC-Langdrehmaschine SR20RII, Bj. 2007 Maschinentyp: CNC-Langdrehmaschine (Swiss-Type) Steuerung, Fanuc, Serie 18i-TB, Einschaltstunden: 20279 Betriebsstunden: 67058 Max. Drehdurchmesser: \u00d8 20 mm (Optional bis 22mm) Drehl\u00e4nge: 205 mm Hauptspindel: Drehzahl: bis ca. 10.000\u201312.000 min\u207b\u00b9 Leistung: ca. 3,7\u20135,5 kW C-Achse Gegenspindel: Drehzahl: [&hellip;]<\/p>\n","protected":false},"featured_media":5135,"comment_status":"open","ping_status":"closed","template":"","meta":{"_uf_show_specific_survey":0,"_uf_disable_surveys":false},"product_brand":[],"product_cat":[23],"product_tag":[],"class_list":{"0":"post-5134","1":"product","2":"type-product","3":"status-publish","4":"has-post-thumbnail","6":"product_cat-cnc-langdrehmaschinen","8":"first","9":"instock","10":"taxable","11":"shipping-taxable","12":"product-type-simple"},"aioseo_notices":[],"_links":{"self":[{"href":"https:\/\/mueller-wrh.de\/tr\/wp-json\/wp\/v2\/product\/5134","targetHints":{"allow":["GET"]}}],"collection":[{"href":"https:\/\/mueller-wrh.de\/tr\/wp-json\/wp\/v2\/product"}],"about":[{"href":"https:\/\/mueller-wrh.de\/tr\/wp-json\/wp\/v2\/types\/product"}],"replies":[{"embeddable":true,"href":"https:\/\/mueller-wrh.de\/tr\/wp-json\/wp\/v2\/comments?post=5134"}],"wp:featuredmedia":[{"embeddable":true,"href":"https:\/\/mueller-wrh.de\/tr\/wp-json\/wp\/v2\/media\/5135"}],"wp:attachment":[{"href":"https:\/\/mueller-wrh.de\/tr\/wp-json\/wp\/v2\/media?parent=5134"}],"wp:term":[{"taxonomy":"product_brand","embeddable":true,"href":"https:\/\/mueller-wrh.de\/tr\/wp-json\/wp\/v2\/product_brand?post=5134"},{"taxonomy":"product_cat","embeddable":true,"href":"https:\/\/mueller-wrh.de\/tr\/wp-json\/wp\/v2\/product_cat?post=5134"},{"taxonomy":"product_tag","embeddable":true,"href":"https:\/\/mueller-wrh.de\/tr\/wp-json\/wp\/v2\/product_tag?post=5134"}],"curies":[{"name":"wp","href":"https:\/\/api.w.org\/{rel}","templated":true}]}}