{"id":5112,"date":"2026-03-23T15:18:16","date_gmt":"2026-03-23T15:18:16","guid":{"rendered":"https:\/\/mueller-wrh.de\/produkt\/doosan-puma-tt-1800-sy-bj-2022_-intnr231434\/"},"modified":"2026-03-24T08:07:35","modified_gmt":"2026-03-24T08:07:35","slug":"doosan-puma-tt-1800-sy-bj-2022_-intnr231434","status":"publish","type":"product","link":"https:\/\/mueller-wrh.de\/tr\/urun\/doosan-puma-tt-1800-sy-bj-2022_-intnr231434\/","title":{"rendered":"DOOSAN Puma TT 1800 SY, y\u0131l 2022_ IntNr231434"},"content":{"rendered":"<p><b>Konum:<\/b> Almanya, Baden-W\u00fcrttemberg G\u00fcneybat\u0131<\/p>\n<p><b>Durum:<\/b> Kullan\u0131lm\u0131\u015f<\/p>\n<p><b>\u00dcretici firma:<\/b> DOOSAN-PUMA<\/p>\n<p><b>Model:<\/b> TT 1800 SY<\/p>\n<p><b>\u0130n\u015faat y\u0131l\u0131:<\/b> 2022<\/p>\n<p>DOOSAN Puma TT 1800 SY, 2022 y\u0131l\u0131<br \/>\nCNC torna tezgah\u0131, en iyi durumda<br \/>\nKontrol sistemi: Fanuc<br \/>\nTeknik veriler:<br \/>\n8'e kadar kontroll\u00fc eksen, iki taret ve iki e\u015fde\u011fer kar\u015f\u0131l\u0131kl\u0131 i\u015f mili ile \u00e7ok i\u015flevli \u00e7ok eksenli tornalama merkezi. C ekseni \u00fczerinde tahrikli tak\u0131mlar i\u00e7in Y ekseni; S kar\u015f\u0131t i\u015f mili anlam\u0131na gelir.<br \/>\nAksesuarlar:<br \/>\nPar\u00e7a yakalay\u0131c\u0131<br \/>\nAlet tutucu<br \/>\nTala\u015f konvey\u00f6r\u00fc<br \/>\nRod dergisi LNS<br \/>\nTeknik dok\u00fcmantasyon<br \/>\n\u00dcretici: : DOOSAN Puma TT 1800 SY, Y\u0131l 2022_ IntNr231434<br \/>\n\u00dcretildi\u011fi \u00fclke: G\u00fcney Kore<br \/>\n\u0130n\u015faat y\u0131l\u0131 2022<br \/>\nAksesuarlar dahil <\/p>\n<p>Teknik verilerdeki de\u011fi\u015fikliklere ve hatalara ve ayr\u0131ca sat\u0131\u015f \u00f6ncesine tabidir!<\/p>\n<p>DOOSAN Puma TT 1800 SY, 2022 Y\u0131l\u0131<br \/>\nCNC Torna, En \u0130yi Durumda<br \/>\nKontrol: Fanuc<\/p>\n<p>Teknik Veriler<\/p>\n<p>8'e kadar kontroll\u00fc eksen, iki taret ve iki \u00f6zde\u015f kar\u015f\u0131l\u0131kl\u0131 i\u015f mili ile \u00e7ok i\u015flevli \u00e7ok eksenli tornalama merkezi.<br \/>\nC ekseninin \u00fczerindeki tahrikli tak\u0131mlar i\u00e7in Y ekseni; S alt i\u015f mili anlam\u0131na gelir.<\/p>\n<p>Aksesuarlar<br \/>\nPar\u00e7a yakalay\u0131c\u0131<br \/>\nAlet tutucular<br \/>\nTala\u015f konvey\u00f6r\u00fc<br \/>\nLNS \u00e7ubuk besleyici<br \/>\nTeknik dok\u00fcmantasyon<\/p>\n<p>\u00dcretici: DOOSAN Puma TT 1800 SY, Y\u0131l 2022, IntNr 231434<br \/>\n\u00dcretildi\u011fi \u00fclke: G\u00fcney Kore<br \/>\n\u00dcretim y\u0131l\u0131: 2022<br \/>\nAksesuarlar dahil<\/p>\n<p>\u00d6nceden sat\u0131\u015fa tabidir. Teknik verilerdeki hatalar ve de\u011fi\u015fiklikler sakl\u0131d\u0131r.<\/p>","protected":false},"excerpt":{"rendered":"<p>Standort: Deutschland, Baden-W\u00fcrttemberg S\u00fcdwest Zustand: Gebraucht Hersteller: DOOSAN-PUMA Modell: TT 1800 SY Baujahr: 2022 DOOSAN Puma TT 1800 SY, Bj. 2022 CNC-Drehmaschine, Top-Zustand Steuerung: Fanuc Technische Daten: Multifunktionales Mehrachsen-Drehzentrum mit bis zu 8 gesteuerten Achsen, zwei Revolver und zwei gleichwertigen, gegen\u00fcberstehenden Spindeln. Y-Achse f\u00fcr angetriebene Werkzeuge \u00fcber der C-Achse; S steht f\u00fcr Gegenspindel. Zubeh\u00f6r: Teilef\u00e4nger [&hellip;]<\/p>\n","protected":false},"featured_media":5113,"comment_status":"open","ping_status":"closed","template":"","meta":{"_uf_show_specific_survey":0,"_uf_disable_surveys":false},"product_brand":[],"product_cat":[89],"product_tag":[],"class_list":{"0":"post-5112","1":"product","2":"type-product","3":"status-publish","4":"has-post-thumbnail","6":"product_cat-cnc-kurzdrehmaschinen","8":"first","9":"instock","10":"taxable","11":"shipping-taxable","12":"product-type-simple"},"aioseo_notices":[],"_links":{"self":[{"href":"https:\/\/mueller-wrh.de\/tr\/wp-json\/wp\/v2\/product\/5112","targetHints":{"allow":["GET"]}}],"collection":[{"href":"https:\/\/mueller-wrh.de\/tr\/wp-json\/wp\/v2\/product"}],"about":[{"href":"https:\/\/mueller-wrh.de\/tr\/wp-json\/wp\/v2\/types\/product"}],"replies":[{"embeddable":true,"href":"https:\/\/mueller-wrh.de\/tr\/wp-json\/wp\/v2\/comments?post=5112"}],"wp:featuredmedia":[{"embeddable":true,"href":"https:\/\/mueller-wrh.de\/tr\/wp-json\/wp\/v2\/media\/5113"}],"wp:attachment":[{"href":"https:\/\/mueller-wrh.de\/tr\/wp-json\/wp\/v2\/media?parent=5112"}],"wp:term":[{"taxonomy":"product_brand","embeddable":true,"href":"https:\/\/mueller-wrh.de\/tr\/wp-json\/wp\/v2\/product_brand?post=5112"},{"taxonomy":"product_cat","embeddable":true,"href":"https:\/\/mueller-wrh.de\/tr\/wp-json\/wp\/v2\/product_cat?post=5112"},{"taxonomy":"product_tag","embeddable":true,"href":"https:\/\/mueller-wrh.de\/tr\/wp-json\/wp\/v2\/product_tag?post=5112"}],"curies":[{"name":"wp","href":"https:\/\/api.w.org\/{rel}","templated":true}]}}