{"id":5088,"date":"2026-03-19T12:44:44","date_gmt":"2026-03-19T12:44:44","guid":{"rendered":"https:\/\/mueller-wrh.de\/produkt\/star-sr20r-iii-typ-680-bj-2007_03_-intnr231524\/"},"modified":"2026-03-19T12:44:44","modified_gmt":"2026-03-19T12:44:44","slug":"star-sr20r-iii-typ-680-bj-2007_03_-intnr231524","status":"publish","type":"product","link":"https:\/\/mueller-wrh.de\/tr\/urun\/star-sr20r-iii-typ-680-bj-2007_03_-intnr231524\/","title":{"rendered":"STAR SR20R III Tip 680, Y\u0131l 2007_03_ IntNo231524"},"content":{"rendered":"<p><b>Konum:<\/b> Almanya, Baden-W\u00fcrttemberg G\u00fcneybat\u0131<\/p>\n<p><b>Durum:<\/b> Kullan\u0131lm\u0131\u015f<\/p>\n<p><b>\u00dcretici firma:<\/b> STAR Micronics<\/p>\n<p><b>Model:<\/b> SR-20R III Tip 680<\/p>\n<p><b>\u0130n\u015faat y\u0131l\u0131:<\/b> 2007<\/p>\n<p><b>\u00c7al\u0131\u015fma saatleri:<\/b> 54727<\/p>\n<p>STAR SR 20RIII, y\u0131l 2007_03 Tip 680 (\u0130svi\u00e7re Tipi)<br \/>\nCNC kontrol FANUC<br \/>\nKesim S\u00fcresi: 45000<br \/>\nANA SP\u0130NDEL<br \/>\nmaks. i\u015fleme \u00e7ap\u0131 20 mm (23 mm opsiyonel)<br \/>\nMaks. mesnet stroku 205 mm<br \/>\nTahrik g\u00fcc\u00fc 3,7 kW<br \/>\nmaks. h\u0131z 10.000 1\/dak, C ekseni dahil<br \/>\nTorna tak\u0131mlar\u0131 6 adet (12 mm)<br \/>\n4 milli matkap<br \/>\n5 \u00c7apraz i\u015fleme ara\u00e7lar\u0131<br \/>\n2 \u00d6n delme \u00fcnitesi<br \/>\nSAYA\u00c7 P\u0130NDER<br \/>\nmaks. i\u015fleme \u00e7ap\u0131 20 mm (23 mm opsiyonel)<br \/>\nTahrik g\u00fcc\u00fc 2,2 kW<br \/>\nmaks. h\u0131z 8.000 1\/dak, C ekseni dahil<br \/>\n4 \u00d6n delme \u00fcnitesi<br \/>\n4 milli matkap<br \/>\nKar\u015f\u0131 mil i\u00e7in \u00fcfleme cihaz\u0131<br \/>\n\u00c7elik kesme korumas\u0131<br \/>\nT\u00fcm eksenlerde h\u0131zl\u0131 travers h\u0131z\u0131 35 m\/dak<br \/>\nSo\u011futma s\u0131v\u0131s\u0131 tank\u0131 kapasitesi 170 litre<\/p>\n<p>\u00c7ubuk besleyici FMB Turbo 3-26 \/ 3200\/ A \/ y\u0131l 2007<br \/>\nTankl\u0131 ve filtreli y\u00fcksek bas\u0131n\u00e7 sistemi SFB B\u00fcchele 65bar<\/p>\n<p>Makine randevu ile elektrik alt\u0131nda incelenebilir.<br \/>\nTeknik veri ve bilgilerdeki de\u011fi\u015fiklikler ve hatalar ile \u00f6n sat\u0131\u015f hakk\u0131 sakl\u0131d\u0131r!<\/p>\n<p>STAR SR-20RIII, Mart 2007, Tip 680 (\u0130svi\u00e7re Tipi)<br \/>\nCNC Kontrol: FANUC<br \/>\nKesim s\u00fcresi: 45.000 saat<\/p>\n<p>Ana Mil:<\/p>\n<p>Maks. d\u00f6n\u00fc\u015f \u00e7ap\u0131: 20 mm (opsiyonel 23 mm)<\/p>\n<p>Maks. i\u015f mili stok hareketi: 205 mm<\/p>\n<p>Tahrik g\u00fcc\u00fc: 3,7 kW<\/p>\n<p>Maks. h\u0131z: 10.000 rpm, C ekseni dahil<\/p>\n<p>Torna tak\u0131mlar\u0131: 6 tak\u0131m (12 mm)<\/p>\n<p>4 milli delme \u00fcnitesi<\/p>\n<p>5 \u00e7apraz i\u015fleme aleti<\/p>\n<p>2 \u00f6n sondaj \u00fcnitesi<\/p>\n<p>Kar\u015f\u0131 \u0130\u015f Mili:<\/p>\n<p>Maks. d\u00f6n\u00fc\u015f \u00e7ap\u0131: 20 mm (opsiyonel 23 mm)<\/p>\n<p>Tahrik g\u00fcc\u00fc: 2,2 kW<\/p>\n<p>Maks. h\u0131z: C ekseni dahil 8.000 rpm<\/p>\n<p>4 \u00f6n sondaj \u00fcnitesi<\/p>\n<p>4 milli delme \u00fcnitesi<\/p>\n<p>Kar\u015f\u0131 mil i\u00e7in \u00fcfleme cihaz\u0131<\/p>\n<p>Ay\u0131rma aleti k\u0131r\u0131lma korumas\u0131<\/p>\n<p>Baltalar ve Seyahat:<\/p>\n<p>T\u00fcm eksenler i\u00e7in h\u0131zl\u0131 travers: 35 m\/dak<\/p>\n<p>So\u011futma sistemi:<\/p>\n<p>Tank kapasitesi: 170 litre<\/p>\n<p>\u00c7ubuk besleyici: FMB Turbo 3-26 \/ 3200 \/ A \/ Y\u0131l 2007<\/p>\n<p>Y\u00fcksek Bas\u0131n\u00e7 Sistemi: SFB B\u00fcchele, tank ve filtre ile, 65 bar<\/p>\n<p>G\u00f6r\u00fcnt\u00fcleme: Makine randevu ile g\u00fc\u00e7 alt\u0131nda incelenebilir.<\/p>\n<p>Not: Teknik veriler ve teknik \u00f6zellikler de\u011fi\u015fikli\u011fe ve hatalara tabidir; \u00f6n sat\u0131\u015f hakk\u0131 sakl\u0131d\u0131r.<\/p>","protected":false},"excerpt":{"rendered":"<p>Standort: Deutschland, Baden-W\u00fcrttemberg S\u00fcdwest Zustand: Gebraucht Hersteller: STAR Micronics Modell: SR-20R III Typ 680 Baujahr: 2007 Betriebsstunden: 54727 STAR SR 20RIII, Bj.2007_03 Typ 680 (Swiss-Type) CNC-Steuerung FANUC Cutting Time: 45000 HAUPTSPINDEL max.Bearbeitungsdurchmesser 20 mm (23 mm optional) max. Spindelstockhub 205 mm Antriebsleistung 3,7 kW max. Drehzahl 10.000 1\/min, inkl. C-Achse Drehwerkzeuge 6 St\u00fcck ( 12 [&hellip;]<\/p>\n","protected":false},"featured_media":5081,"comment_status":"open","ping_status":"closed","template":"","meta":{"_uf_show_specific_survey":0,"_uf_disable_surveys":false},"product_brand":[],"product_cat":[23],"product_tag":[],"class_list":{"0":"post-5088","1":"product","2":"type-product","3":"status-publish","4":"has-post-thumbnail","6":"product_cat-cnc-langdrehmaschinen","8":"first","9":"instock","10":"taxable","11":"shipping-taxable","12":"product-type-simple"},"aioseo_notices":[],"_links":{"self":[{"href":"https:\/\/mueller-wrh.de\/tr\/wp-json\/wp\/v2\/product\/5088","targetHints":{"allow":["GET"]}}],"collection":[{"href":"https:\/\/mueller-wrh.de\/tr\/wp-json\/wp\/v2\/product"}],"about":[{"href":"https:\/\/mueller-wrh.de\/tr\/wp-json\/wp\/v2\/types\/product"}],"replies":[{"embeddable":true,"href":"https:\/\/mueller-wrh.de\/tr\/wp-json\/wp\/v2\/comments?post=5088"}],"wp:featuredmedia":[{"embeddable":true,"href":"https:\/\/mueller-wrh.de\/tr\/wp-json\/wp\/v2\/media\/5081"}],"wp:attachment":[{"href":"https:\/\/mueller-wrh.de\/tr\/wp-json\/wp\/v2\/media?parent=5088"}],"wp:term":[{"taxonomy":"product_brand","embeddable":true,"href":"https:\/\/mueller-wrh.de\/tr\/wp-json\/wp\/v2\/product_brand?post=5088"},{"taxonomy":"product_cat","embeddable":true,"href":"https:\/\/mueller-wrh.de\/tr\/wp-json\/wp\/v2\/product_cat?post=5088"},{"taxonomy":"product_tag","embeddable":true,"href":"https:\/\/mueller-wrh.de\/tr\/wp-json\/wp\/v2\/product_tag?post=5088"}],"curies":[{"name":"wp","href":"https:\/\/api.w.org\/{rel}","templated":true}]}}