{"id":5073,"date":"2026-03-19T12:42:51","date_gmt":"2026-03-19T12:42:51","guid":{"rendered":"https:\/\/mueller-wrh.de\/produkt\/star-sr32-j-bj-2006_11_-intnr231523\/"},"modified":"2026-03-19T12:43:55","modified_gmt":"2026-03-19T12:43:55","slug":"star-sr32-j-bj-2006_11_-intnr231523","status":"publish","type":"product","link":"https:\/\/mueller-wrh.de\/tr\/urun\/star-sr32-j-bj-2006_11_-intnr231523\/","title":{"rendered":"STAR SR32-J, y\u0131l 2006_11_ IntNo231523"},"content":{"rendered":"<p><b>Konum:<\/b> Almanya, Baden-W\u00fcrttemberg G\u00fcneybat\u0131<\/p>\n<p><b>Durum:<\/b> Kullan\u0131lm\u0131\u015f<\/p>\n<p><b>\u00dcretici firma:<\/b> STAR Micronics<\/p>\n<p><b>Model:<\/b> SR32-J<\/p>\n<p><b>\u0130n\u015faat y\u0131l\u0131:<\/b> 2006<\/p>\n<p><b>\u00c7al\u0131\u015fma saatleri:<\/b> 58957<\/p>\n<p>CNC kayar mesnetli torna STAR SR-32J (\u0130svi\u00e7re Tipi)<br \/>\n\u0130n\u015faat y\u0131l\u0131: 2006<br \/>\nKontrol sistemi: FANUC<br \/>\nKesim S\u00fcresi:43000<br \/>\nTeknik veriler<br \/>\nMaks. D\u00f6nd\u00fcrme \u00e7ap\u0131: \u00d8 32 mm<br \/>\nEtkili d\u00f6n\u00fc\u015f uzunlu\u011fu: yakla\u015f\u0131k 80-310 mm (ekipmana ve k\u0131lavuz burca ba\u011fl\u0131 olarak)<br \/>\nAna mil:<br \/>\n- Maks. H\u0131z: 7.000 dak-\u00b9<br \/>\n- Tahrik g\u00fcc\u00fc: 7,5 kW<br \/>\n- Headstock stroku: 310 mm<br \/>\n- Kontur i\u015fleme i\u00e7in C ekseni<br \/>\n- Entegre motorlu aletler ve delme\/frezeleme \u00fcniteleri<br \/>\nKar\u015f\u0131 i\u015f mili:<br \/>\n- Maks. D\u00f6nd\u00fcrme \u00e7ap\u0131: \u00d8 32 mm<br \/>\n- Maks. H\u0131z: 7.000 dak-\u00b9<br \/>\n- Tahrik g\u00fcc\u00fc: 3,7 kW<br \/>\n- C ekseni<br \/>\n- Delme\/frezeleme \u00fcniteleri<br \/>\n- \u00dcfleme cihaz\u0131<br \/>\n- Kesme \u00e7eli\u011fi k\u0131r\u0131lma korumas\u0131<br \/>\nEksenler \/ seyahatler:<br \/>\n- X1 \/ Z1 \/ Y1 (ana i\u015fleme): yakl. X1 310 mm \/ Z1 310 mm \/ Y1 \u00b1 25 mm<br \/>\n- H\u0131zl\u0131 travers: yakla\u015f\u0131k 24 m\/dak.<br \/>\nMakine boyutlar\u0131: 2.711 \u00d7 1.275 \u00d7 1.705 mm<br \/>\nMakine a\u011f\u0131rl\u0131\u011f\u0131: yakla\u015f\u0131k 3.100 kg<br \/>\n\u00c7ubuk besleyici: FMB Turbo 3-32 \/ 3200 \/ A<br \/>\n- \u00c7ubuk kapasitesi: \u00d8 3-32 mm<br \/>\n- \u0130n\u015faat y\u0131l\u0131: 2006<br \/>\n- Boyutlar: yakla\u015f\u0131k 4.800 \u00d7 1.200 \u00d7 1.900 mm<br \/>\n- A\u011f\u0131rl\u0131k: yakla\u015f\u0131k 800 kg<br \/>\nY\u00fcksek bas\u0131n\u00e7 sistemi: Tankl\u0131 ve filtreli SFB B\u00fcchele \/ 80 bar<br \/>\nKullan\u0131m k\u0131lavuzlar\u0131 \/ belgeler<br \/>\nG\u00f6r\u00fcnt\u00fcleme: Makine randevu ile yerinde g\u00f6r\u00fclebilir.<br \/>\nNot: Teknik verilerdeki de\u011fi\u015fikliklere ve hatalara ve ayr\u0131ca sat\u0131\u015f \u00f6ncesine tabidir!<\/p>\n<p>CNC Uzun Torna STAR SR-32J (\u0130svi\u00e7re Tipi)<br \/>\n\u00dcretim y\u0131l\u0131: 2006<br \/>\nKontrol sistemi: FANUC<br \/>\nKesim s\u00fcresi: 43.000 saat<\/p>\n<p>Teknik \u00d6zellikler<\/p>\n<p>Maks. d\u00f6n\u00fc\u015f \u00e7ap\u0131: \u00d8 32 mm<br \/>\nKullan\u0131labilir d\u00f6n\u00fc\u015f uzunlu\u011fu: yakla\u015f\u0131k 80-310 mm (ekipmana ve k\u0131lavuz burca ba\u011fl\u0131 olarak)<\/p>\n<p>Ana mil:<\/p>\n<p>Maks. h\u0131z: 7.000 rpm<\/p>\n<p>Tahrik g\u00fcc\u00fc: 7,5 kW<\/p>\n<p>\u0130\u015f mili stok hareketi: 310 mm<\/p>\n<p>Kontur i\u015fleme i\u00e7in C ekseni<\/p>\n<p>Motorlu tak\u0131mlar ve entegre delme\/frezeleme \u00fcniteleri<\/p>\n<p>Kar\u015f\u0131 i\u015f mili:<\/p>\n<p>Maks. d\u00f6n\u00fc\u015f \u00e7ap\u0131: \u00d8 32 mm<\/p>\n<p>Maks. h\u0131z: 7.000 rpm<\/p>\n<p>Tahrik g\u00fcc\u00fc: 3,7 kW<\/p>\n<p>C ekseni<\/p>\n<p>Delme\/frezeleme \u00fcniteleri<\/p>\n<p>\u00dcfleme cihaz\u0131<\/p>\n<p>Ay\u0131rma aleti k\u0131r\u0131lma korumas\u0131<\/p>\n<p>Eksenler \/ Seyahat aral\u0131klar\u0131:<\/p>\n<p>X1 \/ Z1 \/ Y1 (ana i\u015fleme): yakla\u015f\u0131k X1 310 mm \/ Z1 310 mm \/ Y1 \u00b1 25 mm<\/p>\n<p>H\u0131zl\u0131 travers: yakla\u015f\u0131k 24 m\/dak.<\/p>\n<p>Makine boyutlar\u0131: 2.711 \u00d7 1.275 \u00d7 1.705 mm<br \/>\nMakine a\u011f\u0131rl\u0131\u011f\u0131: yakla\u015f\u0131k 3.100 kg<\/p>\n<p>\u00c7ubuk besleyici: FMB Turbo 3-32 \/ 3200 \/ A<\/p>\n<p>\u00c7ubuk \u00e7ap\u0131 aral\u0131\u011f\u0131: \u00d8 3-32 mm<\/p>\n<p>\u00dcretim y\u0131l\u0131: 2006<\/p>\n<p>Boyutlar: yakla\u015f\u0131k 4.800 \u00d7 1.200 \u00d7 1.900 mm<\/p>\n<p>A\u011f\u0131rl\u0131k: yakla\u015f\u0131k 800 kg<\/p>\n<p>Y\u00fcksek bas\u0131n\u00e7 sistemi: Tankl\u0131 ve filtreli SFB B\u00fcchele \/ 80 bar<\/p>\n<p>K\u0131lavuzlar \/ Dok\u00fcmantasyon: Dahil<\/p>\n<p>G\u00f6r\u00fcnt\u00fcleme: Makine randevu ile yerinde incelenebilir.<\/p>\n<p>Not: Teknik veriler ve teknik \u00f6zellikler de\u011fi\u015fikli\u011fe ve hatalara tabidir; \u00f6n sat\u0131\u015f hakk\u0131 sakl\u0131d\u0131r.<\/p>","protected":false},"excerpt":{"rendered":"<p>Standort: Deutschland, Baden-W\u00fcrttemberg S\u00fcdwest Zustand: Gebraucht Hersteller: STAR Micronics Modell: SR32-J Baujahr: 2006 Betriebsstunden: 58957 CNC-Langdrehmaschine STAR SR-32J (Swiss-Type) Baujahr: 2006 Steuerung: FANUC Cutting Time:43000 Technische Daten Max. Drehdurchmesser: \u00d8 32 mm Nutzzdrehl\u00e4nge: ca. 80\u2013310 mm (abh\u00e4ngig von Ausstattung und F\u00fchrungsbuchse) Hauptspindel: \u2022 Max. Drehzahl: 7.000 min\u207b\u00b9 \u2022 Antriebsleistung: 7,5 kW \u2022 Spindelstockhub: 310 mm [&hellip;]<\/p>\n","protected":false},"featured_media":5074,"comment_status":"open","ping_status":"closed","template":"","meta":{"_uf_show_specific_survey":0,"_uf_disable_surveys":false},"product_brand":[],"product_cat":[23],"product_tag":[],"class_list":{"0":"post-5073","1":"product","2":"type-product","3":"status-publish","4":"has-post-thumbnail","6":"product_cat-cnc-langdrehmaschinen","8":"first","9":"instock","10":"taxable","11":"shipping-taxable","12":"product-type-simple"},"aioseo_notices":[],"_links":{"self":[{"href":"https:\/\/mueller-wrh.de\/tr\/wp-json\/wp\/v2\/product\/5073","targetHints":{"allow":["GET"]}}],"collection":[{"href":"https:\/\/mueller-wrh.de\/tr\/wp-json\/wp\/v2\/product"}],"about":[{"href":"https:\/\/mueller-wrh.de\/tr\/wp-json\/wp\/v2\/types\/product"}],"replies":[{"embeddable":true,"href":"https:\/\/mueller-wrh.de\/tr\/wp-json\/wp\/v2\/comments?post=5073"}],"wp:featuredmedia":[{"embeddable":true,"href":"https:\/\/mueller-wrh.de\/tr\/wp-json\/wp\/v2\/media\/5074"}],"wp:attachment":[{"href":"https:\/\/mueller-wrh.de\/tr\/wp-json\/wp\/v2\/media?parent=5073"}],"wp:term":[{"taxonomy":"product_brand","embeddable":true,"href":"https:\/\/mueller-wrh.de\/tr\/wp-json\/wp\/v2\/product_brand?post=5073"},{"taxonomy":"product_cat","embeddable":true,"href":"https:\/\/mueller-wrh.de\/tr\/wp-json\/wp\/v2\/product_cat?post=5073"},{"taxonomy":"product_tag","embeddable":true,"href":"https:\/\/mueller-wrh.de\/tr\/wp-json\/wp\/v2\/product_tag?post=5073"}],"curies":[{"name":"wp","href":"https:\/\/api.w.org\/{rel}","templated":true}]}}