{"id":4983,"date":"2026-03-13T11:16:37","date_gmt":"2026-03-13T11:16:37","guid":{"rendered":"https:\/\/mueller-wrh.de\/produkt\/hermle-c40u-bj-2003_intnr231507\/"},"modified":"2026-03-13T11:16:37","modified_gmt":"2026-03-13T11:16:37","slug":"hermle-c40u-bj-2003_intnr231507","status":"publish","type":"product","link":"https:\/\/mueller-wrh.de\/tr\/urun\/hermle-c40u-bj-2003_intnr231507\/","title":{"rendered":"Hermle C40U, y\u0131l 2003_IntNr231507"},"content":{"rendered":"<p><b>Konum:<\/b> Almanya, Baden-W\u00fcrttemberg G\u00fcneybat\u0131<\/p>\n<p><b>Durum:<\/b> Kullan\u0131lm\u0131\u015f<\/p>\n<p><b>\u00dcretici firma:<\/b> Hermle<\/p>\n<p><b>Model:<\/b> C 40 U<\/p>\n<p><b>\u0130n\u015faat y\u0131l\u0131:<\/b> 2003<\/p>\n<p>5 eksenli \u00fcniversal i\u015fleme merkezi Hermle tipi: C 40 U<br \/>\nYap\u0131m y\u0131l\u0131: 2003<br \/>\nKontrol: Heidenhain iTNC 530<br \/>\nSeyahat mesafeleri:<br \/>\nX ekseni: 850 mm<br \/>\nY ekseni: 700 mm<br \/>\nZ ekseni: 500 mm<br \/>\nNC d\u00f6ner tabla:<br \/>\n\u00c7ap: \u00d8 800 mm<br \/>\nD\u00f6nme aral\u0131\u011f\u0131 A ekseni: +25\u00b0 \/ -110\u00b0<br \/>\nC ekseni d\u00f6n\u00fc\u015f aral\u0131\u011f\u0131: 360<br \/>\nMakine a\u011f\u0131rl\u0131\u011f\u0131 yakla\u015f\u0131k 10,5 ton<\/p>\n<p>Aksesuarlar:<br \/>\neksiksiz dok\u00fcmantasyon<br \/>\nSo\u011futma s\u0131v\u0131s\u0131 cihaz\u0131<br \/>\nHidrolik \u00fcnite<br \/>\nNC d\u00f6ner tabla<br \/>\nelektrikli el \u00e7ark\u0131<br \/>\n\u00d6l\u00e7\u00fcm probu Renishaw<\/p>\n<p>Makine randevu ile incelenebilir.<br \/>\nTeknik veri ve bilgilerdeki de\u011fi\u015fiklikler ve hatalar ile \u00f6n sat\u0131\u015f hakk\u0131 sakl\u0131d\u0131r!<\/p>\n<p>5 eksenli \u00fcniversal i\u015fleme merkezi Hermle Tip: C 40 U<br \/>\n\u00dcretim y\u0131l\u0131: 2003<br \/>\nKontrol: Heidenhain iTNC 530<br \/>\nSeyahat mesafeleri:<br \/>\nX ekseni: 850 mm<br \/>\nY ekseni: 700 mm<br \/>\nZ ekseni: 500 mm<br \/>\nNC d\u00f6ner tabla:<br \/>\n\u00c7ap \u00d8 800 mm<br \/>\nD\u00f6nme aral\u0131\u011f\u0131 A ekseni: +25\u00b0 \/ -110\u00b0<br \/>\nD\u00f6nme aral\u0131\u011f\u0131 C ekseni: 360\u00b0<br \/>\nMakine a\u011f\u0131rl\u0131\u011f\u0131 yakla\u015f\u0131k 10,5 ton<\/p>\n<p>Aksesuarlar:<br \/>\nEksiksiz dok\u00fcmantasyon<br \/>\nSo\u011futma s\u0131v\u0131s\u0131 sistemi<br \/>\nHidrolik \u00fcnite<br \/>\nNC d\u00f6ner tabla<br \/>\nElektrikli el \u00e7ark\u0131<br \/>\nRenishaw \u00f6l\u00e7\u00fcm probu<\/p>\n<p>Makine randevu ile g\u00f6r\u00fclebilir.<br \/>\nTeknik verilerdeki ve spesifikasyonlardaki de\u011fi\u015fikliklere ve hatalara ve ayr\u0131ca sat\u0131\u015f \u00f6ncesine tabidir!<\/p>","protected":false},"excerpt":{"rendered":"<p>Standort: Deutschland, Baden-W\u00fcrttemberg S\u00fcdwest Zustand: Gebraucht Hersteller: Hermle Modell: C 40 U Baujahr: 2003 5-Achsen-Universal-Bearbeitungszentrum Hermle Typ: C 40 U Baujahr: 2003 Steuerung: Heidenhain iTNC 530 Verfahrwege: X-Achse: 850 mm Y-Achse: 700 mm Z-Achse: 500 mm NC-Schwenkrundtisch: Durchmesser: \u00d8 800 mm Schwenkbereich A-Achse: +25\u00b0 \/ -110\u00b0 Drehbereich C-Achse: 360\u00b0 Maschinengewicht ca. 10,5 t Zubeh\u00f6r: kompl. [&hellip;]<\/p>\n","protected":false},"featured_media":4979,"comment_status":"open","ping_status":"closed","template":"","meta":{"_uf_show_specific_survey":0,"_uf_disable_surveys":false},"product_brand":[],"product_cat":[21],"product_tag":[],"class_list":{"0":"post-4983","1":"product","2":"type-product","3":"status-publish","4":"has-post-thumbnail","6":"product_cat-cnc-bearbeitungszentrum","8":"first","9":"instock","10":"taxable","11":"shipping-taxable","12":"product-type-simple"},"aioseo_notices":[],"_links":{"self":[{"href":"https:\/\/mueller-wrh.de\/tr\/wp-json\/wp\/v2\/product\/4983","targetHints":{"allow":["GET"]}}],"collection":[{"href":"https:\/\/mueller-wrh.de\/tr\/wp-json\/wp\/v2\/product"}],"about":[{"href":"https:\/\/mueller-wrh.de\/tr\/wp-json\/wp\/v2\/types\/product"}],"replies":[{"embeddable":true,"href":"https:\/\/mueller-wrh.de\/tr\/wp-json\/wp\/v2\/comments?post=4983"}],"wp:featuredmedia":[{"embeddable":true,"href":"https:\/\/mueller-wrh.de\/tr\/wp-json\/wp\/v2\/media\/4979"}],"wp:attachment":[{"href":"https:\/\/mueller-wrh.de\/tr\/wp-json\/wp\/v2\/media?parent=4983"}],"wp:term":[{"taxonomy":"product_brand","embeddable":true,"href":"https:\/\/mueller-wrh.de\/tr\/wp-json\/wp\/v2\/product_brand?post=4983"},{"taxonomy":"product_cat","embeddable":true,"href":"https:\/\/mueller-wrh.de\/tr\/wp-json\/wp\/v2\/product_cat?post=4983"},{"taxonomy":"product_tag","embeddable":true,"href":"https:\/\/mueller-wrh.de\/tr\/wp-json\/wp\/v2\/product_tag?post=4983"}],"curies":[{"name":"wp","href":"https:\/\/api.w.org\/{rel}","templated":true}]}}