{"id":4972,"date":"2026-03-13T10:56:47","date_gmt":"2026-03-13T10:56:47","guid":{"rendered":"https:\/\/mueller-wrh.de\/produkt\/cnc-lns-hydrobar-6-42-hs-4-6-bj-2011-intnr2314500\/"},"modified":"2026-03-13T10:56:47","modified_gmt":"2026-03-13T10:56:47","slug":"cnc-lns-hydrobar-6-42-hs-4-6-bj-2011-intnr2314500","status":"publish","type":"product","link":"https:\/\/mueller-wrh.de\/tr\/urun\/cnc-lns-hydrobar-6-42-hs-4-6-bj-2011-intnr2314500\/","title":{"rendered":"CNC LNS Hydrobar 6.42 HS -4.6 Y\u0131l 2011 IntNr2314500"},"content":{"rendered":"<p><b>Konum:<\/b> Almanya, Baden-W\u00fcrttemberg G\u00fcneybat\u0131<\/p>\n<p><b>Durum:<\/b> Kullan\u0131lm\u0131\u015f<\/p>\n<p><b>\u00dcretici firma:<\/b> HAAS<\/p>\n<p><b>Model:<\/b> 6,42 HS-4,6<\/p>\n<p><b>\u0130n\u015faat y\u0131l\u0131:<\/b> 2009<\/p>\n<p>Denenmi\u015f ve test edilmi\u015f y\u00fcksek performansl\u0131 \u00e7ubuk besleyici sat\u0131l\u0131kt\u0131r<br \/>\nLNS, Hydrobar 6.42 HS-4.6 tipi. <\/p>\n<p>Teknik veriler<\/p>\n<p>\u00dcretici LNS (\u0130svi\u00e7re)<br \/>\nModel Hydrobar 6.42 HS-4.6<br \/>\n\u0130n\u015faat y\u0131l\u0131 2011<br \/>\n\u00c7al\u0131\u015fma aral\u0131\u011f\u0131 (\u00e7ap) \u00d8 6 mm ila \u00d8 42 mm<br \/>\nMaks. \u00c7ubuk uzunlu\u011fu 3.000 mm<br \/>\nHidrobarik k\u0131lavuz prensibi (komple ya\u011f banyosu)<br \/>\nHidrolik besleme tahriki<br \/>\nYa\u011f kapasitesi yakla\u015f\u0131k 150 - 170 litre (HLP 46 veya benzeri)<br \/>\nMagazinin toplam uzunlu\u011fu yakla\u015f\u0131k 4.850 mm<br \/>\nA\u011f\u0131rl\u0131k (bo\u015f) yakla\u015f\u0131k 650 kg<\/p>\n<p>Makine randevu ile elektrik alt\u0131nda incelenebilir.<br \/>\nTeknik veri ve bilgilerdeki de\u011fi\u015fiklikler ve hatalar ile \u00f6n sat\u0131\u015f hakk\u0131 sakl\u0131d\u0131r!<\/p>\n<p>Denenmi\u015f ve test edilmi\u015f y\u00fcksek performansl\u0131 bir \u00e7ubuk y\u00fckleme \u015farj\u00f6r\u00fc<br \/>\nLNS, model Hydrobar 6.42 HS-4.6 sat\u0131l\u0131kt\u0131r. <\/p>\n<p>Teknik \u00f6zellikler<\/p>\n<p>\u00dcretici LNS (\u0130svi\u00e7re)<br \/>\nModel Hydrobar 6.42 HS-4.6<br \/>\n\u00dcretim y\u0131l\u0131 2011<br \/>\n\u00c7al\u0131\u015fma aral\u0131\u011f\u0131 (\u00e7ap) \u00d8 6 mm ila \u00d8 42 mm<br \/>\nMaks. \u00e7ubuk uzunlu\u011fu 3.000 mm<br \/>\nK\u0131lavuz ilke Hidrobarik (tam ya\u011f banyosu)<br \/>\nBesleme tahriki Hidrolik<br \/>\nYa\u011f kapasitesi yakla\u015f\u0131k 150-170 litre (HLP 46 veya e\u015fde\u011feri)<br \/>\nMagazinin toplam uzunlu\u011fu yakla\u015f\u0131k 4.850 mm<br \/>\nA\u011f\u0131rl\u0131k (bo\u015f) yakla\u015f\u0131k 650 kg<\/p>\n<p>Makine, randevu ile \u00e7al\u0131\u015f\u0131r durumda g\u00f6r\u00fclebilir.<br \/>\nTeknik verilerdeki ve spesifikasyonlardaki de\u011fi\u015fikliklere ve hatalara ve ayr\u0131ca sat\u0131\u015f \u00f6ncesine tabidir!<\/p>","protected":false},"excerpt":{"rendered":"<p>Standort: Deutschland, Baden-W\u00fcrttemberg S\u00fcdwest Zustand: Gebraucht Hersteller: HAAS Modell: 6.42 HS-4.6 Baujahr: 2009 Zum Verkauf steht ein bew\u00e4hrtes Hochleistungs-Stangenlademagazin LNS, Typ Hydrobar 6.42 HS-4.6. Technische Daten Hersteller LNS (Schweiz) Modell Hydrobar 6.42 HS-4.6 Baujahr 2011 Arbeitsbereich (Durchmesser) \u00d8 6 mm bis \u00d8 42 mm Max. Stangenl\u00e4nge 3.000 mm F\u00fchrungsprinzip Hydrobarisch (vollst\u00e4ndiges \u00d6lbad) Vorschubantrieb Hydraulisch \u00d6lf\u00fcllmenge [&hellip;]<\/p>\n","protected":false},"featured_media":4968,"comment_status":"open","ping_status":"closed","template":"","meta":{"_uf_show_specific_survey":0,"_uf_disable_surveys":false},"product_brand":[],"product_cat":[88],"product_tag":[],"class_list":{"0":"post-4972","1":"product","2":"type-product","3":"status-publish","4":"has-post-thumbnail","6":"product_cat-stangenzufuehrungen","8":"first","9":"instock","10":"taxable","11":"shipping-taxable","12":"product-type-simple"},"aioseo_notices":[],"_links":{"self":[{"href":"https:\/\/mueller-wrh.de\/tr\/wp-json\/wp\/v2\/product\/4972","targetHints":{"allow":["GET"]}}],"collection":[{"href":"https:\/\/mueller-wrh.de\/tr\/wp-json\/wp\/v2\/product"}],"about":[{"href":"https:\/\/mueller-wrh.de\/tr\/wp-json\/wp\/v2\/types\/product"}],"replies":[{"embeddable":true,"href":"https:\/\/mueller-wrh.de\/tr\/wp-json\/wp\/v2\/comments?post=4972"}],"wp:featuredmedia":[{"embeddable":true,"href":"https:\/\/mueller-wrh.de\/tr\/wp-json\/wp\/v2\/media\/4968"}],"wp:attachment":[{"href":"https:\/\/mueller-wrh.de\/tr\/wp-json\/wp\/v2\/media?parent=4972"}],"wp:term":[{"taxonomy":"product_brand","embeddable":true,"href":"https:\/\/mueller-wrh.de\/tr\/wp-json\/wp\/v2\/product_brand?post=4972"},{"taxonomy":"product_cat","embeddable":true,"href":"https:\/\/mueller-wrh.de\/tr\/wp-json\/wp\/v2\/product_cat?post=4972"},{"taxonomy":"product_tag","embeddable":true,"href":"https:\/\/mueller-wrh.de\/tr\/wp-json\/wp\/v2\/product_tag?post=4972"}],"curies":[{"name":"wp","href":"https:\/\/api.w.org\/{rel}","templated":true}]}}