{"id":4959,"date":"2026-03-13T10:25:16","date_gmt":"2026-03-13T10:25:16","guid":{"rendered":"https:\/\/mueller-wrh.de\/produkt\/ergomat-tda-26-36-cnc-bj-97-mit-einzelstangenvorschub-intnr231498\/"},"modified":"2026-03-13T10:25:16","modified_gmt":"2026-03-13T10:25:16","slug":"ergomat-tda-26-36-cnc-bj-97-mit-einzelstangenvorschub-intnr231498","status":"publish","type":"product","link":"https:\/\/mueller-wrh.de\/tr\/urun\/ergomat-tda-26-36-cnc-bj-97-mit-einzelstangenvorschub-intnr231498\/","title":{"rendered":"ERGOMAT TDA-26-36 CNC, y\u0131l '97, tek \u00e7ubuk beslemeli IntNr231498"},"content":{"rendered":"<p><b>Konum:<\/b> Almanya, Baden-W\u00fcrttemberg G\u00fcneybat\u0131<\/p>\n<p><b>Durum:<\/b> Kullan\u0131lm\u0131\u015f<\/p>\n<p><b>Model:<\/b> TDA 26-36 CNC<\/p>\n<p><b>\u0130n\u015faat y\u0131l\u0131:<\/b> 1997<\/p>\n<p>Y\u00fcksek h\u0131zl\u0131 CNC otomatik torna (k\u0131sa torna)<br \/>\nYap\u0131m y\u0131l\u0131: 1997<br \/>\nKontrol sistemi: Fanuc'a benzer<\/p>\n<p>Teknik veriler<\/p>\n<p>Maks. \u00c7ubuk \u00e7ap\u0131: 36 mm<br \/>\nStandart \u00e7ubuk a\u00e7\u0131kl\u0131\u011f\u0131: 26 mm<br \/>\nMaks. D\u00f6nd\u00fcrme uzunlu\u011fu: 100 mm<br \/>\n\u00c7apraz k\u0131zak \u00fczerinde d\u00f6n\u00fc\u015f \u00e7ap\u0131: 120 mm<\/p>\n<p>Ana mil<br \/>\nH\u0131z aral\u0131\u011f\u0131: 100 - 6.300 rpm (kademesiz de\u011fi\u015fken)<br \/>\n\u0130\u015f mili g\u00fcc\u00fc: 7,5 kW \/ 11 kW (s\u00fcrekli\/tepe)<br \/>\nMil burnu: A2-5\u2033<br \/>\nC ekseni: \u00c7\u00f6z\u00fcn\u00fcrl\u00fck 0,001\u00b0<br \/>\nK\u0131zak say\u0131s\u0131: E\u015fzamanl\u0131 i\u015fleme i\u00e7in 4 do\u011frusal k\u0131zak (X\/Z)<br \/>\n8 istasyonlu y\u0131ld\u0131z tareti (VDI 20)<br \/>\nH\u0131zl\u0131 travers h\u0131zlar\u0131: 15 m\/dak (X ekseni) \/ 20 m\/dak (Z ekseni)<br \/>\nBesleme kuvveti: 2.500 N<\/p>\n<p>Tek \u00e7ubuk besleme: ERGOMAT, 3.000 mm'ye kadar \u00e7ubuk uzunluklar\u0131 i\u00e7in.<\/p>\n<p>Makine randevu ile elektrik alt\u0131nda incelenebilir.<br \/>\nTeknik veri ve bilgilerdeki de\u011fi\u015fiklikler ve hatalar ile \u00f6n sat\u0131\u015f hakk\u0131 sakl\u0131d\u0131r!<\/p>\n<p>UY\u00fcksek h\u0131zl\u0131 CNC otomatik torna tezgah\u0131 (k\u0131sa s\u00fcreli torna tezgah\u0131)<br \/>\n\u00dcretim y\u0131l\u0131: 1997<br \/>\nKontrol sistemi: Fanuc'a benzer<\/p>\n<p>Teknik \u00f6zellikler<\/p>\n<p>Maks. \u00e7ubuk \u00e7ap\u0131: 36 mm<br \/>\nStandart \u00e7ubuk kapasitesi: 26 mm<br \/>\nMaks. d\u00f6n\u00fc\u015f uzunlu\u011fu: 100 mm<br \/>\n\u00c7apraz k\u0131zak \u00fczerinde d\u00f6nme \u00e7ap\u0131: 120 mm<\/p>\n<p>Ana mil<br \/>\nH\u0131z aral\u0131\u011f\u0131: 100 - 6.300 rpm (s\u00fcrekli de\u011fi\u015fken)<br \/>\n\u0130\u015f mili g\u00fcc\u00fc: 7,5 kW \/ 11 kW (s\u00fcrekli\/tepe)<br \/>\nMil burnu: A2-5\u2033<br \/>\nC ekseni: \u00e7\u00f6z\u00fcn\u00fcrl\u00fck 0,001\u00b0<br \/>\nK\u0131zak say\u0131s\u0131: E\u015fzamanl\u0131 i\u015fleme i\u00e7in 4 do\u011frusal k\u0131zak (X\/Z)<br \/>\n8 istasyonlu y\u0131ld\u0131z tareti (VDI 20)<br \/>\nH\u0131zl\u0131 travers h\u0131zlar\u0131: 15 m\/dak (X ekseni) \/ 20 m\/dak (Z ekseni)<br \/>\nBesleme kuvveti: 2.500 N<\/p>\n<p>Tek \u00e7ubuk besleme: ERGOMAT, 3.000 mm'ye kadar \u00e7ubuk uzunluklar\u0131 i\u00e7in.<\/p>\n<p>Makine, randevu ile \u00e7al\u0131\u015f\u0131r durumda g\u00f6r\u00fclebilir.<br \/>\nTeknik verilerdeki ve spesifikasyonlardaki de\u011fi\u015fikliklere ve hatalara ve ayr\u0131ca sat\u0131\u015f \u00f6ncesine tabidir!<\/p>","protected":false},"excerpt":{"rendered":"<p>Standort: Deutschland, Baden-W\u00fcrttemberg S\u00fcdwest Zustand: Gebraucht Modell: TDA 26-36 CNC Baujahr: 1997 Hochgeschwindigkeits-CNC-Drehautomat (Kurzdreher) Baujahr: 1997 Steuerung: \u00e4hnlich Fanuc Technische Daten Max. Stangendurchmesser: 36 mm Standard-Stangendurchlass: 26 mm Max. Drehl\u00e4nge: 100 mm Schwingdurchmesser \u00fcber Planschlitten: 120 mm Hauptspindel Drehzahlbereich: 100 \u2013 6.300 U\/min (stufenlos regelbar) Spindelleistung: 7,5 kW \/ 11 kW (Dauer\/Peak) Spindelnase: A2-5&#8243; C-Achse: [&hellip;]<\/p>\n","protected":false},"featured_media":4953,"comment_status":"open","ping_status":"closed","template":"","meta":{"_uf_show_specific_survey":0,"_uf_disable_surveys":false},"product_brand":[],"product_cat":[110],"product_tag":[],"class_list":{"0":"post-4959","1":"product","2":"type-product","3":"status-publish","4":"has-post-thumbnail","6":"product_cat-revolverdrehautomaten","8":"first","9":"instock","10":"taxable","11":"shipping-taxable","12":"product-type-simple"},"aioseo_notices":[],"_links":{"self":[{"href":"https:\/\/mueller-wrh.de\/tr\/wp-json\/wp\/v2\/product\/4959","targetHints":{"allow":["GET"]}}],"collection":[{"href":"https:\/\/mueller-wrh.de\/tr\/wp-json\/wp\/v2\/product"}],"about":[{"href":"https:\/\/mueller-wrh.de\/tr\/wp-json\/wp\/v2\/types\/product"}],"replies":[{"embeddable":true,"href":"https:\/\/mueller-wrh.de\/tr\/wp-json\/wp\/v2\/comments?post=4959"}],"wp:featuredmedia":[{"embeddable":true,"href":"https:\/\/mueller-wrh.de\/tr\/wp-json\/wp\/v2\/media\/4953"}],"wp:attachment":[{"href":"https:\/\/mueller-wrh.de\/tr\/wp-json\/wp\/v2\/media?parent=4959"}],"wp:term":[{"taxonomy":"product_brand","embeddable":true,"href":"https:\/\/mueller-wrh.de\/tr\/wp-json\/wp\/v2\/product_brand?post=4959"},{"taxonomy":"product_cat","embeddable":true,"href":"https:\/\/mueller-wrh.de\/tr\/wp-json\/wp\/v2\/product_cat?post=4959"},{"taxonomy":"product_tag","embeddable":true,"href":"https:\/\/mueller-wrh.de\/tr\/wp-json\/wp\/v2\/product_tag?post=4959"}],"curies":[{"name":"wp","href":"https:\/\/api.w.org\/{rel}","templated":true}]}}