{"id":4952,"date":"2026-03-13T10:06:22","date_gmt":"2026-03-13T10:06:22","guid":{"rendered":"https:\/\/mueller-wrh.de\/produkt\/weiler-ud-24-cnc-bj-1995-mit-irco-einzelstangenzufuehrung-intnr231497\/"},"modified":"2026-03-13T10:06:22","modified_gmt":"2026-03-13T10:06:22","slug":"weiler-ud-24-cnc-bj-1995-mit-irco-einzelstangenzufuehrung-intnr231497","status":"publish","type":"product","link":"https:\/\/mueller-wrh.de\/tr\/urun\/weiler-ud-24-cnc-bj-1995-mit-irco-einzelstangenzufuehrung-intnr231497\/","title":{"rendered":"WEILER UD 24 CNC, Bj. 1995 IRCO tek \u00e7ubuklu besleyici ile IntNr231497"},"content":{"rendered":"<p><b>Konum:<\/b> Almanya, Baden-W\u00fcrttemberg G\u00fcneybat\u0131<\/p>\n<p><b>Durum:<\/b> Kullan\u0131lm\u0131\u015f<\/p>\n<p><b>Model:<\/b> UD 24 CNC<\/p>\n<p><b>\u0130n\u015faat y\u0131l\u0131:<\/b> 1995<\/p>\n<p><b>\u00c7al\u0131\u015fma saatleri:<\/b> 40000<\/p>\n<p>Bak\u0131ml\u0131 ve kullan\u0131ma haz\u0131r bir CNC hassas torna tezgah\u0131 sat\u0131l\u0131kt\u0131r<br \/>\n1995'ten kalma Weiler UD 24 tipi.<\/p>\n<p>Teknik veriler<\/p>\n<p>Siemens Sinumerik 810T kontrol sistemi<br \/>\nYatak \u00fczerinde \u00e7evresel \u00e7ap 240 mm<br \/>\nMaks. D\u00f6nd\u00fcrme \u00e7ap\u0131 120 mm<br \/>\n\u0130\u015f mili deli\u011fi 42 mm<br \/>\n6.000 rpm'ye kadar h\u0131z aral\u0131\u011f\u0131<br \/>\nTak\u0131m tareti 12 konumlu VDI 20<br \/>\n\u00c7ubuk besleyici IRCO tek \u00e7ubuk besleyici<\/p>\n<p>Ekipman ve aksesuarlar:<br \/>\nC ekseni: Delme ve frezeleme i\u015flemleri i\u00e7in (radyal\/eksenel).<br \/>\nY\u00fckleme sistemi: Verimli malzeme ikmali i\u00e7in IRCO k\u0131sa \u00e7ubuk y\u00fckleyici.<br \/>\nSo\u011futma sistemi: Komple so\u011futma s\u0131v\u0131s\u0131 sistemi.<br \/>\nG\u00fcvenlik kilidine sahip tam koruyucu kapak.<br \/>\nKullan\u0131m ve bak\u0131m talimatlar\u0131 mevcuttur.<\/p>\n<p>Makine randevu ile elektrik alt\u0131nda incelenebilir.<br \/>\nTeknik veri ve bilgilerdeki de\u011fi\u015fiklikler ve hatalar ile \u00f6n sat\u0131\u015f hakk\u0131 sakl\u0131d\u0131r!<\/p>\n<p>Sat\u0131l\u0131k iyi bak\u0131ml\u0131 ve \u00e7al\u0131\u015f\u0131r durumda bir CNC hassas torna tezgah\u0131<br \/>\n1995 y\u0131l\u0131nda \u00fcretilen Weiler UD 24 modeli.<\/p>\n<p>Teknik \u00f6zellikler<\/p>\n<p>Kontrol sistemi Siemens Sinumerik 810T<br \/>\nYatak \u00fczerinde maksimum sal\u0131n\u0131m 240 mm<br \/>\nMaksimum d\u00f6n\u00fc\u015f \u00e7ap\u0131 120 mm<br \/>\n\u0130\u015f mili deli\u011fi 42 mm<br \/>\n6.000 rpm'ye kadar h\u0131z aral\u0131\u011f\u0131<br \/>\nTak\u0131m tareti 12 istasyonlu VDI 20<br \/>\n\u00c7ubuk besleme IRCO tek \u00e7ubuk besleme<\/p>\n<p>Ekipman ve aksesuarlar:<br \/>\nC ekseni: Delme ve frezeleme i\u015flemleri i\u00e7in (radyal\/eksenel).<br \/>\nY\u00fckleme sistemi: Verimli malzeme beslemesi i\u00e7in IRCO k\u0131sa \u00e7ubuk y\u00fckleyici.<br \/>\nSo\u011futma sistemi: Komple so\u011futma s\u0131v\u0131s\u0131 sistemi.<br \/>\nEmniyet kilitli tam koruyucu kapak.<br \/>\nKullan\u0131m ve bak\u0131m talimatlar\u0131 mevcuttur.<\/p>\n<p>Makine randevu ile elektrik alt\u0131nda g\u00f6r\u00fclebilir.<br \/>\nTeknik verilerdeki ve spesifikasyonlardaki de\u011fi\u015fikliklere ve hatalara ve ayr\u0131ca sat\u0131\u015f \u00f6ncesine tabidir!<\/p>","protected":false},"excerpt":{"rendered":"<p>Standort: Deutschland, Baden-W\u00fcrttemberg S\u00fcdwest Zustand: Gebraucht Modell: UD 24 CNC Baujahr: 1995 Betriebsstunden: 40000 Zum Verkauf steht eine gepflegte und einsatzbereite CNC-Pr\u00e4zisionsdrehmaschine vom Typ Weiler UD 24 aus dem Jahr 1995. Technische Daten Steuerung Siemens Sinumerik 810T Umlaufdurchmesser \u00fcber Bett 240 mm Max. Drehdurchmesser 120 mm Spindelbohrung 42 mm Drehzahlbereich bis 6.000 U\/min Werkzeugrevolver 12-fach [&hellip;]<\/p>\n","protected":false},"featured_media":4945,"comment_status":"open","ping_status":"closed","template":"","meta":{"_uf_show_specific_survey":0,"_uf_disable_surveys":false},"product_brand":[],"product_cat":[110],"product_tag":[],"class_list":{"0":"post-4952","1":"product","2":"type-product","3":"status-publish","4":"has-post-thumbnail","6":"product_cat-revolverdrehautomaten","8":"first","9":"instock","10":"taxable","11":"shipping-taxable","12":"product-type-simple"},"aioseo_notices":[],"_links":{"self":[{"href":"https:\/\/mueller-wrh.de\/tr\/wp-json\/wp\/v2\/product\/4952","targetHints":{"allow":["GET"]}}],"collection":[{"href":"https:\/\/mueller-wrh.de\/tr\/wp-json\/wp\/v2\/product"}],"about":[{"href":"https:\/\/mueller-wrh.de\/tr\/wp-json\/wp\/v2\/types\/product"}],"replies":[{"embeddable":true,"href":"https:\/\/mueller-wrh.de\/tr\/wp-json\/wp\/v2\/comments?post=4952"}],"wp:featuredmedia":[{"embeddable":true,"href":"https:\/\/mueller-wrh.de\/tr\/wp-json\/wp\/v2\/media\/4945"}],"wp:attachment":[{"href":"https:\/\/mueller-wrh.de\/tr\/wp-json\/wp\/v2\/media?parent=4952"}],"wp:term":[{"taxonomy":"product_brand","embeddable":true,"href":"https:\/\/mueller-wrh.de\/tr\/wp-json\/wp\/v2\/product_brand?post=4952"},{"taxonomy":"product_cat","embeddable":true,"href":"https:\/\/mueller-wrh.de\/tr\/wp-json\/wp\/v2\/product_cat?post=4952"},{"taxonomy":"product_tag","embeddable":true,"href":"https:\/\/mueller-wrh.de\/tr\/wp-json\/wp\/v2\/product_tag?post=4952"}],"curies":[{"name":"wp","href":"https:\/\/api.w.org\/{rel}","templated":true}]}}