{"id":4944,"date":"2026-03-11T14:50:06","date_gmt":"2026-03-11T14:50:06","guid":{"rendered":"https:\/\/mueller-wrh.de\/produkt\/cnc-ergomat-tba-60-bj-2005-mit-einzelstangenvorschub-intnr231496\/"},"modified":"2026-03-11T14:50:06","modified_gmt":"2026-03-11T14:50:06","slug":"cnc-ergomat-tba-60-bj-2005-mit-einzelstangenvorschub-intnr231496","status":"publish","type":"product","link":"https:\/\/mueller-wrh.de\/tr\/urun\/cnc-ergomat-tba-60-bj-2005-mit-einzelstangenvorschub-intnr231496\/","title":{"rendered":"CNC ERGOMAT TBA-60, 2005 y\u0131l\u0131, tek \u00e7ubuk beslemeli IntNr231496"},"content":{"rendered":"<p><b>Konum:<\/b> Almanya, Baden-W\u00fcrttemberg G\u00fcneybat\u0131<\/p>\n<p><b>Durum:<\/b> Kullan\u0131lm\u0131\u015f<\/p>\n<p><b>Model:<\/b> TBA-60 CNC<\/p>\n<p><b>\u0130n\u015faat y\u0131l\u0131:<\/b> 2005<\/p>\n<p>Bir CNC \u00e7ok k\u0131zakl\u0131 otomatik torna ERGOMAT TBA-60 sat\u0131l\u0131kt\u0131r,<br \/>\ntek \u00e7ubuk besleme ile donat\u0131lm\u0131\u015ft\u0131r. <\/p>\n<p>Teknik veriler<br \/>\nTip: TBA-60<br \/>\n\u0130n\u015faat y\u0131l\u0131: 2005<br \/>\nMakine tipi: CNC \u00e7ok k\u0131zakl\u0131 otomatik torna<br \/>\nKontrol sistemi: CNC (Fanuc tabanl\u0131 kontrol sistemi)<\/p>\n<p>\u00c7al\u0131\u015fma alan\u0131<br \/>\nMaks. \u00c7ubuk a\u00e7\u0131kl\u0131\u011f\u0131 yuvarlak: 60 mm<br \/>\nMaks. D\u00f6nd\u00fcrme uzunlu\u011fu: 100 mm<\/p>\n<p>Mil<br \/>\n\u0130\u015f mili g\u00fcc\u00fc: 7,5 kW<br \/>\nMaks. \u0130\u015f mili h\u0131z\u0131: 3.150 rpm'ye kadar<\/p>\n<p>Alet sistemi<br \/>\nServo tahrikli 6 konumlu y\u0131ld\u0131z taret<br \/>\nTaret de\u011fi\u015ftirme s\u00fcresi: yakla\u015f\u0131k 0,3-0,4 sn<\/p>\n<p>\u00c7oklu slayt konsepti ile:<br \/>\n\u00d6n yatay s\u00fcrg\u00fc (X1\/Z1)<br \/>\nArka yatay s\u00fcrg\u00fc (X2)<br \/>\n\u0130ki dikey k\u0131zak (X3\/X4) ()<\/p>\n<p>Seyahat mesafeleri<br \/>\nYatay k\u0131zak hareket mesafesi: 45 mm<br \/>\nDikey k\u0131zak hareketi: 45 mm<\/p>\n<p>Makine verileri<br \/>\nMakine a\u011f\u0131rl\u0131\u011f\u0131: 2.000 kg<\/p>\n<p>Ekipman<br \/>\nTek \u00e7ubuk besleme<br \/>\nY\u00fcksek verimlilik i\u00e7in \u00e7ok k\u0131zakl\u0131 tornalama sistemi<br \/>\nSo\u011futma s\u0131v\u0131s\u0131 cihaz\u0131<br \/>\nTala\u015f atma \/ tala\u015f tepsisi<\/p>\n<p>Makine randevu ile elektrik alt\u0131nda incelenebilir.<br \/>\nTeknik veri ve bilgilerdeki de\u011fi\u015fiklikler ve hatalar ile \u00f6n sat\u0131\u015f hakk\u0131 sakl\u0131d\u0131r!<\/p>\n<p>Sat\u0131l\u0131k bir CNC \u00e7ok k\u0131zakl\u0131 otomatik torna ERGOMAT TBA-60,<br \/>\ntek \u00e7ubuk besleme ile donat\u0131lm\u0131\u015ft\u0131r. <\/p>\n<p>Teknik veriler<br \/>\nTip: TBA-60<br \/>\n\u00dcretim y\u0131l\u0131: 2005<br \/>\nMakine tipi: CNC \u00e7ok k\u0131zakl\u0131 otomatik torna<br \/>\nKontrol: CNC (Fanuc tabanl\u0131 kontrol)<\/p>\n<p>\u00c7al\u0131\u015fma aral\u0131\u011f\u0131<br \/>\nMaks. yuvarlak \u00e7ubuk kapasitesi: 60 mm<br \/>\nMaks. d\u00f6n\u00fc\u015f uzunlu\u011fu: 100 mm<\/p>\n<p>Mil<br \/>\n\u0130\u015f mili g\u00fcc\u00fc: 7,5 kW<br \/>\nMaks. i\u015f mili h\u0131z\u0131: 3.150 rpm'ye kadar<\/p>\n<p>Alet sistemi<br \/>\nServo tahrikli 6 istasyonlu y\u0131ld\u0131z taret<br \/>\nTaret de\u011fi\u015fim s\u00fcresi: yakla\u015f\u0131k 0,3-0,4 sn<\/p>\n<p>\u00c7oklu slayt konsepti ile:<br \/>\n\u00d6n yatay s\u00fcrg\u00fc (X1\/Z1)<br \/>\nArka yatay s\u00fcrg\u00fc (X2)<br \/>\n\u0130ki dikey k\u0131zak (X3\/X4) ()<\/p>\n<p>Seyahat mesafeleri<br \/>\nYatay k\u0131zak hareket mesafesi: 45 mm<br \/>\nDikey k\u0131zak hareket mesafesi: 45 mm<\/p>\n<p>Makine verileri<br \/>\nMakine a\u011f\u0131rl\u0131\u011f\u0131: 2.000 kg<\/p>\n<p>Ekipman<br \/>\nTek \u00e7ubuk besleme<br \/>\nY\u00fcksek verimlilik i\u00e7in \u00e7ok ta\u015f\u0131y\u0131c\u0131l\u0131 tornalama sistemi<br \/>\nSo\u011futma s\u0131v\u0131s\u0131 cihaz\u0131<br \/>\nTala\u015f atma \/ tala\u015f tepsisi<\/p>\n<p>Makine randevu ile elektrik alt\u0131nda g\u00f6r\u00fclebilir.<br \/>\nTeknik verilerdeki ve spesifikasyonlardaki de\u011fi\u015fikliklere ve hatalara ve ayr\u0131ca sat\u0131\u015f \u00f6ncesine tabidir!<\/p>","protected":false},"excerpt":{"rendered":"<p>Standort: Deutschland, Baden-W\u00fcrttemberg S\u00fcdwest Zustand: Gebraucht Modell: TBA-60 CNC Baujahr: 2005 Zum Verkauf steht ein CNC-Mehrschlitten-Drehautomat ERGOMAT TBA-60, ausgestattet mit Einzelstangenvorschub. Technische Daten Typ: TBA-60 Baujahr: 2005 Maschinenart: CNC Mehrschlitten-Drehautomat Steuerung: CNC (Fanuc-basierte Steuerung) Arbeitsbereich Max. Stangendurchlass rund: 60 mm Max. Drehl\u00e4nge: 100 mm Spindel Spindelleistung: 7,5 kW Max. Spindeldrehzahl: bis 3.150 U\/min Werkzeugsystem Servoangetriebener [&hellip;]<\/p>\n","protected":false},"featured_media":4938,"comment_status":"open","ping_status":"closed","template":"","meta":{"_uf_show_specific_survey":0,"_uf_disable_surveys":false},"product_brand":[],"product_cat":[110],"product_tag":[],"class_list":{"0":"post-4944","1":"product","2":"type-product","3":"status-publish","4":"has-post-thumbnail","6":"product_cat-revolverdrehautomaten","8":"first","9":"instock","10":"taxable","11":"shipping-taxable","12":"product-type-simple"},"aioseo_notices":[],"_links":{"self":[{"href":"https:\/\/mueller-wrh.de\/tr\/wp-json\/wp\/v2\/product\/4944","targetHints":{"allow":["GET"]}}],"collection":[{"href":"https:\/\/mueller-wrh.de\/tr\/wp-json\/wp\/v2\/product"}],"about":[{"href":"https:\/\/mueller-wrh.de\/tr\/wp-json\/wp\/v2\/types\/product"}],"replies":[{"embeddable":true,"href":"https:\/\/mueller-wrh.de\/tr\/wp-json\/wp\/v2\/comments?post=4944"}],"wp:featuredmedia":[{"embeddable":true,"href":"https:\/\/mueller-wrh.de\/tr\/wp-json\/wp\/v2\/media\/4938"}],"wp:attachment":[{"href":"https:\/\/mueller-wrh.de\/tr\/wp-json\/wp\/v2\/media?parent=4944"}],"wp:term":[{"taxonomy":"product_brand","embeddable":true,"href":"https:\/\/mueller-wrh.de\/tr\/wp-json\/wp\/v2\/product_brand?post=4944"},{"taxonomy":"product_cat","embeddable":true,"href":"https:\/\/mueller-wrh.de\/tr\/wp-json\/wp\/v2\/product_cat?post=4944"},{"taxonomy":"product_tag","embeddable":true,"href":"https:\/\/mueller-wrh.de\/tr\/wp-json\/wp\/v2\/product_tag?post=4944"}],"curies":[{"name":"wp","href":"https:\/\/api.w.org\/{rel}","templated":true}]}}